{"id":3871,"date":"2024-09-21T06:57:22","date_gmt":"2024-09-21T06:57:22","guid":{"rendered":"https:\/\/www.chancescook.com\/?post_type=product&#038;p=3871"},"modified":"2024-09-23T08:10:35","modified_gmt":"2024-09-23T08:10:35","slug":"10-piece-pots-and-pans-set-supplier","status":"publish","type":"product","link":"https:\/\/www.chancescook.com\/es\/producto\/10-piece-pots-and-pans-set-supplier\/","title":{"rendered":"Mejor Juego de Ollas y Sartenes de 10 Piezas Fabricado por el Proveedor Juego de Ollas y Sartenes con Tapa de Acero Estilo Europeo"},"content":{"rendered":"<div class=\"wp-block-columns is-layout-flex wp-container-core-columns-is-layout-9d6595d7 wp-block-columns-is-layout-flex\">\n<div class=\"wp-block-column is-layout-flow wp-block-column-is-layout-flow\">\n<h3 class=\"wp-block-heading\">Caracter\u00edsticas y ventajas del juego de ollas y sartenes de 10 piezas<\/h3>\n\n\n\n<ul class=\"wp-block-list\">\n<li>S<strong>teel Dise\u00f1o de la tapa:<\/strong> La tapa de acero no s\u00f3lo es resistente a las altas temperaturas, a la corrosi\u00f3n y tiene una larga vida \u00fatil, sino que tambi\u00e9n retiene eficazmente el calor y el vapor para mejorar la eficacia de la cocci\u00f3n.<\/li>\n\n\n\n<li><strong>Conjunto completo:<\/strong> este juego de ollas y sartenes de 10 piezas contiene una amplia gama de utensilios de cocina para las necesidades culinarias diarias, aptos para todo, desde sencillas comidas caseras hasta complejos platos para fiestas.<\/li>\n\n\n\n<li><strong>Revestimiento no t\u00f3xico y sin productos qu\u00edmicos<\/strong>: Fabricado en acero compuesto de alta calidad, libre de sustancias nocivas como PFAS, PTFE, Tefl\u00f3n, PFOA, PFOS y m\u00e1s.<\/li>\n\n\n\n<li><strong>Ideal para personalizar<\/strong>: se puede personalizar y adaptar la producci\u00f3n a las necesidades de los fabricantes para satisfacer requisitos funcionales y de dise\u00f1o espec\u00edficos.<\/li>\n\n\n\n<li><strong>Se adapta a m\u00faltiples estilos de cocina:<\/strong> Ya se trate de fre\u00edr a altas temperaturas, cocer a fuego lento o hervir, este set ofrece un excelente rendimiento y se adapta a una amplia gama de necesidades culinarias.<\/li>\n\n\n\n<li><strong>F\u00e1cil de limpiar<\/strong>: El acero inoxidable y los materiales antiadherentes facilitan y agilizan la limpieza.<\/li>\n<\/ul>\n<\/div>\n\n\n\n<div class=\"wp-block-column is-layout-flow wp-block-column-is-layout-flow\">\n<h3 class=\"wp-block-heading\">Especificaciones del juego de ollas y sartenes de 10 piezas<\/h3>\n\n\n\n<ul class=\"wp-block-list\">\n<li>Fabricante: CHANCES<\/li>\n\n\n\n<li>Modelo N\u00ba:CY-OSGG1005<\/li>\n\n\n\n<li>Material: SS201<\/li>\n\n\n\n<li>N\u00famero de piezas:10 piezas<\/li>\n\n\n\n<li>Tapa: Tapa de acero inoxidable<\/li>\n\n\n\n<li>Grosor:0,5 mm<\/li>\n\n\n\n<li>Fondo:3.0mm<\/li>\n\n\n\n<li><strong><a href=\"https:\/\/www.chancescook.com\/es\/custom-cookware\/\">OEM&amp;ODM<\/a><\/strong>: Personalizado, bienvenido OEM&amp;ODM<\/li>\n\n\n\n<li>MOQ:1 x 40'HQ<\/li>\n\n\n\n<li>Embalaje: Caja de color\/Caja de cart\u00f3n<\/li>\n\n\n\n<li>Muestra: Gratis<\/li>\n<\/ul>\n<\/div>\n<\/div>\n\n\n\n<p><\/p>","protected":false},"excerpt":{"rendered":"<p>Este fabricante fabrica un juego de ollas y sartenes de 10 piezas con estilo europeo y tapas lisas de acero. El juego contiene muchas ollas y sartenes importantes para satisfacer diversas necesidades culinarias, y las tapas de acero son \u00fatiles para mejorar la retenci\u00f3n del calor y los resultados de la cocci\u00f3n, mientras que las asas est\u00e1n dise\u00f1adas para mayor comodidad. Adecuado tanto para cocinas profesionales como para cocinas dom\u00e9sticas, este juego a\u00fana un dise\u00f1o atractivo y un uso funcional, sirviendo tanto a la apariencia como al prop\u00f3sito.<\/p>\n<h3>Juego de ollas y sartenes de 10 piezas incluye\uff1a<\/h3>\n<ul>\n<li>Cacerola de 16 cm x 8 cm con tapa<\/li>\n<li>16cm x 8cm Cacerola con tapa<\/li>\n<li>20cm x 10cm Cacerola con tapa<\/li>\n<li>Cacerola 24cm x 12cm con tapa<\/li>\n<li>24cm x 5cm Sart\u00e9n con tapa<\/li>\n<\/ul>","protected":false},"featured_media":4110,"comment_status":"closed","ping_status":"closed","template":"","meta":{"_acf_changed":false},"product_brand":[],"product_cat":[53],"product_tag":[],"class_list":{"0":"post-3871","1":"product","2":"type-product","3":"status-publish","4":"has-post-thumbnail","6":"product_cat-wholesale-cookware-sets","8":"first","9":"instock","10":"shipping-taxable","11":"product-type-simple"},"acf":[],"_links":{"self":[{"href":"https:\/\/www.chancescook.com\/es\/wp-json\/wp\/v2\/product\/3871","targetHints":{"allow":["GET"]}}],"collection":[{"href":"https:\/\/www.chancescook.com\/es\/wp-json\/wp\/v2\/product"}],"about":[{"href":"https:\/\/www.chancescook.com\/es\/wp-json\/wp\/v2\/types\/product"}],"replies":[{"embeddable":true,"href":"https:\/\/www.chancescook.com\/es\/wp-json\/wp\/v2\/comments?post=3871"}],"wp:featuredmedia":[{"embeddable":true,"href":"https:\/\/www.chancescook.com\/es\/wp-json\/wp\/v2\/media\/4110"}],"wp:attachment":[{"href":"https:\/\/www.chancescook.com\/es\/wp-json\/wp\/v2\/media?parent=3871"}],"wp:term":[{"taxonomy":"product_brand","embeddable":true,"href":"https:\/\/www.chancescook.com\/es\/wp-json\/wp\/v2\/product_brand?post=3871"},{"taxonomy":"product_cat","embeddable":true,"href":"https:\/\/www.chancescook.com\/es\/wp-json\/wp\/v2\/product_cat?post=3871"},{"taxonomy":"product_tag","embeddable":true,"href":"https:\/\/www.chancescook.com\/es\/wp-json\/wp\/v2\/product_tag?post=3871"}],"curies":[{"name":"wp","href":"https:\/\/api.w.org\/{rel}","templated":true}]}}