{"id":3883,"date":"2024-09-21T06:25:56","date_gmt":"2024-09-21T06:25:56","guid":{"rendered":"https:\/\/www.chancescook.com\/?post_type=product&#038;p=3883"},"modified":"2025-12-31T04:23:26","modified_gmt":"2025-12-31T04:23:26","slug":"wholesale-steamer-pots","status":"publish","type":"product","link":"https:\/\/www.chancescook.com\/es\/producto\/wholesale-steamer-pots\/","title":{"rendered":"Ollas vaporeras al por mayor de acero inoxidable 304, pr\u00e1cticas y multifuncionales, con tapa de acero."},"content":{"rendered":"<div class=\"wp-block-columns is-layout-flex wp-container-core-columns-is-layout-9d6595d7 wp-block-columns-is-layout-flex\">\n<div class=\"wp-block-column is-layout-flow wp-block-column-is-layout-flow\">\n<h3 class=\"wp-block-heading\">Caracter\u00edsticas y ventajas de las ollas de vapor<\/h3>\n\n\n\n<ul class=\"wp-block-list\">\n<li><strong>Una maceta multiusos:<\/strong> Al fusionar las funciones de la vaporera y la sart\u00e9n en una sola, este utensilio de cocina puede utilizarse en la cocina diaria tanto para saltear como para cocer al vapor los alimentos. Ayuda a ahorrar espacio en la cocina.<\/li>\n\n\n\n<li><strong>Cubierta de acero: <\/strong>Robusta cubierta de acero, muy duradera y resistente, que ofrece una gran retenci\u00f3n del calor. Ayuda a retener la humedad y los nutrientes de los alimentos, lo que resulta \u00fatil para cocinar de forma que se fomenten h\u00e1bitos alimentarios saludables.<\/li>\n\n\n\n<li><strong>Capa antiadherente:<\/strong> Las superficies de las sartenes suelen tener una capa antiadherente, que impide que los alimentos se peguen a la superficie de la sart\u00e9n. Adem\u00e1s, tambi\u00e9n facilita la limpieza y el mantenimiento.<\/li>\n\n\n\n<li><strong>Mango ergon\u00f3mico:<\/strong> El dise\u00f1o tiene un asa, hecha para la comodidad, que est\u00e1 aislada y no se desliza f\u00e1cilmente para ayudar a un uso seguro.<\/li>\n\n\n\n<li><strong>Durabilidad:<\/strong> El material es acero inoxidable de buena calidad, lo que confiere a las ollas de vapor una gran durabilidad y garantiza que el calor se distribuya uniformemente. Esto garantiza una cocci\u00f3n uniforme y, al mismo tiempo, reduce la necesidad de sustituirlas con frecuencia.<\/li>\n\n\n\n<li><strong>Accesorio para caj\u00f3n de vapor:<\/strong> Hay un caj\u00f3n de vapor a\u00f1adido, que ayuda a cocer al vapor y hervir al mismo tiempo en una olla, y esto hace que la eficiencia de cocci\u00f3n sea mayor.<\/li>\n<\/ul>\n<\/div>\n\n\n\n<div class=\"wp-block-column is-layout-flow wp-block-column-is-layout-flow\">\n<h3 class=\"wp-block-heading\">Especificaciones de las ollas de vapor<\/h3>\n\n\n\n<ul class=\"wp-block-list\">\n<li>Fabricante: CHANCES<\/li>\n\n\n\n<li>Modelo N\u00ba:CY-ZD0536A<\/li>\n\n\n\n<li>Material: SS201<\/li>\n\n\n\n<li>Tapa: Tapa de acero inoxidable<\/li>\n\n\n\n<li>Grosor:0,5 mm<\/li>\n\n\n\n<li>Fondo:2,5 mm<\/li>\n\n\n\n<li>OEM&amp;ODM: Personalizado, bienvenido OEM&amp;ODM<\/li>\n\n\n\n<li>MOQ:1 x 40'HQ<\/li>\n\n\n\n<li>Embalaje: Caja de color\/Caja de cart\u00f3n<\/li>\n\n\n\n<li>Muestra: Gratis<\/li>\n<\/ul>\n<\/div>\n<\/div>\n\n\n\n<p><\/p>","protected":false},"excerpt":{"rendered":"<p>La olla de vapor al por mayor es un utensilio de cocina habitual que sirve tanto para cocinar al vapor como para saltear. Su duradera tapa de acero la hace adecuada para cocinar al vapor y saltear, as\u00ed como para saltear o incluso para otras t\u00e9cnicas culinarias. Esta sart\u00e9n es una opci\u00f3n pr\u00e1ctica para muchas cocinas.<\/p>\n<h3 class=\"wp-block-heading\">Ollas de vapor al por mayor Include\uff1a<\/h3>\n<ul>\n<li>Sart\u00e9n de 36 cm con dos asas<\/li>\n<li>Vaporera de 36 cm con dos asas<\/li>\n<li>1 tapa de acero<\/li>\n<li>1 ud. rodaja de vapor<\/li>\n<\/ul>\n<p>Chances se compromete a proporcionar a los clientes servicios personalizados eficientes y profesionales, confiando en nuestra fuerte capacidad de producci\u00f3n y estricto control de calidad para garantizar que cada lote de ollas de vapor de acero inoxidable satisfaga sus necesidades de alto nivel.<\/p>","protected":false},"featured_media":5819,"comment_status":"closed","ping_status":"closed","template":"","meta":{"_acf_changed":false},"product_brand":[],"product_cat":[52,64,65],"product_tag":[],"class_list":{"0":"post-3883","1":"product","2":"type-product","3":"status-publish","4":"has-post-thumbnail","6":"product_cat-cookware-wholesale","7":"product_cat-chinese-steamer-pot-factory","8":"product_cat-chinese-wok","10":"first","11":"instock","12":"shipping-taxable","13":"product-type-simple"},"acf":[],"_links":{"self":[{"href":"https:\/\/www.chancescook.com\/es\/wp-json\/wp\/v2\/product\/3883","targetHints":{"allow":["GET"]}}],"collection":[{"href":"https:\/\/www.chancescook.com\/es\/wp-json\/wp\/v2\/product"}],"about":[{"href":"https:\/\/www.chancescook.com\/es\/wp-json\/wp\/v2\/types\/product"}],"replies":[{"embeddable":true,"href":"https:\/\/www.chancescook.com\/es\/wp-json\/wp\/v2\/comments?post=3883"}],"wp:featuredmedia":[{"embeddable":true,"href":"https:\/\/www.chancescook.com\/es\/wp-json\/wp\/v2\/media\/5819"}],"wp:attachment":[{"href":"https:\/\/www.chancescook.com\/es\/wp-json\/wp\/v2\/media?parent=3883"}],"wp:term":[{"taxonomy":"product_brand","embeddable":true,"href":"https:\/\/www.chancescook.com\/es\/wp-json\/wp\/v2\/product_brand?post=3883"},{"taxonomy":"product_cat","embeddable":true,"href":"https:\/\/www.chancescook.com\/es\/wp-json\/wp\/v2\/product_cat?post=3883"},{"taxonomy":"product_tag","embeddable":true,"href":"https:\/\/www.chancescook.com\/es\/wp-json\/wp\/v2\/product_tag?post=3883"}],"curies":[{"name":"wp","href":"https:\/\/api.w.org\/{rel}","templated":true}]}}