{"id":3884,"date":"2024-09-10T07:47:50","date_gmt":"2024-09-10T07:47:50","guid":{"rendered":"https:\/\/www.chancescook.com\/?post_type=product&#038;p=3884"},"modified":"2025-12-21T13:30:29","modified_gmt":"2025-12-21T13:30:29","slug":"wholesale-snow-pans","status":"publish","type":"product","link":"https:\/\/www.chancescook.com\/es\/producto\/wholesale-snow-pans\/","title":{"rendered":"Sartenes de nieve al por mayor a medida, 430 olla de sopa de acero inoxidable proveedor de estilo japon\u00e9s"},"content":{"rendered":"<div class=\"wp-block-columns is-layout-flex wp-container-core-columns-is-layout-9d6595d7 wp-block-columns-is-layout-flex\">\n<div class=\"wp-block-column is-layout-flow wp-block-column-is-layout-flow\">\n<h3 class=\"wp-block-heading\">Caracter\u00edsticas y ventajas de las bandejas de nieve de acero inoxidable<\/h3>\n\n\n\n<ul class=\"wp-block-list\">\n<li><strong>Construcci\u00f3n de acero inoxidable 430 de primera calidad<\/strong>: Esta cacerola de la nieve se hace del acero inoxidable 430 superior para la durabilidad superior, la resistencia a la oxidaci\u00f3n, y la distribuci\u00f3n uniforme del calor, haci\u00e9ndole una opci\u00f3n confiable de cualquier surtidor de la cacerola de la sopa.<\/li>\n<\/ul>\n\n\n\n<p><\/p>\n\n\n\n<ul class=\"wp-block-list\">\n<li><strong>Elegante dise\u00f1o japon\u00e9s<\/strong>: las sartenes de nieve al por mayor presentan un dise\u00f1o tradicional japon\u00e9s que aporta autenticidad a su cocina y es perfecto para cocinar.<\/li>\n<\/ul>\n\n\n\n<p><\/p>\n\n\n\n<ul class=\"wp-block-list\">\n<li><strong>Dise\u00f1o de asas de madera<\/strong>n: El mango ergon\u00f3mico de madera es c\u00f3modo de sujetar y no es f\u00e1cil que se queme, lo que garantiza la seguridad durante la cocci\u00f3n.<\/li>\n<\/ul>\n\n\n\n<p><\/p>\n\n\n\n<ul class=\"wp-block-list\">\n<li><strong>Tapa de cristal templado<\/strong>: Nos resulta c\u00f3modo controlar el proceso de cocci\u00f3n sin quitar la tapa, al tiempo que conserva la humedad y el sabor.<\/li>\n<\/ul>\n\n\n\n<p><\/p>\n\n\n\n<ul class=\"wp-block-list\">\n<li><strong>Ligero y f\u00e1cil de manejar<\/strong>: La olla es de construcci\u00f3n robusta, pero ligera y f\u00e1cil de manejar, lo que la hace perfecta para el uso diario, y una excelente opci\u00f3n de un proveedor de ollas soperas de confianza.<\/li>\n<\/ul>\n\n\n\n<p><\/p>\n\n\n\n<ul class=\"wp-block-list\">\n<li><strong>Apto para varias estufas<\/strong>: Las sartenes de nieve al por mayor son universales con placas de gas e inducci\u00f3n, flexibles para adaptarse a diversos entornos de cocci\u00f3n.<\/li>\n<\/ul>\n\n\n\n<p><\/p>\n\n\n\n<ul class=\"wp-block-list\">\n<li><strong>F\u00e1cil de limpiar<\/strong>: La superficie de acero inoxidable es lisa y no reactiva, f\u00e1cil de limpiar y apta para el lavavajillas.<\/li>\n<\/ul>\n<\/div>\n\n\n\n<div class=\"wp-block-column is-layout-flow wp-block-column-is-layout-flow\">\n<figure class=\"wp-block-image size-full\"><img decoding=\"async\" width=\"800\" height=\"800\" src=\"https:\/\/www.chancescook.com\/wp-content\/uploads\/2024\/09\/Wholesale-Snow-Pan-Soup-Pan-Stainless-Steel-5.webp\" alt=\"Mayorista Sartenes para Nieve, Sart\u00e9n Sopa Acero Inoxidable (5)\" class=\"wp-image-3892\" srcset=\"https:\/\/www.chancescook.com\/wp-content\/uploads\/2024\/09\/Wholesale-Snow-Pan-Soup-Pan-Stainless-Steel-5.webp 800w, https:\/\/www.chancescook.com\/wp-content\/uploads\/2024\/09\/Wholesale-Snow-Pan-Soup-Pan-Stainless-Steel-5-300x300.webp 300w, https:\/\/www.chancescook.com\/wp-content\/uploads\/2024\/09\/Wholesale-Snow-Pan-Soup-Pan-Stainless-Steel-5-150x150.webp 150w, https:\/\/www.chancescook.com\/wp-content\/uploads\/2024\/09\/Wholesale-Snow-Pan-Soup-Pan-Stainless-Steel-5-768x768.webp 768w, https:\/\/www.chancescook.com\/wp-content\/uploads\/2024\/09\/Wholesale-Snow-Pan-Soup-Pan-Stainless-Steel-5-12x12.webp 12w, https:\/\/www.chancescook.com\/wp-content\/uploads\/2024\/09\/Wholesale-Snow-Pan-Soup-Pan-Stainless-Steel-5-285x285.webp 285w, https:\/\/www.chancescook.com\/wp-content\/uploads\/2024\/09\/Wholesale-Snow-Pan-Soup-Pan-Stainless-Steel-5-270x270.webp 270w, https:\/\/www.chancescook.com\/wp-content\/uploads\/2024\/09\/Wholesale-Snow-Pan-Soup-Pan-Stainless-Steel-5-540x540.webp 540w, https:\/\/www.chancescook.com\/wp-content\/uploads\/2024\/09\/Wholesale-Snow-Pan-Soup-Pan-Stainless-Steel-5-660x660.webp 660w\" sizes=\"(max-width: 800px) 100vw, 800px\" \/><\/figure>\n<\/div>\n<\/div>\n\n\n\n<p><\/p>","protected":false},"excerpt":{"rendered":"<p>Le damos la bienvenida a nuestras sartenes para nieve al por mayor. Las sartenes para nieve de acero inoxidable de estilo japon\u00e9s con mango de madera y tapa de cristal no s\u00f3lo son duraderas, sino tambi\u00e9n elegantes y tradicionales para cualquier cocina. \u00a1No dude en pedirnos presupuesto!<\/p>\n<h3 class=\"wp-block-heading\">Especificaciones de las bandejas de nieve<\/h3>\n<table style=\"border-collapse: collapse; width: 481.52pt;\" border=\"0\" width=\"1284\" cellspacing=\"0\" cellpadding=\"0\">\n<tbody>\n<tr style=\"height: 16.10pt;\">\n<td class=\"et3\" style=\"height: 16.10pt; width: 71.30pt;\" width=\"190\" height=\"42\">N\u00ba de modelo<\/td>\n<td class=\"et3\" style=\"width: 150.05pt;\" width=\"400\">Di\u00e1metro<\/td>\n<td class=\"et3\" style=\"width: 150.05pt;\" width=\"400\">Peso<\/td>\n<td class=\"et3\" style=\"width: 110.35pt;\" width=\"294\">espesores<\/td>\n<\/tr>\n<tr style=\"height: 48.40pt;\">\n<td class=\"et3\" style=\"height: 48.40pt;\" height=\"129\">CY-XPG10<\/td>\n<td class=\"et3\">18cm\/20cm\/22cm<\/td>\n<td class=\"et3\">510g\/600g\/650g<\/td>\n<td class=\"et3\">1 mm<\/td>\n<\/tr>\n<tr style=\"height: 48.40pt;\">\n<td class=\"et3\" style=\"height: 48.40pt;\" height=\"129\">CY-XPG04<\/td>\n<td class=\"et3\">16cm\/18cm\/20cm\/22cm<\/td>\n<td class=\"et3\">250 g\/290 g\/340 g\/450 g<\/td>\n<td class=\"et3\">0,4 mm<\/td>\n<\/tr>\n<\/tbody>\n<\/table>\n<ul>\n<li>Fabricante: CHANCES<\/li>\n<li>Material: SS430<\/li>\n<li>Color: Original\/Negro<\/li>\n<li>Tapa Tapa de cristal<\/li>\n<li>OEM&amp;ODM: Personalizado, bienvenido OEM&amp;ODM<\/li>\n<li>MOQ:1 x 40'HQ<\/li>\n<li>Embalaje: Caja de color\/Caja de cart\u00f3n<\/li>\n<li>Muestra: Gratis<\/li>\n<\/ul>\n<p>Chances se compromete a ofrecer a sus clientes un servicio eficaz y profesional. <a href=\"https:\/\/www.chancescook.com\/es\/custom-cookware\/\"><strong>servicios personalizados<\/strong><\/a>La capacidad de producci\u00f3n y los estrictos controles de calidad garantizan que cada lote de\u00a0<strong>bandejas de nieve de acero inoxidable<\/strong> satisface sus necesidades de alto nivel.<\/p>","protected":false},"featured_media":5766,"comment_status":"closed","ping_status":"closed","template":"","meta":{"_acf_changed":false},"product_brand":[],"product_cat":[52,69],"product_tag":[],"class_list":{"0":"post-3884","1":"product","2":"type-product","3":"status-publish","4":"has-post-thumbnail","6":"product_cat-cookware-wholesale","7":"product_cat-snow-pan-wholesaler","9":"first","10":"instock","11":"shipping-taxable","12":"product-type-simple"},"acf":[],"_links":{"self":[{"href":"https:\/\/www.chancescook.com\/es\/wp-json\/wp\/v2\/product\/3884","targetHints":{"allow":["GET"]}}],"collection":[{"href":"https:\/\/www.chancescook.com\/es\/wp-json\/wp\/v2\/product"}],"about":[{"href":"https:\/\/www.chancescook.com\/es\/wp-json\/wp\/v2\/types\/product"}],"replies":[{"embeddable":true,"href":"https:\/\/www.chancescook.com\/es\/wp-json\/wp\/v2\/comments?post=3884"}],"wp:featuredmedia":[{"embeddable":true,"href":"https:\/\/www.chancescook.com\/es\/wp-json\/wp\/v2\/media\/5766"}],"wp:attachment":[{"href":"https:\/\/www.chancescook.com\/es\/wp-json\/wp\/v2\/media?parent=3884"}],"wp:term":[{"taxonomy":"product_brand","embeddable":true,"href":"https:\/\/www.chancescook.com\/es\/wp-json\/wp\/v2\/product_brand?post=3884"},{"taxonomy":"product_cat","embeddable":true,"href":"https:\/\/www.chancescook.com\/es\/wp-json\/wp\/v2\/product_cat?post=3884"},{"taxonomy":"product_tag","embeddable":true,"href":"https:\/\/www.chancescook.com\/es\/wp-json\/wp\/v2\/product_tag?post=3884"}],"curies":[{"name":"wp","href":"https:\/\/api.w.org\/{rel}","templated":true}]}}