{"id":3896,"date":"2024-09-21T06:31:52","date_gmt":"2024-09-21T06:31:52","guid":{"rendered":"https:\/\/www.chancescook.com\/?post_type=product&#038;p=3896"},"modified":"2025-12-22T10:19:52","modified_gmt":"2025-12-22T10:19:52","slug":"stainless-steel-steamer-wok-supplier","status":"publish","type":"product","link":"https:\/\/www.chancescook.com\/es\/producto\/stainless-steel-steamer-wok-supplier\/","title":{"rendered":"Wok de vapor de acero inoxidable Proveedor de fabricaci\u00f3n multifuncional con tapa combinada"},"content":{"rendered":"<div class=\"wp-block-columns is-layout-flex wp-container-core-columns-is-layout-9d6595d7 wp-block-columns-is-layout-flex\">\n<div class=\"wp-block-column is-layout-flow wp-block-column-is-layout-flow\">\n<h3 class=\"wp-block-heading\">Caracter\u00edsticas y ventajas del wok de vapor<\/h3>\n\n\n\n<ul class=\"wp-block-list\">\n<li><strong>Una maceta multiusos:<\/strong> Al fusionar las funciones de la vaporera y la sart\u00e9n en una sola, este utensilio de cocina puede utilizarse en la cocina diaria tanto para saltear como para cocer al vapor los alimentos. Ayuda a ahorrar espacio en la cocina.<\/li>\n\n\n\n<li><strong>Mango ergon\u00f3mico:<\/strong> El dise\u00f1o tiene un asa, hecha para la comodidad, que est\u00e1 aislada y no se desliza f\u00e1cilmente para ayudar a un uso seguro.<\/li>\n\n\n\n<li><strong>Durabilidad:<\/strong> El material es acero inoxidable de buena calidad, lo que proporciona al wok una gran durabilidad y garantiza que el calor se distribuya uniformemente. Esto garantiza una cocci\u00f3n uniforme y, al mismo tiempo, reduce la necesidad de sustituirlo con frecuencia.<\/li>\n\n\n\n<li><strong>Dise\u00f1o apilable:<\/strong> Las ollas y sartenes multifuncionales se pueden apilar para guardarlas, ahorrando espacio y facilitando la organizaci\u00f3n. Se trata de un caj\u00f3n de vapor adjunto para mejorar la eficiencia de la cocci\u00f3n.<\/li>\n\n\n\n<li><strong>Compatible con m\u00faltiples estufas:<\/strong> esta bater\u00eda de cocina es apta para inducci\u00f3n, gas, cer\u00e1mica y otros tipos de cocinas, m\u00e1s c\u00f3moda y flexible de usar.<\/li>\n\n\n\n<li><strong>Calentamiento uniforme del fondo:<\/strong> el dise\u00f1o especial del fondo de la olla garantiza una distribuci\u00f3n uniforme del calor, evitando sobrecalentamientos localizados o alimentos quemados.<\/li>\n<\/ul>\n<\/div>\n\n\n\n<div class=\"wp-block-column is-layout-flow wp-block-column-is-layout-flow\">\n<h3 class=\"wp-block-heading\">Especificaciones del wok de acero inoxidable para cocinar al vapor<\/h3>\n\n\n\n<ul class=\"wp-block-list\">\n<li>Fabricante: CHANCES<\/li>\n\n\n\n<li>Modelo N\u00ba:CY-ZD0536B<\/li>\n\n\n\n<li>Material: SS201<\/li>\n\n\n\n<li>Tapa: Tapa de acero inoxidable<\/li>\n\n\n\n<li>Grosor:0,5 mm<\/li>\n\n\n\n<li>Fondo:2,5 mm<\/li>\n\n\n\n<li>OEM&amp;ODM: Personalizado, bienvenido OEM&amp;ODM<\/li>\n\n\n\n<li>MOQ:1 x 40'HQ<\/li>\n\n\n\n<li>Embalaje: Caja de color\/Caja de cart\u00f3n<\/li>\n\n\n\n<li>Muestra: Gratis<\/li>\n<\/ul>\n<\/div>\n<\/div>","protected":false},"excerpt":{"rendered":"<p>El wok de vapor es un utensilio de cocina multifuncional que puede utilizarse para saltear y cocinar al vapor. Con una amplia base redonda para una distribuci\u00f3n uniforme del calor, se combina con una tapa y una rejilla para cocinar al vapor, por lo que es ideal para cocinar una amplia variedad de platos. Es perfecta para cocinar de forma eficiente y es adecuada tanto para uso dom\u00e9stico como comercial.<\/p>\n<h3 class=\"wp-block-heading\">Wok de acero inoxidable para cocinar al vapor Incluye\uff1a<\/h3>\n<ul>\n<li>Sart\u00e9n de 36 cm con dos asas<\/li>\n<li>Vaporera de 36 cm con dos asas<\/li>\n<li>1 funda combinada<\/li>\n<li>1 rebanada de vapor<\/li>\n<\/ul>\n<p>Chances se compromete a proporcionar a los clientes servicios personalizados eficientes y profesionales, confiando en nuestra fuerte capacidad de producci\u00f3n y estricto control de calidad para garantizar que cada lote de sart\u00e9n wok de acero inoxidable para cocinar al vapor satisfaga sus necesidades de alto nivel.<\/p>","protected":false},"featured_media":5814,"comment_status":"closed","ping_status":"closed","template":"","meta":{"_acf_changed":false},"product_brand":[],"product_cat":[52,64],"product_tag":[],"class_list":{"0":"post-3896","1":"product","2":"type-product","3":"status-publish","4":"has-post-thumbnail","6":"product_cat-cookware-wholesale","7":"product_cat-chinese-steamer-pot-factory","9":"first","10":"instock","11":"shipping-taxable","12":"product-type-simple"},"acf":[],"_links":{"self":[{"href":"https:\/\/www.chancescook.com\/es\/wp-json\/wp\/v2\/product\/3896","targetHints":{"allow":["GET"]}}],"collection":[{"href":"https:\/\/www.chancescook.com\/es\/wp-json\/wp\/v2\/product"}],"about":[{"href":"https:\/\/www.chancescook.com\/es\/wp-json\/wp\/v2\/types\/product"}],"replies":[{"embeddable":true,"href":"https:\/\/www.chancescook.com\/es\/wp-json\/wp\/v2\/comments?post=3896"}],"wp:featuredmedia":[{"embeddable":true,"href":"https:\/\/www.chancescook.com\/es\/wp-json\/wp\/v2\/media\/5814"}],"wp:attachment":[{"href":"https:\/\/www.chancescook.com\/es\/wp-json\/wp\/v2\/media?parent=3896"}],"wp:term":[{"taxonomy":"product_brand","embeddable":true,"href":"https:\/\/www.chancescook.com\/es\/wp-json\/wp\/v2\/product_brand?post=3896"},{"taxonomy":"product_cat","embeddable":true,"href":"https:\/\/www.chancescook.com\/es\/wp-json\/wp\/v2\/product_cat?post=3896"},{"taxonomy":"product_tag","embeddable":true,"href":"https:\/\/www.chancescook.com\/es\/wp-json\/wp\/v2\/product_tag?post=3896"}],"curies":[{"name":"wp","href":"https:\/\/api.w.org\/{rel}","templated":true}]}}