{"id":3897,"date":"2024-09-10T08:11:17","date_gmt":"2024-09-10T08:11:17","guid":{"rendered":"https:\/\/www.chancescook.com\/?post_type=product&#038;p=3897"},"modified":"2025-12-21T13:45:10","modified_gmt":"2025-12-21T13:45:10","slug":"custom-japanese-snow-pan","status":"publish","type":"product","link":"https:\/\/www.chancescook.com\/es\/producto\/custom-japanese-snow-pan\/","title":{"rendered":"Sart\u00e9n de Nieve Japonesa Personalizada Olla de Leche de Acero Inoxidable 430 Antiadherente con Mango de Madera"},"content":{"rendered":"<div class=\"wp-block-columns is-layout-flex wp-container-core-columns-is-layout-9d6595d7 wp-block-columns-is-layout-flex\">\n<div class=\"wp-block-column is-layout-flow wp-block-column-is-layout-flow\">\n<h3 class=\"wp-block-heading\">Caracter\u00edsticas y ventajas de la bandeja de nieve japonesa<\/h3>\n\n\n\n<ul class=\"wp-block-list\">\n<li><strong>Material de acero inoxidable 430 de alta calidad<\/strong>Fabricada en acero inoxidable 430 con una excelente resistencia a la corrosi\u00f3n y al \u00f3xido para garantizar una distribuci\u00f3n uniforme del calor y ofrecer unos resultados de cocci\u00f3n ideales.<\/li>\n<\/ul>\n\n\n\n<p><\/p>\n\n\n\n<ul class=\"wp-block-list\">\n<li><strong>Revestimiento antiadherente<\/strong>Sart\u00e9n de nieve japonesa: la superficie de la sart\u00e9n de nieve japonesa est\u00e1 recubierta con una capa antiadherente de primera calidad para evitar que los alimentos se peguen, f\u00e1cil de limpiar, especialmente adecuada para cocinar leche, salsas y otros platos delicados.<\/li>\n<\/ul>\n\n\n\n<p><\/p>\n\n\n\n<ul class=\"wp-block-list\">\n<li><strong>Dise\u00f1o Yukiyaki de estilo japon\u00e9s<\/strong>: El dise\u00f1o Yukiyaki de estilo tradicional japon\u00e9s es sencillo y elegante en apariencia y pr\u00e1ctico en funcionalidad, adecuado para cocinas modernas.<\/li>\n<\/ul>\n\n\n\n<p><\/p>\n\n\n\n<ul class=\"wp-block-list\">\n<li><strong>Empu\u00f1adura ergon\u00f3mica<\/strong>: La sart\u00e9n para nieve de acero inoxidable est\u00e1 equipada con un c\u00f3modo mango resistente al calor para garantizar la seguridad y la comodidad a la hora de cocinar.<\/li>\n<\/ul>\n\n\n\n<p><\/p>\n\n\n\n<ul class=\"wp-block-list\">\n<li><strong>Adecuado para el uso diario<\/strong>: La sart\u00e9n japonesa Snow es ligera y duradera para tareas culinarias cotidianas como hervir, cocer a fuego lento y preparar sopas o salsas.<\/li>\n<\/ul>\n\n\n\n<p><\/p>\n\n\n\n<ul class=\"wp-block-list\">\n<li><strong>Apto para varias estufas<\/strong>: Compatible con gas, inducci\u00f3n, estufas de inducci\u00f3n y otras estufas, flexible y aplicable.<\/li>\n<\/ul>\n\n\n\n<p><\/p>\n\n\n\n<ul class=\"wp-block-list\">\n<li><strong>Material respetuoso con el medio ambiente<\/strong>: El acero inoxidable est\u00e1 fabricado con material de calidad alimentaria respetuoso con el medio ambiente, de acuerdo con el concepto de protecci\u00f3n de la salud y el medio ambiente.<\/li>\n<\/ul>\n<\/div>\n\n\n\n<div class=\"wp-block-column is-layout-flow wp-block-column-is-layout-flow\">\n<figure class=\"wp-block-image size-full\"><img decoding=\"async\" src=\"https:\/\/www.chancescook.com\/wp-content\/uploads\/2024\/09\/Custom-Japanese-Snow-Pan-3.webp\" alt=\"Bandeja de nieve japonesa personalizada (3)\" class=\"wp-image-3901\"\/><\/figure>\n<\/div>\n<\/div>","protected":false},"excerpt":{"rendered":"<p>Explore nuestra sart\u00e9n japonesa antiadherente para nieve personalizada para actualizar su colecci\u00f3n de utensilios de cocina, fabricada con acero inoxidable 430 de calidad alimentaria de primera calidad para compradores que buscan utensilios de cocina duraderos de gama alta. No dude en ponerse en contacto con nosotros.<\/p>\n<h3 class=\"wp-block-heading\">Especificaciones de la sart\u00e9n de nieve japonesa<\/h3>\n<table style=\"border-collapse: collapse; width: 481.52pt;\" border=\"0\" width=\"1284\" cellspacing=\"0\" cellpadding=\"0\">\n<tbody>\n<tr style=\"height: 16.10pt;\">\n<td class=\"et3\" style=\"height: 16.10pt; width: 71.30pt;\" width=\"190\" height=\"42\">N\u00ba de modelo<\/td>\n<td class=\"et3\" style=\"width: 150.05pt;\" width=\"400\">Di\u00e1metro<\/td>\n<td class=\"et3\" style=\"width: 150.05pt;\" width=\"400\">Peso<\/td>\n<td class=\"et3\" style=\"width: 110.35pt;\" width=\"294\">espesores<\/td>\n<\/tr>\n<tr style=\"height: 48.40pt;\">\n<td class=\"et3\" style=\"height: 48.40pt;\" height=\"129\">CY-XPG10<\/td>\n<td class=\"et3\">18cm\/20cm\/22cm<\/td>\n<td class=\"et3\">510g\/600g\/650g<\/td>\n<td class=\"et3\">1 mm<\/td>\n<\/tr>\n<tr style=\"height: 48.40pt;\">\n<td class=\"et3\" style=\"height: 48.40pt;\" height=\"129\">CY-XPG04<\/td>\n<td class=\"et3\">16cm\/18cm\/20cm\/22cm<\/td>\n<td class=\"et3\">250 g\/290 g\/340 g\/450 g<\/td>\n<td class=\"et3\">0,4 mm<\/td>\n<\/tr>\n<\/tbody>\n<\/table>\n<ul>\n<li>Fabricante: CHANCES<\/li>\n<li>Material: SS430<\/li>\n<li>Color: Original\/Negro<\/li>\n<li>Tapa Tapa de cristal<\/li>\n<li>OEM&amp;ODM: Personalizado, bienvenido OEM&amp;ODM<\/li>\n<li>MOQ:1 x 40'HQ<\/li>\n<li>Embalaje: Caja de color\/Caja de cart\u00f3n<\/li>\n<li>Muestra: Gratis<\/li>\n<\/ul>\n<p><strong>Chancescook<\/strong> se compromete a proporcionar servicios personalizados eficaces y profesionales respaldados por nuestro exclusivo desarrollo de moldes, nuestra s\u00f3lida capacidad de producci\u00f3n y nuestro estricto control de calidad para garantizar que cada lote de sartenes japonesas para la nieve satisfaga sus necesidades.<\/p>","protected":false},"featured_media":5772,"comment_status":"closed","ping_status":"closed","template":"","meta":{"_acf_changed":false},"product_brand":[],"product_cat":[52,69],"product_tag":[],"class_list":{"0":"post-3897","1":"product","2":"type-product","3":"status-publish","4":"has-post-thumbnail","6":"product_cat-cookware-wholesale","7":"product_cat-snow-pan-wholesaler","9":"first","10":"instock","11":"shipping-taxable","12":"product-type-simple"},"acf":[],"_links":{"self":[{"href":"https:\/\/www.chancescook.com\/es\/wp-json\/wp\/v2\/product\/3897","targetHints":{"allow":["GET"]}}],"collection":[{"href":"https:\/\/www.chancescook.com\/es\/wp-json\/wp\/v2\/product"}],"about":[{"href":"https:\/\/www.chancescook.com\/es\/wp-json\/wp\/v2\/types\/product"}],"replies":[{"embeddable":true,"href":"https:\/\/www.chancescook.com\/es\/wp-json\/wp\/v2\/comments?post=3897"}],"wp:featuredmedia":[{"embeddable":true,"href":"https:\/\/www.chancescook.com\/es\/wp-json\/wp\/v2\/media\/5772"}],"wp:attachment":[{"href":"https:\/\/www.chancescook.com\/es\/wp-json\/wp\/v2\/media?parent=3897"}],"wp:term":[{"taxonomy":"product_brand","embeddable":true,"href":"https:\/\/www.chancescook.com\/es\/wp-json\/wp\/v2\/product_brand?post=3897"},{"taxonomy":"product_cat","embeddable":true,"href":"https:\/\/www.chancescook.com\/es\/wp-json\/wp\/v2\/product_cat?post=3897"},{"taxonomy":"product_tag","embeddable":true,"href":"https:\/\/www.chancescook.com\/es\/wp-json\/wp\/v2\/product_tag?post=3897"}],"curies":[{"name":"wp","href":"https:\/\/api.w.org\/{rel}","templated":true}]}}