{"id":3905,"date":"2024-09-25T08:22:59","date_gmt":"2024-09-25T08:22:59","guid":{"rendered":"https:\/\/www.chancescook.com\/?post_type=product&#038;p=3905"},"modified":"2025-12-22T12:47:08","modified_gmt":"2025-12-22T12:47:08","slug":"custom-stainless-steel-mixing-bowl-set","status":"publish","type":"product","link":"https:\/\/www.chancescook.com\/es\/producto\/custom-stainless-steel-mixing-bowl-set\/","title":{"rendered":"Juego de 5 cuencos de acero inoxidable personalizados con tapas de PVC"},"content":{"rendered":"<div class=\"wp-block-columns is-layout-flex wp-container-core-columns-is-layout-9d6595d7 wp-block-columns-is-layout-flex\">\n<div class=\"wp-block-column is-layout-flow wp-block-column-is-layout-flow\">\n<h3 class=\"wp-block-heading\">Caracter\u00edsticas y ventajas del juego de 5 piezas de acero inoxidable para batir<\/h3>\n\n\n\n<ul class=\"wp-block-list\">\n<li><strong>Multitalla apilable:<\/strong> Este juego de cuencos de 5 piezas est\u00e1 dise\u00f1ado en varios tama\u00f1os, con estos cuencos encajados entre s\u00ed para facilitar el almacenamiento y ahorrar espacio en la cocina, al tiempo que proporciona m\u00e1s opciones de almacenamiento y preparaci\u00f3n de alimentos.<\/li>\n\n\n\n<li><strong>Durabilidad:<\/strong> Juego de boles de acero inoxidable 410 de alta calidad para un servicio duradero.<\/li>\n\n\n\n<li><strong>Opciones:<\/strong> Hay disponibles varios grosores y colores para adaptarse a cada soluci\u00f3n de almacenamiento personalizada.<\/li>\n\n\n\n<li><strong>Almacenamiento seguro:<\/strong> Las tapas de PVC ofrecen un cierre herm\u00e9tico, mantienen los alimentos frescos y no se derraman.<\/li>\n\n\n\n<li><strong>F\u00e1cil de limpiar y mantener:<\/strong> F\u00e1cil de limpiar y mantener, por lo que es apta para el uso diario.<\/li>\n\n\n\n<li><strong>Dise\u00f1o elegante:<\/strong> El aspecto moderno de la bater\u00eda de cocina combina bien con el interior de cualquier cocina, a\u00f1adiendo un elemento de estilo.<\/li>\n\n\n\n<li><strong>Un solo fondo:<\/strong> Generalmente son m\u00e1s ligeras y f\u00e1ciles de transportar y manejar que las de doble fondo.<\/li>\n<\/ul>\n<\/div>\n\n\n\n<div class=\"wp-block-column is-layout-flow wp-block-column-is-layout-flow\">\n<h3 class=\"wp-block-heading\">Especificaciones del juego de cuencos mezcladores de acero inoxidable<\/h3>\n\n\n\n<ul class=\"wp-block-list\">\n<li>Fabricante: CHANCES<\/li>\n\n\n\n<li>N\u00ba de modelo:CY-BXW05A(thicken)\/CY-BXW05B\/CY-BXW01\uff08azul\uff09\/CY-BXW02\uff08verde\uff09\/CY-BXW03\uff08naranja\uff09<\/li>\n\n\n\n<li>Material: SS410<\/li>\n\n\n\n<li>N\u00famero de piezas:5 piezas<\/li>\n\n\n\n<li>Espesor: 0,3 mm\/0,25 mm<\/li>\n\n\n\n<li>Fondo:fondo simple<\/li>\n\n\n\n<li>GW\uff1a22,0 kg\/19,5 kg<\/li>\n\n\n\n<li>NW: 20,5 kg\/18,0 kg<\/li>\n\n\n\n<li>OEM&amp;ODM: Personalizado, bienvenido OEM&amp;ODM<\/li>\n\n\n\n<li>MOQ:1 x 40'HQ<\/li>\n\n\n\n<li>Embalaje: Caja de color\/Caja de cart\u00f3n<\/li>\n\n\n\n<li>Muestra: Gratis<\/li>\n<\/ul>\n<\/div>\n<\/div>\n\n\n\n<div class=\"wp-block-columns is-layout-flex wp-container-core-columns-is-layout-9d6595d7 wp-block-columns-is-layout-flex\">\n<div class=\"wp-block-column is-layout-flow wp-block-column-is-layout-flow\" style=\"flex-basis:25%\"><\/div>\n\n\n\n<div class=\"wp-block-column is-layout-flow wp-block-column-is-layout-flow\" style=\"flex-basis:50%\">\n<figure class=\"wp-block-image size-full\"><img decoding=\"async\" width=\"1969\" height=\"1811\" src=\"https:\/\/www.chancescook.com\/wp-content\/uploads\/2024\/09\/customized-bowl-set-box.webp\" alt=\"customized-bowl-set-box\" class=\"wp-image-4185\" srcset=\"https:\/\/www.chancescook.com\/wp-content\/uploads\/2024\/09\/customized-bowl-set-box.webp 1969w, https:\/\/www.chancescook.com\/wp-content\/uploads\/2024\/09\/customized-bowl-set-box-300x276.webp 300w, https:\/\/www.chancescook.com\/wp-content\/uploads\/2024\/09\/customized-bowl-set-box-768x706.webp 768w, https:\/\/www.chancescook.com\/wp-content\/uploads\/2024\/09\/customized-bowl-set-box-13x12.webp 13w, https:\/\/www.chancescook.com\/wp-content\/uploads\/2024\/09\/customized-bowl-set-box-285x262.webp 285w, https:\/\/www.chancescook.com\/wp-content\/uploads\/2024\/09\/customized-bowl-set-box-1600x1472.webp 1600w, https:\/\/www.chancescook.com\/wp-content\/uploads\/2024\/09\/customized-bowl-set-box-660x607.webp 660w, https:\/\/www.chancescook.com\/wp-content\/uploads\/2024\/09\/customized-bowl-set-box-150x138.webp 150w\" sizes=\"(max-width: 1969px) 100vw, 1969px\" \/><\/figure>\n<\/div>\n\n\n\n<div class=\"wp-block-column is-layout-flow wp-block-column-is-layout-flow\" style=\"flex-basis:25%\"><\/div>\n<\/div>\n\n\n\n<p><\/p>","protected":false},"excerpt":{"rendered":"<p>Fabricado en acero inoxidable 410 de alta calidad en un juego de 5 piezas, cada juego de cuencos est\u00e1 disponible en diferentes tama\u00f1os, grosores y colores, lo que hace que este juego de cuencos personalizado sea perfecto para soluciones de almacenamiento vers\u00e1tiles que combinan durabilidad con estilo para el uso diario en el hogar o para aplicaciones de catering.<\/p>\n<h3>Juego de 5 piezas de acero inoxidable incluye:<\/h3>\n<table width=\"798\">\n<tbody>\n<tr>\n<td width=\"154\">N\u00ba de modelo<\/td>\n<td width=\"230\">Variantes de productos<\/td>\n<td width=\"413\">Configuraci\u00f3n<\/td>\n<\/tr>\n<tr>\n<td width=\"154\">CY-BXW05A(espesar)\u00a0<\/td>\n<td rowspan=\"5\" width=\"230\">Conservera de acero inoxidable de 5 piezas<\/td>\n<td rowspan=\"5\" width=\"413\">10 cm x 4,4 cm con tapa de PVC<br \/>12 cm x 5,0 cm con tapa de PVC<br \/>14 cm x 5,7 cm con tapa de PVC<br \/>16 cm x 6,1 cm con tapa de PVC<br \/>18 cm x 6,9 cm con tapa de PVC<\/td>\n<\/tr>\n<tr>\n<td width=\"154\">CY-BXW05B<\/td>\n<\/tr>\n<tr>\n<td>CY-BXW01\uff08azul\uff09<\/td>\n<\/tr>\n<tr>\n<td>CY-BXW02\uff08verde\uff09<\/td>\n<\/tr>\n<tr>\n<td>CY-BXW03\uff08naranja\uff09<\/td>\n<\/tr>\n<\/tbody>\n<\/table>","protected":false},"featured_media":5827,"comment_status":"closed","ping_status":"closed","template":"","meta":{"_acf_changed":false},"product_brand":[],"product_cat":[56],"product_tag":[],"class_list":{"0":"post-3905","1":"product","2":"type-product","3":"status-publish","4":"has-post-thumbnail","6":"product_cat-wholesale-kitchen-utensils","8":"first","9":"instock","10":"shipping-taxable","11":"product-type-simple"},"acf":[],"_links":{"self":[{"href":"https:\/\/www.chancescook.com\/es\/wp-json\/wp\/v2\/product\/3905","targetHints":{"allow":["GET"]}}],"collection":[{"href":"https:\/\/www.chancescook.com\/es\/wp-json\/wp\/v2\/product"}],"about":[{"href":"https:\/\/www.chancescook.com\/es\/wp-json\/wp\/v2\/types\/product"}],"replies":[{"embeddable":true,"href":"https:\/\/www.chancescook.com\/es\/wp-json\/wp\/v2\/comments?post=3905"}],"wp:featuredmedia":[{"embeddable":true,"href":"https:\/\/www.chancescook.com\/es\/wp-json\/wp\/v2\/media\/5827"}],"wp:attachment":[{"href":"https:\/\/www.chancescook.com\/es\/wp-json\/wp\/v2\/media?parent=3905"}],"wp:term":[{"taxonomy":"product_brand","embeddable":true,"href":"https:\/\/www.chancescook.com\/es\/wp-json\/wp\/v2\/product_brand?post=3905"},{"taxonomy":"product_cat","embeddable":true,"href":"https:\/\/www.chancescook.com\/es\/wp-json\/wp\/v2\/product_cat?post=3905"},{"taxonomy":"product_tag","embeddable":true,"href":"https:\/\/www.chancescook.com\/es\/wp-json\/wp\/v2\/product_tag?post=3905"}],"curies":[{"name":"wp","href":"https:\/\/api.w.org\/{rel}","templated":true}]}}