{"id":3909,"date":"2024-09-25T10:30:47","date_gmt":"2024-09-25T10:30:47","guid":{"rendered":"https:\/\/www.chancescook.com\/?post_type=product&#038;p=3909"},"modified":"2025-12-31T04:22:32","modified_gmt":"2025-12-31T04:22:32","slug":"wholesale-stainless-steel-wok","status":"publish","type":"product","link":"https:\/\/www.chancescook.com\/es\/producto\/wholesale-stainless-steel-wok\/","title":{"rendered":"Mayorista Wok de Acero Inoxidable Fondo Compuesto Mango Wenwu con Tapa de Acero"},"content":{"rendered":"<div class=\"wp-block-columns is-layout-flex wp-container-core-columns-is-layout-9d6595d7 wp-block-columns-is-layout-flex\">\n<div class=\"wp-block-column is-layout-flow wp-block-column-is-layout-flow\" style=\"flex-basis:70%\">\n<h3 class=\"wp-block-heading\">Caracter\u00edsticas y ventajas del wok de acero inoxidable<\/h3>\n\n\n\n<ul class=\"wp-block-list\">\n<li><strong>Acero inoxidable de primera calidad:<\/strong> El material de esta sart\u00e9n wok es acero inoxidable, conocido por ser de alta calidad, lo que le confiere durabilidad y resiste la corrosi\u00f3n, haci\u00e9ndola adecuada para su uso durante un largo periodo.<\/li>\n\n\n\n<li><strong>Estructura inferior compuesta:<\/strong> El dise\u00f1o del fondo compuesto hace que el calor se distribuya de forma m\u00e1s uniforme y se caliente m\u00e1s r\u00e1pido, y proporciona eficiencia en el uso de la energ\u00eda, lo que resulta \u00fatil para muchos tipos diferentes de necesidades culinarias.<\/li>\n\n\n\n<li><strong>Compatible con todos los tipos de estufas:<\/strong> El wok de acero inoxidable es apto para todo tipo de cocinas, incluidas las de inducci\u00f3n, lo que le permite tener una amplia compatibilidad y satisfacer as\u00ed las distintas necesidades que surgen al cocinar.<\/li>\n\n\n\n<li><strong>Mango Wen Wu:<\/strong> La empu\u00f1adura Wen Wu tiene un dise\u00f1o particular, a la vez funcional y con cierta apariencia de atractivo. Proporciona un agarre firme y, al mismo tiempo, permite un manejo m\u00e1s f\u00e1cil, lo que hace que las acciones sean m\u00e1s seguras en general cuando se utilizan.<\/li>\n\n\n\n<li><strong>Dise\u00f1o de tapa de pie:<\/strong> La tapa puede colocarse en posici\u00f3n vertical, por lo que se reduce el espacio que ocupa en las superficies de la cocina. Tambi\u00e9n evita el contacto de la tapa con objetos sucios o superficies que puedan contaminar.<\/li>\n\n\n\n<li><strong>F\u00e1cil de limpiar:<\/strong> Dise\u00f1ado para que sea f\u00e1cil de limpiar y apto para el lavavajillas para mantener su bater\u00eda de cocina como nueva.<\/li>\n\n\n\n<li><strong>Disponibilidad al por mayor:<\/strong> Dise\u00f1ado para el mercado mayorista, es ideal para empresas de catering y minoristas que compran en grandes cantidades.<\/li>\n<\/ul>\n<\/div>\n\n\n\n<div class=\"wp-block-column is-layout-flow wp-block-column-is-layout-flow\" style=\"flex-basis:30%\"><\/div>\n<\/div>\n\n\n\n<p><\/p>","protected":false},"excerpt":{"rendered":"<p>Este wok de acero inoxidable al por mayor se ha creado con un fondo compuesto, pensado para una mejor propagaci\u00f3n del calor, y el mango wen wu le a\u00f1ade belleza y resistencia. El dise\u00f1o especial de la tapa permite que se mantenga en posici\u00f3n vertical cuando no se utiliza, lo que resulta pr\u00e1ctico y ocupa menos espacio. Esta bater\u00eda de cocina est\u00e1 hecha para satisfacer muchos tipos de necesidades culinarias y puede utilizarse tanto en cocinas dom\u00e9sticas como profesionales.<\/p>\n<h3 class=\"wp-block-heading\">Especificaciones del wok de acero inoxidable<\/h3>\n<ul>\n<li><strong>Manufacturer:<\/strong> OPORTUNIDADES<\/li>\n<li><strong>Model No<\/strong>.:CY-FDKLBCD0636<\/li>\n<li><strong>Material<\/strong>: SS304<\/li>\n<li><strong>Tapa<\/strong>: Stainless Steel Lid<\/li>\n<li><strong>Tama\u00f1o:<\/strong>32cm<\/li>\n<li><strong>Espesor<\/strong>:2.0mm<\/li>\n<li><strong>Fondo<\/strong>:2.0mm<\/li>\n<li><strong>OEM&amp;ODM:<\/strong> Personalizado, bienvenido OEM&amp;ODM<\/li>\n<li><strong>MOQ<\/strong>:1 x 40\u2019HQ<\/li>\n<li><strong>Embalaje<\/strong>: Color Box\/Carton Box<\/li>\n<li><strong>Muestra<\/strong>: Free<\/li>\n<\/ul>\n<p>Chances se compromete a ofrecer a sus clientes un servicio eficaz y profesional.\u00a0<a href=\"https:\/\/www.chancescook.com\/es\/custom-cookware\/\"><strong>servicios personalizados<\/strong><\/a>La capacidad de producci\u00f3n y los estrictos controles de calidad garantizan que cada lote de\u00a0<strong>wok de acero inoxidable<\/strong><span style=\"box-sizing: border-box; margin: 0px; padding: 0px;\"><strong> pan\u00a0<\/strong><\/span>satisface sus necesidades de alto nivel.<\/p>","protected":false},"featured_media":5919,"comment_status":"closed","ping_status":"closed","template":"","meta":{"_acf_changed":false},"product_brand":[],"product_cat":[52,65],"product_tag":[],"class_list":{"0":"post-3909","1":"product","2":"type-product","3":"status-publish","4":"has-post-thumbnail","6":"product_cat-cookware-wholesale","7":"product_cat-chinese-wok","9":"first","10":"instock","11":"shipping-taxable","12":"product-type-simple"},"acf":[],"_links":{"self":[{"href":"https:\/\/www.chancescook.com\/es\/wp-json\/wp\/v2\/product\/3909","targetHints":{"allow":["GET"]}}],"collection":[{"href":"https:\/\/www.chancescook.com\/es\/wp-json\/wp\/v2\/product"}],"about":[{"href":"https:\/\/www.chancescook.com\/es\/wp-json\/wp\/v2\/types\/product"}],"replies":[{"embeddable":true,"href":"https:\/\/www.chancescook.com\/es\/wp-json\/wp\/v2\/comments?post=3909"}],"wp:featuredmedia":[{"embeddable":true,"href":"https:\/\/www.chancescook.com\/es\/wp-json\/wp\/v2\/media\/5919"}],"wp:attachment":[{"href":"https:\/\/www.chancescook.com\/es\/wp-json\/wp\/v2\/media?parent=3909"}],"wp:term":[{"taxonomy":"product_brand","embeddable":true,"href":"https:\/\/www.chancescook.com\/es\/wp-json\/wp\/v2\/product_brand?post=3909"},{"taxonomy":"product_cat","embeddable":true,"href":"https:\/\/www.chancescook.com\/es\/wp-json\/wp\/v2\/product_cat?post=3909"},{"taxonomy":"product_tag","embeddable":true,"href":"https:\/\/www.chancescook.com\/es\/wp-json\/wp\/v2\/product_tag?post=3909"}],"curies":[{"name":"wp","href":"https:\/\/api.w.org\/{rel}","templated":true}]}}