{"id":3911,"date":"2024-09-11T06:40:35","date_gmt":"2024-09-11T06:40:35","guid":{"rendered":"https:\/\/www.chancescook.com\/?post_type=product&#038;p=3911"},"modified":"2025-12-20T09:52:31","modified_gmt":"2025-12-20T09:52:31","slug":"wholesale-stainless-steel-saucepan","status":"publish","type":"product","link":"https:\/\/www.chancescook.com\/es\/producto\/wholesale-stainless-steel-saucepan\/","title":{"rendered":"Suministro al por mayor de acero inoxidable cacerola de tambor de un solo mango con tapa de vidrio 304"},"content":{"rendered":"<div class=\"wp-block-columns is-layout-flex wp-container-core-columns-is-layout-9d6595d7 wp-block-columns-is-layout-flex\">\n<div class=\"wp-block-column is-layout-flow wp-block-column-is-layout-flow\" style=\"flex-basis:66.66%\">\n<h3 class=\"wp-block-heading\">Caracter\u00edsticas y ventajas de la cacerola de acero inoxidable <\/h3>\n\n\n\n<ul class=\"wp-block-list\">\n<li><strong>Acero inoxidable 304 de alta calidad<\/strong>: La cacerola en forma de tambor est\u00e1 hecha de acero inoxidable 304 de calidad alimentaria, que es resistente a la corrosi\u00f3n duradera, y de larga duraci\u00f3n, la comida cocinada es segura y saludable, y lo principal es que no es f\u00e1cil de oxidar.<\/li>\n\n\n\n<li><strong>Dise\u00f1o monomando<\/strong>: Un dise\u00f1o ergon\u00f3mico de una sola empu\u00f1adura que es c\u00f3modo de agarrar, ahorra trabajo durante el uso y es adecuado para el funcionamiento a largo plazo.<\/li>\n\n\n\n<li><strong>Tapa de cristal templado<\/strong>: La cacerola de acero inoxidable est\u00e1 equipada con una tapa de vidrio templado de alta resistencia, dise\u00f1o transparente para facilitar la observaci\u00f3n del estado de cocci\u00f3n en cualquier momento, resistencia a altas temperaturas, y no es f\u00e1cil de romper, para garantizar la seguridad del proceso de cocci\u00f3n.<\/li>\n\n\n\n<li><strong>Fondo espesado y calentado uniformemente<\/strong>: El fondo engrosado de la olla conduce el calor de forma uniforme y r\u00e1pida, reduce la p\u00e9rdida de calor, mejora la eficacia de la cocci\u00f3n, ahorra energ\u00eda y es apto para todo tipo de cocinas.<\/li>\n\n\n\n<li><strong>Dise\u00f1o f\u00e1cil de limpiar: <\/strong>La superficie de la cacerola de acero inoxidable est\u00e1 especialmente tratada para facilitar su limpieza, y el lavavajillas es seguro, c\u00f3modo y f\u00e1cil de usar.<\/li>\n<\/ul>\n<\/div>\n\n\n\n<div class=\"wp-block-column is-layout-flow wp-block-column-is-layout-flow\" style=\"flex-basis:33.33%\"><\/div>\n<\/div>","protected":false},"excerpt":{"rendered":"<p>Aprenda m\u00e1s acerca de nuestra cacerola de acero inoxidable 304 duradera, tanto la apariencia de moda y funci\u00f3n pr\u00e1ctica, adecuada para cocinar sopa, guisar, cocinar fideos, y otras necesidades de cocina, duradera, y f\u00e1cil de mejorar la eficiencia de la cocina. \u00a1Bienvenido a contactar con nosotros en cualquier momento!<\/p>\n<h3 class=\"wp-block-heading\">Especificaciones de la cacerola de acero inoxidable<\/h3>\n<ul>\n<li>Fabricante: CHANCES<\/li>\n<li>Modelo N\u00ba:CY-GXG05<\/li>\n<li>Material: SS304<\/li>\n<li>Tapa Tapa de cristal<\/li>\n<li>Grosor:0,5 mm<\/li>\n<li>Peso:770g<\/li>\n<li>Di\u00e1metro\uff1a16cm<\/li>\n<li>OEM&amp;ODM: Personalizado, bienvenido OEM&amp;ODM<\/li>\n<li>MOQ:1 x 40'HQ<\/li>\n<li>Embalaje: Caja de color\/Caja de cart\u00f3n<\/li>\n<li>Muestra: Gratis<\/li>\n<\/ul>\n<p>Chancescook se compromete a proporcionar servicios personalizados eficientes y profesionales respaldados por nuestro exclusivo desarrollo de moldes, fuerte capacidad de producci\u00f3n y estricto control de calidad para garantizar que cada lote de cacerola de acero inoxidable 304 satisfaga sus necesidades.<\/p>","protected":false},"featured_media":5747,"comment_status":"closed","ping_status":"closed","template":"","meta":{"_acf_changed":false},"product_brand":[],"product_cat":[52,67],"product_tag":[],"class_list":{"0":"post-3911","1":"product","2":"type-product","3":"status-publish","4":"has-post-thumbnail","6":"product_cat-cookware-wholesale","7":"product_cat-saucepan-manufacturer","9":"first","10":"instock","11":"shipping-taxable","12":"product-type-simple"},"acf":[],"_links":{"self":[{"href":"https:\/\/www.chancescook.com\/es\/wp-json\/wp\/v2\/product\/3911","targetHints":{"allow":["GET"]}}],"collection":[{"href":"https:\/\/www.chancescook.com\/es\/wp-json\/wp\/v2\/product"}],"about":[{"href":"https:\/\/www.chancescook.com\/es\/wp-json\/wp\/v2\/types\/product"}],"replies":[{"embeddable":true,"href":"https:\/\/www.chancescook.com\/es\/wp-json\/wp\/v2\/comments?post=3911"}],"wp:featuredmedia":[{"embeddable":true,"href":"https:\/\/www.chancescook.com\/es\/wp-json\/wp\/v2\/media\/5747"}],"wp:attachment":[{"href":"https:\/\/www.chancescook.com\/es\/wp-json\/wp\/v2\/media?parent=3911"}],"wp:term":[{"taxonomy":"product_brand","embeddable":true,"href":"https:\/\/www.chancescook.com\/es\/wp-json\/wp\/v2\/product_brand?post=3911"},{"taxonomy":"product_cat","embeddable":true,"href":"https:\/\/www.chancescook.com\/es\/wp-json\/wp\/v2\/product_cat?post=3911"},{"taxonomy":"product_tag","embeddable":true,"href":"https:\/\/www.chancescook.com\/es\/wp-json\/wp\/v2\/product_tag?post=3911"}],"curies":[{"name":"wp","href":"https:\/\/api.w.org\/{rel}","templated":true}]}}