{"id":3914,"date":"2024-09-11T07:18:01","date_gmt":"2024-09-11T07:18:01","guid":{"rendered":"https:\/\/www.chancescook.com\/?post_type=product&#038;p=3914"},"modified":"2025-12-18T07:47:03","modified_gmt":"2025-12-18T07:47:03","slug":"best-stock-pot-stainless-steel-304","status":"publish","type":"product","link":"https:\/\/www.chancescook.com\/es\/producto\/best-stock-pot-stainless-steel-304\/","title":{"rendered":"Proveedor Best Stock Olla Acero Inoxidable 304 Tambor Espesado Fondo Doble Oreja Mango Con Tapa"},"content":{"rendered":"<div class=\"wp-block-columns is-layout-flex wp-container-core-columns-is-layout-9d6595d7 wp-block-columns-is-layout-flex\">\n<div class=\"wp-block-column is-layout-flow wp-block-column-is-layout-flow\">\n<h3 class=\"wp-block-heading\">Caracter\u00edsticas y ventajas de la mejor olla de acero inoxidable<\/h3>\n\n\n\n<ul class=\"wp-block-list\">\n<li><strong>Material de acero inoxidable 304 de primera calidad<\/strong>Fabricado en acero inoxidable 304 de calidad alimentaria, resistente a la corrosi\u00f3n y al \u00f3xido, lo que garantiza una larga durabilidad.<\/li>\n\n\n\n<li><strong>Dise\u00f1o de fondo grueso<\/strong>El fondo de acero inoxidable de la mejor olla est\u00e1 engrosado para conducir el calor de forma uniforme y r\u00e1pida, evitando el sobrecalentamiento localizado, ahorrando energ\u00eda y mejorando la eficacia de la cocci\u00f3n.<\/li>\n\n\n\n<li><strong>Dise\u00f1o de asa binaural<\/strong>: El mango binaural es ergon\u00f3mico, s\u00f3lido y duradero, f\u00e1cil de mover y transportar, garantizando un uso seguro y sin calentarse las manos.<\/li>\n\n\n\n<li><strong>Tapa de vidrio templado sellada<\/strong>: Una tapa de cristal templado transparente con orificios de ventilaci\u00f3n ayuda a conservar los nutrientes y la humedad de los alimentos, a la vez que facilita la observaci\u00f3n del proceso de cocci\u00f3n.<\/li>\n\n\n\n<li><strong>Polivalente Aplicable<\/strong>La mejor olla de acero inoxidable es apta para todo tipo de cocinas, como cocinas de gas, inducci\u00f3n, etc., ideal para sopas, estofados, cocinar al vapor y otros estilos de cocina.<\/li>\n<\/ul>\n<\/div>\n\n\n\n<div class=\"wp-block-column is-layout-flow wp-block-column-is-layout-flow\">\n<figure class=\"wp-block-image size-full\"><img decoding=\"async\" width=\"2004\" height=\"1503\" src=\"https:\/\/www.chancescook.com\/wp-content\/uploads\/2024\/09\/Best-Stock-Pot-Stainless-Steel-304-Supplier-2.webp\" alt=\"Mejor proveedor de olla de acero inoxidable 304 (2)\" class=\"wp-image-3916\" srcset=\"https:\/\/www.chancescook.com\/wp-content\/uploads\/2024\/09\/Best-Stock-Pot-Stainless-Steel-304-Supplier-2.webp 2004w, https:\/\/www.chancescook.com\/wp-content\/uploads\/2024\/09\/Best-Stock-Pot-Stainless-Steel-304-Supplier-2-300x225.webp 300w, https:\/\/www.chancescook.com\/wp-content\/uploads\/2024\/09\/Best-Stock-Pot-Stainless-Steel-304-Supplier-2-768x576.webp 768w, https:\/\/www.chancescook.com\/wp-content\/uploads\/2024\/09\/Best-Stock-Pot-Stainless-Steel-304-Supplier-2-16x12.webp 16w, https:\/\/www.chancescook.com\/wp-content\/uploads\/2024\/09\/Best-Stock-Pot-Stainless-Steel-304-Supplier-2-285x214.webp 285w, https:\/\/www.chancescook.com\/wp-content\/uploads\/2024\/09\/Best-Stock-Pot-Stainless-Steel-304-Supplier-2-1600x1200.webp 1600w, https:\/\/www.chancescook.com\/wp-content\/uploads\/2024\/09\/Best-Stock-Pot-Stainless-Steel-304-Supplier-2-800x600.webp 800w, https:\/\/www.chancescook.com\/wp-content\/uploads\/2024\/09\/Best-Stock-Pot-Stainless-Steel-304-Supplier-2-660x495.webp 660w, https:\/\/www.chancescook.com\/wp-content\/uploads\/2024\/09\/Best-Stock-Pot-Stainless-Steel-304-Supplier-2-150x113.webp 150w\" sizes=\"(max-width: 2004px) 100vw, 2004px\" \/><\/figure>\n<\/div>\n<\/div>\n\n\n\n<p><\/p>","protected":false},"excerpt":{"rendered":"<p>Explorar 304 de acero inoxidable engrosada fondo con asas de doble oreja mejor olla de caldo, bloquea los nutrientes, y es adecuado para una variedad de necesidades de cocina, un excelente compa\u00f1ero de cocina. P\u00f3ngase en contacto con nosotros para obtener m\u00e1s soluciones personalizadas.<\/p>\n<h3 class=\"wp-block-heading\">Especificaciones de la mejor olla de acero inoxidable<\/h3>\n<ul>\n<li>Fabricante: CHANCES<\/li>\n<li>Modelo N\u00ba:CY-GXG05<\/li>\n<li>Material: SS304<\/li>\n<li>Tapa Tapa de cristal<\/li>\n<li>Grosor:0,5 mm<\/li>\n<li>Peso:1270g\/1510g<\/li>\n<li>Di\u00e1metro\uff1a22cm\/24cm<\/li>\n<li>OEM&amp;ODM: Personalizado, bienvenido OEM&amp;ODM<\/li>\n<li>MOQ:1 x 40'HQ<\/li>\n<li>Embalaje: Caja de color\/Caja de cart\u00f3n<\/li>\n<li>Muestra: Gratis<\/li>\n<\/ul>\n<p>Chancescook se compromete a proporcionar servicios personalizados eficientes y profesionales respaldados por nuestro exclusivo desarrollo de moldes, nuestra s\u00f3lida capacidad de producci\u00f3n y nuestro estricto control de calidad para garantizar que cada lote de la mejor olla de caldo satisfaga sus necesidades.<\/p>","protected":false},"featured_media":5726,"comment_status":"closed","ping_status":"closed","template":"","meta":{"_acf_changed":false},"product_brand":[],"product_cat":[52,62,63],"product_tag":[],"class_list":{"0":"post-3914","1":"product","2":"type-product","3":"status-publish","4":"has-post-thumbnail","6":"product_cat-cookware-wholesale","7":"product_cat-wholesale-soup-pot","8":"product_cat-stock-pot-wholesale","10":"first","11":"instock","12":"shipping-taxable","13":"product-type-simple"},"acf":[],"_links":{"self":[{"href":"https:\/\/www.chancescook.com\/es\/wp-json\/wp\/v2\/product\/3914","targetHints":{"allow":["GET"]}}],"collection":[{"href":"https:\/\/www.chancescook.com\/es\/wp-json\/wp\/v2\/product"}],"about":[{"href":"https:\/\/www.chancescook.com\/es\/wp-json\/wp\/v2\/types\/product"}],"replies":[{"embeddable":true,"href":"https:\/\/www.chancescook.com\/es\/wp-json\/wp\/v2\/comments?post=3914"}],"wp:featuredmedia":[{"embeddable":true,"href":"https:\/\/www.chancescook.com\/es\/wp-json\/wp\/v2\/media\/5726"}],"wp:attachment":[{"href":"https:\/\/www.chancescook.com\/es\/wp-json\/wp\/v2\/media?parent=3914"}],"wp:term":[{"taxonomy":"product_brand","embeddable":true,"href":"https:\/\/www.chancescook.com\/es\/wp-json\/wp\/v2\/product_brand?post=3914"},{"taxonomy":"product_cat","embeddable":true,"href":"https:\/\/www.chancescook.com\/es\/wp-json\/wp\/v2\/product_cat?post=3914"},{"taxonomy":"product_tag","embeddable":true,"href":"https:\/\/www.chancescook.com\/es\/wp-json\/wp\/v2\/product_tag?post=3914"}],"curies":[{"name":"wp","href":"https:\/\/api.w.org\/{rel}","templated":true}]}}