{"id":3939,"date":"2024-09-11T10:00:30","date_gmt":"2024-09-11T10:00:30","guid":{"rendered":"https:\/\/www.chancescook.com\/?post_type=product&#038;p=3939"},"modified":"2025-12-20T09:29:49","modified_gmt":"2025-12-20T09:29:49","slug":"wholesale-milk-pot-italian-style","status":"publish","type":"product","link":"https:\/\/www.chancescook.com\/es\/producto\/wholesale-milk-pot-italian-style\/","title":{"rendered":"Mayorista Olla de Leche Estilo Italiano 304 Acero Inoxidable Sart\u00e9n Monomando 16cm con Tapa de Cristal"},"content":{"rendered":"<div class=\"wp-block-columns is-layout-flex wp-container-core-columns-is-layout-9d6595d7 wp-block-columns-is-layout-flex\">\n<div class=\"wp-block-column is-layout-flow wp-block-column-is-layout-flow\" style=\"flex-basis:66.66%\">\n<h3 class=\"wp-block-heading\">Caracter\u00edsticas y ventajas del tarro de leche de acero inoxidable<\/h3>\n\n\n\n<ul class=\"wp-block-list\">\n<li><strong>Material de acero inoxidable 304 de primera calidad<\/strong>Fabricado en acero inoxidable 304 de calidad alimentaria, resistente a la corrosi\u00f3n y al \u00f3xido, garantiza la seguridad alimentaria y es apto para un uso prolongado.<\/li>\n\n\n\n<li><strong>Dise\u00f1o sencillo italiano<\/strong>: La cacerola de leche de acero inoxidable tiene un dise\u00f1o de estilo italiano, sencillo y elegante, que realza la belleza y el sentido de calidad de la cocina.<\/li>\n\n\n\n<li><strong>Dise\u00f1o monomando<\/strong>cacerola de leche: la cacerola de leche tiene un dise\u00f1o ergon\u00f3mico de una sola asa para un agarre c\u00f3modo y un manejo sencillo, especialmente adecuado para cocinar porciones peque\u00f1as.<\/li>\n\n\n\n<li><strong>16cm Tama\u00f1o multiusos<\/strong>: Tama\u00f1o compacto de 16 cm, adecuado para calentar leche, hervir salsa, hervir fideos, sopa caliente y otras necesidades culinarias diarias, pr\u00e1ctico.<\/li>\n\n\n\n<li><strong>Tapa de cristal templado<\/strong>: Una tapa de cristal templado transparente le permite ver f\u00e1cilmente el proceso de cocci\u00f3n, con una excelente resistencia al calor y funci\u00f3n antirrotura.<\/li>\n\n\n\n<li><strong>F\u00e1cil de limpiar y mantener<\/strong>: La superficie lisa de acero inoxidable no se adhiere f\u00e1cilmente a las manchas, es f\u00e1cil de limpiar, admite la limpieza en lavavajillas y ahorra tiempo y energ\u00eda.<\/li>\n<\/ul>\n<\/div>\n\n\n\n<div class=\"wp-block-column is-layout-flow wp-block-column-is-layout-flow\" style=\"flex-basis:33.33%\"><\/div>\n<\/div>\n\n\n\n<div class=\"wp-block-columns is-layout-flex wp-container-core-columns-is-layout-9d6595d7 wp-block-columns-is-layout-flex\">\n<div class=\"wp-block-column is-layout-flow wp-block-column-is-layout-flow\">\n<figure class=\"wp-block-image size-full\"><img decoding=\"async\" width=\"5184\" height=\"3456\" src=\"https:\/\/www.chancescook.com\/wp-content\/uploads\/2024\/09\/Wholesale-Milk-Pot-Italian-Style-3.webp\" alt=\"Mayorista Olla de Leche a la Italiana (3)\" class=\"wp-image-3942\" srcset=\"https:\/\/www.chancescook.com\/wp-content\/uploads\/2024\/09\/Wholesale-Milk-Pot-Italian-Style-3.webp 5184w, https:\/\/www.chancescook.com\/wp-content\/uploads\/2024\/09\/Wholesale-Milk-Pot-Italian-Style-3-300x200.webp 300w, https:\/\/www.chancescook.com\/wp-content\/uploads\/2024\/09\/Wholesale-Milk-Pot-Italian-Style-3-768x512.webp 768w, https:\/\/www.chancescook.com\/wp-content\/uploads\/2024\/09\/Wholesale-Milk-Pot-Italian-Style-3-18x12.webp 18w, https:\/\/www.chancescook.com\/wp-content\/uploads\/2024\/09\/Wholesale-Milk-Pot-Italian-Style-3-285x190.webp 285w, https:\/\/www.chancescook.com\/wp-content\/uploads\/2024\/09\/Wholesale-Milk-Pot-Italian-Style-3-1600x1067.webp 1600w, https:\/\/www.chancescook.com\/wp-content\/uploads\/2024\/09\/Wholesale-Milk-Pot-Italian-Style-3-660x440.webp 660w, https:\/\/www.chancescook.com\/wp-content\/uploads\/2024\/09\/Wholesale-Milk-Pot-Italian-Style-3-150x100.webp 150w\" sizes=\"(max-width: 5184px) 100vw, 5184px\" \/><\/figure>\n<\/div>\n\n\n\n<div class=\"wp-block-column is-layout-flow wp-block-column-is-layout-flow\">\n<figure class=\"wp-block-image size-full\"><img decoding=\"async\" width=\"5184\" height=\"3456\" src=\"https:\/\/www.chancescook.com\/wp-content\/uploads\/2024\/09\/Wholesale-Milk-Pot-Italian-Style-2.webp\" alt=\"Mayorista Olla de Leche a la Italiana (2)\" class=\"wp-image-3941\" srcset=\"https:\/\/www.chancescook.com\/wp-content\/uploads\/2024\/09\/Wholesale-Milk-Pot-Italian-Style-2.webp 5184w, https:\/\/www.chancescook.com\/wp-content\/uploads\/2024\/09\/Wholesale-Milk-Pot-Italian-Style-2-300x200.webp 300w, https:\/\/www.chancescook.com\/wp-content\/uploads\/2024\/09\/Wholesale-Milk-Pot-Italian-Style-2-768x512.webp 768w, https:\/\/www.chancescook.com\/wp-content\/uploads\/2024\/09\/Wholesale-Milk-Pot-Italian-Style-2-18x12.webp 18w, https:\/\/www.chancescook.com\/wp-content\/uploads\/2024\/09\/Wholesale-Milk-Pot-Italian-Style-2-285x190.webp 285w, https:\/\/www.chancescook.com\/wp-content\/uploads\/2024\/09\/Wholesale-Milk-Pot-Italian-Style-2-1600x1067.webp 1600w, https:\/\/www.chancescook.com\/wp-content\/uploads\/2024\/09\/Wholesale-Milk-Pot-Italian-Style-2-660x440.webp 660w, https:\/\/www.chancescook.com\/wp-content\/uploads\/2024\/09\/Wholesale-Milk-Pot-Italian-Style-2-150x100.webp 150w\" sizes=\"(max-width: 5184px) 100vw, 5184px\" \/><\/figure>\n<\/div>\n\n\n\n<div class=\"wp-block-column is-layout-flow wp-block-column-is-layout-flow\">\n<figure class=\"wp-block-image size-full\"><img decoding=\"async\" width=\"5184\" height=\"3456\" src=\"https:\/\/www.chancescook.com\/wp-content\/uploads\/2024\/09\/Wholesale-Milk-Pot-Italian-Style-8.webp\" alt=\"Mayorista Olla de Leche a la Italiana (8)\" class=\"wp-image-3947\" srcset=\"https:\/\/www.chancescook.com\/wp-content\/uploads\/2024\/09\/Wholesale-Milk-Pot-Italian-Style-8.webp 5184w, https:\/\/www.chancescook.com\/wp-content\/uploads\/2024\/09\/Wholesale-Milk-Pot-Italian-Style-8-300x200.webp 300w, https:\/\/www.chancescook.com\/wp-content\/uploads\/2024\/09\/Wholesale-Milk-Pot-Italian-Style-8-768x512.webp 768w, https:\/\/www.chancescook.com\/wp-content\/uploads\/2024\/09\/Wholesale-Milk-Pot-Italian-Style-8-18x12.webp 18w, https:\/\/www.chancescook.com\/wp-content\/uploads\/2024\/09\/Wholesale-Milk-Pot-Italian-Style-8-285x190.webp 285w, https:\/\/www.chancescook.com\/wp-content\/uploads\/2024\/09\/Wholesale-Milk-Pot-Italian-Style-8-1600x1067.webp 1600w, https:\/\/www.chancescook.com\/wp-content\/uploads\/2024\/09\/Wholesale-Milk-Pot-Italian-Style-8-660x440.webp 660w, https:\/\/www.chancescook.com\/wp-content\/uploads\/2024\/09\/Wholesale-Milk-Pot-Italian-Style-8-150x100.webp 150w\" sizes=\"(max-width: 5184px) 100vw, 5184px\" \/><\/figure>\n<\/div>\n<\/div>","protected":false},"excerpt":{"rendered":"<p>Descubra nuestra cacerola de leche monomango de 16 cm de acero inoxidable 304 de estilo italiano, dise\u00f1o a la moda y funci\u00f3n pr\u00e1ctica al mismo tiempo, perfectamente adecuada para cocinar peque\u00f1as porciones y para el uso diario en la cocina. P\u00f3ngase en contacto con nosotros para obtener m\u00e1s informaci\u00f3n sobre nuestra gama de ollas y sartenes.<\/p>\n<h3 class=\"wp-block-heading\">Especificaciones del tarro de leche de acero inoxidable<\/h3>\n<ul>\n<li>Fabricante: CHANCES<\/li>\n<li>Modelo N\u00ba:CY-YSG05<\/li>\n<li>Material: SS304<\/li>\n<li>Tapa Tapa de acero<\/li>\n<li>Grosor:0,5 mm<\/li>\n<li>Peso:700g<\/li>\n<li>Di\u00e1metro\uff1a16cm<\/li>\n<li>OEM&amp;ODM: Personalizado, bienvenido OEM&amp;ODM<\/li>\n<li>MOQ:1 x 40'HQ<\/li>\n<li>Embalaje: Caja de color\/Caja de cart\u00f3n<\/li>\n<li>Muestra: Gratis<\/li>\n<\/ul>\n<p><a href=\"https:\/\/www.chancescook.com\/es\/\"><strong>Chancescook<\/strong><\/a> se compromete a proporcionar servicios personalizados eficientes y profesionales respaldados por nuestro exclusivo desarrollo de moldes, nuestra s\u00f3lida capacidad de producci\u00f3n y nuestro estricto control de calidad para garantizar que cada lote de tarro de leche con asa \u00fanica de acero inoxidable de 16 cm satisfaga sus necesidades.<\/p>","protected":false},"featured_media":5744,"comment_status":"closed","ping_status":"closed","template":"","meta":{"_acf_changed":false},"product_brand":[],"product_cat":[52,67],"product_tag":[],"class_list":{"0":"post-3939","1":"product","2":"type-product","3":"status-publish","4":"has-post-thumbnail","6":"product_cat-cookware-wholesale","7":"product_cat-saucepan-manufacturer","9":"first","10":"instock","11":"shipping-taxable","12":"product-type-simple"},"acf":[],"_links":{"self":[{"href":"https:\/\/www.chancescook.com\/es\/wp-json\/wp\/v2\/product\/3939","targetHints":{"allow":["GET"]}}],"collection":[{"href":"https:\/\/www.chancescook.com\/es\/wp-json\/wp\/v2\/product"}],"about":[{"href":"https:\/\/www.chancescook.com\/es\/wp-json\/wp\/v2\/types\/product"}],"replies":[{"embeddable":true,"href":"https:\/\/www.chancescook.com\/es\/wp-json\/wp\/v2\/comments?post=3939"}],"wp:featuredmedia":[{"embeddable":true,"href":"https:\/\/www.chancescook.com\/es\/wp-json\/wp\/v2\/media\/5744"}],"wp:attachment":[{"href":"https:\/\/www.chancescook.com\/es\/wp-json\/wp\/v2\/media?parent=3939"}],"wp:term":[{"taxonomy":"product_brand","embeddable":true,"href":"https:\/\/www.chancescook.com\/es\/wp-json\/wp\/v2\/product_brand?post=3939"},{"taxonomy":"product_cat","embeddable":true,"href":"https:\/\/www.chancescook.com\/es\/wp-json\/wp\/v2\/product_cat?post=3939"},{"taxonomy":"product_tag","embeddable":true,"href":"https:\/\/www.chancescook.com\/es\/wp-json\/wp\/v2\/product_tag?post=3939"}],"curies":[{"name":"wp","href":"https:\/\/api.w.org\/{rel}","templated":true}]}}