{"id":3980,"date":"2024-09-25T10:15:00","date_gmt":"2024-09-25T10:15:00","guid":{"rendered":"https:\/\/www.chancescook.com\/?post_type=product&#038;p=3980"},"modified":"2024-11-08T02:30:27","modified_gmt":"2024-11-08T02:30:27","slug":"stainless-steel-steamer-wholesale","status":"publish","type":"product","link":"https:\/\/www.chancescook.com\/es\/producto\/stainless-steel-steamer-wholesale\/","title":{"rendered":"Mayorista Vaporera de Acero Inoxidable Multicapa Original con Mango de Silicona"},"content":{"rendered":"<div class=\"wp-block-columns is-layout-flex wp-container-core-columns-is-layout-9d6595d7 wp-block-columns-is-layout-flex\">\n<div class=\"wp-block-column is-layout-flow wp-block-column-is-layout-flow\" style=\"flex-basis:50%\">\n<h3 class=\"wp-block-heading\">Caracter\u00edsticas y ventajas de la vaporera de acero inoxidable<\/h3>\n\n\n\n<ul class=\"wp-block-list\">\n<li><strong>F\u00e1cil de limpiar y mantener<\/strong>: La superficie lisa de acero inoxidable es resistente a las manchas adheridas, f\u00e1cil de limpiar, admite la limpieza en lavavajillas y reduce el tiempo de limpieza diaria.<\/li>\n\n\n\n<li><strong>Material duradero:<\/strong> El acero inoxidable de alta calidad puede prevenir el \u00f3xido y la corrosi\u00f3n, y garantizar un uso duradero, adem\u00e1s de ser rentable.<\/li>\n\n\n\n<li><strong>Ahorro de espacio:<\/strong> El dise\u00f1o multicapa ahorra espacio en la cocina y permite cocinar varios ingredientes al mismo tiempo.<\/li>\n\n\n\n<li><strong>Dise\u00f1o multicapa:<\/strong> Una vaporera de varias capas permite cocinar al vapor diferentes ingredientes al mismo tiempo. Por ejemplo, verduras, aperitivos, marisco y muchos otros ingredientes.<\/li>\n\n\n\n<li><strong>Ahorro energ\u00e9tico y eficiencia:<\/strong> La conducci\u00f3n uniforme del calor acorta el tiempo de cocci\u00f3n y ahorra energ\u00eda. Conserva los nutrientes y el sabor original.<\/li>\n\n\n\n<li><strong>Mango de silicona:<\/strong> Resistente a altas temperaturas, antideslizante, agarre m\u00e1s estable, funcionamiento seguro y c\u00f3modo.<\/li>\n<\/ul>\n<\/div>\n\n\n\n<div class=\"wp-block-column is-layout-flow wp-block-column-is-layout-flow\" style=\"flex-basis:50%\">\n<h3 class=\"wp-block-heading\">Especificaciones de la vaporera de acero inoxidable<\/h3>\n\n\n\n<ul class=\"wp-block-list\">\n<li>Fabricante: CHANCES<\/li>\n\n\n\n<li>N.\u00ba de modelo: CY-YWZG01C\/CT-YWZG03C\/CY-YWZG03<\/li>\n\n\n\n<li>Material: SS201<\/li>\n\n\n\n<li>Grosor:0,5 mm<\/li>\n\n\n\n<li>Fondo:2,5 mm<\/li>\n\n\n\n<li>OEM&amp;ODM: Personalizado, bienvenido OEM&amp;ODM<\/li>\n\n\n\n<li>MOQ:1 x 40'HQ<\/li>\n\n\n\n<li>Embalaje: Caja de color\/Caja de cart\u00f3n<\/li>\n\n\n\n<li>Muestra: Gratis<\/li>\n<\/ul>\n<\/div>\n<\/div>\n\n\n\n<div class=\"wp-block-columns is-layout-flex wp-container-core-columns-is-layout-9d6595d7 wp-block-columns-is-layout-flex\">\n<div class=\"wp-block-column is-layout-flow wp-block-column-is-layout-flow\" style=\"flex-basis:25%\"><\/div>\n\n\n\n<div class=\"wp-block-column is-layout-flow wp-block-column-is-layout-flow\" style=\"flex-basis:50%\">\n<figure class=\"wp-block-image size-full\"><img decoding=\"async\" width=\"2268\" height=\"2551\" src=\"https:\/\/www.chancescook.com\/wp-content\/uploads\/2024\/09\/Stainless-Steel-Steamer-box-1.webp\" alt=\"Caja vaporera de acero inoxidable-1\" class=\"wp-image-4172\" srcset=\"https:\/\/www.chancescook.com\/wp-content\/uploads\/2024\/09\/Stainless-Steel-Steamer-box-1.webp 2268w, https:\/\/www.chancescook.com\/wp-content\/uploads\/2024\/09\/Stainless-Steel-Steamer-box-1-267x300.webp 267w, https:\/\/www.chancescook.com\/wp-content\/uploads\/2024\/09\/Stainless-Steel-Steamer-box-1-768x864.webp 768w, https:\/\/www.chancescook.com\/wp-content\/uploads\/2024\/09\/Stainless-Steel-Steamer-box-1-11x12.webp 11w, https:\/\/www.chancescook.com\/wp-content\/uploads\/2024\/09\/Stainless-Steel-Steamer-box-1-285x321.webp 285w, https:\/\/www.chancescook.com\/wp-content\/uploads\/2024\/09\/Stainless-Steel-Steamer-box-1-1600x1800.webp 1600w, https:\/\/www.chancescook.com\/wp-content\/uploads\/2024\/09\/Stainless-Steel-Steamer-box-1-587x660.webp 587w, https:\/\/www.chancescook.com\/wp-content\/uploads\/2024\/09\/Stainless-Steel-Steamer-box-1-133x150.webp 133w\" sizes=\"(max-width: 2268px) 100vw, 2268px\" \/><\/figure>\n<\/div>\n\n\n\n<div class=\"wp-block-column is-layout-flow wp-block-column-is-layout-flow\" style=\"flex-basis:25%\"><\/div>\n<\/div>","protected":false},"excerpt":{"rendered":"<p>Esta pr\u00e1ctica vaporera de acero inoxidable multicapa presenta un dise\u00f1o de alta calidad con asas de silicona resistentes al calor y aptas para cocinar al vapor diferentes alimentos de forma segura. Perfecta para cocinas profesionales o para uso dom\u00e9stico, satisfaciendo una gran variedad de necesidades de cocci\u00f3n al vapor. Si desea cambiar el asa de silicona por una de baquelita, el precio de personalizaci\u00f3n ser\u00e1 menor. \u00a1No dude en ponerse en contacto con nosotros para obtener m\u00e1s servicios personalizados!<\/p>\n<h3 class=\"wp-block-heading\">La vaporera de acero inoxidable incluye:<\/h3>\n<table width=\"798\">\n<tbody>\n<tr>\n<td width=\"154\">N\u00ba de modelo<\/td>\n<td width=\"230\">Variantes de productos<\/td>\n<td width=\"413\">Configuraci\u00f3n<\/td>\n<\/tr>\n<tr>\n<td width=\"154\">CY-YWZG01C<\/td>\n<td rowspan=\"2\" width=\"230\">Vaporera original de acero inoxidable multicapa con asa de silicona<\/td>\n<td width=\"413\">21,5 x 5 cm Capa poco profunda con hueco x 2 unidades<br \/>21.5 x 6cm Capa profunda con hueco x 1pcs<br \/>Maceta de 24 x 12 cm con asa de silicona x 1 unidad<br \/>Herramientas x 1ud.<\/td>\n<\/tr>\n<tr>\n<td width=\"154\">CT-YWZG03C<\/td>\n<td width=\"413\">28 x 7,7 cm Capa poco profunda con hueco x 2 unidades<br \/>28 x 9.2cm Capa profunda con hueco x 1pcs<br \/>Olla de 28 x 15,9 cm con asa de silicona x 1 unidad<br \/>Herramientas x 1ud.\u00a0<\/td>\n<\/tr>\n<tr>\n<td>CY-YWZG03<\/td>\n<td width=\"230\">Vaporera original multicapa con asa de silicona y 3 compartimentos para cocinar al vapor<\/td>\n<td width=\"413\">28 x 7,7 cm Vapor x 2 unidades<br \/>28 x 9,2 cm Vapor x 1 unidad<br \/>Olla de 28 x 15,9 cm con asa de silicona x 1 unidad<br \/>Tapa de acero inoxidable de 28 cm<\/td>\n<\/tr>\n<\/tbody>\n<\/table>\n<ul>\n<li><a href=\"https:\/\/www.chancescook.com\/es\/\"><strong>Chancescook<\/strong><\/a> se compromete a proporcionar servicios personalizados eficientes y profesionales respaldados por nuestro exclusivo desarrollo de moldes, nuestra s\u00f3lida capacidad de producci\u00f3n y nuestro estricto control de calidad para garantizar que cada lote de vaporeras de acero inoxidable satisfaga sus necesidades.<\/li>\n<\/ul>","protected":false},"featured_media":4377,"comment_status":"closed","ping_status":"closed","template":"","meta":{"_acf_changed":false},"product_brand":[],"product_cat":[52,64],"product_tag":[],"class_list":{"0":"post-3980","1":"product","2":"type-product","3":"status-publish","4":"has-post-thumbnail","6":"product_cat-cookware-wholesale","7":"product_cat-chinese-steamer-pot-factory","9":"first","10":"instock","11":"shipping-taxable","12":"product-type-simple"},"acf":[],"_links":{"self":[{"href":"https:\/\/www.chancescook.com\/es\/wp-json\/wp\/v2\/product\/3980","targetHints":{"allow":["GET"]}}],"collection":[{"href":"https:\/\/www.chancescook.com\/es\/wp-json\/wp\/v2\/product"}],"about":[{"href":"https:\/\/www.chancescook.com\/es\/wp-json\/wp\/v2\/types\/product"}],"replies":[{"embeddable":true,"href":"https:\/\/www.chancescook.com\/es\/wp-json\/wp\/v2\/comments?post=3980"}],"wp:featuredmedia":[{"embeddable":true,"href":"https:\/\/www.chancescook.com\/es\/wp-json\/wp\/v2\/media\/4377"}],"wp:attachment":[{"href":"https:\/\/www.chancescook.com\/es\/wp-json\/wp\/v2\/media?parent=3980"}],"wp:term":[{"taxonomy":"product_brand","embeddable":true,"href":"https:\/\/www.chancescook.com\/es\/wp-json\/wp\/v2\/product_brand?post=3980"},{"taxonomy":"product_cat","embeddable":true,"href":"https:\/\/www.chancescook.com\/es\/wp-json\/wp\/v2\/product_cat?post=3980"},{"taxonomy":"product_tag","embeddable":true,"href":"https:\/\/www.chancescook.com\/es\/wp-json\/wp\/v2\/product_tag?post=3980"}],"curies":[{"name":"wp","href":"https:\/\/api.w.org\/{rel}","templated":true}]}}