{"id":3986,"date":"2024-10-06T08:42:31","date_gmt":"2024-10-06T08:42:31","guid":{"rendered":"https:\/\/www.chancescook.com\/?post_type=product&#038;p=3986"},"modified":"2025-01-21T09:20:42","modified_gmt":"2025-01-21T09:20:42","slug":"stainless-steel-steamer-pot-supplier","status":"publish","type":"product","link":"https:\/\/www.chancescook.com\/es\/producto\/stainless-steel-steamer-pot-supplier\/","title":{"rendered":"Olla de vapor de acero inoxidable al por mayor multicapa extra alta con mango de silicona Proveedor"},"content":{"rendered":"<div class=\"wp-block-columns is-layout-flex wp-container-core-columns-is-layout-9d6595d7 wp-block-columns-is-layout-flex\">\n<div class=\"wp-block-column is-layout-flow wp-block-column-is-layout-flow\">\n<h3 class=\"wp-block-heading\">Caracter\u00edsticas y ventajas de la olla de vapor de acero inoxidable<\/h3>\n\n\n\n<ul class=\"wp-block-list\">\n<li><strong>Resistencia del material:<\/strong> El material de acero inoxidable de alta calidad evita la oxidaci\u00f3n y la corrosi\u00f3n y garantiza un uso prolongado, reduciendo as\u00ed los costes a largo plazo.<\/li>\n\n\n\n<li><strong>Utilizaci\u00f3n del espacio: <\/strong>Adoptando el dise\u00f1o de m\u00faltiples capas, puede cocinar muchos tipos de alimentos a la vez, utilizar eficazmente el espacio y ahorrar espacio en la cocina.<\/li>\n\n\n\n<li><strong>Dise\u00f1o multicapa:<\/strong> El dise\u00f1o multicapa puede cocer al vapor diferentes tipos de alimentos al mismo tiempo. Esto incluye frutas, carne, mariscos y muchos otros ingredientes. Pueden cocerse al vapor juntos sin mayor problema.<\/li>\n\n\n\n<li><strong>Ahorro de energ\u00eda:<\/strong> La transferencia uniforme del calor ayuda a acortar el tiempo de cocci\u00f3n y, por tanto, consume menos energ\u00eda. Los alimentos conservan su sabor natural y sus nutrientes durante el proceso de cocci\u00f3n.<\/li>\n\n\n\n<li><strong>Gran capacidad:<\/strong> Nuestra olla de vapor de acero inoxidable proporciona m\u00e1s espacio para cocinar m\u00e1s alimentos e incluso hacer varias tandas a la vez.<\/li>\n\n\n\n<li><strong>Dise\u00f1o LID: <\/strong>Es herm\u00e9tico y ayuda a evitar que el vapor y el calor se escapen, haciendo que el proceso de cocci\u00f3n sea m\u00e1s r\u00e1pido.<\/li>\n<\/ul>\n<\/div>\n\n\n\n<div class=\"wp-block-column is-layout-flow wp-block-column-is-layout-flow\">\n<h3 class=\"wp-block-heading\">Especificaciones de la olla de vapor de acero inoxidable<\/h3>\n\n\n\n<ul class=\"wp-block-list\">\n<li>Fabricante: CHANCES<\/li>\n\n\n\n<li>Modelo N\u00ba:CY-YWZG05\/CY-YWZG05A<\/li>\n\n\n\n<li>Material: SS201<\/li>\n\n\n\n<li>Grosor:0,5 mm<\/li>\n\n\n\n<li>Fondo:3.0mm<\/li>\n\n\n\n<li>OEM&amp;ODM: Personalizado, bienvenido OEM&amp;ODM<\/li>\n\n\n\n<li>MOQ:1 x 40'HQ<\/li>\n\n\n\n<li>Embalaje: Caja de color\/Caja de cart\u00f3n<\/li>\n\n\n\n<li>Muestra: Gratis<\/li>\n<\/ul>\n<\/div>\n<\/div>\n\n\n\n<div class=\"wp-block-columns is-layout-flex wp-container-core-columns-is-layout-9d6595d7 wp-block-columns-is-layout-flex\">\n<div class=\"wp-block-column is-layout-flow wp-block-column-is-layout-flow\" style=\"flex-basis:20%\"><\/div>\n\n\n\n<div class=\"wp-block-column is-layout-flow wp-block-column-is-layout-flow\" style=\"flex-basis:20%\"><\/div>\n\n\n\n<div class=\"wp-block-column is-layout-flow wp-block-column-is-layout-flow\" style=\"flex-basis:42%\">\n<figure class=\"wp-block-image size-full\"><img decoding=\"async\" width=\"2268\" height=\"2551\" src=\"https:\/\/www.chancescook.com\/wp-content\/uploads\/2024\/09\/Steaming-Pot.webp\" alt=\"Olla humeante\" class=\"wp-image-4171\" srcset=\"https:\/\/www.chancescook.com\/wp-content\/uploads\/2024\/09\/Steaming-Pot.webp 2268w, https:\/\/www.chancescook.com\/wp-content\/uploads\/2024\/09\/Steaming-Pot-267x300.webp 267w, https:\/\/www.chancescook.com\/wp-content\/uploads\/2024\/09\/Steaming-Pot-768x864.webp 768w, https:\/\/www.chancescook.com\/wp-content\/uploads\/2024\/09\/Steaming-Pot-11x12.webp 11w, https:\/\/www.chancescook.com\/wp-content\/uploads\/2024\/09\/Steaming-Pot-285x321.webp 285w, https:\/\/www.chancescook.com\/wp-content\/uploads\/2024\/09\/Steaming-Pot-1600x1800.webp 1600w, https:\/\/www.chancescook.com\/wp-content\/uploads\/2024\/09\/Steaming-Pot-587x660.webp 587w, https:\/\/www.chancescook.com\/wp-content\/uploads\/2024\/09\/Steaming-Pot-133x150.webp 133w\" sizes=\"(max-width: 2268px) 100vw, 2268px\" \/><\/figure>\n<\/div>\n\n\n\n<div class=\"wp-block-column is-layout-flow wp-block-column-is-layout-flow\" style=\"flex-basis:20%\"><\/div>\n\n\n\n<div class=\"wp-block-column is-layout-flow wp-block-column-is-layout-flow\" style=\"flex-basis:20%\"><\/div>\n<\/div>","protected":false},"excerpt":{"rendered":"<p>Descubra las ollas de vapor de acero inoxidable al por mayor dise\u00f1adas para una cocci\u00f3n al vapor eficaz, seguras para el calor y adecuadas tanto para cocinas comerciales como para cocinas dom\u00e9sticas en las que se cocinan al vapor grandes cantidades de alimentos. No dude en ponerse en contacto con nosotros para m\u00e1s servicios personalizados.<\/p>\n<h3 class=\"wp-block-heading\">Olla de vapor de acero inoxidable Incluye:<\/h3>\n<table width=\"798\">\n<tbody>\n<tr>\n<td width=\"154\">N\u00ba de modelo<\/td>\n<td width=\"230\">Variantes de productos<\/td>\n<td width=\"413\">Configuraci\u00f3n<\/td>\n<\/tr>\n<tr>\n<td width=\"154\">CY-YWZG05<\/td>\n<td width=\"230\">Vaporera extra alta con tapa de acero y asa de silicona<\/td>\n<td rowspan=\"2\" width=\"413\">21.5 x 6cm Vapor x 2pcs 24 x 19cm Olla sopera profunda 24cm Tapa de acero inoxidable<\/td>\n<\/tr>\n<tr>\n<td width=\"154\">CY-YWZG05A<\/td>\n<td width=\"230\">Vaporera multicapa extra alta con asa de silicona y tapa combinada<\/td>\n<\/tr>\n<\/tbody>\n<\/table>\n<p><a href=\"https:\/\/www.chancescook.com\/es\/\"><strong>Chancescook<\/strong><\/a> se compromete a proporcionar servicios personalizados eficientes y profesionales respaldados por nuestro exclusivo desarrollo de moldes, nuestra s\u00f3lida capacidad de producci\u00f3n y nuestro estricto control de calidad para garantizar que cada lote de olla de vapor de acero inoxidable satisfaga sus necesidades.<\/p>","protected":false},"featured_media":4169,"comment_status":"closed","ping_status":"closed","template":"","meta":{"_acf_changed":false},"product_brand":[],"product_cat":[52,64],"product_tag":[],"class_list":{"0":"post-3986","1":"product","2":"type-product","3":"status-publish","4":"has-post-thumbnail","6":"product_cat-cookware-wholesale","7":"product_cat-chinese-steamer-pot-factory","9":"first","10":"instock","11":"shipping-taxable","12":"product-type-simple"},"acf":[],"_links":{"self":[{"href":"https:\/\/www.chancescook.com\/es\/wp-json\/wp\/v2\/product\/3986","targetHints":{"allow":["GET"]}}],"collection":[{"href":"https:\/\/www.chancescook.com\/es\/wp-json\/wp\/v2\/product"}],"about":[{"href":"https:\/\/www.chancescook.com\/es\/wp-json\/wp\/v2\/types\/product"}],"replies":[{"embeddable":true,"href":"https:\/\/www.chancescook.com\/es\/wp-json\/wp\/v2\/comments?post=3986"}],"wp:featuredmedia":[{"embeddable":true,"href":"https:\/\/www.chancescook.com\/es\/wp-json\/wp\/v2\/media\/4169"}],"wp:attachment":[{"href":"https:\/\/www.chancescook.com\/es\/wp-json\/wp\/v2\/media?parent=3986"}],"wp:term":[{"taxonomy":"product_brand","embeddable":true,"href":"https:\/\/www.chancescook.com\/es\/wp-json\/wp\/v2\/product_brand?post=3986"},{"taxonomy":"product_cat","embeddable":true,"href":"https:\/\/www.chancescook.com\/es\/wp-json\/wp\/v2\/product_cat?post=3986"},{"taxonomy":"product_tag","embeddable":true,"href":"https:\/\/www.chancescook.com\/es\/wp-json\/wp\/v2\/product_tag?post=3986"}],"curies":[{"name":"wp","href":"https:\/\/api.w.org\/{rel}","templated":true}]}}