{"id":3990,"date":"2024-09-20T19:09:27","date_gmt":"2024-09-20T19:09:27","guid":{"rendered":"https:\/\/www.chancescook.com\/?post_type=product&#038;p=3990"},"modified":"2024-11-01T08:33:17","modified_gmt":"2024-11-01T08:33:17","slug":"wholesale-kitchen-steamer-pot","status":"publish","type":"product","link":"https:\/\/www.chancescook.com\/es\/producto\/wholesale-kitchen-steamer-pot\/","title":{"rendered":"Mayorista Olla Vaporera de Cocina Tapa Combinada Vaporera Original con 3 Compartimentos de Vapor"},"content":{"rendered":"<div class=\"wp-block-columns is-layout-flex wp-container-core-columns-is-layout-9d6595d7 wp-block-columns-is-layout-flex\">\n<div class=\"wp-block-column is-layout-flow wp-block-column-is-layout-flow\">\n<h3 class=\"wp-block-heading\">Caracter\u00edsticas y ventajas de la olla de vapor de cocina <\/h3>\n\n\n\n<ul class=\"wp-block-list\">\n<li><strong>Dise\u00f1o de tapa combinada:<\/strong> este dise\u00f1o se utiliza para cubrir las cosas para evitar que el vapor se escape, as\u00ed como el desbordamiento.<\/li>\n\n\n\n<li><strong>Vaporizador de triple capa: <\/strong>la vaporera tiene tres capas, y es para cocinar muchos ingredientes a la vez, lo que mejorar\u00e1 la velocidad de cocci\u00f3n al permitir que diferentes elementos se cocinen al vapor todos juntos.<\/li>\n\n\n\n<li><strong>Uso multifuncional:<\/strong> Esta olla de vapor de cocina tiene funciones para muchos tipos diferentes de ingredientes alimentarios. Es adecuada no solo para las comidas diarias, sino que tambi\u00e9n se puede utilizar en d\u00edas especiales y durante eventos para diferentes preparaciones de alimentos.<\/li>\n\n\n\n<li><strong>Ahorre m\u00e1s tiempo:<\/strong> La vaporera multicapa permite cocinar varios platos a la vez y preparar las comidas en menos tiempo.<\/li>\n\n\n\n<li><strong>F\u00e1cil de usar:<\/strong> Es f\u00e1cil de limpiar y sencillo de mantener, lo que resulta \u00fatil para cocinas con poco tiempo.<\/li>\n\n\n\n<li><strong>Vapor para una alimentaci\u00f3n sana:<\/strong> Se dice que la cocci\u00f3n al vapor mantiene los nutrientes de los alimentos y su sabor, y adem\u00e1s no es necesario a\u00f1adir grasa durante la cocci\u00f3n.<\/li>\n<\/ul>\n<\/div>\n\n\n\n<div class=\"wp-block-column is-layout-flow wp-block-column-is-layout-flow\">\n<h3 class=\"wp-block-heading\">Especificaciones de la olla de vapor de cocina <\/h3>\n\n\n\n<ul class=\"wp-block-list\">\n<li>Fabricante: CHANCES<\/li>\n\n\n\n<li>N\u00ba de modelo: CY-YWZG01B\/CY-YWZG03B<\/li>\n\n\n\n<li>Material: SS201<\/li>\n\n\n\n<li>Tapa: Tapa de acero inoxidable<\/li>\n\n\n\n<li>Grosor:0,5 mm<\/li>\n\n\n\n<li>Fondo:2,5 mm<\/li>\n\n\n\n<li><strong><a href=\"https:\/\/www.chancescook.com\/es\/custom-cookware\/\">OEM&amp;ODM<\/a><\/strong>: Personalizado, bienvenido OEM&amp;ODM<\/li>\n\n\n\n<li>MOQ:1 x 40'HQ<\/li>\n\n\n\n<li>Embalaje: Caja de color\/Caja de cart\u00f3n<\/li>\n\n\n\n<li>Muestra: Gratis<\/li>\n<\/ul>\n<\/div>\n<\/div>","protected":false},"excerpt":{"rendered":"<p>Esta olla de vapor de cocina de calidad est\u00e1 dise\u00f1ada con asas de baquelita y viene con una tapa combinada para facilitar su uso. Dispone de un vaporizador triple que permite cocinar al vapor diferentes ingredientes al mismo tiempo para mejorar la eficacia de la cocci\u00f3n y ahorrar tiempo. Adecuado para cocinas dom\u00e9sticas y comerciales. Para ventas al por mayor, p\u00f3ngase en contacto con nosotros.<\/p>\n<h3>Olla de vapor de cocina Include\uff1a<\/h3>\n<table width=\"798\">\n<tbody>\n<tr>\n<td width=\"154\">N\u00ba de modelo<\/td>\n<td width=\"230\">Variantes de productos<\/td>\n<td width=\"413\">Configuraci\u00f3n<\/td>\n<\/tr>\n<tr>\n<td width=\"154\">CY-YWZG01B<\/td>\n<td rowspan=\"2\" width=\"230\">Empu\u00f1adura de baquelita Tapa combinada Vaporera original con 3 compartimentos de vapor<\/td>\n<td width=\"413\">\n<p>21.5 X 5cm Capa poco profunda con hueco x 2pcs<\/p>\n<p>21.5 x 6cm Capa profunda con hueco x 1pcs<\/p>\n<p>24 x 12cm Olla con mango de baquelita x 1ud. Herramientas x 1ud.<\/p>\n<\/td>\n<\/tr>\n<tr>\n<td width=\"154\">CY-YWZG03B<\/td>\n<td width=\"413\">\n<p>28 X 7.7cm Capa poco profunda con hueco x 2pcs<\/p>\n<p>28 x 9.2cm Capa profunda con hueco x 1pcs<\/p>\n<p>28 x 15,9cm Olla con mango de baquelita x 1ud.<\/p>\n<p>Herramientas x 1ud.<\/p>\n<\/td>\n<\/tr>\n<\/tbody>\n<\/table>\n<p>Chances se compromete a ofrecer a sus clientes un servicio eficaz y profesional.\u00a0<a href=\"https:\/\/www.chancescook.com\/es\/custom-cookware\/\"><strong>servicios personalizados<\/strong><\/a>La capacidad de producci\u00f3n y los estrictos controles de calidad garantizan que cada lote de <strong>olla de vapor de cocina<\/strong>\u00a0satisface sus necesidades de alto nivel.<\/p>","protected":false},"featured_media":4153,"comment_status":"closed","ping_status":"closed","template":"","meta":{"_acf_changed":false},"product_brand":[],"product_cat":[52],"product_tag":[],"class_list":{"0":"post-3990","1":"product","2":"type-product","3":"status-publish","4":"has-post-thumbnail","6":"product_cat-cookware-wholesale","8":"first","9":"instock","10":"shipping-taxable","11":"product-type-simple"},"acf":[],"_links":{"self":[{"href":"https:\/\/www.chancescook.com\/es\/wp-json\/wp\/v2\/product\/3990","targetHints":{"allow":["GET"]}}],"collection":[{"href":"https:\/\/www.chancescook.com\/es\/wp-json\/wp\/v2\/product"}],"about":[{"href":"https:\/\/www.chancescook.com\/es\/wp-json\/wp\/v2\/types\/product"}],"replies":[{"embeddable":true,"href":"https:\/\/www.chancescook.com\/es\/wp-json\/wp\/v2\/comments?post=3990"}],"wp:featuredmedia":[{"embeddable":true,"href":"https:\/\/www.chancescook.com\/es\/wp-json\/wp\/v2\/media\/4153"}],"wp:attachment":[{"href":"https:\/\/www.chancescook.com\/es\/wp-json\/wp\/v2\/media?parent=3990"}],"wp:term":[{"taxonomy":"product_brand","embeddable":true,"href":"https:\/\/www.chancescook.com\/es\/wp-json\/wp\/v2\/product_brand?post=3990"},{"taxonomy":"product_cat","embeddable":true,"href":"https:\/\/www.chancescook.com\/es\/wp-json\/wp\/v2\/product_cat?post=3990"},{"taxonomy":"product_tag","embeddable":true,"href":"https:\/\/www.chancescook.com\/es\/wp-json\/wp\/v2\/product_tag?post=3990"}],"curies":[{"name":"wp","href":"https:\/\/api.w.org\/{rel}","templated":true}]}}