{"id":4042,"date":"2024-09-21T09:00:51","date_gmt":"2024-09-21T09:00:51","guid":{"rendered":"https:\/\/www.chancescook.com\/?post_type=product&#038;p=4042"},"modified":"2024-09-23T08:22:01","modified_gmt":"2024-09-23T08:22:01","slug":"custom-pots-and-pans-set","status":"publish","type":"product","link":"https:\/\/www.chancescook.com\/es\/producto\/custom-pots-and-pans-set\/","title":{"rendered":"Juego de ollas y sartenes personalizadas Juego de 8 piezas de la mejor olla alta americana con asas"},"content":{"rendered":"<div class=\"wp-block-columns is-layout-flex wp-container-core-columns-is-layout-9d6595d7 wp-block-columns-is-layout-flex\">\n<div class=\"wp-block-column is-layout-flow wp-block-column-is-layout-flow\">\n<h3 class=\"wp-block-heading\">Caracter\u00edsticas y ventajas del juego de ollas al por mayor<\/h3>\n\n\n\n<ul class=\"wp-block-list\">\n<li><strong>Acero inoxidable de primera calidad:<\/strong> Este juego de ollas y sartenes, de 8 piezas, est\u00e1 fabricado en acero inoxidable de primera calidad que puede durar y resistir cosas como la corrosi\u00f3n.<\/li>\n\n\n\n<li><strong>Apto para horno:<\/strong> Se afirma que estas ollas y sartenes soportan temperaturas de horno, aproximadamente de 350 a 450\u00b0F, lo que ofrece cierta variedad de formas de cocinar.<\/li>\n\n\n\n<li><strong>Tecnolog\u00eda de propagaci\u00f3n del calor:<\/strong> El calor se desplaza uniformemente por la superficie inferior, lo que hace que la cocci\u00f3n de los alimentos sea m\u00e1s uniforme y no aparezcan puntos de calor desiguales.<\/li>\n\n\n\n<li><strong>Opciones de tapa en variedad:<\/strong> Las tapas de diferentes tipos, que combinan las met\u00e1licas con las de cristal transparente, simplifican la elecci\u00f3n en funci\u00f3n de la situaci\u00f3n, mantienen el calor en el interior y permiten observar la cocci\u00f3n.<\/li>\n\n\n\n<li><strong>Vers\u00e1til y f\u00e1cil de usar:<\/strong> Los juegos de ollas y sartenes al por mayor vienen con diferentes tama\u00f1os de utensilios de cocina que se pueden utilizar para las tareas de cocina que se incluyen para satisfacer muchas necesidades de cocina.<\/li>\n\n\n\n<li><strong>F\u00e1cil de limpiar:<\/strong> Utensilios de cocina aptos para el lavavajillas, ayuda a mantenerlos en buen estado y como nuevos.<\/li>\n<\/ul>\n<\/div>\n\n\n\n<div class=\"wp-block-column is-layout-flow wp-block-column-is-layout-flow\">\n<h3 class=\"wp-block-heading\">Especificaciones del juego de ollas y sartenes<\/h3>\n\n\n\n<ul class=\"wp-block-list\">\n<li>Fabricante: CHANCES<\/li>\n\n\n\n<li>N\u00ba de modelo: CY-MSGGZHG0805\/CY-MSBG0804<\/li>\n\n\n\n<li>Material: SS410\/SS201<\/li>\n\n\n\n<li>N\u00famero de piezas:8 piezas<\/li>\n\n\n\n<li>Espesor: 0,5 mm\/0,4 mm<\/li>\n\n\n\n<li>Fondo:2,0 mm\/1,8 mm<\/li>\n\n\n\n<li>OEM&amp;ODM: Personalizado, bienvenido OEM&amp;ODM<\/li>\n\n\n\n<li>MOQ:1 x 40'HQ<\/li>\n\n\n\n<li>Embalaje: Caja de color, caja de cart\u00f3n o personalizado<\/li>\n\n\n\n<li>Muestra: Gratis<\/li>\n<\/ul>\n<\/div>\n<\/div>","protected":false},"excerpt":{"rendered":"<p>Wholesale Pots and Pans Set es un juego de ollas de 8 piezas de primera calidad, con una combinaci\u00f3n de ollas altas americanas con tapas de metal y de vidrio. Cada olla est\u00e1 equipada con asas robustas para facilitar el agarre y resistencia al calor. Ideal para cocinas profesionales o para uso dom\u00e9stico, este vers\u00e1til juego garantiza durabilidad, estilo y funcionalidad. Se puede comprar a granel seg\u00fan sus necesidades\uff01.<\/p>\n<h3>El juego de ollas y sartenes Cusom incluye\uff1a<\/h3>\n<table style=\"border-collapse: collapse; width: 478.82pt;\" border=\"0\" width=\"798\" cellspacing=\"0\" cellpadding=\"0\">\n<tbody>\n<tr style=\"height: 17.40pt;\">\n<td class=\"et3\" style=\"height: 17.40pt; width: 92.45pt;\" width=\"154\" height=\"29\">N\u00ba de modelo<\/td>\n<td class=\"et3\" style=\"width: 138.15pt;\" width=\"230\">Variantes de productos<\/td>\n<td class=\"et3\" style=\"width: 248.35pt;\" width=\"413\">Configuraci\u00f3n<\/td>\n<\/tr>\n<tr style=\"height: 72.00pt;\">\n<td class=\"et4\" style=\"height: 72.00pt; width: 92.45pt;\" width=\"154\" height=\"120\">CY-MSGGZHG0805<\/td>\n<td class=\"et5\" style=\"width: 138.15pt;\" width=\"230\">Tapa combinada American High Pot<\/td>\n<td class=\"et6\" style=\"width: 248.35pt; border-bottom: 0.5pt solid #000000; text-align: left;\" rowspan=\"2\" width=\"413\">\n<p>Cacerola de 18 cm con tapa<br \/>20cmCacerola con tapa<br \/>Cacerola de 22 cm con tapa<br \/>Cacerola de 24 cm con tapa<\/p>\n<\/td>\n<\/tr>\n<tr style=\"height: 72.00pt;\">\n<td class=\"et4\" style=\"height: 72.00pt; width: 92.45pt;\" width=\"154\" height=\"120\">CY-MSBG0804<\/td>\n<td class=\"et7\" style=\"width: 138.15pt;\" width=\"230\">Juego de ollas con tapa de cristal americano<\/td>\n<\/tr>\n<\/tbody>\n<\/table>","protected":false},"featured_media":4102,"comment_status":"closed","ping_status":"closed","template":"","meta":{"_acf_changed":false},"product_brand":[],"product_cat":[53],"product_tag":[],"class_list":{"0":"post-4042","1":"product","2":"type-product","3":"status-publish","4":"has-post-thumbnail","6":"product_cat-wholesale-cookware-sets","8":"first","9":"instock","10":"shipping-taxable","11":"product-type-simple"},"acf":[],"_links":{"self":[{"href":"https:\/\/www.chancescook.com\/es\/wp-json\/wp\/v2\/product\/4042","targetHints":{"allow":["GET"]}}],"collection":[{"href":"https:\/\/www.chancescook.com\/es\/wp-json\/wp\/v2\/product"}],"about":[{"href":"https:\/\/www.chancescook.com\/es\/wp-json\/wp\/v2\/types\/product"}],"replies":[{"embeddable":true,"href":"https:\/\/www.chancescook.com\/es\/wp-json\/wp\/v2\/comments?post=4042"}],"wp:featuredmedia":[{"embeddable":true,"href":"https:\/\/www.chancescook.com\/es\/wp-json\/wp\/v2\/media\/4102"}],"wp:attachment":[{"href":"https:\/\/www.chancescook.com\/es\/wp-json\/wp\/v2\/media?parent=4042"}],"wp:term":[{"taxonomy":"product_brand","embeddable":true,"href":"https:\/\/www.chancescook.com\/es\/wp-json\/wp\/v2\/product_brand?post=4042"},{"taxonomy":"product_cat","embeddable":true,"href":"https:\/\/www.chancescook.com\/es\/wp-json\/wp\/v2\/product_cat?post=4042"},{"taxonomy":"product_tag","embeddable":true,"href":"https:\/\/www.chancescook.com\/es\/wp-json\/wp\/v2\/product_tag?post=4042"}],"curies":[{"name":"wp","href":"https:\/\/api.w.org\/{rel}","templated":true}]}}