{"id":4066,"date":"2024-09-28T16:49:53","date_gmt":"2024-09-28T16:49:53","guid":{"rendered":"https:\/\/www.chancescook.com\/?post_type=product&#038;p=4066"},"modified":"2024-09-28T16:49:55","modified_gmt":"2024-09-28T16:49:55","slug":"wholesale-camping-cookware-set","status":"publish","type":"product","link":"https:\/\/www.chancescook.com\/es\/producto\/wholesale-camping-cookware-set\/","title":{"rendered":"Mayorista Camping Cookware Set 6 Piezas Acero Inoxidable 410 \u00c1ngulo Derecho Estilo"},"content":{"rendered":"<div class=\"wp-block-columns is-layout-flex wp-container-core-columns-is-layout-9d6595d7 wp-block-columns-is-layout-flex\">\n<div class=\"wp-block-column is-layout-flow wp-block-column-is-layout-flow\">\n<h3 class=\"wp-block-heading\">Caracter\u00edsticas y ventajas de la bater\u00eda de cocina para camping<\/h3>\n\n\n\n<ul class=\"wp-block-list\">\n<li><strong>Construcci\u00f3n de acero inoxidable de primera calidad<\/strong>Estas bater\u00edas de cocina para camping est\u00e1n fabricadas en acero inoxidable y son duraderas. Conducen el calor y son resistentes a la oxidaci\u00f3n. Tambi\u00e9n son resistentes a la corrosi\u00f3n.<\/li>\n\n\n\n<li>V<strong>Se incluyen varios tama\u00f1os:<\/strong> Existen crock pots de diferentes tama\u00f1os, que pueden utilizarse para distintos tipos de tareas culinarias. El dise\u00f1o de cada pieza tiene como objetivo hacer la cocina m\u00e1s eficiente, aunque el impacto exacto puede variar.<\/li>\n\n\n\n<li><strong>C\u00f3modas asas<\/strong>: Las asas de dise\u00f1o ergon\u00f3mico de estos juegos de ollas proporcionan un agarre c\u00f3modo y seguro, incluso cuando la olla est\u00e1 llena de comida.<\/li>\n\n\n\n<li><strong>Tapa de cristal templado:<\/strong> Cada una de las ollas tiene una tapa de cristal templado. Esta tapa de cristal le permite comprobar el progreso de la cocci\u00f3n, sin necesidad de levantar la tapa. <\/li>\n\n\n\n<li><strong>F\u00e1cil de limpiar<\/strong>: La superficie de acero inoxidable es lisa, y es f\u00e1cil mantenerla limpia. La limpieza es muy sencilla, ya que el juego puede meterse en el lavavajillas.<\/li>\n\n\n\n<li><strong>Rentable:<\/strong> el juego de 6 piezas puede utilizarse varias veces y, gracias a su combinaci\u00f3n, se reduce la necesidad de comprar menaje adicional, lo que lo hace rentable y pr\u00e1ctico para grandes compras al por mayor.<\/li>\n<\/ul>\n<\/div>\n\n\n\n<div class=\"wp-block-column is-layout-flow wp-block-column-is-layout-flow\">\n<h3 class=\"wp-block-heading\">Especificaciones de la bater\u00eda de cocina para camping<\/h3>\n\n\n\n<ul class=\"wp-block-list\">\n<li>Fabricante: CHANCES<\/li>\n\n\n\n<li>Model No.:CY-ZJBG0604\/CY-ZJ0604A<\/li>\n\n\n\n<li>Material: SS410\/SS201<\/li>\n\n\n\n<li>N\u00famero de piezas:6 piezas<\/li>\n\n\n\n<li>Tapa: Tapa de acero inoxidable<\/li>\n\n\n\n<li>Espesor: 0,4 mm\/0,5 mm<\/li>\n\n\n\n<li>Fondo:3.0mm<\/li>\n\n\n\n<li>G.W.:23.8 KGS<\/li>\n\n\n\n<li>N.O.:22,7 KGS<\/li>\n\n\n\n<li>OEM&amp;ODM: Personalizado, bienvenido OEM&amp;ODM<\/li>\n\n\n\n<li>Embalaje: Caja de color\/Caja de cart\u00f3n<\/li>\n\n\n\n<li>Muestra: Gratis<\/li>\n<\/ul>\n<\/div>\n<\/div>\n\n\n\n<div class=\"wp-block-columns is-layout-flex wp-container-core-columns-is-layout-9d6595d7 wp-block-columns-is-layout-flex\">\n<div class=\"wp-block-column is-layout-flow wp-block-column-is-layout-flow\" style=\"flex-basis:25%\"><\/div>\n\n\n\n<div class=\"wp-block-column is-layout-flow wp-block-column-is-layout-flow\" style=\"flex-basis:50%\">\n<figure class=\"wp-block-image size-full\"><img decoding=\"async\" width=\"3734\" height=\"2986\" src=\"https:\/\/www.chancescook.com\/wp-content\/uploads\/2024\/09\/Wholesale-cookware-sets-box.webp\" alt=\"Venta al por mayor de juegos de cocina en caja\" class=\"wp-image-4069\" srcset=\"https:\/\/www.chancescook.com\/wp-content\/uploads\/2024\/09\/Wholesale-cookware-sets-box.webp 3734w, https:\/\/www.chancescook.com\/wp-content\/uploads\/2024\/09\/Wholesale-cookware-sets-box-300x240.webp 300w, https:\/\/www.chancescook.com\/wp-content\/uploads\/2024\/09\/Wholesale-cookware-sets-box-768x614.webp 768w, https:\/\/www.chancescook.com\/wp-content\/uploads\/2024\/09\/Wholesale-cookware-sets-box-15x12.webp 15w, https:\/\/www.chancescook.com\/wp-content\/uploads\/2024\/09\/Wholesale-cookware-sets-box-285x228.webp 285w, https:\/\/www.chancescook.com\/wp-content\/uploads\/2024\/09\/Wholesale-cookware-sets-box-1600x1279.webp 1600w, https:\/\/www.chancescook.com\/wp-content\/uploads\/2024\/09\/Wholesale-cookware-sets-box-660x528.webp 660w, https:\/\/www.chancescook.com\/wp-content\/uploads\/2024\/09\/Wholesale-cookware-sets-box-150x120.webp 150w\" sizes=\"(max-width: 3734px) 100vw, 3734px\" \/><\/figure>\n<\/div>\n\n\n\n<div class=\"wp-block-column is-layout-flow wp-block-column-is-layout-flow\" style=\"flex-basis:25%\"><\/div>\n<\/div>\n\n\n\n<p><\/p>","protected":false},"excerpt":{"rendered":"<p>Dise\u00f1ado para ser eficiente y duradero, este juego de utensilios de cocina para camping de 6 piezas contiene ollas y sartenes de diferentes tama\u00f1os para satisfacer una gran variedad de necesidades culinarias. Todos los utensilios tienen asas en \u00e1ngulo recto para un agarre f\u00e1cil y seguro, y las tapas de cristal permiten comprobar f\u00e1cilmente el estado de los alimentos mientras se cocinan y evitar derrames. Ya sea para cocinar a diario o para uso profesional en la cocina, este juego ofrece un excelente rendimiento y durabilidad, por lo que es perfecto para compras al por mayor en el sector de la restauraci\u00f3n.<\/p>\n<h3>Bater\u00eda de cocina de camping:<\/h3>\n<table width=\"798\">\n<tbody>\n<tr>\n<td width=\"154\">N\u00ba de modelo<\/td>\n<td width=\"230\">Variantes de productos<\/td>\n<td width=\"413\">Configuraci\u00f3n<\/td>\n<\/tr>\n<tr>\n<td width=\"154\">CY-ZJBG0604<\/td>\n<td width=\"230\">Bater\u00eda de Cocina con Tapa de Cristal en \u00c1ngulo Recto<\/td>\n<td width=\"413\">22cm x12.8cm Cacerola con tapa<br \/>Cacerola de 24 cm x 13,8 cm con tapa<br \/>26cm x 14.8cm Cacerola con tapa<\/td>\n<\/tr>\n<tr>\n<td width=\"154\">CY-ZJ0604A<\/td>\n<td width=\"230\">Bater\u00eda de Cocina con Tapa de Cristal en \u00c1ngulo Recto<\/td>\n<td width=\"413\">Cacerola de 16 cm con tapa<br \/>Cacerola de 22 cm con tapa<br \/>Sart\u00e9n de 24 cm con tapa<\/td>\n<\/tr>\n<\/tbody>\n<\/table>\n<p>&nbsp;<\/p>","protected":false},"featured_media":4147,"comment_status":"closed","ping_status":"closed","template":"","meta":{"_acf_changed":false},"product_brand":[],"product_cat":[53],"product_tag":[],"class_list":{"0":"post-4066","1":"product","2":"type-product","3":"status-publish","4":"has-post-thumbnail","6":"product_cat-wholesale-cookware-sets","8":"first","9":"instock","10":"shipping-taxable","11":"product-type-simple"},"acf":[],"_links":{"self":[{"href":"https:\/\/www.chancescook.com\/es\/wp-json\/wp\/v2\/product\/4066","targetHints":{"allow":["GET"]}}],"collection":[{"href":"https:\/\/www.chancescook.com\/es\/wp-json\/wp\/v2\/product"}],"about":[{"href":"https:\/\/www.chancescook.com\/es\/wp-json\/wp\/v2\/types\/product"}],"replies":[{"embeddable":true,"href":"https:\/\/www.chancescook.com\/es\/wp-json\/wp\/v2\/comments?post=4066"}],"wp:featuredmedia":[{"embeddable":true,"href":"https:\/\/www.chancescook.com\/es\/wp-json\/wp\/v2\/media\/4147"}],"wp:attachment":[{"href":"https:\/\/www.chancescook.com\/es\/wp-json\/wp\/v2\/media?parent=4066"}],"wp:term":[{"taxonomy":"product_brand","embeddable":true,"href":"https:\/\/www.chancescook.com\/es\/wp-json\/wp\/v2\/product_brand?post=4066"},{"taxonomy":"product_cat","embeddable":true,"href":"https:\/\/www.chancescook.com\/es\/wp-json\/wp\/v2\/product_cat?post=4066"},{"taxonomy":"product_tag","embeddable":true,"href":"https:\/\/www.chancescook.com\/es\/wp-json\/wp\/v2\/product_tag?post=4066"}],"curies":[{"name":"wp","href":"https:\/\/api.w.org\/{rel}","templated":true}]}}