{"id":4074,"date":"2024-09-21T07:52:06","date_gmt":"2024-09-21T07:52:06","guid":{"rendered":"https:\/\/www.chancescook.com\/?post_type=product&#038;p=4074"},"modified":"2024-09-23T08:39:19","modified_gmt":"2024-09-23T08:39:19","slug":"wholesale-frying-pan-set","status":"publish","type":"product","link":"https:\/\/www.chancescook.com\/es\/producto\/wholesale-frying-pan-set\/","title":{"rendered":"Mayorista Juego de Sartenes de 5 Piezas de Acero Inoxidable con Mango de Baquelita o Mango de Acero Fundido"},"content":{"rendered":"<div class=\"wp-block-columns is-layout-flex wp-container-core-columns-is-layout-9d6595d7 wp-block-columns-is-layout-flex\">\n<div class=\"wp-block-column is-layout-flow wp-block-column-is-layout-flow\">\n<h3 class=\"wp-block-heading\">Caracter\u00edsticas y ventajas del juego de sartenes<\/h3>\n\n\n\n<ul class=\"wp-block-list\">\n<li><strong>Juego completo de 5 piezas:<\/strong> El juego incluye sartenes de diferentes tama\u00f1os para distintos fines culinarios.<\/li>\n\n\n\n<li><strong>Asas opcionales:<\/strong> Permite elegir entre el mango de baquelita resistente al calor y los fuertes mangos de acero fundido para decidir cu\u00e1l les conviene m\u00e1s seg\u00fan su uso y escenarios de utilizaci\u00f3n.<\/li>\n\n\n\n<li><strong>Duradera: <\/strong>Se utiliza acero inoxidable de alta calidad para resistir ara\u00f1azos y abrasiones, por lo que la bater\u00eda de cocina es ideal para el uso diario.<\/li>\n\n\n\n<li><strong>Se limpia f\u00e1cilmente: <\/strong>Una superficie lisa facilitar\u00e1 la limpieza. La limpieza ser\u00e1 m\u00e1s r\u00e1pida y requerir\u00e1 menos esfuerzo.<\/li>\n\n\n\n<li><strong>Revestimiento antiadherente:<\/strong> El revestimiento antiadherente de alta calidad de muchas sartenes facilita el proceso de cocci\u00f3n y la limpieza de las mismas.<\/li>\n\n\n\n<li><strong>Compatible con fuentes de calor m\u00faltiples:<\/strong> Apta para gas, inducci\u00f3n, etc.; muy flexible y f\u00e1cil de adaptar a diferentes entornos de cocina.<\/li>\n<\/ul>\n<\/div>\n\n\n\n<div class=\"wp-block-column is-layout-flow wp-block-column-is-layout-flow\">\n<h3 class=\"wp-block-heading\">Especificaciones del juego de sartenes<\/h3>\n\n\n\n<ul class=\"wp-block-list\">\n<li>Fabricante: CHANCES<\/li>\n\n\n\n<li>Model No.:CY-JGDMB0505\/CY-JGB0505<\/li>\n\n\n\n<li>Material: SS201<\/li>\n\n\n\n<li>N\u00famero de piezas:5 piezas<\/li>\n\n\n\n<li>Tapa: Tapa de acero inoxidable<\/li>\n\n\n\n<li>Grosor:0,5 mm<\/li>\n\n\n\n<li>Fondo:3.0mm<\/li>\n\n\n\n<li>OEM&amp;ODM: Personalizado, bienvenido OEM&amp;ODM<\/li>\n\n\n\n<li>Embalaje: Caja de color\/Caja de cart\u00f3n<\/li>\n\n\n\n<li>Muestra: Gratis<\/li>\n<\/ul>\n<\/div>\n<\/div>\n\n\n\n<p><\/p>","protected":false},"excerpt":{"rendered":"<p>Este juego de sartenes de 5 piezas permite elegir entre asas de baquelita resistentes al calor o robustas asas de acero fundido. Este juego de sartenes ofrece un excelente rendimiento culinario, tanto para saltear verduras como para dorar carne o hervir sopas a fuego lento. Los materiales de alta calidad garantizan durabilidad y un calentamiento uniforme, perfecto para cocinas dom\u00e9sticas y comerciales.<\/p>\n<h3>El juego de sartenes personalizado incluye:<\/h3>\n<table width=\"798\">\n<tbody>\n<tr>\n<td width=\"154\">N\u00ba de modelo<\/td>\n<td width=\"230\">Variantes de productos<\/td>\n<td width=\"413\">Configuraci\u00f3n<\/td>\n<\/tr>\n<tr>\n<td width=\"154\">CY-JGDMB0505<\/td>\n<td width=\"230\">Juego de sartenes con mango de baquelita<\/td>\n<td rowspan=\"2\" width=\"413\">16cm x 4,8cm Sart\u00e9n<br \/>18cm x 4,8cm Sart\u00e9n<br \/>20cm x 5,2cm Sart\u00e9n<br \/>22cm x 5,2cm Sart\u00e9n<br \/>24cm x 5,7cm Sart\u00e9n<\/td>\n<\/tr>\n<tr>\n<td width=\"154\">CY-JGB0505<\/td>\n<td width=\"230\">Juego de sartenes con mango de acero fundido<\/td>\n<\/tr>\n<\/tbody>\n<\/table>\n<p>&nbsp;<\/p>","protected":false},"featured_media":4120,"comment_status":"closed","ping_status":"closed","template":"","meta":{"_acf_changed":false},"product_brand":[],"product_cat":[53],"product_tag":[],"class_list":{"0":"post-4074","1":"product","2":"type-product","3":"status-publish","4":"has-post-thumbnail","6":"product_cat-wholesale-cookware-sets","8":"first","9":"instock","10":"shipping-taxable","11":"product-type-simple"},"acf":[],"_links":{"self":[{"href":"https:\/\/www.chancescook.com\/es\/wp-json\/wp\/v2\/product\/4074","targetHints":{"allow":["GET"]}}],"collection":[{"href":"https:\/\/www.chancescook.com\/es\/wp-json\/wp\/v2\/product"}],"about":[{"href":"https:\/\/www.chancescook.com\/es\/wp-json\/wp\/v2\/types\/product"}],"replies":[{"embeddable":true,"href":"https:\/\/www.chancescook.com\/es\/wp-json\/wp\/v2\/comments?post=4074"}],"wp:featuredmedia":[{"embeddable":true,"href":"https:\/\/www.chancescook.com\/es\/wp-json\/wp\/v2\/media\/4120"}],"wp:attachment":[{"href":"https:\/\/www.chancescook.com\/es\/wp-json\/wp\/v2\/media?parent=4074"}],"wp:term":[{"taxonomy":"product_brand","embeddable":true,"href":"https:\/\/www.chancescook.com\/es\/wp-json\/wp\/v2\/product_brand?post=4074"},{"taxonomy":"product_cat","embeddable":true,"href":"https:\/\/www.chancescook.com\/es\/wp-json\/wp\/v2\/product_cat?post=4074"},{"taxonomy":"product_tag","embeddable":true,"href":"https:\/\/www.chancescook.com\/es\/wp-json\/wp\/v2\/product_tag?post=4074"}],"curies":[{"name":"wp","href":"https:\/\/api.w.org\/{rel}","templated":true}]}}