{"id":4085,"date":"2024-09-25T09:50:56","date_gmt":"2024-09-25T09:50:56","guid":{"rendered":"https:\/\/www.chancescook.com\/?post_type=product&#038;p=4085"},"modified":"2024-09-25T09:50:57","modified_gmt":"2024-09-25T09:50:57","slug":"wholesale-milk-pan-set","status":"publish","type":"product","link":"https:\/\/www.chancescook.com\/es\/producto\/wholesale-milk-pan-set\/","title":{"rendered":"Mayorista Juego de Cacerolas para Leche de Acero Inoxidable de Fondo Simple con Mango Largo"},"content":{"rendered":"<div class=\"wp-block-columns is-layout-flex wp-container-core-columns-is-layout-9d6595d7 wp-block-columns-is-layout-flex\">\n<div class=\"wp-block-column is-layout-flow wp-block-column-is-layout-flow\">\n<h3 class=\"wp-block-heading\">Caracter\u00edsticas y ventajas de la mejor cacerola para leche<\/h3>\n\n\n\n<ul class=\"wp-block-list\">\n<li><strong>Acero inoxidable de alta calidad Material: <\/strong>Resistente a la corrosi\u00f3n y a la abrasi\u00f3n para garantizar una larga vida \u00fatil.<\/li>\n\n\n\n<li><strong>Dise\u00f1o de un solo fondo\uff1a<\/strong> Para una distribuci\u00f3n uniforme del calor; es adecuado para varias necesidades culinarias.<\/li>\n\n\n\n<li><strong>Dise\u00f1o de mango largo:<\/strong> El mango ergon\u00f3mico est\u00e1 dise\u00f1ado para facilitar y hacer m\u00e1s c\u00f3modo el agarre durante el trabajo.<\/li>\n\n\n\n<li><strong>Se limpia f\u00e1cilmente:<\/strong> La superficie lisa facilita la limpieza del recipiente. Apto para lavavajillas.<\/li>\n\n\n\n<li><strong>Versatilidad:<\/strong> Este juego de cacerolas de leche sirve para m\u00faltiples prop\u00f3sitos, como calentar leche, hacer salsas y preparar peque\u00f1os platos para satisfacer las diversas necesidades de la familia.<\/li>\n\n\n\n<li><strong>Alta seguridad:<\/strong> Sin revestimiento, no libera sustancias nocivas. Saludable y seguro.<\/li>\n\n\n\n<li><strong>Ahorra espacio:<\/strong> F\u00e1cil de apilar, f\u00e1cil de almacenar, adecuado para cocinas peque\u00f1as.<\/li>\n<\/ul>\n<\/div>\n\n\n\n<div class=\"wp-block-column is-layout-flow wp-block-column-is-layout-flow\">\n<h3 class=\"wp-block-heading\">Especificaciones de Best Milk Pan<\/h3>\n\n\n\n<ul class=\"wp-block-list\">\n<li>Fabricante: CHANCES<\/li>\n\n\n\n<li>N\u00ba de modelo: CY-NGT03\/CY-NGT0503<\/li>\n\n\n\n<li>Material: SS410<\/li>\n\n\n\n<li>Grosor: 0,3 mm<\/li>\n\n\n\n<li>OEM&amp;ODM: Personalizado, bienvenido OEM&amp;ODM<\/li>\n\n\n\n<li>MOQ:1 x 40'HQ<\/li>\n\n\n\n<li>Embalaje: Caja de color\/Caja de cart\u00f3n<\/li>\n\n\n\n<li>Muestra: Gratis<\/li>\n<\/ul>\n<\/div>\n<\/div>\n\n\n\n<p><\/p>","protected":false},"excerpt":{"rendered":"<p>El juego de cacerolas para leche al por mayor presenta una construcci\u00f3n de acero inoxidable de alta calidad con un fondo \u00fanico y un mango ergon\u00f3mico, dise\u00f1ado para ofrecer durabilidad y facilidad de uso. Este vers\u00e1til juego de cacerolas de 3 piezas es perfecto para calentar leche, preparar salsas o cocinar comidas peque\u00f1as, ya que garantiza una distribuci\u00f3n uniforme del calor y una limpieza f\u00e1cil para las tareas culinarias cotidianas.<\/p>\n<h3>La mejor cacerola de leche incluye\uff1a<\/h3>\n<table style=\"border-collapse: collapse; width: 411.40pt;\" border=\"0\" width=\"1097\" cellspacing=\"0\" cellpadding=\"0\">\n<tbody>\n<tr style=\"height: 16.10pt;\">\n<td class=\"et3\" style=\"height: 16.10pt; width: 79.90pt;\" width=\"213\" height=\"42\">N\u00ba de modelo<\/td>\n<td class=\"et3\" style=\"width: 150.05pt;\" width=\"400\">N\u00famero de piezas<\/td>\n<td class=\"et3\" style=\"width: 181.65pt;\" width=\"484\">Peso<\/td>\n<\/tr>\n<tr style=\"height: 96.75pt;\">\n<td class=\"et4\" style=\"height: 96.75pt;\" height=\"258\">CY-NGT03<\/td>\n<td class=\"et5\" style=\"width: 150.05pt;\" width=\"400\">3Pzs Lechera de Acero Inoxidable<\/td>\n<td class=\"et5\" style=\"width: 181.65pt;\" width=\"484\">9,3 cm x 8,7 cm<br \/>11 cm x 8,9 cm<br \/>13,1 cm x 9,1 cm<\/td>\n<\/tr>\n<tr style=\"height: 96.75pt;\">\n<td class=\"et4\" style=\"height: 96.75pt;\" height=\"258\">CY-NGT0503<\/td>\n<td class=\"et5\" style=\"width: 150.05pt;\" width=\"400\">5Pcs Stainless Steel Milk Pan<\/td>\n<td class=\"et5\" style=\"width: 181.65pt;\" width=\"484\">9,3 cm x 8,7 cm <br \/>11 cm x 8,9 cm <br \/>13,1 x 9,1 cm <br \/>15 cm x 8,9 cm <br \/>16,8 cm x 8,7 cm<\/td>\n<\/tr>\n<\/tbody>\n<\/table>","protected":false},"featured_media":4143,"comment_status":"closed","ping_status":"closed","template":"","meta":{"_acf_changed":false},"product_brand":[],"product_cat":[53],"product_tag":[],"class_list":{"0":"post-4085","1":"product","2":"type-product","3":"status-publish","4":"has-post-thumbnail","6":"product_cat-wholesale-cookware-sets","8":"first","9":"instock","10":"shipping-taxable","11":"product-type-simple"},"acf":[],"_links":{"self":[{"href":"https:\/\/www.chancescook.com\/es\/wp-json\/wp\/v2\/product\/4085","targetHints":{"allow":["GET"]}}],"collection":[{"href":"https:\/\/www.chancescook.com\/es\/wp-json\/wp\/v2\/product"}],"about":[{"href":"https:\/\/www.chancescook.com\/es\/wp-json\/wp\/v2\/types\/product"}],"replies":[{"embeddable":true,"href":"https:\/\/www.chancescook.com\/es\/wp-json\/wp\/v2\/comments?post=4085"}],"wp:featuredmedia":[{"embeddable":true,"href":"https:\/\/www.chancescook.com\/es\/wp-json\/wp\/v2\/media\/4143"}],"wp:attachment":[{"href":"https:\/\/www.chancescook.com\/es\/wp-json\/wp\/v2\/media?parent=4085"}],"wp:term":[{"taxonomy":"product_brand","embeddable":true,"href":"https:\/\/www.chancescook.com\/es\/wp-json\/wp\/v2\/product_brand?post=4085"},{"taxonomy":"product_cat","embeddable":true,"href":"https:\/\/www.chancescook.com\/es\/wp-json\/wp\/v2\/product_cat?post=4085"},{"taxonomy":"product_tag","embeddable":true,"href":"https:\/\/www.chancescook.com\/es\/wp-json\/wp\/v2\/product_tag?post=4085"}],"curies":[{"name":"wp","href":"https:\/\/api.w.org\/{rel}","templated":true}]}}