{"id":4188,"date":"2024-09-25T03:10:03","date_gmt":"2024-09-25T03:10:03","guid":{"rendered":"https:\/\/www.chancescook.com\/?post_type=product&#038;p=4188"},"modified":"2025-12-22T09:08:48","modified_gmt":"2025-12-22T09:08:48","slug":"wholesale-preserving-pan-jam-pan","status":"publish","type":"product","link":"https:\/\/www.chancescook.com\/es\/producto\/wholesale-preserving-pan-jam-pan\/","title":{"rendered":"Mayorista Conserveras, Sart\u00e9n para Mermeladas Acero Inoxidable Gran Capacidad Asa Integrada y Vertedor"},"content":{"rendered":"<div class=\"wp-block-columns is-layout-flex wp-container-core-columns-is-layout-9d6595d7 wp-block-columns-is-layout-flex\">\n<div class=\"wp-block-column is-layout-flow wp-block-column-is-layout-flow\">\n<h3 class=\"wp-block-heading\">Caracter\u00edsticas y ventajas de la olla de conservas<\/h3>\n\n\n\n<ul class=\"wp-block-list\">\n<li><strong>Gran capacidad<\/strong>: El molde para conservas Chancescook est\u00e1 dise\u00f1ado para hacer mermeladas y conservas por lotes, perfecto para uso comercial o dom\u00e9stico.<\/li>\n\n\n\n<li><strong>Duradero<\/strong>: Esta olla para conservas est\u00e1 fabricada en acero inoxidable de alta calidad y duradero, cepillado con un acabado de brillo satinado, apto para lavavajillas y f\u00e1cil de usar.<\/li>\n\n\n\n<li><strong>Asa de transporte integrada<\/strong>: Dispone de un asa de transporte robusta y flexible que protege la olla de acero inoxidable para mayor seguridad y facilidad de elevaci\u00f3n y manipulaci\u00f3n durante la cocci\u00f3n.<\/li>\n\n\n\n<li><strong>Vertido f\u00e1cil<\/strong>: El interior de esta olla est\u00e1 marcado con litros y pintas, lo que la hace adecuada para medir f\u00e1cilmente los ingredientes.<\/li>\n\n\n\n<li><strong>Uso vers\u00e1til<\/strong>: La sart\u00e9n para mermelada de acero inoxidable tambi\u00e9n es apta para su uso en varias cocinas, incluidas las de gas, el\u00e9ctricas y de inducci\u00f3n.<\/li>\n\n\n\n<li><strong>Disipaci\u00f3n uniforme del calor<\/strong>: Una gruesa placa base garantiza un calentamiento uniforme, evitando que se queme y asegurando la estabilidad.<\/li>\n<\/ul>\n<\/div>\n\n\n\n<div class=\"wp-block-column is-layout-flow wp-block-column-is-layout-flow\">\n<figure class=\"wp-block-image size-full\"><img decoding=\"async\" width=\"400\" height=\"426\" src=\"https:\/\/www.chancescook.com\/wp-content\/uploads\/2024\/09\/Wholesale-Preserving-Pan-Jam-Pan-Stainless-Steel-1.webp\" alt=\"Mayorista Conserveras, Jamonera Acero Inoxidable (1)\" class=\"wp-image-4192\" srcset=\"https:\/\/www.chancescook.com\/wp-content\/uploads\/2024\/09\/Wholesale-Preserving-Pan-Jam-Pan-Stainless-Steel-1.webp 400w, https:\/\/www.chancescook.com\/wp-content\/uploads\/2024\/09\/Wholesale-Preserving-Pan-Jam-Pan-Stainless-Steel-1-282x300.webp 282w, https:\/\/www.chancescook.com\/wp-content\/uploads\/2024\/09\/Wholesale-Preserving-Pan-Jam-Pan-Stainless-Steel-1-11x12.webp 11w, https:\/\/www.chancescook.com\/wp-content\/uploads\/2024\/09\/Wholesale-Preserving-Pan-Jam-Pan-Stainless-Steel-1-285x304.webp 285w, https:\/\/www.chancescook.com\/wp-content\/uploads\/2024\/09\/Wholesale-Preserving-Pan-Jam-Pan-Stainless-Steel-1-141x150.webp 141w\" sizes=\"(max-width: 400px) 100vw, 400px\" \/><\/figure>\n<\/div>\n<\/div>\n\n\n\n<p><\/p>","protected":false},"excerpt":{"rendered":"<p>\u00bfBusca una tartera de acero inoxidable fiable para su negocio? Fabricada en acero inoxidable de primera calidad apto para uso alimentario con un acabado satinado cepillado en el exterior y un acabado pulido espejo en el interior, la olla para conservas proporciona una distribuci\u00f3n uniforme del calor y es adecuada para cocinas comerciales y uso dom\u00e9stico. No dude en consultarnos.<\/p>\n<h3 class=\"wp-block-heading\">Especificaciones del molde para conservas, molde para mermeladas<\/h3>\n<ul>\n<li>Fabricante: CHANCES<\/li>\n<li>Modelo N\u00ba:CY-NNT06<\/li>\n<li>Material: SS304<\/li>\n<li>Grosor:0,6 mm<\/li>\n<li>Peso:1670g<\/li>\n<li>Di\u00e1metro\uff1a30cm<\/li>\n<li>OEM&amp;ODM: Personalizado, bienvenido OEM&amp;ODM<\/li>\n<li>MOQ:1 x 40'HQ<\/li>\n<li>Embalaje: Caja de color\/Caja de cart\u00f3n<\/li>\n<li>Muestra: Gratis<\/li>\n<\/ul>\n<p>Chancescook se compromete a proporcionar servicios personalizados eficientes y profesionales respaldados por nuestro exclusivo desarrollo de moldes, nuestra s\u00f3lida capacidad de producci\u00f3n y nuestro estricto control de calidad para garantizar que cada lote de ollas para conservas de acero inoxidable satisfaga sus necesidades.<\/p>","protected":false},"featured_media":5797,"comment_status":"closed","ping_status":"closed","template":"","meta":{"_acf_changed":false},"product_brand":[],"product_cat":[56],"product_tag":[],"class_list":{"0":"post-4188","1":"product","2":"type-product","3":"status-publish","4":"has-post-thumbnail","6":"product_cat-wholesale-kitchen-utensils","8":"first","9":"instock","10":"shipping-taxable","11":"product-type-simple"},"acf":[],"_links":{"self":[{"href":"https:\/\/www.chancescook.com\/es\/wp-json\/wp\/v2\/product\/4188","targetHints":{"allow":["GET"]}}],"collection":[{"href":"https:\/\/www.chancescook.com\/es\/wp-json\/wp\/v2\/product"}],"about":[{"href":"https:\/\/www.chancescook.com\/es\/wp-json\/wp\/v2\/types\/product"}],"replies":[{"embeddable":true,"href":"https:\/\/www.chancescook.com\/es\/wp-json\/wp\/v2\/comments?post=4188"}],"wp:featuredmedia":[{"embeddable":true,"href":"https:\/\/www.chancescook.com\/es\/wp-json\/wp\/v2\/media\/5797"}],"wp:attachment":[{"href":"https:\/\/www.chancescook.com\/es\/wp-json\/wp\/v2\/media?parent=4188"}],"wp:term":[{"taxonomy":"product_brand","embeddable":true,"href":"https:\/\/www.chancescook.com\/es\/wp-json\/wp\/v2\/product_brand?post=4188"},{"taxonomy":"product_cat","embeddable":true,"href":"https:\/\/www.chancescook.com\/es\/wp-json\/wp\/v2\/product_cat?post=4188"},{"taxonomy":"product_tag","embeddable":true,"href":"https:\/\/www.chancescook.com\/es\/wp-json\/wp\/v2\/product_tag?post=4188"}],"curies":[{"name":"wp","href":"https:\/\/api.w.org\/{rel}","templated":true}]}}