{"id":4200,"date":"2024-09-25T07:50:49","date_gmt":"2024-09-25T07:50:49","guid":{"rendered":"https:\/\/www.chancescook.com\/?post_type=product&#038;p=4200"},"modified":"2025-12-22T07:00:42","modified_gmt":"2025-12-22T07:00:42","slug":"wholesale-insulated-casserole","status":"publish","type":"product","link":"https:\/\/www.chancescook.com\/es\/producto\/wholesale-insulated-casserole\/","title":{"rendered":"Mayorista Cazuela Aislada Calientaplatos Tri Ply Acero Inoxidable Bater\u00eda de Cocina con Tapa de Cristal"},"content":{"rendered":"<div class=\"wp-block-columns is-layout-flex wp-container-core-columns-is-layout-9d6595d7 wp-block-columns-is-layout-flex\">\n<div class=\"wp-block-column is-layout-flow wp-block-column-is-layout-flow\">\n<div class=\"wp-block-columns is-layout-flex wp-container-core-columns-is-layout-9d6595d7 wp-block-columns-is-layout-flex\">\n<div class=\"wp-block-column is-layout-flow wp-block-column-is-layout-flow\" style=\"flex-basis:66.66%\">\n<h3 class=\"wp-block-heading\">Caracter\u00edsticas y ventajas de la cacerola aislante de acero inoxidable<\/h3>\n\n\n\n<ul class=\"wp-block-list\">\n<li><strong>Acero inoxidable trilaminado<\/strong>: Esta cacerola aislada est\u00e1 dise\u00f1ada con una estructura de acero inoxidable de tres capas de alta calidad, hay dos capas de acero inoxidable con una capa de aluminio intercalada, que conduce el calor muy bien.<\/li>\n\n\n\n<li><strong>Retenci\u00f3n continua del calor<\/strong>: Gracias a la estructura de dise\u00f1o de acero inoxidable de tres capas, la cacerola aislante de acero inoxidable puede mantener continuamente la temperatura \u00f3ptima si se introducen en ella alimentos como el arroz, lo que resulta perfecto para usuarios con necesidades de retenci\u00f3n del calor.<\/li>\n\n\n\n<li><strong>Tapa de cristal<\/strong>: Los alimentos se pueden ver directamente durante el proceso de cocci\u00f3n, y no es necesario perder calor abriendo la tapa.<\/li>\n\n\n\n<li><strong>Uso multifuncional<\/strong>: Est\u00e1 fabricado en acero inoxidable tricapa y es apto para diversos m\u00e9todos de cocci\u00f3n, como horno e inducci\u00f3n, por lo que resulta ideal para cualquier cocina.<\/li>\n\n\n\n<li><strong>F\u00e1cil de limpiar<\/strong>: Acabado en acero inoxidable resistente a las manchas y apto para lavavajillas, f\u00e1cil de limpiar y mantener.<\/li>\n\n\n\n<li><strong>Dise\u00f1o elegante<\/strong>: Esta cacerola aislante de acero inoxidable tiene una superficie lisa y pulida para mostrar mejor sus creaciones culinarias.<\/li>\n\n\n\n<li><strong>Disponibilidad al por mayor<\/strong>: Chancescook es ideal para restaurantes, servicios de alimentaci\u00f3n y minoristas que buscan utensilios de cocina de alta calidad a precios competitivos.<\/li>\n<\/ul>\n<\/div>\n\n\n\n<div class=\"wp-block-column is-layout-flow wp-block-column-is-layout-flow\" style=\"flex-basis:33.33%\"><\/div>\n<\/div>\n<\/div>\n<\/div>\n\n\n\n<div class=\"wp-block-columns is-layout-flex wp-container-core-columns-is-layout-9d6595d7 wp-block-columns-is-layout-flex\">\n<div class=\"wp-block-column is-layout-flow wp-block-column-is-layout-flow\">\n<figure class=\"wp-block-image size-full\"><img decoding=\"async\" width=\"768\" height=\"768\" src=\"https:\/\/www.chancescook.com\/wp-content\/uploads\/2024\/09\/Wholesale-Insulated-Casserol-Food-Warmer6.webp\" alt=\"Mayorista Calentador de alimentos aislado Casserol(6)\" class=\"wp-image-4417\" srcset=\"https:\/\/www.chancescook.com\/wp-content\/uploads\/2024\/09\/Wholesale-Insulated-Casserol-Food-Warmer6.webp 768w, https:\/\/www.chancescook.com\/wp-content\/uploads\/2024\/09\/Wholesale-Insulated-Casserol-Food-Warmer6-300x300.webp 300w, https:\/\/www.chancescook.com\/wp-content\/uploads\/2024\/09\/Wholesale-Insulated-Casserol-Food-Warmer6-150x150.webp 150w, https:\/\/www.chancescook.com\/wp-content\/uploads\/2024\/09\/Wholesale-Insulated-Casserol-Food-Warmer6-12x12.webp 12w, https:\/\/www.chancescook.com\/wp-content\/uploads\/2024\/09\/Wholesale-Insulated-Casserol-Food-Warmer6-285x285.webp 285w, https:\/\/www.chancescook.com\/wp-content\/uploads\/2024\/09\/Wholesale-Insulated-Casserol-Food-Warmer6-270x270.webp 270w, https:\/\/www.chancescook.com\/wp-content\/uploads\/2024\/09\/Wholesale-Insulated-Casserol-Food-Warmer6-540x540.webp 540w, https:\/\/www.chancescook.com\/wp-content\/uploads\/2024\/09\/Wholesale-Insulated-Casserol-Food-Warmer6-660x660.webp 660w\" sizes=\"(max-width: 768px) 100vw, 768px\" \/><\/figure>\n<\/div>\n\n\n\n<div class=\"wp-block-column is-layout-flow wp-block-column-is-layout-flow\">\n<figure class=\"wp-block-image size-full\"><img decoding=\"async\" width=\"800\" height=\"800\" src=\"https:\/\/www.chancescook.com\/wp-content\/uploads\/2024\/09\/Wholesale-Insulated-Casserol-Food-Warmer7.webp\" alt=\"Mayorista Calentador de alimentos aislado Casserol(7)\" class=\"wp-image-4418\" srcset=\"https:\/\/www.chancescook.com\/wp-content\/uploads\/2024\/09\/Wholesale-Insulated-Casserol-Food-Warmer7.webp 800w, https:\/\/www.chancescook.com\/wp-content\/uploads\/2024\/09\/Wholesale-Insulated-Casserol-Food-Warmer7-300x300.webp 300w, https:\/\/www.chancescook.com\/wp-content\/uploads\/2024\/09\/Wholesale-Insulated-Casserol-Food-Warmer7-150x150.webp 150w, https:\/\/www.chancescook.com\/wp-content\/uploads\/2024\/09\/Wholesale-Insulated-Casserol-Food-Warmer7-768x768.webp 768w, https:\/\/www.chancescook.com\/wp-content\/uploads\/2024\/09\/Wholesale-Insulated-Casserol-Food-Warmer7-12x12.webp 12w, https:\/\/www.chancescook.com\/wp-content\/uploads\/2024\/09\/Wholesale-Insulated-Casserol-Food-Warmer7-285x285.webp 285w, https:\/\/www.chancescook.com\/wp-content\/uploads\/2024\/09\/Wholesale-Insulated-Casserol-Food-Warmer7-270x270.webp 270w, https:\/\/www.chancescook.com\/wp-content\/uploads\/2024\/09\/Wholesale-Insulated-Casserol-Food-Warmer7-540x540.webp 540w, https:\/\/www.chancescook.com\/wp-content\/uploads\/2024\/09\/Wholesale-Insulated-Casserol-Food-Warmer7-660x660.webp 660w\" sizes=\"(max-width: 800px) 100vw, 800px\" \/><\/figure>\n<\/div>\n\n\n\n<div class=\"wp-block-column is-layout-flow wp-block-column-is-layout-flow\">\n<figure class=\"wp-block-image size-full\"><img decoding=\"async\" width=\"768\" height=\"768\" src=\"https:\/\/www.chancescook.com\/wp-content\/uploads\/2024\/09\/Wholesale-Insulated-Casserol-Food-Warmer8.webp\" alt=\"Mayorista Calentador de alimentos aislado Casserol(8)\" class=\"wp-image-4419\" srcset=\"https:\/\/www.chancescook.com\/wp-content\/uploads\/2024\/09\/Wholesale-Insulated-Casserol-Food-Warmer8.webp 768w, https:\/\/www.chancescook.com\/wp-content\/uploads\/2024\/09\/Wholesale-Insulated-Casserol-Food-Warmer8-300x300.webp 300w, https:\/\/www.chancescook.com\/wp-content\/uploads\/2024\/09\/Wholesale-Insulated-Casserol-Food-Warmer8-150x150.webp 150w, https:\/\/www.chancescook.com\/wp-content\/uploads\/2024\/09\/Wholesale-Insulated-Casserol-Food-Warmer8-12x12.webp 12w, https:\/\/www.chancescook.com\/wp-content\/uploads\/2024\/09\/Wholesale-Insulated-Casserol-Food-Warmer8-285x285.webp 285w, https:\/\/www.chancescook.com\/wp-content\/uploads\/2024\/09\/Wholesale-Insulated-Casserol-Food-Warmer8-270x270.webp 270w, https:\/\/www.chancescook.com\/wp-content\/uploads\/2024\/09\/Wholesale-Insulated-Casserol-Food-Warmer8-540x540.webp 540w, https:\/\/www.chancescook.com\/wp-content\/uploads\/2024\/09\/Wholesale-Insulated-Casserol-Food-Warmer8-660x660.webp 660w\" sizes=\"(max-width: 768px) 100vw, 768px\" \/><\/figure>\n<\/div>\n<\/div>","protected":false},"excerpt":{"rendered":"<p>\u00bfBusca cacerolas isot\u00e9rmicas al por mayor de alta calidad? Es una cacerola de acero inoxidable de tres capas con tapa de cristal, dise\u00f1ada para un aislamiento excepcional. La tapa de cristal permite una f\u00e1cil visualizaci\u00f3n y es apta para uso en cocina, horno e inducci\u00f3n, la cazuela Chancescook es f\u00e1cil de limpiar y realza cualquier ambiente de la mesa. Mejore su oferta culinaria con esta cacerola elegante y de alta calidad, \u00a1perfecta para pedidos al por mayor!<\/p>\n<h3 class=\"wp-block-heading\">Especificaciones de la cacerola aislada de acero inoxidable<\/h3>\n<table border=\"0\" width=\"1088\" cellspacing=\"0\" cellpadding=\"0\">\n<tbody>\n<tr>\n<td width=\"400\" height=\"42\">Fabricante<\/td>\n<td width=\"688\">OPORTUNIDADES<\/td>\n<\/tr>\n<tr>\n<td height=\"42\">N\u00ba de modelo<\/td>\n<td>CY-MFG20<\/td>\n<\/tr>\n<tr>\n<td height=\"42\">Material<\/td>\n<td>Acero inoxidable trilaminado<\/td>\n<\/tr>\n<tr>\n<td height=\"42\">Espesor<\/td>\n<td>2 mm<\/td>\n<\/tr>\n<tr>\n<td height=\"42\">Peso<\/td>\n<td>490g\/770g\/1070g<\/td>\n<\/tr>\n<tr>\n<td height=\"42\">Di\u00e1metro<\/td>\n<td>16 cm\/20 cm\/24 cm<\/td>\n<\/tr>\n<tr>\n<td height=\"42\">OEM&amp;ODM<\/td>\n<td>Personalizado, bienvenido OEM&amp;ODM<\/td>\n<\/tr>\n<tr>\n<td height=\"42\">MOQ<\/td>\n<td>1 x 40'HQ<\/td>\n<\/tr>\n<tr>\n<td height=\"42\">Embalaje<\/td>\n<td>Color Caja\/Cart\u00f3n Caja<\/td>\n<\/tr>\n<tr>\n<td height=\"42\">Muestra<\/td>\n<td>Gratis.<\/td>\n<\/tr>\n<\/tbody>\n<\/table>","protected":false},"featured_media":5796,"comment_status":"closed","ping_status":"closed","template":"","meta":{"_acf_changed":false},"product_brand":[],"product_cat":[52,62],"product_tag":[],"class_list":{"0":"post-4200","1":"product","2":"type-product","3":"status-publish","4":"has-post-thumbnail","6":"product_cat-cookware-wholesale","7":"product_cat-wholesale-soup-pot","9":"first","10":"instock","11":"shipping-taxable","12":"product-type-simple"},"acf":[],"_links":{"self":[{"href":"https:\/\/www.chancescook.com\/es\/wp-json\/wp\/v2\/product\/4200","targetHints":{"allow":["GET"]}}],"collection":[{"href":"https:\/\/www.chancescook.com\/es\/wp-json\/wp\/v2\/product"}],"about":[{"href":"https:\/\/www.chancescook.com\/es\/wp-json\/wp\/v2\/types\/product"}],"replies":[{"embeddable":true,"href":"https:\/\/www.chancescook.com\/es\/wp-json\/wp\/v2\/comments?post=4200"}],"wp:featuredmedia":[{"embeddable":true,"href":"https:\/\/www.chancescook.com\/es\/wp-json\/wp\/v2\/media\/5796"}],"wp:attachment":[{"href":"https:\/\/www.chancescook.com\/es\/wp-json\/wp\/v2\/media?parent=4200"}],"wp:term":[{"taxonomy":"product_brand","embeddable":true,"href":"https:\/\/www.chancescook.com\/es\/wp-json\/wp\/v2\/product_brand?post=4200"},{"taxonomy":"product_cat","embeddable":true,"href":"https:\/\/www.chancescook.com\/es\/wp-json\/wp\/v2\/product_cat?post=4200"},{"taxonomy":"product_tag","embeddable":true,"href":"https:\/\/www.chancescook.com\/es\/wp-json\/wp\/v2\/product_tag?post=4200"}],"curies":[{"name":"wp","href":"https:\/\/api.w.org\/{rel}","templated":true}]}}