{"id":4246,"date":"2024-10-14T06:56:35","date_gmt":"2024-10-14T06:56:35","guid":{"rendered":"https:\/\/www.chancescook.com\/?post_type=product&#038;p=4246"},"modified":"2025-12-21T13:04:48","modified_gmt":"2025-12-21T13:04:48","slug":"wholesale-non-stick-frying-pan-set","status":"publish","type":"product","link":"https:\/\/www.chancescook.com\/es\/producto\/wholesale-non-stick-frying-pan-set\/","title":{"rendered":"Mayorista Juego de Sartenes Antiadherentes Sart\u00e9n de Acero Inoxidable Tri-ply Miel Peine M\u00faltiples Tama\u00f1os"},"content":{"rendered":"<div class=\"wp-block-columns is-layout-flex wp-container-core-columns-is-layout-9d6595d7 wp-block-columns-is-layout-flex\">\n<div class=\"wp-block-column is-layout-flow wp-block-column-is-layout-flow\">\n<h3 class=\"wp-block-heading\">Ventajas del juego de sartenes antiadherentes<\/h3>\n\n\n\n<ul class=\"wp-block-list\">\n<li><strong>Tallas m\u00faltiples<\/strong>: Este juego de sartenes antiadherentes contiene tama\u00f1os de 12, 10, 8 y 7 pulgadas para diferentes ingredientes y necesidades culinarias, desde la vida familiar diaria hasta una gran cena.<\/li>\n\n\n\n<li><strong>Dise\u00f1o tricapa<\/strong>La tecnolog\u00eda de tres capas combina n\u00facleos de acero inoxidable y aluminio para garantizar una transferencia de calor de primera clase y una distribuci\u00f3n uniforme, reduciendo los puntos calientes y optimizando la eficiencia de la cocci\u00f3n.<\/li>\n\n\n\n<li><strong>Revestimiento antiadherente de nido de abeja<\/strong>:Este revestimiento antiadherente en forma de panal de nuevo dise\u00f1o evita que se raye y se descame. El efecto antiadherente se mejora para reducir la grasa al cocinar, lo que permite cocinar de forma m\u00e1s saludable. La limpieza tambi\u00e9n es f\u00e1cil.<\/li>\n\n\n\n<li><strong>Resistente y duradero<\/strong>El juego de sartenes antiadherentes utiliza acero inoxidable de calidad superior, por lo que es duradero y resistente a la corrosi\u00f3n. Su rendimiento no cambiar\u00e1 incluso despu\u00e9s de un uso prolongado; es adecuado para una cocina de alta frecuencia.<\/li>\n\n\n\n<li><strong>Cocina multifuncional<\/strong>Para diferentes fuentes de calor: cocina de inducci\u00f3n, cocina de gas, cocina el\u00e9ctrica de cer\u00e1mica; puede fre\u00edr, saltear, guisar, hervir, etc., para una cocina diversificada.<\/li>\n\n\n\n<li><strong>Dise\u00f1o ergon\u00f3mico<\/strong>: con el dise\u00f1o ergon\u00f3mico de un mango de acero inoxidable aislado t\u00e9rmicamente, se mantienen fr\u00edas para un uso seguro, un manejo sencillo y una mejor experiencia culinaria.<\/li>\n<\/ul>\n<\/div>\n\n\n\n<div class=\"wp-block-column is-layout-flow wp-block-column-is-layout-flow\">\n<figure class=\"wp-block-image size-full\"><img decoding=\"async\" width=\"1600\" height=\"1600\" src=\"https:\/\/www.chancescook.com\/wp-content\/uploads\/2024\/10\/Wholesale-Non-Stick-Frying-Pan-Set-6.webp\" alt=\"Mayorista Juego de Sartenes Antiadherentes (6)\" class=\"wp-image-4251\" srcset=\"https:\/\/www.chancescook.com\/wp-content\/uploads\/2024\/10\/Wholesale-Non-Stick-Frying-Pan-Set-6.webp 1600w, https:\/\/www.chancescook.com\/wp-content\/uploads\/2024\/10\/Wholesale-Non-Stick-Frying-Pan-Set-6-300x300.webp 300w, https:\/\/www.chancescook.com\/wp-content\/uploads\/2024\/10\/Wholesale-Non-Stick-Frying-Pan-Set-6-150x150.webp 150w, https:\/\/www.chancescook.com\/wp-content\/uploads\/2024\/10\/Wholesale-Non-Stick-Frying-Pan-Set-6-768x768.webp 768w, https:\/\/www.chancescook.com\/wp-content\/uploads\/2024\/10\/Wholesale-Non-Stick-Frying-Pan-Set-6-12x12.webp 12w, https:\/\/www.chancescook.com\/wp-content\/uploads\/2024\/10\/Wholesale-Non-Stick-Frying-Pan-Set-6-285x285.webp 285w, https:\/\/www.chancescook.com\/wp-content\/uploads\/2024\/10\/Wholesale-Non-Stick-Frying-Pan-Set-6-270x270.webp 270w, https:\/\/www.chancescook.com\/wp-content\/uploads\/2024\/10\/Wholesale-Non-Stick-Frying-Pan-Set-6-540x540.webp 540w, https:\/\/www.chancescook.com\/wp-content\/uploads\/2024\/10\/Wholesale-Non-Stick-Frying-Pan-Set-6-660x660.webp 660w\" sizes=\"(max-width: 1600px) 100vw, 1600px\" \/><\/figure>\n<\/div>\n<\/div>\n\n\n\n<p><\/p>","protected":false},"excerpt":{"rendered":"<p>Este panal de acero inoxidable de 3 capas antiadherente sart\u00e9n conjunto contiene 12 pulgadas, 10 pulgadas, 8 pulgadas y 7 pulgadas de tama\u00f1o, elegir la sart\u00e9n de acero inoxidable resistente y duradero conjunto para satisfacer diferentes necesidades de cocina, es una gran opci\u00f3n para la compra al por mayor. \u00a1Bienvenido a contactar con nosotros!<\/p>\n<h3 class=\"wp-block-heading\">Especificaciones del juego de sartenes antiadherentes<\/h3>\n<table border=\"0\" width=\"928\" cellspacing=\"0\" cellpadding=\"0\">\n<tbody>\n<tr>\n<td width=\"400\" height=\"42\">Fabricante<\/td>\n<td width=\"528\">OPORTUNIDADES<\/td>\n<\/tr>\n<tr>\n<td height=\"42\">Material<\/td>\n<td>Acero inoxidable de 3 capas<\/td>\n<\/tr>\n<tr>\n<td height=\"42\">Di\u00e1metro<\/td>\n<td>7, 8, 10 y 12 pulgadas\u00a0\u00a0<\/td>\n<\/tr>\n<tr>\n<td height=\"44\">Espesor<\/td>\n<td>2,3 mm<\/td>\n<\/tr>\n<tr>\n<td height=\"42\">Tipo<\/td>\n<td>Antiadherente<\/td>\n<\/tr>\n<tr>\n<td height=\"42\">Tapa<\/td>\n<td>Sin tapa<\/td>\n<\/tr>\n<tr>\n<td height=\"44\">Utilizaci\u00f3n<\/td>\n<td>Fre\u00edr y cocinar<\/td>\n<\/tr>\n<tr>\n<td height=\"44\">OEM&amp;ODM<\/td>\n<td>Personalizado, bienvenido OEM&amp;ODM<\/td>\n<\/tr>\n<tr>\n<td height=\"44\">Embalaje:<\/td>\n<td>Color Caja\/Cart\u00f3n Caja<\/td>\n<\/tr>\n<tr>\n<td height=\"44\">MOQ<\/td>\n<td>1000PCS<\/td>\n<\/tr>\n<\/tbody>\n<\/table>\n<p><a href=\"https:\/\/www.chancescook.com\/es\"><strong>Chancescook<\/strong><\/a> se compromete a proporcionar servicios personalizados eficientes y profesionales respaldados por nuestro exclusivo desarrollo de moldes, fuerte capacidad de producci\u00f3n y estricto control de calidad para garantizar que cada lote de juegos de sartenes antiadherentes satisfaga sus necesidades.<\/p>","protected":false},"featured_media":5761,"comment_status":"closed","ping_status":"closed","template":"","meta":{"_acf_changed":false},"product_brand":[],"product_cat":[66,53],"product_tag":[],"class_list":{"0":"post-4246","1":"product","2":"type-product","3":"status-publish","4":"has-post-thumbnail","6":"product_cat-frying-pan-wholesale","7":"product_cat-wholesale-cookware-sets","9":"first","10":"instock","11":"shipping-taxable","12":"product-type-simple"},"acf":[],"_links":{"self":[{"href":"https:\/\/www.chancescook.com\/es\/wp-json\/wp\/v2\/product\/4246","targetHints":{"allow":["GET"]}}],"collection":[{"href":"https:\/\/www.chancescook.com\/es\/wp-json\/wp\/v2\/product"}],"about":[{"href":"https:\/\/www.chancescook.com\/es\/wp-json\/wp\/v2\/types\/product"}],"replies":[{"embeddable":true,"href":"https:\/\/www.chancescook.com\/es\/wp-json\/wp\/v2\/comments?post=4246"}],"wp:featuredmedia":[{"embeddable":true,"href":"https:\/\/www.chancescook.com\/es\/wp-json\/wp\/v2\/media\/5761"}],"wp:attachment":[{"href":"https:\/\/www.chancescook.com\/es\/wp-json\/wp\/v2\/media?parent=4246"}],"wp:term":[{"taxonomy":"product_brand","embeddable":true,"href":"https:\/\/www.chancescook.com\/es\/wp-json\/wp\/v2\/product_brand?post=4246"},{"taxonomy":"product_cat","embeddable":true,"href":"https:\/\/www.chancescook.com\/es\/wp-json\/wp\/v2\/product_cat?post=4246"},{"taxonomy":"product_tag","embeddable":true,"href":"https:\/\/www.chancescook.com\/es\/wp-json\/wp\/v2\/product_tag?post=4246"}],"curies":[{"name":"wp","href":"https:\/\/api.w.org\/{rel}","templated":true}]}}