{"id":4261,"date":"2024-10-14T09:45:44","date_gmt":"2024-10-14T09:45:44","guid":{"rendered":"https:\/\/www.chancescook.com\/?post_type=product&#038;p=4261"},"modified":"2025-06-20T01:00:02","modified_gmt":"2025-06-20T01:00:02","slug":"tri-ply-stainless-steel-cookware-set","status":"publish","type":"product","link":"https:\/\/www.chancescook.com\/es\/producto\/tri-ply-stainless-steel-cookware-set\/","title":{"rendered":"Tri Ply Stainless Steel Cookware Set 10 Piece Best Pots and Pans Manufacturer"},"content":{"rendered":"<div class=\"wp-block-columns is-layout-flex wp-container-core-columns-is-layout-9d6595d7 wp-block-columns-is-layout-flex\">\n<div class=\"wp-block-column is-layout-flow wp-block-column-is-layout-flow\">\n<h3 class=\"wp-block-heading\">Ventajas de la bater\u00eda de cocina de acero inoxidable Tri Ply<\/h3>\n\n\n\n<ul class=\"wp-block-list\">\n<li><strong>Estructura compuesta de tres capas, conductividad t\u00e9rmica uniforme y mayor eficiencia<\/strong>: Este juego de utensilios de cocina de acero inoxidable de tres capas est\u00e1 dise\u00f1ado con una estructura compuesta de tres capas, con un n\u00facleo de aluminio en la capa s\u00e1ndwich y acero inoxidable 304 de calidad alimentaria en las capas interior y exterior, que logra una conductividad t\u00e9rmica r\u00e1pida y uniforme, reduce los puntos muertos de cocci\u00f3n y mejora la eficiencia de calentamiento, ideal para utensilios de cocina de alto rendimiento.<\/li>\n\n\n\n<li><strong>Dise\u00f1o de 10 piezas, satisface varias necesidades de cocina<\/strong>: El juego completo de ollas y sartenes incluye 10 ollas y sartenes de uso com\u00fan como sart\u00e9n, sart\u00e9n para guisar, olla para sopa, etc., que son adecuadas para fre\u00edr, hervir, guisar y otros m\u00e9todos de cocci\u00f3n, ya sea para la cocina familiar diaria o el uso auxiliar de catering, puede ser totalmente capaz de hacerlo.<\/li>\n\n\n\n<li><strong>Material de acero inoxidable de alta calidad, duradero y resistente a la corrosi\u00f3n<\/strong>: Como fabricante profesional de utensilios de cocina de acero inoxidable de tres capas, elegimos estrictamente acero inoxidable 304 de alta calidad, que es resistente a altas temperaturas, resistente a la corrosi\u00f3n, no es f\u00e1cil de deformar y otras caracter\u00edsticas, y todav\u00eda mantiene el mismo brillo como nuevo para el uso a largo plazo.<\/li>\n\n\n\n<li><strong>Dise\u00f1o con revestimiento antiadherente, sano y f\u00e1cil de limpiar<\/strong>: La capa interior de la bater\u00eda de cocina puede equiparse con un revestimiento antiadherente saludable opcional, que reduce el uso de aceite al cocinar, hace que sea menos probable que los alimentos se peguen a la sart\u00e9n y hace que la limpieza sea m\u00e1s c\u00f3moda, lo que es muy adecuado para los usuarios que persiguen una cocina saludable y un funcionamiento eficiente de la cocina.<\/li>\n\n\n\n<li><strong>Mango ergon\u00f3mico, aislante t\u00e9rmico y antiquemaduras m\u00e1s seguro<\/strong>: El mango est\u00e1 aislado t\u00e9rmicamente y dise\u00f1ado ergon\u00f3micamente para un agarre c\u00f3modo, lo que permite un funcionamiento seguro incluso en entornos con altas temperaturas, mejorando la experiencia del usuario y la seguridad operativa.<\/li>\n\n\n\n<li><strong>Compatible con m\u00faltiples fuentes de calor, se adapta a diversos entornos de cocina<\/strong>: Este juego de utensilios de cocina de acero inoxidable tricapa a medida es compatible con placas de inducci\u00f3n, placas de gas, cocinas vitrocer\u00e1micas el\u00e9ctricas, hornos y otras fuentes de calor, lo que resulta muy adaptable para satisfacer las necesidades de diferentes regiones y equipos de cocina.<\/li>\n\n\n\n<li><strong>Dise\u00f1o de tapa de cristal, estado de cocci\u00f3n claramente visible<\/strong>: Cada bater\u00eda de cocina est\u00e1 equipada con una tapa de cristal resistente al calor a alta temperatura, que facilita la observaci\u00f3n del proceso de cocci\u00f3n en tiempo real, reduce la p\u00e9rdida de calor y humedad causada por la apertura frecuente de la tapa, y mejora la eficacia y el sabor de la cocci\u00f3n.<\/li>\n\n\n\n<li><strong>Soporte OEM personalizado, crear utensilios de cocina de marca exclusiva<\/strong>: Como fabricante fiable de utensilios de cocina de acero inoxidable de tres capas, ofrecemos servicios integrales de OEM\/ODM, estructura personalizada, tama\u00f1o, logotipo y embalaje seg\u00fan las necesidades del cliente, lo que ayuda a las marcas a crear productos diferenciados.<\/li>\n<\/ul>\n<\/div>\n\n\n\n<div class=\"wp-block-column is-layout-flow wp-block-column-is-layout-flow\">\n<figure class=\"wp-block-image size-full\"><img decoding=\"async\" width=\"720\" height=\"720\" src=\"https:\/\/www.chancescook.com\/wp-content\/uploads\/2024\/10\/Tri-Ply-Stainless-Steel-Cookware-Set-Wholesaler-1.webp\" alt=\"Mayorista de utensilios de cocina de acero inoxidable Tri Ply (1)\" class=\"wp-image-4262\" srcset=\"https:\/\/www.chancescook.com\/wp-content\/uploads\/2024\/10\/Tri-Ply-Stainless-Steel-Cookware-Set-Wholesaler-1.webp 720w, https:\/\/www.chancescook.com\/wp-content\/uploads\/2024\/10\/Tri-Ply-Stainless-Steel-Cookware-Set-Wholesaler-1-300x300.webp 300w, https:\/\/www.chancescook.com\/wp-content\/uploads\/2024\/10\/Tri-Ply-Stainless-Steel-Cookware-Set-Wholesaler-1-150x150.webp 150w, https:\/\/www.chancescook.com\/wp-content\/uploads\/2024\/10\/Tri-Ply-Stainless-Steel-Cookware-Set-Wholesaler-1-12x12.webp 12w, https:\/\/www.chancescook.com\/wp-content\/uploads\/2024\/10\/Tri-Ply-Stainless-Steel-Cookware-Set-Wholesaler-1-285x285.webp 285w, https:\/\/www.chancescook.com\/wp-content\/uploads\/2024\/10\/Tri-Ply-Stainless-Steel-Cookware-Set-Wholesaler-1-270x270.webp 270w, https:\/\/www.chancescook.com\/wp-content\/uploads\/2024\/10\/Tri-Ply-Stainless-Steel-Cookware-Set-Wholesaler-1-540x540.webp 540w, https:\/\/www.chancescook.com\/wp-content\/uploads\/2024\/10\/Tri-Ply-Stainless-Steel-Cookware-Set-Wholesaler-1-660x660.webp 660w\" sizes=\"(max-width: 720px) 100vw, 720px\" \/><\/figure>\n<\/div>\n<\/div>\n\n\n\n<div class=\"wp-block-columns is-layout-flex wp-container-core-columns-is-layout-9d6595d7 wp-block-columns-is-layout-flex\">\n<div class=\"wp-block-column is-layout-flow wp-block-column-is-layout-flow\">\n<figure class=\"wp-block-image size-full\"><img decoding=\"async\" width=\"720\" height=\"720\" src=\"https:\/\/www.chancescook.com\/wp-content\/uploads\/2024\/10\/Tri-Ply-Stainless-Steel-Cookware-Set-Wholesaler-4.webp\" alt=\"\u00bfSon mejores los utensilios de cocina de acero inoxidable que los de cer\u00e1mica?\" class=\"wp-image-4265\" srcset=\"https:\/\/www.chancescook.com\/wp-content\/uploads\/2024\/10\/Tri-Ply-Stainless-Steel-Cookware-Set-Wholesaler-4.webp 720w, https:\/\/www.chancescook.com\/wp-content\/uploads\/2024\/10\/Tri-Ply-Stainless-Steel-Cookware-Set-Wholesaler-4-300x300.webp 300w, https:\/\/www.chancescook.com\/wp-content\/uploads\/2024\/10\/Tri-Ply-Stainless-Steel-Cookware-Set-Wholesaler-4-150x150.webp 150w, https:\/\/www.chancescook.com\/wp-content\/uploads\/2024\/10\/Tri-Ply-Stainless-Steel-Cookware-Set-Wholesaler-4-12x12.webp 12w, https:\/\/www.chancescook.com\/wp-content\/uploads\/2024\/10\/Tri-Ply-Stainless-Steel-Cookware-Set-Wholesaler-4-285x285.webp 285w, https:\/\/www.chancescook.com\/wp-content\/uploads\/2024\/10\/Tri-Ply-Stainless-Steel-Cookware-Set-Wholesaler-4-270x270.webp 270w, https:\/\/www.chancescook.com\/wp-content\/uploads\/2024\/10\/Tri-Ply-Stainless-Steel-Cookware-Set-Wholesaler-4-540x540.webp 540w, https:\/\/www.chancescook.com\/wp-content\/uploads\/2024\/10\/Tri-Ply-Stainless-Steel-Cookware-Set-Wholesaler-4-660x660.webp 660w\" sizes=\"(max-width: 720px) 100vw, 720px\" \/><\/figure>\n<\/div>\n\n\n\n<div class=\"wp-block-column is-layout-flow wp-block-column-is-layout-flow\">\n<figure class=\"wp-block-image size-full\"><img decoding=\"async\" width=\"720\" height=\"695\" src=\"https:\/\/www.chancescook.com\/wp-content\/uploads\/2024\/10\/Tri-Ply-Stainless-Steel-Cookware-Set-Wholesaler-2.webp\" alt=\"Bater\u00eda de cocina de aluminio vs acero inoxidable-18\/8\" class=\"wp-image-4263\" srcset=\"https:\/\/www.chancescook.com\/wp-content\/uploads\/2024\/10\/Tri-Ply-Stainless-Steel-Cookware-Set-Wholesaler-2.webp 720w, https:\/\/www.chancescook.com\/wp-content\/uploads\/2024\/10\/Tri-Ply-Stainless-Steel-Cookware-Set-Wholesaler-2-300x290.webp 300w, https:\/\/www.chancescook.com\/wp-content\/uploads\/2024\/10\/Tri-Ply-Stainless-Steel-Cookware-Set-Wholesaler-2-12x12.webp 12w, https:\/\/www.chancescook.com\/wp-content\/uploads\/2024\/10\/Tri-Ply-Stainless-Steel-Cookware-Set-Wholesaler-2-285x275.webp 285w, https:\/\/www.chancescook.com\/wp-content\/uploads\/2024\/10\/Tri-Ply-Stainless-Steel-Cookware-Set-Wholesaler-2-660x637.webp 660w, https:\/\/www.chancescook.com\/wp-content\/uploads\/2024\/10\/Tri-Ply-Stainless-Steel-Cookware-Set-Wholesaler-2-150x145.webp 150w\" sizes=\"(max-width: 720px) 100vw, 720px\" \/><\/figure>\n<\/div>\n<\/div>\n\n\n\n<p><\/p>","protected":false},"excerpt":{"rendered":"<p>Esta bater\u00eda de cocina de acero inoxidable tricapa incluye 10 cacerolas antiadherentes duraderas con una excelente distribuci\u00f3n del calor para cocinar de forma eficiente y vers\u00e1til. Ideal tanto para cocinas dom\u00e9sticas como profesionales, est\u00e1 fabricado por un fabricante de utensilios de cocina de confianza. P\u00f3ngase en contacto con nosotros hoy mismo para la personalizaci\u00f3n OEM.<\/p>\n<h3 class=\"wp-block-heading\">Especificaciones de la bater\u00eda de cocina de acero inoxidable Tri Ply<\/h3>\n<table border=\"0\" width=\"1088\" cellspacing=\"0\" cellpadding=\"0\">\n<tbody>\n<tr>\n<td width=\"400\" height=\"42\">Fabricante<\/td>\n<td width=\"688\">OPORTUNIDADES<\/td>\n<\/tr>\n<tr>\n<td height=\"42\">Material<\/td>\n<td>Acero inoxidable de 3 capas<\/td>\n<\/tr>\n<tr>\n<td height=\"42\">Espesor<\/td>\n<td>2,3 mm<\/td>\n<\/tr>\n<tr>\n<td height=\"72\">Combinaci\u00f3n<\/td>\n<td width=\"688\">2*sart\u00e9n\/2*sart\u00e9n para salsa\/1*sart\u00e9n honda\/1*cacerola<\/td>\n<\/tr>\n<tr>\n<td height=\"42\">Utilizaci\u00f3n<\/td>\n<td>Fre\u00edr y cocinar<\/td>\n<\/tr>\n<tr>\n<td height=\"42\">OEM&amp;ODM<\/td>\n<td>Personalizado, bienvenido OEM&amp;ODM<\/td>\n<\/tr>\n<tr>\n<td height=\"42\">Embalaje:<\/td>\n<td>Color Caja\/Cart\u00f3n Caja<\/td>\n<\/tr>\n<tr>\n<td height=\"42\">Muestra<\/td>\n<td>Gratis.<\/td>\n<\/tr>\n<\/tbody>\n<\/table>\n<p><a href=\"https:\/\/www.chancescook.com\/es\/\"><strong>Chancescook<\/strong><\/a> se compromete a proporcionar servicios personalizados eficientes y profesionales respaldados por nuestro exclusivo desarrollo de moldes, una fuerte capacidad de producci\u00f3n y un estricto control de calidad para garantizar que cada lote de bater\u00edas de cocina de acero inoxidable tricapa satisfaga sus necesidades. \u00a0 \u00a0<\/p>","protected":false},"featured_media":4365,"comment_status":"closed","ping_status":"closed","template":"","meta":{"_acf_changed":false},"product_brand":[],"product_cat":[53],"product_tag":[],"class_list":{"0":"post-4261","1":"product","2":"type-product","3":"status-publish","4":"has-post-thumbnail","6":"product_cat-wholesale-cookware-sets","8":"first","9":"instock","10":"shipping-taxable","11":"product-type-simple"},"acf":[],"_links":{"self":[{"href":"https:\/\/www.chancescook.com\/es\/wp-json\/wp\/v2\/product\/4261","targetHints":{"allow":["GET"]}}],"collection":[{"href":"https:\/\/www.chancescook.com\/es\/wp-json\/wp\/v2\/product"}],"about":[{"href":"https:\/\/www.chancescook.com\/es\/wp-json\/wp\/v2\/types\/product"}],"replies":[{"embeddable":true,"href":"https:\/\/www.chancescook.com\/es\/wp-json\/wp\/v2\/comments?post=4261"}],"wp:featuredmedia":[{"embeddable":true,"href":"https:\/\/www.chancescook.com\/es\/wp-json\/wp\/v2\/media\/4365"}],"wp:attachment":[{"href":"https:\/\/www.chancescook.com\/es\/wp-json\/wp\/v2\/media?parent=4261"}],"wp:term":[{"taxonomy":"product_brand","embeddable":true,"href":"https:\/\/www.chancescook.com\/es\/wp-json\/wp\/v2\/product_brand?post=4261"},{"taxonomy":"product_cat","embeddable":true,"href":"https:\/\/www.chancescook.com\/es\/wp-json\/wp\/v2\/product_cat?post=4261"},{"taxonomy":"product_tag","embeddable":true,"href":"https:\/\/www.chancescook.com\/es\/wp-json\/wp\/v2\/product_tag?post=4261"}],"curies":[{"name":"wp","href":"https:\/\/api.w.org\/{rel}","templated":true}]}}