{"id":4268,"date":"2024-10-14T10:42:40","date_gmt":"2024-10-14T10:42:40","guid":{"rendered":"https:\/\/www.chancescook.com\/?post_type=product&#038;p=4268"},"modified":"2024-10-14T10:42:42","modified_gmt":"2024-10-14T10:42:42","slug":"wholesale-7-piece-cookware-set","status":"publish","type":"product","link":"https:\/\/www.chancescook.com\/es\/producto\/wholesale-7-piece-cookware-set\/","title":{"rendered":"Juego de utensilios de cocina de 7 piezas al por mayor de acero inoxidable tricapa de calidad alimentaria Ollas y sartenes"},"content":{"rendered":"<div class=\"wp-block-columns is-layout-flex wp-container-core-columns-is-layout-9d6595d7 wp-block-columns-is-layout-flex\">\n<div class=\"wp-block-column is-layout-flow wp-block-column-is-layout-flow\">\n<h3 class=\"wp-block-heading\">Ventajas de la bater\u00eda de cocina personalizada de 7 piezas<\/h3>\n\n\n\n<ul class=\"wp-block-list\">\n<li><strong>Dise\u00f1o de construcci\u00f3n tricapa<\/strong>\uff1a Construcci\u00f3n triple de acero inoxidable, con la adici\u00f3n de un n\u00facleo de aluminio para un calentamiento uniforme, un calentamiento r\u00e1pido sin puntos calientes y lograr excelentes resultados de cocci\u00f3n.<\/li>\n\n\n\n<li><strong>Combinaci\u00f3n de 7 piezas<\/strong>: El juego de olla y sart\u00e9n de varios tama\u00f1os se puede utilizar para hervir, guisar y saltear r\u00e1pidamente, entre otros m\u00e9todos de cocci\u00f3n, lo que lo convierte en el compa\u00f1ero ideal para un uso diversificado tanto en casa como en cocinas profesionales.<\/li>\n\n\n\n<li><strong>Acero inoxidable de calidad alimentaria<\/strong>: La bater\u00eda de cocina de 7 piezas est\u00e1 fabricada en acero inoxidable de calidad alimentaria, seguro y no t\u00f3xico, resistente a la corrosi\u00f3n, para una conservaci\u00f3n m\u00e1s saludable de los alimentos y seguridad durante el proceso de cocci\u00f3n.<\/li>\n\n\n\n<li><strong>Resistente y duradero<\/strong>: La construcci\u00f3n de acero inoxidable de alta calidad es resistente a ara\u00f1azos y deformaciones, lo que garantiza su durabilidad para un uso prolongado y es adecuada para las necesidades diarias de cocci\u00f3n a alta frecuencia.<\/li>\n\n\n\n<li><strong>Empu\u00f1adura ergon\u00f3mica<\/strong>: Mango de dise\u00f1o ergon\u00f3mico para mayor comodidad al sujetar y maniobrar durante la cocci\u00f3n; tambi\u00e9n est\u00e1 aislado t\u00e9rmicamente para mayor seguridad.<\/li>\n\n\n\n<li><strong>Ahorre tiempo y energ\u00eda<\/strong>: Gracias a su estructura de tres capas, la olla se calienta r\u00e1pida y uniformemente, lo que reduce el tiempo de cocci\u00f3n, ahorra energ\u00eda y aumenta la eficiencia en la cocina.<\/li>\n\n\n\n<li><strong>Apto para lavavajillas y horno<\/strong>: La bater\u00eda de cocina de 7 piezas es apta para el lavavajillas, c\u00f3moda, ahorra mucho tiempo, apta para el horno para cocinar a altas temperaturas con una excelente resistencia al calor y cocina con gran flexibilidad.<\/li>\n<\/ul>\n<\/div>\n\n\n\n<div class=\"wp-block-column is-layout-flow wp-block-column-is-layout-flow\">\n<figure class=\"wp-block-image size-full\"><img decoding=\"async\" width=\"720\" height=\"720\" src=\"https:\/\/www.chancescook.com\/wp-content\/uploads\/2024\/10\/Custom-7-Piece-Cookware-Set-Wholesale-4.webp\" alt=\"Juego de utensilios de cocina de 7 piezas al por mayor (4)\" class=\"wp-image-4272\" srcset=\"https:\/\/www.chancescook.com\/wp-content\/uploads\/2024\/10\/Custom-7-Piece-Cookware-Set-Wholesale-4.webp 720w, https:\/\/www.chancescook.com\/wp-content\/uploads\/2024\/10\/Custom-7-Piece-Cookware-Set-Wholesale-4-300x300.webp 300w, https:\/\/www.chancescook.com\/wp-content\/uploads\/2024\/10\/Custom-7-Piece-Cookware-Set-Wholesale-4-150x150.webp 150w, https:\/\/www.chancescook.com\/wp-content\/uploads\/2024\/10\/Custom-7-Piece-Cookware-Set-Wholesale-4-12x12.webp 12w, https:\/\/www.chancescook.com\/wp-content\/uploads\/2024\/10\/Custom-7-Piece-Cookware-Set-Wholesale-4-285x285.webp 285w, https:\/\/www.chancescook.com\/wp-content\/uploads\/2024\/10\/Custom-7-Piece-Cookware-Set-Wholesale-4-270x270.webp 270w, https:\/\/www.chancescook.com\/wp-content\/uploads\/2024\/10\/Custom-7-Piece-Cookware-Set-Wholesale-4-540x540.webp 540w, https:\/\/www.chancescook.com\/wp-content\/uploads\/2024\/10\/Custom-7-Piece-Cookware-Set-Wholesale-4-660x660.webp 660w\" sizes=\"(max-width: 720px) 100vw, 720px\" \/><\/figure>\n<\/div>\n<\/div>\n\n\n\n<div class=\"wp-block-columns is-layout-flex wp-container-core-columns-is-layout-9d6595d7 wp-block-columns-is-layout-flex\">\n<div class=\"wp-block-column is-layout-flow wp-block-column-is-layout-flow\"><\/div>\n\n\n\n<div class=\"wp-block-column is-layout-flow wp-block-column-is-layout-flow\"><\/div>\n<\/div>\n\n\n\n<p><\/p>","protected":false},"excerpt":{"rendered":"<p>Esta bater\u00eda de cocina de 7 piezas al por mayor est\u00e1 fabricada en acero inoxidable tricapa apto para uso alimentario y permite ahorrar tiempo y energ\u00eda. Apto para lavavajillas y horno, es la soluci\u00f3n perfecta para cocinas vers\u00e1tiles. P\u00f3ngase en contacto con nosotros hoy mismo para realizar su pedido al por mayor.<\/p>\n<h3 class=\"wp-block-heading\">Especificaciones de la bater\u00eda de cocina de 7 piezas<\/h3>\n<table border=\"0\" width=\"1088\" cellspacing=\"0\" cellpadding=\"0\">\n<tbody>\n<tr>\n<td width=\"400\" height=\"42\">Fabricante<\/td>\n<td width=\"688\">OPORTUNIDADES<\/td>\n<\/tr>\n<tr>\n<td height=\"42\">Material<\/td>\n<td>Acero inoxidable de 3 capas<\/td>\n<\/tr>\n<tr>\n<td height=\"42\">Espesor<\/td>\n<td>2,3 mm<\/td>\n<\/tr>\n<tr>\n<td height=\"42\">Talla<\/td>\n<td width=\"688\">3QT\/2.0QT\/100Z\/10INCH<\/td>\n<\/tr>\n<tr>\n<td height=\"42\">Utilizaci\u00f3n<\/td>\n<td>Cocinar la cena<\/td>\n<\/tr>\n<tr>\n<td height=\"42\">OEM&amp;ODM<\/td>\n<td>Personalizado, bienvenido OEM&amp;ODM<\/td>\n<\/tr>\n<tr>\n<td height=\"42\">Embalaje:<\/td>\n<td>Juego de 7 unidades en caja interior<\/td>\n<\/tr>\n<tr>\n<td height=\"42\">Muestra<\/td>\n<td>Gratis.<\/td>\n<\/tr>\n<\/tbody>\n<\/table>","protected":false},"featured_media":4270,"comment_status":"closed","ping_status":"closed","template":"","meta":{"_acf_changed":false},"product_brand":[],"product_cat":[53],"product_tag":[],"class_list":{"0":"post-4268","1":"product","2":"type-product","3":"status-publish","4":"has-post-thumbnail","6":"product_cat-wholesale-cookware-sets","8":"first","9":"instock","10":"shipping-taxable","11":"product-type-simple"},"acf":[],"_links":{"self":[{"href":"https:\/\/www.chancescook.com\/es\/wp-json\/wp\/v2\/product\/4268","targetHints":{"allow":["GET"]}}],"collection":[{"href":"https:\/\/www.chancescook.com\/es\/wp-json\/wp\/v2\/product"}],"about":[{"href":"https:\/\/www.chancescook.com\/es\/wp-json\/wp\/v2\/types\/product"}],"replies":[{"embeddable":true,"href":"https:\/\/www.chancescook.com\/es\/wp-json\/wp\/v2\/comments?post=4268"}],"wp:featuredmedia":[{"embeddable":true,"href":"https:\/\/www.chancescook.com\/es\/wp-json\/wp\/v2\/media\/4270"}],"wp:attachment":[{"href":"https:\/\/www.chancescook.com\/es\/wp-json\/wp\/v2\/media?parent=4268"}],"wp:term":[{"taxonomy":"product_brand","embeddable":true,"href":"https:\/\/www.chancescook.com\/es\/wp-json\/wp\/v2\/product_brand?post=4268"},{"taxonomy":"product_cat","embeddable":true,"href":"https:\/\/www.chancescook.com\/es\/wp-json\/wp\/v2\/product_cat?post=4268"},{"taxonomy":"product_tag","embeddable":true,"href":"https:\/\/www.chancescook.com\/es\/wp-json\/wp\/v2\/product_tag?post=4268"}],"curies":[{"name":"wp","href":"https:\/\/api.w.org\/{rel}","templated":true}]}}