{"id":4275,"date":"2024-10-14T18:27:52","date_gmt":"2024-10-14T18:27:52","guid":{"rendered":"https:\/\/www.chancescook.com\/?post_type=product&#038;p=4275"},"modified":"2025-12-21T14:23:37","modified_gmt":"2025-12-21T14:23:37","slug":"wholesale-gastronorm-pans","status":"publish","type":"product","link":"https:\/\/www.chancescook.com\/es\/producto\/wholesale-gastronorm-pans\/","title":{"rendered":"Mayorista Sartenes Gastronorm Acero Inoxidable 304 Sartenes GN Recipientes Multiples con Tapa"},"content":{"rendered":"<div class=\"wp-block-columns is-layout-flex wp-container-core-columns-is-layout-9d6595d7 wp-block-columns-is-layout-flex\">\n<div class=\"wp-block-column is-layout-flow wp-block-column-is-layout-flow\">\n<h3 class=\"wp-block-heading\">Ventajas de las ollas gastronorm de acero inoxidable<\/h3>\n\n\n\n<ul class=\"wp-block-list\">\n<li><strong>Material de acero inoxidable 304 apto para uso alimentario<\/strong>resistencia a la corrosi\u00f3n y a la oxidaci\u00f3n, lo que garantiza la seguridad de uso a largo plazo y el cumplimiento de las normas para el contacto con alimentos.<\/li>\n\n\n\n<li><strong>Tallas m\u00faltiples<\/strong>: Ofrezca bandejas Gastronorm GN de varios tama\u00f1os para adaptarse a las diferentes necesidades de los distintos servicios alimentarios, desde peque\u00f1os contenedores hasta grandes almacenes, con almacenamiento de diversos ingredientes y cocci\u00f3n.<\/li>\n\n\n\n<li><strong>Dise\u00f1o de tapa sellada<\/strong>: Equipado con una tapa sellada de acero inoxidable, cada bandeja GN garantiza alimentos frescos y cero fugas, y mantiene el sabor y la calidad de los ingredientes, especialmente adecuado para el servicio de alimentos y cocinas a gran escala.<\/li>\n\n\n\n<li><strong>Resistente y duradero<\/strong>: El grueso acero inoxidable de su construcci\u00f3n es resistente a los ara\u00f1azos y duradero. Puede soportar un uso muy frecuente y una manipulaci\u00f3n a altas temperaturas, por lo que es adecuado para los servicios de restauraci\u00f3n m\u00e1s exigentes.<\/li>\n\n\n\n<li><strong>Dise\u00f1o apilable que ahorra espacio<\/strong>: Las bandejas GN est\u00e1n dise\u00f1adas para apilarse, lo que ahorra espacio durante el almacenamiento. As\u00ed, es f\u00e1cil gestionar el n\u00famero de piezas para organizar de forma eficiente en la cocina.<\/li>\n\n\n\n<li><strong>Limpieza f\u00e1cil<\/strong>: La suavidad del acero inoxidable impide que se acumulen restos de comida y es f\u00e1cil de limpiar, por lo que ahorra tiempo de limpieza en el fondo de la cocina, ya que es apto para el lavavajillas.<\/li>\n\n\n\n<li><strong>Puede aplicarse a todo tipo de cocinas<\/strong>: congelado, refrigerado, al vapor, etc. Tiene una amplia gama de uso y aplicaci\u00f3n flexible en cocinas comerciales.<\/li>\n<\/ul>\n<\/div>\n\n\n\n<div class=\"wp-block-column is-layout-flow wp-block-column-is-layout-flow\">\n<figure class=\"wp-block-image size-full\"><img decoding=\"async\" width=\"720\" height=\"720\" src=\"https:\/\/www.chancescook.com\/wp-content\/uploads\/2024\/10\/Wholesale-Gastronorm-PansGN-Pans-6.webp\" alt=\"Mayorista Sartenes Gastronorm,Sartenes GN (6)\" class=\"wp-image-4281\" srcset=\"https:\/\/www.chancescook.com\/wp-content\/uploads\/2024\/10\/Wholesale-Gastronorm-PansGN-Pans-6.webp 720w, https:\/\/www.chancescook.com\/wp-content\/uploads\/2024\/10\/Wholesale-Gastronorm-PansGN-Pans-6-300x300.webp 300w, https:\/\/www.chancescook.com\/wp-content\/uploads\/2024\/10\/Wholesale-Gastronorm-PansGN-Pans-6-150x150.webp 150w, https:\/\/www.chancescook.com\/wp-content\/uploads\/2024\/10\/Wholesale-Gastronorm-PansGN-Pans-6-12x12.webp 12w, https:\/\/www.chancescook.com\/wp-content\/uploads\/2024\/10\/Wholesale-Gastronorm-PansGN-Pans-6-285x285.webp 285w, https:\/\/www.chancescook.com\/wp-content\/uploads\/2024\/10\/Wholesale-Gastronorm-PansGN-Pans-6-270x270.webp 270w, https:\/\/www.chancescook.com\/wp-content\/uploads\/2024\/10\/Wholesale-Gastronorm-PansGN-Pans-6-540x540.webp 540w, https:\/\/www.chancescook.com\/wp-content\/uploads\/2024\/10\/Wholesale-Gastronorm-PansGN-Pans-6-660x660.webp 660w\" sizes=\"(max-width: 720px) 100vw, 720px\" \/><\/figure>\n<\/div>\n<\/div>\n\n\n\n<p><\/p>","protected":false},"excerpt":{"rendered":"<p>Nuestras sartenes gastronorm de acero inoxidable, o sartenes gn, ofrecen durabilidad y versatilidad multitama\u00f1o para cocinas comerciales y operaciones de servicios alimentarios. Son ideales para compradores B2B que buscan soluciones fiables y duraderas para el almacenamiento y la preparaci\u00f3n de alimentos.<\/p>\n<h3 class=\"wp-block-heading\">Especificaciones de las sartenes Gastronorm de acero inoxidable<\/h3>\n<table border=\"0\" width=\"1088\" cellspacing=\"0\" cellpadding=\"0\">\n<tbody>\n<tr>\n<td width=\"400\" height=\"42\">Fabricante<\/td>\n<td width=\"688\">OPORTUNIDADES<\/td>\n<\/tr>\n<tr>\n<td height=\"42\">Material<\/td>\n<td>Acero inoxidable 304<\/td>\n<\/tr>\n<tr>\n<td height=\"42\">Espesor<\/td>\n<td>1,0 mm<\/td>\n<\/tr>\n<tr>\n<td height=\"42\">Talla<\/td>\n<td width=\"688\">1\/1,1\/2, 1\/3, 1\/4, 1\/6, 1\/9 recipiente gastronorm<\/td>\n<\/tr>\n<tr>\n<td height=\"42\">Altura<\/td>\n<td>2,4,6,5,10,15,20cm<\/td>\n<\/tr>\n<tr>\n<td height=\"42\">Color<\/td>\n<td>Acero inoxidable Color<\/td>\n<\/tr>\n<tr>\n<td height=\"42\">OEM&amp;ODM<\/td>\n<td>Personalizado, bienvenido OEM&amp;ODM<\/td>\n<\/tr>\n<tr>\n<td height=\"42\">Embalaje:<\/td>\n<td>Color Caja\/Cart\u00f3n Caja<\/td>\n<\/tr>\n<tr>\n<td height=\"42\">Muestra<\/td>\n<td>Gratis.<\/td>\n<\/tr>\n<\/tbody>\n<\/table>","protected":false},"featured_media":4280,"comment_status":"closed","ping_status":"closed","template":"","meta":{"_acf_changed":false},"product_brand":[],"product_cat":[56],"product_tag":[],"class_list":{"0":"post-4275","1":"product","2":"type-product","3":"status-publish","4":"has-post-thumbnail","6":"product_cat-wholesale-kitchen-utensils","8":"first","9":"instock","10":"shipping-taxable","11":"product-type-simple"},"acf":[],"_links":{"self":[{"href":"https:\/\/www.chancescook.com\/es\/wp-json\/wp\/v2\/product\/4275","targetHints":{"allow":["GET"]}}],"collection":[{"href":"https:\/\/www.chancescook.com\/es\/wp-json\/wp\/v2\/product"}],"about":[{"href":"https:\/\/www.chancescook.com\/es\/wp-json\/wp\/v2\/types\/product"}],"replies":[{"embeddable":true,"href":"https:\/\/www.chancescook.com\/es\/wp-json\/wp\/v2\/comments?post=4275"}],"wp:featuredmedia":[{"embeddable":true,"href":"https:\/\/www.chancescook.com\/es\/wp-json\/wp\/v2\/media\/4280"}],"wp:attachment":[{"href":"https:\/\/www.chancescook.com\/es\/wp-json\/wp\/v2\/media?parent=4275"}],"wp:term":[{"taxonomy":"product_brand","embeddable":true,"href":"https:\/\/www.chancescook.com\/es\/wp-json\/wp\/v2\/product_brand?post=4275"},{"taxonomy":"product_cat","embeddable":true,"href":"https:\/\/www.chancescook.com\/es\/wp-json\/wp\/v2\/product_cat?post=4275"},{"taxonomy":"product_tag","embeddable":true,"href":"https:\/\/www.chancescook.com\/es\/wp-json\/wp\/v2\/product_tag?post=4275"}],"curies":[{"name":"wp","href":"https:\/\/api.w.org\/{rel}","templated":true}]}}