{"id":4427,"date":"2024-11-16T02:38:14","date_gmt":"2024-11-16T02:38:14","guid":{"rendered":"https:\/\/www.chancescook.com\/?post_type=product&#038;p=4427"},"modified":"2025-12-21T14:05:36","modified_gmt":"2025-12-21T14:05:36","slug":"yukihira-pan-wholesale","status":"publish","type":"product","link":"https:\/\/www.chancescook.com\/es\/producto\/yukihira-pan-wholesale\/","title":{"rendered":"Venta al por mayor Yukihira Pan 2L 3L Tri-Ply Stainless Steel Snow Pan"},"content":{"rendered":"<div class=\"wp-block-columns is-layout-flex wp-container-core-columns-is-layout-9d6595d7 wp-block-columns-is-layout-flex\">\n<div class=\"wp-block-column is-layout-flow wp-block-column-is-layout-flow\">\n<h3 class=\"wp-block-heading\">Caracter\u00edsticas y ventajas de la sart\u00e9n Yukihira personalizada<\/h3>\n\n\n\n<p><strong>Medidas de capacidad grabadas<\/strong><\/p>\n\n\n\n<ul class=\"wp-block-list\">\n<li>Cuenta con marcas de medici\u00f3n precisas grabadas en el interior de la sart\u00e9n para cocinar con precisi\u00f3n y comodidad.<\/li>\n<\/ul>\n\n\n\n<p><strong>Vertedor doble<\/strong><\/p>\n\n\n\n<ul class=\"wp-block-list\">\n<li>Equipado con boquillas en ambos lados, lo que facilita el vertido de sopas o salsas sin problemas, tanto si es zurdo como diestro.<\/li>\n<\/ul>\n\n\n\n<p><strong>Construcci\u00f3n de acero inoxidable tricapa<\/strong><\/p>\n\n\n\n<ul class=\"wp-block-list\">\n<li>Construido con una estructura de tres capas: capas exteriores de acero inoxidable y un n\u00facleo de aluminio para un calentamiento r\u00e1pido y uniforme y una excelente retenci\u00f3n del calor.<\/li>\n<\/ul>\n\n\n\n<p><strong>Vers\u00e1til y seguro para todas las placas de cocci\u00f3n<\/strong><\/p>\n\n\n\n<ul class=\"wp-block-list\">\n<li>Apto para todo tipo de cocinas, incluidas las de inducci\u00f3n, gas, el\u00e9ctricas y vitrocer\u00e1micas.<\/li>\n<\/ul>\n\n\n\n<p><strong>Mango ergon\u00f3mico resistente al calor<\/strong><\/p>\n\n\n\n<ul class=\"wp-block-list\">\n<li>El mango resistente al calor ofrece un agarre seguro y c\u00f3modo, manteni\u00e9ndose fr\u00edo al tacto incluso durante la cocci\u00f3n a alta temperatura.<\/li>\n<\/ul>\n\n\n\n<p><strong>F\u00e1cil de limpiar<\/strong><\/p>\n\n\n\n<ul class=\"wp-block-list\">\n<li>Dise\u00f1ado para una limpieza sin esfuerzo con una superficie interior lisa; sin embargo, se recomienda lavar a mano para mantener su calidad y longevidad.<\/li>\n<\/ul>\n\n\n\n<p><strong>Duradero y resistente a la corrosi\u00f3n<\/strong><\/p>\n\n\n\n<ul class=\"wp-block-list\">\n<li>Fabricado en acero inoxidable de alta calidad, lo que garantiza su durabilidad, resistencia a la oxidaci\u00f3n y rendimiento duradero.<\/li>\n<\/ul>\n\n\n\n<p><strong>Mayor comodidad para la cocina diaria<\/strong><\/p>\n\n\n\n<ul class=\"wp-block-list\">\n<li>Ideal para hervir, cocer a fuego lento y preparar salsas gracias a su dise\u00f1o ligero pero resistente.<\/li>\n<\/ul>\n<\/div>\n\n\n\n<div class=\"wp-block-column is-layout-flow wp-block-column-is-layout-flow\">\n<figure class=\"wp-block-image size-full\"><img decoding=\"async\" width=\"4160\" height=\"4160\" src=\"https:\/\/www.chancescook.com\/wp-content\/uploads\/2024\/11\/Wholesale-Yukihira-Pan-2-edited.webp\" alt=\"Mayorista Yukihira Pan (2\" class=\"wp-image-4430\" srcset=\"https:\/\/www.chancescook.com\/wp-content\/uploads\/2024\/11\/Wholesale-Yukihira-Pan-2-edited.webp 4160w, https:\/\/www.chancescook.com\/wp-content\/uploads\/2024\/11\/Wholesale-Yukihira-Pan-2-edited-300x300.webp 300w, https:\/\/www.chancescook.com\/wp-content\/uploads\/2024\/11\/Wholesale-Yukihira-Pan-2-edited-150x150.webp 150w, https:\/\/www.chancescook.com\/wp-content\/uploads\/2024\/11\/Wholesale-Yukihira-Pan-2-edited-768x768.webp 768w, https:\/\/www.chancescook.com\/wp-content\/uploads\/2024\/11\/Wholesale-Yukihira-Pan-2-edited-12x12.webp 12w, https:\/\/www.chancescook.com\/wp-content\/uploads\/2024\/11\/Wholesale-Yukihira-Pan-2-edited-285x285.webp 285w, https:\/\/www.chancescook.com\/wp-content\/uploads\/2024\/11\/Wholesale-Yukihira-Pan-2-edited-1600x1600.webp 1600w, https:\/\/www.chancescook.com\/wp-content\/uploads\/2024\/11\/Wholesale-Yukihira-Pan-2-edited-270x270.webp 270w, https:\/\/www.chancescook.com\/wp-content\/uploads\/2024\/11\/Wholesale-Yukihira-Pan-2-edited-540x540.webp 540w, https:\/\/www.chancescook.com\/wp-content\/uploads\/2024\/11\/Wholesale-Yukihira-Pan-2-edited-660x660.webp 660w\" sizes=\"(max-width: 4160px) 100vw, 4160px\" \/><\/figure>\n<\/div>\n<\/div>\n\n\n\n<p><\/p>","protected":false},"excerpt":{"rendered":"<p>La sart\u00e9n Yukihira de estilo japon\u00e9s y triple capa de acero es una de las favoritas tanto de los chefs como de los cocineros caseros. Esta sart\u00e9n al por mayor combina calidad y practicidad, por lo que es ideal para platos tradicionales japoneses y alta cocina. Perfecta para su uso en cualquier cocina, la sart\u00e9n Yukihira garantiza un rendimiento superior en todo momento.<\/p>\n<h3 class=\"wp-block-heading\">Especificaciones de Yukihira Pan<\/h3>\n<table style=\"border-collapse: collapse; width: 408.02pt;\" border=\"0\" width=\"1088\" cellspacing=\"0\" cellpadding=\"0\">\n<tbody>\n<tr style=\"height: 22.85pt;\">\n<td class=\"et3\" style=\"height: 22.85pt; width: 150.05pt;\" width=\"400\" height=\"60\">Fabricante<\/td>\n<td class=\"et4\" style=\"width: 258.10pt;\" width=\"688\">OPORTUNIDADES<\/td>\n<\/tr>\n<tr style=\"height: 22.85pt;\">\n<td class=\"et3\" style=\"height: 22.85pt;\" height=\"60\">Material<\/td>\n<td class=\"et3\">Acero inoxidable de 3 capas<\/td>\n<\/tr>\n<tr style=\"height: 22.85pt;\">\n<td class=\"et3\" style=\"height: 22.85pt;\" height=\"60\">Di\u00e1metro<\/td>\n<td class=\"et3\">18\/20\/22 cm<\/td>\n<\/tr>\n<tr style=\"height: 22.85pt;\">\n<td class=\"et3\" style=\"height: 22.85pt;\" height=\"60\">Espesor<\/td>\n<td class=\"et3\">2,0 mm<\/td>\n<\/tr>\n<tr style=\"height: 22.85pt;\">\n<td class=\"et3\" style=\"height: 22.85pt;\" height=\"60\">Portada<\/td>\n<td class=\"et3\">Tapa de cristal<\/td>\n<\/tr>\n<tr style=\"height: 22.85pt;\">\n<td class=\"et3\" style=\"height: 22.85pt;\" height=\"60\">OEM&amp;ODM<\/td>\n<td class=\"et3\">Personalizado, bienvenido OEM&amp;ODM<\/td>\n<\/tr>\n<tr style=\"height: 22.85pt;\">\n<td class=\"et3\" style=\"height: 22.85pt;\" height=\"60\">Embalaje:<\/td>\n<td class=\"et3\">Color Caja\/Cart\u00f3n Caja<\/td>\n<\/tr>\n<tr style=\"height: 22.85pt;\">\n<td class=\"et3\" style=\"height: 22.85pt;\" height=\"60\">MOQ<\/td>\n<td class=\"et3\">1000PCS<\/td>\n<\/tr>\n<tr style=\"height: 16.10pt;\">\n<td class=\"et3\" style=\"height: 16.10pt;\" height=\"42\">Muestra<\/td>\n<td class=\"et3\">Gratis.<\/td>\n<\/tr>\n<\/tbody>\n<\/table>","protected":false},"featured_media":5783,"comment_status":"closed","ping_status":"closed","template":"","meta":{"_acf_changed":false},"product_brand":[],"product_cat":[52,69],"product_tag":[],"class_list":{"0":"post-4427","1":"product","2":"type-product","3":"status-publish","4":"has-post-thumbnail","6":"product_cat-cookware-wholesale","7":"product_cat-snow-pan-wholesaler","9":"first","10":"instock","11":"shipping-taxable","12":"product-type-simple"},"acf":[],"_links":{"self":[{"href":"https:\/\/www.chancescook.com\/es\/wp-json\/wp\/v2\/product\/4427","targetHints":{"allow":["GET"]}}],"collection":[{"href":"https:\/\/www.chancescook.com\/es\/wp-json\/wp\/v2\/product"}],"about":[{"href":"https:\/\/www.chancescook.com\/es\/wp-json\/wp\/v2\/types\/product"}],"replies":[{"embeddable":true,"href":"https:\/\/www.chancescook.com\/es\/wp-json\/wp\/v2\/comments?post=4427"}],"wp:featuredmedia":[{"embeddable":true,"href":"https:\/\/www.chancescook.com\/es\/wp-json\/wp\/v2\/media\/5783"}],"wp:attachment":[{"href":"https:\/\/www.chancescook.com\/es\/wp-json\/wp\/v2\/media?parent=4427"}],"wp:term":[{"taxonomy":"product_brand","embeddable":true,"href":"https:\/\/www.chancescook.com\/es\/wp-json\/wp\/v2\/product_brand?post=4427"},{"taxonomy":"product_cat","embeddable":true,"href":"https:\/\/www.chancescook.com\/es\/wp-json\/wp\/v2\/product_cat?post=4427"},{"taxonomy":"product_tag","embeddable":true,"href":"https:\/\/www.chancescook.com\/es\/wp-json\/wp\/v2\/product_tag?post=4427"}],"curies":[{"name":"wp","href":"https:\/\/api.w.org\/{rel}","templated":true}]}}