{"id":4487,"date":"2024-12-09T16:56:30","date_gmt":"2024-12-09T16:56:30","guid":{"rendered":"https:\/\/www.chancescook.com\/?post_type=product&#038;p=4487"},"modified":"2024-12-10T04:03:44","modified_gmt":"2024-12-10T04:03:44","slug":"wholesale-stainless-steel-mixing-bowl","status":"publish","type":"product","link":"https:\/\/www.chancescook.com\/es\/producto\/wholesale-stainless-steel-mixing-bowl\/","title":{"rendered":"Mejor Taz\u00f3n de Acero Inoxidable al por mayor Taz\u00f3n para Conservas con Tapa"},"content":{"rendered":"<div class=\"wp-block-columns is-layout-flex wp-container-core-columns-is-layout-9d6595d7 wp-block-columns-is-layout-flex\">\n<div class=\"wp-block-column is-layout-flow wp-block-column-is-layout-flow\">\n<h2 class=\"wp-block-heading\">Par\u00e1metros del bol mezclador de acero inoxidable<\/h2>\n\n\n\n<p><\/p>\n\n\n\n<p>Tama\u00f1o del cuenco: 22\/24 cm.<br>Grosor: 0,5 mm<br>Tipo de material: Acero inoxidable 304<br>Color: Oro\/Plata<br>Dise\u00f1o: Estilo coreano<\/p>\n<\/div>\n\n\n\n<div class=\"wp-block-column is-layout-flow wp-block-column-is-layout-flow\">\n<h2 class=\"wp-block-heading\">Bol mezclador de acero inoxidable a medida<\/h2>\n\n\n\n<p><\/p>\n\n\n\n<p>Logotipo: personalice el logotipo de su marca<br>embalaje: caja de color\/cart\u00f3n, etc<br><strong><a href=\"https:\/\/www.chancescook.com\/es\/custom-cookware\/\">Soluciones personalizadas OEM y ODM<\/a><\/strong><\/p>\n<\/div>\n<\/div>\n\n\n\n<div class=\"wp-block-columns is-layout-flex wp-container-core-columns-is-layout-9d6595d7 wp-block-columns-is-layout-flex\">\n<div class=\"wp-block-column is-layout-flow wp-block-column-is-layout-flow\">\n<figure class=\"wp-block-image size-full\"><img decoding=\"async\" width=\"631\" height=\"531\" src=\"https:\/\/www.chancescook.com\/wp-content\/uploads\/2024\/12\/Wholesale-Stainless-Steel-Mixing-Bowl-4.webp\" alt=\"Mayorista Taz\u00f3n de acero inoxidable (4)\" class=\"wp-image-4491\" srcset=\"https:\/\/www.chancescook.com\/wp-content\/uploads\/2024\/12\/Wholesale-Stainless-Steel-Mixing-Bowl-4.webp 631w, https:\/\/www.chancescook.com\/wp-content\/uploads\/2024\/12\/Wholesale-Stainless-Steel-Mixing-Bowl-4-300x252.webp 300w, https:\/\/www.chancescook.com\/wp-content\/uploads\/2024\/12\/Wholesale-Stainless-Steel-Mixing-Bowl-4-14x12.webp 14w, https:\/\/www.chancescook.com\/wp-content\/uploads\/2024\/12\/Wholesale-Stainless-Steel-Mixing-Bowl-4-285x240.webp 285w, https:\/\/www.chancescook.com\/wp-content\/uploads\/2024\/12\/Wholesale-Stainless-Steel-Mixing-Bowl-4-150x126.webp 150w\" sizes=\"(max-width: 631px) 100vw, 631px\" \/><\/figure>\n<\/div>\n\n\n\n<div class=\"wp-block-column is-layout-flow wp-block-column-is-layout-flow\"><\/div>\n<\/div>","protected":false},"excerpt":{"rendered":"<p>Descubra el mejor bol mezclador de acero inoxidable con tapa herm\u00e9tica, ideal para almacenar alimentos y preparar comidas. Este vers\u00e1til bol mezclador de acero inoxidable al por mayor es perfecto para cocinas, panader\u00edas y negocios de catering.<\/p>\n<h3>Caracter\u00edsticas y ventajas del bol mezclador de acero inoxidable<\/h3>\n<ul>\n<li><strong>Material de acero inoxidable 304 de primera calidad<\/strong>Todo el juego de boles y tapas est\u00e1 fabricado en acero inoxidable 304 apto para uso alimentario, que ofrece una excelente resistencia a la corrosi\u00f3n y durabilidad y es adecuado para el contacto prolongado con alimentos.<\/li>\n<li><strong>El dise\u00f1o de la tapa de cierre totalmente de acero: <\/strong>Es excelente para sellar, impide que los alimentos se derramen y mantiene la frescura. Es m\u00e1s adecuado para almacenar l\u00edquidos o ingredientes que deban marinarse.<\/li>\n<li><strong>Uso multifuncional<\/strong>: Integra las funciones de mezclar, almacenar, marinar y servir, lo que la hace adecuada para cocinas dom\u00e9sticas, restaurantes, panader\u00edas y otros escenarios de uso. Es ideal para la cocina casera y la restauraci\u00f3n comercial.<\/li>\n<li><strong>F\u00e1cil de limpiar<\/strong>: La superficie de acero inoxidable especialmente tratada es lisa, f\u00e1cil de limpiar y resistente a los ara\u00f1azos. No queda olor, y es f\u00e1cil de lavar a mano o meter directamente en el lavavajillas, ahorrando tiempo y esfuerzo.<\/li>\n<li><strong>Dise\u00f1o ergon\u00f3mico<\/strong>Este bol tiene bordes suaves y redondeados que resultan c\u00f3modos de sujetar. Un agarre f\u00e1cil en la parte inferior proporciona seguridad y estabilidad para evitar que el bol se deslice mientras se mezcla.<\/li>\n<li><strong>Suministro flexible y al por mayor<\/strong>Se presenta en varios tama\u00f1os, como peque\u00f1o, mediano y grande, que pueden suministrarse para diferentes escenarios. Se puede envasar a granel y es una opci\u00f3n de calidad garantizada para todo tipo de mayoristas y empresas de restauraci\u00f3n.<\/li>\n<\/ul>","protected":false},"featured_media":4488,"comment_status":"closed","ping_status":"closed","template":"","meta":{"_acf_changed":false},"product_brand":[],"product_cat":[55],"product_tag":[],"class_list":{"0":"post-4487","1":"product","2":"type-product","3":"status-publish","4":"has-post-thumbnail","6":"product_cat-tableware-wholesale","8":"first","9":"instock","10":"shipping-taxable","11":"product-type-simple"},"acf":[],"_links":{"self":[{"href":"https:\/\/www.chancescook.com\/es\/wp-json\/wp\/v2\/product\/4487","targetHints":{"allow":["GET"]}}],"collection":[{"href":"https:\/\/www.chancescook.com\/es\/wp-json\/wp\/v2\/product"}],"about":[{"href":"https:\/\/www.chancescook.com\/es\/wp-json\/wp\/v2\/types\/product"}],"replies":[{"embeddable":true,"href":"https:\/\/www.chancescook.com\/es\/wp-json\/wp\/v2\/comments?post=4487"}],"wp:featuredmedia":[{"embeddable":true,"href":"https:\/\/www.chancescook.com\/es\/wp-json\/wp\/v2\/media\/4488"}],"wp:attachment":[{"href":"https:\/\/www.chancescook.com\/es\/wp-json\/wp\/v2\/media?parent=4487"}],"wp:term":[{"taxonomy":"product_brand","embeddable":true,"href":"https:\/\/www.chancescook.com\/es\/wp-json\/wp\/v2\/product_brand?post=4487"},{"taxonomy":"product_cat","embeddable":true,"href":"https:\/\/www.chancescook.com\/es\/wp-json\/wp\/v2\/product_cat?post=4487"},{"taxonomy":"product_tag","embeddable":true,"href":"https:\/\/www.chancescook.com\/es\/wp-json\/wp\/v2\/product_tag?post=4487"}],"curies":[{"name":"wp","href":"https:\/\/api.w.org\/{rel}","templated":true}]}}