{"id":4492,"date":"2024-12-09T17:26:08","date_gmt":"2024-12-09T17:26:08","guid":{"rendered":"https:\/\/www.chancescook.com\/?post_type=product&#038;p=4492"},"modified":"2024-12-10T03:58:45","modified_gmt":"2024-12-10T03:58:45","slug":"stainless-steel-mixing-bowls-wholesale","status":"publish","type":"product","link":"https:\/\/www.chancescook.com\/es\/producto\/stainless-steel-mixing-bowls-wholesale\/","title":{"rendered":"Mayorista Boles Multiusos De Acero Inoxidable Con Colador"},"content":{"rendered":"<div class=\"wp-block-columns is-layout-flex wp-container-core-columns-is-layout-9d6595d7 wp-block-columns-is-layout-flex\">\n<div class=\"wp-block-column is-layout-flow wp-block-column-is-layout-flow\">\n<h2 class=\"wp-block-heading\">Par\u00e1metros de los cuencos mezcladores de acero inoxidable<\/h2>\n\n\n\n<p><\/p>\n\n\n\n<p>Nombre del producto: Taz\u00f3n colador de acero inoxidable<br>Material: Acero inoxidable 304<br>Acepta el logotipo: Logotipo personalizado<br>Aplicaci\u00f3n : Cocina\/Hogar\/Restaurante<br>Funci\u00f3n\uff1a Escurrir los alimentos<br>Embalaje: Caja de color<br>Talla del juego: 16\/18\/20\/22\/24\/26\/28\/30\/32cm<\/p>\n<\/div>\n\n\n\n<div class=\"wp-block-column is-layout-flow wp-block-column-is-layout-flow\">\n<h2 class=\"wp-block-heading\">Cuencos mezcladores de acero inoxidable a medida<\/h2>\n\n\n\n<p><\/p>\n\n\n\n<p>Logotipo: personalice el logotipo de su marca<br>embalaje: caja de color\/cart\u00f3n, etc<br>MOQ: 1000pcs<br><strong><a href=\"https:\/\/www.chancescook.com\/es\/custom-cookware\/\">Soluciones OEM y ODM a medida para cubiletes<\/a><\/strong><\/p>\n<\/div>\n<\/div>\n\n\n\n<div class=\"wp-block-columns is-layout-flex wp-container-core-columns-is-layout-9d6595d7 wp-block-columns-is-layout-flex\">\n<div class=\"wp-block-column is-layout-flow wp-block-column-is-layout-flow\">\n<figure class=\"wp-block-image size-full\"><img decoding=\"async\" width=\"720\" height=\"720\" src=\"https:\/\/www.chancescook.com\/wp-content\/uploads\/2024\/12\/Wholesale-Stainless-Steel-Mixing-Bowls-2.webp\" alt=\"Mayorista Cuencos mezcladores de acero inoxidable (2)\" class=\"wp-image-4495\" srcset=\"https:\/\/www.chancescook.com\/wp-content\/uploads\/2024\/12\/Wholesale-Stainless-Steel-Mixing-Bowls-2.webp 720w, https:\/\/www.chancescook.com\/wp-content\/uploads\/2024\/12\/Wholesale-Stainless-Steel-Mixing-Bowls-2-300x300.webp 300w, https:\/\/www.chancescook.com\/wp-content\/uploads\/2024\/12\/Wholesale-Stainless-Steel-Mixing-Bowls-2-150x150.webp 150w, https:\/\/www.chancescook.com\/wp-content\/uploads\/2024\/12\/Wholesale-Stainless-Steel-Mixing-Bowls-2-12x12.webp 12w, https:\/\/www.chancescook.com\/wp-content\/uploads\/2024\/12\/Wholesale-Stainless-Steel-Mixing-Bowls-2-285x285.webp 285w, https:\/\/www.chancescook.com\/wp-content\/uploads\/2024\/12\/Wholesale-Stainless-Steel-Mixing-Bowls-2-270x270.webp 270w, https:\/\/www.chancescook.com\/wp-content\/uploads\/2024\/12\/Wholesale-Stainless-Steel-Mixing-Bowls-2-540x540.webp 540w, https:\/\/www.chancescook.com\/wp-content\/uploads\/2024\/12\/Wholesale-Stainless-Steel-Mixing-Bowls-2-660x660.webp 660w\" sizes=\"(max-width: 720px) 100vw, 720px\" \/><\/figure>\n<\/div>\n\n\n\n<div class=\"wp-block-column is-layout-flow wp-block-column-is-layout-flow\"><\/div>\n<\/div>","protected":false},"excerpt":{"rendered":"<p>Chancesook es un fabricante de tazones para mezclar, proveemos servicio al por mayor de tazones para mezclar multiusos. Los tazones tienen un colador que facilita el lavado y filtrado de verduras, frutas y arroz. Bienvenido a contactarnos para comprar al por mayor tazones para mezclar.<\/p>\n<h3>Caracter\u00edsticas y ventajas de los cuencos mezcladores de acero inoxidable<\/h3>\n<ul>\n<li>Su exquisita artesan\u00eda hace que no se oxide ni se deforme f\u00e1cilmente, es f\u00e1cil de transportar y se puede utilizar tanto en cocinas de interior como en campamentos al aire libre.<\/li>\n<li>Fabricado con material de acero inoxidable 304, superficie lisa, f\u00e1cil de limpiar, duradero y con gran capacidad de carga.<\/li>\n<li>Ideal para limpiar utensilios de cocina y recipientes de alimentos, como frutas, verduras u otros alimentos secos de gran tama\u00f1o.<\/li>\n<li>La limpieza de los alimentos es segura y pr\u00e1ctica, y el dise\u00f1o de m\u00faltiples orificios permite un vaciado m\u00e1s suave y eficaz.<\/li>\n<li>Ofrecemos cuencos mezcladores personalizados OEM y ODM.<\/li>\n<\/ul>","protected":false},"featured_media":4494,"comment_status":"closed","ping_status":"closed","template":"","meta":{"_acf_changed":false},"product_brand":[],"product_cat":[55],"product_tag":[],"class_list":{"0":"post-4492","1":"product","2":"type-product","3":"status-publish","4":"has-post-thumbnail","6":"product_cat-tableware-wholesale","8":"first","9":"instock","10":"shipping-taxable","11":"product-type-simple"},"acf":[],"_links":{"self":[{"href":"https:\/\/www.chancescook.com\/es\/wp-json\/wp\/v2\/product\/4492","targetHints":{"allow":["GET"]}}],"collection":[{"href":"https:\/\/www.chancescook.com\/es\/wp-json\/wp\/v2\/product"}],"about":[{"href":"https:\/\/www.chancescook.com\/es\/wp-json\/wp\/v2\/types\/product"}],"replies":[{"embeddable":true,"href":"https:\/\/www.chancescook.com\/es\/wp-json\/wp\/v2\/comments?post=4492"}],"wp:featuredmedia":[{"embeddable":true,"href":"https:\/\/www.chancescook.com\/es\/wp-json\/wp\/v2\/media\/4494"}],"wp:attachment":[{"href":"https:\/\/www.chancescook.com\/es\/wp-json\/wp\/v2\/media?parent=4492"}],"wp:term":[{"taxonomy":"product_brand","embeddable":true,"href":"https:\/\/www.chancescook.com\/es\/wp-json\/wp\/v2\/product_brand?post=4492"},{"taxonomy":"product_cat","embeddable":true,"href":"https:\/\/www.chancescook.com\/es\/wp-json\/wp\/v2\/product_cat?post=4492"},{"taxonomy":"product_tag","embeddable":true,"href":"https:\/\/www.chancescook.com\/es\/wp-json\/wp\/v2\/product_tag?post=4492"}],"curies":[{"name":"wp","href":"https:\/\/api.w.org\/{rel}","templated":true}]}}