{"id":4557,"date":"2025-01-03T03:21:06","date_gmt":"2025-01-03T03:21:06","guid":{"rendered":"https:\/\/www.chancescook.com\/?post_type=product&#038;p=4557"},"modified":"2025-01-18T09:59:30","modified_gmt":"2025-01-18T09:59:30","slug":"camping-stainless-steel-cooking-utensils","status":"publish","type":"product","link":"https:\/\/www.chancescook.com\/es\/producto\/camping-stainless-steel-cooking-utensils\/","title":{"rendered":"Utensilios de cocina de acero inoxidable para camping al por mayor"},"content":{"rendered":"<div class=\"wp-block-columns is-layout-flex wp-container-core-columns-is-layout-9d6595d7 wp-block-columns-is-layout-flex\">\n<div class=\"wp-block-column is-layout-flow wp-block-column-is-layout-flow\">\n<div class=\"wp-block-columns is-layout-flex wp-container-core-columns-is-layout-9d6595d7 wp-block-columns-is-layout-flex\">\n<div class=\"wp-block-column is-layout-flow wp-block-column-is-layout-flow\">\n<h2 class=\"wp-block-heading\">Par\u00e1metros de los utensilios de cocina de acero inoxidable<\/h2>\n\n\n\n<p>Tipo: Bater\u00eda de cocina<br>N\u00famero de piezas: Juego de 7 piezas<br>Material: acero inoxidable 201\/304<br>Cantidad:1 set\/caja\uff0814cm\/16cm\/20cm)<br>Peso: 2,8 kg<br>Tama\u00f1o de la caja:24.5\uff3824.5\uff3819cm<br>Aplicaci\u00f3n: Camping Cocina<\/p>\n<\/div>\n\n\n\n<div class=\"wp-block-column is-layout-flow wp-block-column-is-layout-flow\">\n<h2 class=\"wp-block-heading\">Utensilios de cocina de acero inoxidable personalizados<\/h2>\n\n\n\n<p>Embalaje: caja de color\/cart\u00f3n, etc.<br><strong><a href=\"https:\/\/www.chancescook.com\/es\/custom-cookware\/\">Soluciones personalizadas OEM y ODM<\/a><\/strong><\/p>\n<\/div>\n<\/div>\n<\/div>\n<\/div>\n\n\n\n<div class=\"wp-block-columns is-layout-flex wp-container-core-columns-is-layout-9d6595d7 wp-block-columns-is-layout-flex\">\n<div class=\"wp-block-column is-layout-flow wp-block-column-is-layout-flow\">\n<figure class=\"wp-block-image size-full\"><img decoding=\"async\" src=\"https:\/\/www.chancescook.com\/wp-content\/uploads\/2025\/01\/Wholesale-Stainless-Steel-Cooking-Utensils-3.webp\" alt=\"\" class=\"wp-image-4586\"\/><\/figure>\n<\/div>\n\n\n\n<div class=\"wp-block-column is-layout-flow wp-block-column-is-layout-flow\">\n<figure class=\"wp-block-image size-full\"><img decoding=\"async\" width=\"750\" height=\"1146\" src=\"https:\/\/www.chancescook.com\/wp-content\/uploads\/2025\/01\/Wholesale-Stainless-Steel-Cooking-Utensils-2.webp\" alt=\"\" class=\"wp-image-4585\" srcset=\"https:\/\/www.chancescook.com\/wp-content\/uploads\/2025\/01\/Wholesale-Stainless-Steel-Cooking-Utensils-2.webp 750w, https:\/\/www.chancescook.com\/wp-content\/uploads\/2025\/01\/Wholesale-Stainless-Steel-Cooking-Utensils-2-196x300.webp 196w, https:\/\/www.chancescook.com\/wp-content\/uploads\/2025\/01\/Wholesale-Stainless-Steel-Cooking-Utensils-2-8x12.webp 8w, https:\/\/www.chancescook.com\/wp-content\/uploads\/2025\/01\/Wholesale-Stainless-Steel-Cooking-Utensils-2-285x435.webp 285w, https:\/\/www.chancescook.com\/wp-content\/uploads\/2025\/01\/Wholesale-Stainless-Steel-Cooking-Utensils-2-432x660.webp 432w, https:\/\/www.chancescook.com\/wp-content\/uploads\/2025\/01\/Wholesale-Stainless-Steel-Cooking-Utensils-2-98x150.webp 98w\" sizes=\"(max-width: 750px) 100vw, 750px\" \/><\/figure>\n<\/div>\n<\/div>\n\n\n\n<div class=\"wp-block-columns is-layout-flex wp-container-core-columns-is-layout-9d6595d7 wp-block-columns-is-layout-flex\">\n<div class=\"wp-block-column is-layout-flow wp-block-column-is-layout-flow\">\n<figure class=\"wp-block-image size-full\"><img decoding=\"async\" width=\"750\" height=\"1178\" src=\"https:\/\/www.chancescook.com\/wp-content\/uploads\/2025\/01\/Wholesale-Stainless-Steel-Cooking-Utensils-1.webp\" alt=\"\" class=\"wp-image-4584\" srcset=\"https:\/\/www.chancescook.com\/wp-content\/uploads\/2025\/01\/Wholesale-Stainless-Steel-Cooking-Utensils-1.webp 750w, https:\/\/www.chancescook.com\/wp-content\/uploads\/2025\/01\/Wholesale-Stainless-Steel-Cooking-Utensils-1-191x300.webp 191w, https:\/\/www.chancescook.com\/wp-content\/uploads\/2025\/01\/Wholesale-Stainless-Steel-Cooking-Utensils-1-8x12.webp 8w, https:\/\/www.chancescook.com\/wp-content\/uploads\/2025\/01\/Wholesale-Stainless-Steel-Cooking-Utensils-1-285x448.webp 285w, https:\/\/www.chancescook.com\/wp-content\/uploads\/2025\/01\/Wholesale-Stainless-Steel-Cooking-Utensils-1-420x660.webp 420w, https:\/\/www.chancescook.com\/wp-content\/uploads\/2025\/01\/Wholesale-Stainless-Steel-Cooking-Utensils-1-96x150.webp 96w\" sizes=\"(max-width: 750px) 100vw, 750px\" \/><\/figure>\n<\/div>\n\n\n\n<div class=\"wp-block-column is-layout-flow wp-block-column-is-layout-flow\">\n<figure class=\"wp-block-image size-full\"><img decoding=\"async\" src=\"https:\/\/www.chancescook.com\/wp-content\/uploads\/2025\/01\/Stainless-Steel-Cooking-Utensils-Wholesaler-3.webp\" alt=\"\" class=\"wp-image-4583\"\/><\/figure>\n<\/div>\n<\/div>\n\n\n\n<div class=\"wp-block-columns is-layout-flex wp-container-core-columns-is-layout-9d6595d7 wp-block-columns-is-layout-flex\">\n<div class=\"wp-block-column is-layout-flow wp-block-column-is-layout-flow\">\n<figure class=\"wp-block-image size-full\"><img decoding=\"async\" width=\"750\" height=\"1218\" src=\"https:\/\/www.chancescook.com\/wp-content\/uploads\/2025\/01\/Stainless-Steel-Cooking-Utensils-Wholesaler-2.webp\" alt=\"\" class=\"wp-image-4582\" srcset=\"https:\/\/www.chancescook.com\/wp-content\/uploads\/2025\/01\/Stainless-Steel-Cooking-Utensils-Wholesaler-2.webp 750w, https:\/\/www.chancescook.com\/wp-content\/uploads\/2025\/01\/Stainless-Steel-Cooking-Utensils-Wholesaler-2-185x300.webp 185w, https:\/\/www.chancescook.com\/wp-content\/uploads\/2025\/01\/Stainless-Steel-Cooking-Utensils-Wholesaler-2-7x12.webp 7w, https:\/\/www.chancescook.com\/wp-content\/uploads\/2025\/01\/Stainless-Steel-Cooking-Utensils-Wholesaler-2-285x463.webp 285w, https:\/\/www.chancescook.com\/wp-content\/uploads\/2025\/01\/Stainless-Steel-Cooking-Utensils-Wholesaler-2-406x660.webp 406w, https:\/\/www.chancescook.com\/wp-content\/uploads\/2025\/01\/Stainless-Steel-Cooking-Utensils-Wholesaler-2-92x150.webp 92w\" sizes=\"(max-width: 750px) 100vw, 750px\" \/><\/figure>\n<\/div>\n\n\n\n<div class=\"wp-block-column is-layout-flow wp-block-column-is-layout-flow\">\n<figure class=\"wp-block-image size-full\"><img decoding=\"async\" width=\"750\" height=\"1175\" src=\"https:\/\/www.chancescook.com\/wp-content\/uploads\/2025\/01\/Stainless-Steel-Cooking-Utensils-Wholesaler-1.webp\" alt=\"\" class=\"wp-image-4581\" srcset=\"https:\/\/www.chancescook.com\/wp-content\/uploads\/2025\/01\/Stainless-Steel-Cooking-Utensils-Wholesaler-1.webp 750w, https:\/\/www.chancescook.com\/wp-content\/uploads\/2025\/01\/Stainless-Steel-Cooking-Utensils-Wholesaler-1-191x300.webp 191w, https:\/\/www.chancescook.com\/wp-content\/uploads\/2025\/01\/Stainless-Steel-Cooking-Utensils-Wholesaler-1-8x12.webp 8w, https:\/\/www.chancescook.com\/wp-content\/uploads\/2025\/01\/Stainless-Steel-Cooking-Utensils-Wholesaler-1-285x447.webp 285w, https:\/\/www.chancescook.com\/wp-content\/uploads\/2025\/01\/Stainless-Steel-Cooking-Utensils-Wholesaler-1-421x660.webp 421w, https:\/\/www.chancescook.com\/wp-content\/uploads\/2025\/01\/Stainless-Steel-Cooking-Utensils-Wholesaler-1-96x150.webp 96w\" sizes=\"(max-width: 750px) 100vw, 750px\" \/><\/figure>\n<\/div>\n<\/div>\n\n\n\n<div class=\"wp-block-columns is-layout-flex wp-container-core-columns-is-layout-9d6595d7 wp-block-columns-is-layout-flex\">\n<div class=\"wp-block-column is-layout-flow wp-block-column-is-layout-flow\">\n<figure class=\"wp-block-image size-full\"><img decoding=\"async\" width=\"750\" height=\"706\" src=\"https:\/\/www.chancescook.com\/wp-content\/uploads\/2025\/01\/Factory-Stainless-Steel-Cooking-Utensils-Supplier-1.jpg\" alt=\"\" class=\"wp-image-4578\" srcset=\"https:\/\/www.chancescook.com\/wp-content\/uploads\/2025\/01\/Factory-Stainless-Steel-Cooking-Utensils-Supplier-1.jpg 750w, https:\/\/www.chancescook.com\/wp-content\/uploads\/2025\/01\/Factory-Stainless-Steel-Cooking-Utensils-Supplier-1-300x282.jpg 300w, https:\/\/www.chancescook.com\/wp-content\/uploads\/2025\/01\/Factory-Stainless-Steel-Cooking-Utensils-Supplier-1-13x12.jpg 13w, https:\/\/www.chancescook.com\/wp-content\/uploads\/2025\/01\/Factory-Stainless-Steel-Cooking-Utensils-Supplier-1-285x268.jpg 285w, https:\/\/www.chancescook.com\/wp-content\/uploads\/2025\/01\/Factory-Stainless-Steel-Cooking-Utensils-Supplier-1-660x621.jpg 660w, https:\/\/www.chancescook.com\/wp-content\/uploads\/2025\/01\/Factory-Stainless-Steel-Cooking-Utensils-Supplier-1-150x141.jpg 150w\" sizes=\"(max-width: 750px) 100vw, 750px\" \/><\/figure>\n<\/div>\n\n\n\n<div class=\"wp-block-column is-layout-flow wp-block-column-is-layout-flow\">\n<figure class=\"wp-block-image size-full\"><img decoding=\"async\" width=\"750\" height=\"950\" src=\"https:\/\/www.chancescook.com\/wp-content\/uploads\/2025\/01\/Factory-Stainless-Steel-Cooking-Utensils-Supplier-1.webp\" alt=\"\" class=\"wp-image-4579\" srcset=\"https:\/\/www.chancescook.com\/wp-content\/uploads\/2025\/01\/Factory-Stainless-Steel-Cooking-Utensils-Supplier-1.webp 750w, https:\/\/www.chancescook.com\/wp-content\/uploads\/2025\/01\/Factory-Stainless-Steel-Cooking-Utensils-Supplier-1-237x300.webp 237w, https:\/\/www.chancescook.com\/wp-content\/uploads\/2025\/01\/Factory-Stainless-Steel-Cooking-Utensils-Supplier-1-9x12.webp 9w, https:\/\/www.chancescook.com\/wp-content\/uploads\/2025\/01\/Factory-Stainless-Steel-Cooking-Utensils-Supplier-1-285x361.webp 285w, https:\/\/www.chancescook.com\/wp-content\/uploads\/2025\/01\/Factory-Stainless-Steel-Cooking-Utensils-Supplier-1-521x660.webp 521w, https:\/\/www.chancescook.com\/wp-content\/uploads\/2025\/01\/Factory-Stainless-Steel-Cooking-Utensils-Supplier-1-118x150.webp 118w\" sizes=\"(max-width: 750px) 100vw, 750px\" \/><\/figure>\n<\/div>\n<\/div>","protected":false},"excerpt":{"rendered":"<p>Hecho de acero inoxidable de alta calidad, adecuado para una variedad de escenarios. Dise\u00f1o de superficie lisa para evitar residuos de alimentos, f\u00e1cil de limpiar, lavar a mano o lavavajillas, ahorra tiempo y mano de obra. Bienvenido a ponerse en contacto con nosotros para hacer un pedido. \u00a0<\/p>\n<h2>Caracter\u00edsticas y ventajas de los utensilios de cocina de acero inoxidable<\/h2>\n<p>&nbsp;<\/p>\n<ul>\n<li><strong>Acero inoxidable 304 de alta calidad<\/strong>: Hecho de material de acero inoxidable 304 de calidad alimentaria, robusto y duradero, resistente a la oxidaci\u00f3n y la corrosi\u00f3n para garantizar el uso a largo plazo, adecuado para una variedad de entornos al aire libre.<\/li>\n<li><strong>Set de cocina completo<\/strong>: 7 piezas de herramientas pr\u00e1cticas, para satisfacer sus diversas necesidades para cocinar al aire libre, haciendo su cocina de campo m\u00e1s conveniente.<\/li>\n<li><strong>Dise\u00f1o port\u00e1til<\/strong>: Cada herramienta est\u00e1 dise\u00f1ada para ser ligero y f\u00e1cil de llevar con una bolsa de almacenamiento port\u00e1til para facilitar la organizaci\u00f3n y el almacenamiento, adecuado para acampar, picnics, senderismo y otras diversas actividades al aire libre.<\/li>\n<li><strong>Saludable y seguro<\/strong>: Hecho de materiales de calidad alimentaria, sin sustancias nocivas, garantizar la seguridad alimentaria, utilizar con confianza.<\/li>\n<li><strong>F\u00e1cil de limpiar<\/strong>: Dise\u00f1o de superficie lisa para evitar residuos de comida, f\u00e1cil de limpiar, lavable a mano o en lavavajillas, ahorra tiempo y trabajo.<\/li>\n<li><strong>Uso multifuncional<\/strong>: No s\u00f3lo para cocinar en el campo, sino tambi\u00e9n en la cocina familiar, una amplia gama de aplicaciones y practicidad.<\/li>\n<li><strong>Resistencia a altas temperaturas<\/strong>: El material de acero inoxidable 304 es resistente a las altas temperaturas y no es f\u00e1cil de deformar, lo que garantiza su estabilidad y fiabilidad en entornos de altas temperaturas.<\/li>\n<li><strong>Almacenamiento compacto<\/strong>: Todas las herramientas se pueden guardar juntas de forma compacta, ahorran espacio, son f\u00e1ciles de transportar e ideales para actividades al aire libre.<\/li>\n<li><strong>Imprescindible para exteriores<\/strong>: Tanto si va de acampada, de picnic o de excursi\u00f3n, este juego de utensilios de cocina de acero inoxidable de 8 piezas es imprescindible para sus actividades al aire libre.<\/li>\n<\/ul>\n<p><strong>Ofrezca soluciones personalizadas de utensilios de cocina de acero inoxidable.<\/strong> <strong>Soporte OEM&amp;ODM personalizado utensilios de cocina de acero inoxidable.<\/strong> \u00a0<\/p>","protected":false},"featured_media":4559,"comment_status":"closed","ping_status":"closed","template":"","meta":{"_acf_changed":false},"product_brand":[],"product_cat":[54],"product_tag":[],"class_list":{"0":"post-4557","1":"product","2":"type-product","3":"status-publish","4":"has-post-thumbnail","6":"product_cat-camping-cookware-wholesale","8":"first","9":"instock","10":"shipping-taxable","11":"product-type-simple"},"acf":[],"_links":{"self":[{"href":"https:\/\/www.chancescook.com\/es\/wp-json\/wp\/v2\/product\/4557","targetHints":{"allow":["GET"]}}],"collection":[{"href":"https:\/\/www.chancescook.com\/es\/wp-json\/wp\/v2\/product"}],"about":[{"href":"https:\/\/www.chancescook.com\/es\/wp-json\/wp\/v2\/types\/product"}],"replies":[{"embeddable":true,"href":"https:\/\/www.chancescook.com\/es\/wp-json\/wp\/v2\/comments?post=4557"}],"wp:featuredmedia":[{"embeddable":true,"href":"https:\/\/www.chancescook.com\/es\/wp-json\/wp\/v2\/media\/4559"}],"wp:attachment":[{"href":"https:\/\/www.chancescook.com\/es\/wp-json\/wp\/v2\/media?parent=4557"}],"wp:term":[{"taxonomy":"product_brand","embeddable":true,"href":"https:\/\/www.chancescook.com\/es\/wp-json\/wp\/v2\/product_brand?post=4557"},{"taxonomy":"product_cat","embeddable":true,"href":"https:\/\/www.chancescook.com\/es\/wp-json\/wp\/v2\/product_cat?post=4557"},{"taxonomy":"product_tag","embeddable":true,"href":"https:\/\/www.chancescook.com\/es\/wp-json\/wp\/v2\/product_tag?post=4557"}],"curies":[{"name":"wp","href":"https:\/\/api.w.org\/{rel}","templated":true}]}}