{"id":4728,"date":"2025-02-22T02:36:38","date_gmt":"2025-02-22T02:36:38","guid":{"rendered":"https:\/\/www.chancescook.com\/?post_type=product&#038;p=4728"},"modified":"2025-12-21T13:50:45","modified_gmt":"2025-12-21T13:50:45","slug":"custom-snow-pan-wholesale","status":"publish","type":"product","link":"https:\/\/www.chancescook.com\/es\/producto\/custom-snow-pan-wholesale\/","title":{"rendered":"Custom Snow Pan Wholesale , 403 fabricante de utensilios de cocina de acero inoxidable"},"content":{"rendered":"<div class=\"wp-block-columns is-layout-flex wp-container-core-columns-is-layout-9d6595d7 wp-block-columns-is-layout-flex\">\n<div class=\"wp-block-column is-layout-flow wp-block-column-is-layout-flow\">\n<h3 class=\"wp-block-heading\">Par\u00e1metros de la bandeja de nieve de acero inoxidable<\/h3>\n\n\n\n<p><\/p>\n\n\n\n<ul class=\"wp-block-list\">\n<li>Material: Acero inoxidable 430 Acero inoxidable<\/li>\n\n\n\n<li>Grosor normal: 1,0 mm<\/li>\n\n\n\n<li>Talla: 18\/20\/22 cm<\/li>\n\n\n\n<li>Logotipo: Grabado l\u00e1ser\/Sello en relieve<\/li>\n\n\n\n<li>Cantidad m\u00ednima: 600 unidades<\/li>\n<\/ul>\n<\/div>\n\n\n\n<div class=\"wp-block-column is-layout-flow wp-block-column-is-layout-flow\">\n<h3 class=\"wp-block-heading\">Opciones de bandeja de nieve personalizadas<\/h3>\n\n\n\n<p><\/p>\n\n\n\n<ul class=\"wp-block-list\">\n<li>Logotipo: personalice el logotipo de su marca<\/li>\n\n\n\n<li>Material: Acero inoxidable 430<\/li>\n\n\n\n<li>Grosor del material: 1,0 mm<\/li>\n\n\n\n<li>Material de la tapa: Estilo\/Material<\/li>\n\n\n\n<li>Material del asa: Estilo\/Material<\/li>\n\n\n\n<li>Tratamiento de la superficie de contacto: Sin recubrimiento\/recubrimiento antiadherente<\/li>\n\n\n\n<li>Embalaje: caja de color\/cart\u00f3n, etc.<\/li>\n\n\n\n<li>Soluciones de sartenes personalizadas OEM y ODM<\/li>\n<\/ul>\n<\/div>\n<\/div>\n\n\n\n<div class=\"wp-block-columns is-layout-flex wp-container-core-columns-is-layout-9d6595d7 wp-block-columns-is-layout-flex\">\n<div class=\"wp-block-column is-layout-flow wp-block-column-is-layout-flow\">\n<figure class=\"wp-block-image size-full\"><img decoding=\"async\" width=\"790\" height=\"1053\" src=\"https:\/\/www.chancescook.com\/wp-content\/uploads\/2025\/02\/Custom-Stainless-Steel-Snow-Pot-2-edited.jpg\" alt=\"Mayorista de bandejas de nieve personalizadas (2)\" class=\"wp-image-4745\" srcset=\"https:\/\/www.chancescook.com\/wp-content\/uploads\/2025\/02\/Custom-Stainless-Steel-Snow-Pot-2-edited.jpg 790w, https:\/\/www.chancescook.com\/wp-content\/uploads\/2025\/02\/Custom-Stainless-Steel-Snow-Pot-2-edited-225x300.jpg 225w, https:\/\/www.chancescook.com\/wp-content\/uploads\/2025\/02\/Custom-Stainless-Steel-Snow-Pot-2-edited-768x1024.jpg 768w, https:\/\/www.chancescook.com\/wp-content\/uploads\/2025\/02\/Custom-Stainless-Steel-Snow-Pot-2-edited-9x12.jpg 9w, https:\/\/www.chancescook.com\/wp-content\/uploads\/2025\/02\/Custom-Stainless-Steel-Snow-Pot-2-edited-285x380.jpg 285w, https:\/\/www.chancescook.com\/wp-content\/uploads\/2025\/02\/Custom-Stainless-Steel-Snow-Pot-2-edited-495x660.jpg 495w, https:\/\/www.chancescook.com\/wp-content\/uploads\/2025\/02\/Custom-Stainless-Steel-Snow-Pot-2-edited-113x150.jpg 113w\" sizes=\"(max-width: 790px) 100vw, 790px\" \/><\/figure>\n<\/div>\n\n\n\n<div class=\"wp-block-column is-layout-flow wp-block-column-is-layout-flow\">\n<figure class=\"wp-block-image size-full\"><img decoding=\"async\" width=\"729\" height=\"972\" src=\"https:\/\/www.chancescook.com\/wp-content\/uploads\/2025\/02\/Custom-Stainless-Steel-Snow-Pot-4-edited.jpg\" alt=\"Bandeja de nieve de acero inoxidable personalizada (4)\" class=\"wp-image-4744\" srcset=\"https:\/\/www.chancescook.com\/wp-content\/uploads\/2025\/02\/Custom-Stainless-Steel-Snow-Pot-4-edited.jpg 729w, https:\/\/www.chancescook.com\/wp-content\/uploads\/2025\/02\/Custom-Stainless-Steel-Snow-Pot-4-edited-225x300.jpg 225w, https:\/\/www.chancescook.com\/wp-content\/uploads\/2025\/02\/Custom-Stainless-Steel-Snow-Pot-4-edited-9x12.jpg 9w, https:\/\/www.chancescook.com\/wp-content\/uploads\/2025\/02\/Custom-Stainless-Steel-Snow-Pot-4-edited-285x380.jpg 285w, https:\/\/www.chancescook.com\/wp-content\/uploads\/2025\/02\/Custom-Stainless-Steel-Snow-Pot-4-edited-495x660.jpg 495w, https:\/\/www.chancescook.com\/wp-content\/uploads\/2025\/02\/Custom-Stainless-Steel-Snow-Pot-4-edited-113x150.jpg 113w\" sizes=\"(max-width: 729px) 100vw, 729px\" \/><\/figure>\n<\/div>\n<\/div>\n\n\n\n<div class=\"wp-block-columns is-layout-flex wp-container-core-columns-is-layout-9d6595d7 wp-block-columns-is-layout-flex\">\n<div class=\"wp-block-column is-layout-flow wp-block-column-is-layout-flow\">\n<figure class=\"wp-block-image size-full\"><img decoding=\"async\" width=\"712\" height=\"1085\" src=\"https:\/\/www.chancescook.com\/wp-content\/uploads\/2025\/02\/Custom-Stainless-Steel-Snow-Pot-1.jpg\" alt=\"Olla de nieve de acero inoxidable personalizada (1)\" class=\"wp-image-4729\" srcset=\"https:\/\/www.chancescook.com\/wp-content\/uploads\/2025\/02\/Custom-Stainless-Steel-Snow-Pot-1.jpg 712w, https:\/\/www.chancescook.com\/wp-content\/uploads\/2025\/02\/Custom-Stainless-Steel-Snow-Pot-1-197x300.jpg 197w, https:\/\/www.chancescook.com\/wp-content\/uploads\/2025\/02\/Custom-Stainless-Steel-Snow-Pot-1-8x12.jpg 8w, https:\/\/www.chancescook.com\/wp-content\/uploads\/2025\/02\/Custom-Stainless-Steel-Snow-Pot-1-285x434.jpg 285w, https:\/\/www.chancescook.com\/wp-content\/uploads\/2025\/02\/Custom-Stainless-Steel-Snow-Pot-1-433x660.jpg 433w, https:\/\/www.chancescook.com\/wp-content\/uploads\/2025\/02\/Custom-Stainless-Steel-Snow-Pot-1-98x150.jpg 98w\" sizes=\"(max-width: 712px) 100vw, 712px\" \/><\/figure>\n<\/div>\n\n\n\n<div class=\"wp-block-column is-layout-flow wp-block-column-is-layout-flow\"><\/div>\n<\/div>\n\n\n\n<p><\/p>","protected":false},"excerpt":{"rendered":"<p>Proporcionamos servicio de venta al por mayor de sartenes antiadherentes para nieve de estilo japon\u00e9s de alta calidad. El dise\u00f1o del cuerpo es sencillo y elegante con una tapa a juego. Hay dos tipos de materiales de olla para que usted elija: 304 y 430. Todas ellas son muy adecuadas para picnics al aire libre o para cocinar en interiores. Tambi\u00e9n ofrecemos servicios de personalizaci\u00f3n, y podemos imprimir logotipos de marcas y embalajes personalizados seg\u00fan sus necesidades. P\u00f3ngase en contacto con nosotros para realizar su pedido.<\/p>\n<h2>Caracter\u00edsticas y ventajas de Snow Pan Wholesale<\/h2>\n<p>&nbsp;<\/p>\n<p><strong>F\u00e1cil asa de madera<\/strong>: El mango de madera de la olla de nieve est\u00e1 muy bien elaborado, es f\u00e1cil de sujetar y act\u00faa como un buen disipador del calor, lo que facilita su manejo a los cocineros. Tanto si busca opciones de ollas de nieve al por mayor como un dise\u00f1o personalizado, el mango garantiza un agarre c\u00f3modo.<\/p>\n<p><strong>Vertedores dobles<\/strong>: Esta olla de nieve cuenta con orificios de vertido en ambos lados, lo que permite verter el aceite sin derrames y la hace apta tanto para diestros como para zurdos. Una elecci\u00f3n perfecta para cualquiera que busque utensilios de cocina de acero inoxidable 430 personalizados con una funcionalidad bien pensada.<\/p>\n<p><strong>Compatibilidad flexible<\/strong>: La olla de nieve es compatible con varias superficies de cocci\u00f3n, incluyendo ollas de nieve, estufas de gas, cocinas de inducci\u00f3n u hornos de inducci\u00f3n, d\u00e1ndole la m\u00e1xima flexibilidad en la cocina.<\/p>\n<p><strong>Distribuci\u00f3n uniforme del calor<\/strong>: El fondo de acero inoxidable garantiza una distribuci\u00f3n uniforme del calor, evitando los puntos calientes, lo que ayuda a conservar el sabroso sabor de los alimentos y a ahorrar energ\u00eda. Es una excelente opci\u00f3n para los interesados en productos al por mayor de sartenes de nieve de alta calidad.<\/p>\n<p><strong>Asa de dise\u00f1o fresco<\/strong>: El mango est\u00e1 dise\u00f1ado para proporcionar un flujo de aire superior, manteni\u00e9ndolo fr\u00edo al tacto incluso a altas temperaturas. Esto a\u00f1ade seguridad y comodidad adicionales durante la cocci\u00f3n, por lo que es una opci\u00f3n ideal para las necesidades de utensilios de cocina de acero inoxidable 430 personalizados.<\/p>\n<p><strong>Doble remache para mayor durabilidad<\/strong>: El mango est\u00e1 doblemente remachado para mayor durabilidad, asegurando una vida m\u00e1s larga para su olla de nieve y proporcionando una experiencia de cocci\u00f3n c\u00f3moda y segura en todo momento.<\/p>","protected":false},"featured_media":5777,"comment_status":"closed","ping_status":"closed","template":"","meta":{"_acf_changed":false},"product_brand":[],"product_cat":[52,69],"product_tag":[],"class_list":{"0":"post-4728","1":"product","2":"type-product","3":"status-publish","4":"has-post-thumbnail","6":"product_cat-cookware-wholesale","7":"product_cat-snow-pan-wholesaler","9":"first","10":"instock","11":"shipping-taxable","12":"product-type-simple"},"acf":[],"_links":{"self":[{"href":"https:\/\/www.chancescook.com\/es\/wp-json\/wp\/v2\/product\/4728","targetHints":{"allow":["GET"]}}],"collection":[{"href":"https:\/\/www.chancescook.com\/es\/wp-json\/wp\/v2\/product"}],"about":[{"href":"https:\/\/www.chancescook.com\/es\/wp-json\/wp\/v2\/types\/product"}],"replies":[{"embeddable":true,"href":"https:\/\/www.chancescook.com\/es\/wp-json\/wp\/v2\/comments?post=4728"}],"wp:featuredmedia":[{"embeddable":true,"href":"https:\/\/www.chancescook.com\/es\/wp-json\/wp\/v2\/media\/5777"}],"wp:attachment":[{"href":"https:\/\/www.chancescook.com\/es\/wp-json\/wp\/v2\/media?parent=4728"}],"wp:term":[{"taxonomy":"product_brand","embeddable":true,"href":"https:\/\/www.chancescook.com\/es\/wp-json\/wp\/v2\/product_brand?post=4728"},{"taxonomy":"product_cat","embeddable":true,"href":"https:\/\/www.chancescook.com\/es\/wp-json\/wp\/v2\/product_cat?post=4728"},{"taxonomy":"product_tag","embeddable":true,"href":"https:\/\/www.chancescook.com\/es\/wp-json\/wp\/v2\/product_tag?post=4728"}],"curies":[{"name":"wp","href":"https:\/\/api.w.org\/{rel}","templated":true}]}}