{"id":5130,"date":"2025-07-07T16:31:49","date_gmt":"2025-07-07T16:31:49","guid":{"rendered":"https:\/\/www.chancescook.com\/?post_type=product&#038;p=5130"},"modified":"2025-12-20T08:43:53","modified_gmt":"2025-12-20T08:43:53","slug":"custom-camping-cups-stainless-steel","status":"publish","type":"product","link":"https:\/\/www.chancescook.com\/es\/producto\/custom-camping-cups-stainless-steel\/","title":{"rendered":"Custom Camping Tazas de acero inoxidable 304 con asa plegable Mayorista"},"content":{"rendered":"<div class=\"wp-block-columns is-layout-flex wp-container-core-columns-is-layout-9d6595d7 wp-block-columns-is-layout-flex\">\n<div class=\"wp-block-column is-layout-flow wp-block-column-is-layout-flow\">\n<h2 class=\"wp-block-heading\">Par\u00e1metros de las tazas de camping de acero inoxidable<\/h2>\n\n\n\n<ul class=\"wp-block-list\">\n<li>Tipo:<strong><a href=\"https:\/\/www.chancescook.com\/es\/categoria-producto\/camping-cookware-wholesale\/\">Cocina de camping<\/a><\/strong><\/li>\n\n\n\n<li>Material: acero inoxidable 201\/304<\/li>\n\n\n\n<li>Capacidad: 300 ml<\/li>\n\n\n\n<li>Logotipo: Grabado l\u00e1ser<\/li>\n\n\n\n<li>Aplicaci\u00f3n: Camping Cocina<\/li>\n\n\n\n<li>MOQ: 1000 piezas<\/li>\n<\/ul>\n<\/div>\n\n\n\n<div class=\"wp-block-column is-layout-flow wp-block-column-is-layout-flow\">\n<h2 class=\"wp-block-heading\">Opciones de tazas de camping personalizadas<\/h2>\n\n\n\n<ul class=\"wp-block-list\">\n<li>Logotipo: personalice el logotipo de su marca<\/li>\n\n\n\n<li>Material: Acero inoxidable SUS304\/SUS201<\/li>\n\n\n\n<li>Material de la tapa: Estilo \/ Material<\/li>\n\n\n\n<li>Material del asa: Estilo\/Material<\/li>\n\n\n\n<li>Tratamiento de la superficie de contacto: Sin recubrimiento\/recubrimiento antiadherente<\/li>\n\n\n\n<li>Embalaje: caja de color\/cart\u00f3n, etc.<\/li>\n\n\n\n<li><strong><a href=\"https:\/\/www.chancescook.com\/es\/custom-cookware\/\">Soluciones de tazas de camping de acero inoxidable personalizadas OEM y ODM<\/a><\/strong><\/li>\n<\/ul>\n<\/div>\n<\/div>\n\n\n\n<div class=\"wp-block-columns is-layout-flex wp-container-core-columns-is-layout-9d6595d7 wp-block-columns-is-layout-flex\">\n<div class=\"wp-block-column is-layout-flow wp-block-column-is-layout-flow\">\n<figure class=\"wp-block-image size-full\"><img decoding=\"async\" width=\"748\" height=\"748\" src=\"https:\/\/www.chancescook.com\/wp-content\/uploads\/2025\/07\/Custom-Camping-Cups-Stainless-Steel-1-edited.webp\" alt=\"Tazas de camping personalizadas de acero inoxidable (1)\" class=\"wp-image-5134\" srcset=\"https:\/\/www.chancescook.com\/wp-content\/uploads\/2025\/07\/Custom-Camping-Cups-Stainless-Steel-1-edited.webp 748w, https:\/\/www.chancescook.com\/wp-content\/uploads\/2025\/07\/Custom-Camping-Cups-Stainless-Steel-1-edited-300x300.webp 300w, https:\/\/www.chancescook.com\/wp-content\/uploads\/2025\/07\/Custom-Camping-Cups-Stainless-Steel-1-edited-150x150.webp 150w, https:\/\/www.chancescook.com\/wp-content\/uploads\/2025\/07\/Custom-Camping-Cups-Stainless-Steel-1-edited-12x12.webp 12w, https:\/\/www.chancescook.com\/wp-content\/uploads\/2025\/07\/Custom-Camping-Cups-Stainless-Steel-1-edited-285x285.webp 285w, https:\/\/www.chancescook.com\/wp-content\/uploads\/2025\/07\/Custom-Camping-Cups-Stainless-Steel-1-edited-270x270.webp 270w, https:\/\/www.chancescook.com\/wp-content\/uploads\/2025\/07\/Custom-Camping-Cups-Stainless-Steel-1-edited-540x540.webp 540w, https:\/\/www.chancescook.com\/wp-content\/uploads\/2025\/07\/Custom-Camping-Cups-Stainless-Steel-1-edited-660x660.webp 660w\" sizes=\"(max-width: 748px) 100vw, 748px\" \/><\/figure>\n<\/div>\n\n\n\n<div class=\"wp-block-column is-layout-flow wp-block-column-is-layout-flow\">\n<figure class=\"wp-block-image size-full\"><img decoding=\"async\" width=\"747\" height=\"747\" src=\"https:\/\/www.chancescook.com\/wp-content\/uploads\/2025\/07\/Custom-Camping-Cups-Stainless-Steel-3-edited.webp\" alt=\"Tazas de camping personalizadas de acero inoxidable (3)\" class=\"wp-image-5135\" srcset=\"https:\/\/www.chancescook.com\/wp-content\/uploads\/2025\/07\/Custom-Camping-Cups-Stainless-Steel-3-edited.webp 747w, https:\/\/www.chancescook.com\/wp-content\/uploads\/2025\/07\/Custom-Camping-Cups-Stainless-Steel-3-edited-300x300.webp 300w, https:\/\/www.chancescook.com\/wp-content\/uploads\/2025\/07\/Custom-Camping-Cups-Stainless-Steel-3-edited-150x150.webp 150w, https:\/\/www.chancescook.com\/wp-content\/uploads\/2025\/07\/Custom-Camping-Cups-Stainless-Steel-3-edited-12x12.webp 12w, https:\/\/www.chancescook.com\/wp-content\/uploads\/2025\/07\/Custom-Camping-Cups-Stainless-Steel-3-edited-285x285.webp 285w, https:\/\/www.chancescook.com\/wp-content\/uploads\/2025\/07\/Custom-Camping-Cups-Stainless-Steel-3-edited-270x270.webp 270w, https:\/\/www.chancescook.com\/wp-content\/uploads\/2025\/07\/Custom-Camping-Cups-Stainless-Steel-3-edited-540x540.webp 540w, https:\/\/www.chancescook.com\/wp-content\/uploads\/2025\/07\/Custom-Camping-Cups-Stainless-Steel-3-edited-660x660.webp 660w\" sizes=\"(max-width: 747px) 100vw, 747px\" \/><\/figure>\n<\/div>\n<\/div>\n\n\n\n<p><strong>\u00a1Bienvenido a ponerse en contacto con un profesional de acero inoxidable tazas de camping mayorista para obtener cotizaciones de productos y personalizar su marca al aire libre taza de agua de la serie!<\/strong><\/p>\n\n\n\n<p><\/p>","protected":false},"excerpt":{"rendered":"<p>Somos un mayorista profesional de vasos de acero inoxidable para camping, que suministra vasos de agua de acero inoxidable de alta calidad para suministros de hosteler\u00eda, empresas de catering y mayoristas de suministros para exteriores desde hace mucho tiempo. Este producto admite la personalizaci\u00f3n OEM\/ODM, adecuada para clientes con necesidades de marca personalizadas para crear vasos de camping personalizados exclusivos. \u00a1Bienvenido a preguntar!<\/p>\n<h3>Ventajas de las tazas de camping de acero inoxidable 304<\/h3>\n<ol>\n<li><strong>Material de acero inoxidable 304<\/strong>: Hecho de acero inoxidable 304, tiene una excelente resistencia a la corrosi\u00f3n y durabilidad. Es una opci\u00f3n ideal para el agua potable al aire libre y uno de los productos m\u00e1s vendidos de acero inoxidable camping tazas mayorista.<\/li>\n<li><strong>Acero inoxidable engrosado de calidad alimentaria<\/strong>: Utilizando material espesado de calidad alimentaria, es seguro e higi\u00e9nico, resistente y duradero. No produce olores ni sustancias nocivas tras un uso prolongado. Es adecuado para el desarrollo de l\u00edneas de productos de tazas de camping personalizadas de alta calidad.<\/li>\n<li><strong>No se deforma f\u00e1cilmente<\/strong>: Tiene buena estabilidad y resistencia a la presi\u00f3n, no es f\u00e1cil de deformar bajo alta temperatura o fuerza externa, puede mantener la forma y funci\u00f3n del cuerpo de la copa, y es un equipo fiable para uso estable en ambientes exteriores.<\/li>\n<li><strong>Artesan\u00eda de alta calidad<\/strong>material fino, mano de obra exquisita, aspecto hermoso, que combina la durabilidad y la belleza visual, adecuado para tazas de camping de acero inoxidable clientes mayoristas para ampliar el mercado de gama media-alta.<\/li>\n<li><strong>F\u00e1cil de limpiar<\/strong>: La superficie de la taza es lisa, f\u00e1cil de limpiar, c\u00f3moda y r\u00e1pida, y mantiene el agua potable higi\u00e9nica. Es adecuado para camping, hoteles, buffets, y otras escenas. Especialmente adecuado para tazas de camping personalizadas con un LOGO personalizado.<\/li>\n<\/ol>\n<h3>Del fabricante Camping Kitchen Essentials :<\/h3>\n<p>Suministro directo a precio de f\u00e1brica, lo que ayuda a los clientes mayoristas a obtener mayores m\u00e1rgenes de beneficio. Puede ofrecer a los clientes la personalizaci\u00f3n de la etiqueta privada y el envase, crear tazas de camping personalizadas de marca exclusiva y mejorar el reconocimiento y la competitividad de los productos en el mercado.<\/p>","protected":false},"featured_media":5738,"comment_status":"closed","ping_status":"closed","template":"","meta":{"_acf_changed":false},"product_brand":[],"product_cat":[54],"product_tag":[],"class_list":{"0":"post-5130","1":"product","2":"type-product","3":"status-publish","4":"has-post-thumbnail","6":"product_cat-camping-cookware-wholesale","8":"first","9":"instock","10":"shipping-taxable","11":"product-type-simple"},"acf":[],"_links":{"self":[{"href":"https:\/\/www.chancescook.com\/es\/wp-json\/wp\/v2\/product\/5130","targetHints":{"allow":["GET"]}}],"collection":[{"href":"https:\/\/www.chancescook.com\/es\/wp-json\/wp\/v2\/product"}],"about":[{"href":"https:\/\/www.chancescook.com\/es\/wp-json\/wp\/v2\/types\/product"}],"replies":[{"embeddable":true,"href":"https:\/\/www.chancescook.com\/es\/wp-json\/wp\/v2\/comments?post=5130"}],"wp:featuredmedia":[{"embeddable":true,"href":"https:\/\/www.chancescook.com\/es\/wp-json\/wp\/v2\/media\/5738"}],"wp:attachment":[{"href":"https:\/\/www.chancescook.com\/es\/wp-json\/wp\/v2\/media?parent=5130"}],"wp:term":[{"taxonomy":"product_brand","embeddable":true,"href":"https:\/\/www.chancescook.com\/es\/wp-json\/wp\/v2\/product_brand?post=5130"},{"taxonomy":"product_cat","embeddable":true,"href":"https:\/\/www.chancescook.com\/es\/wp-json\/wp\/v2\/product_cat?post=5130"},{"taxonomy":"product_tag","embeddable":true,"href":"https:\/\/www.chancescook.com\/es\/wp-json\/wp\/v2\/product_tag?post=5130"}],"curies":[{"name":"wp","href":"https:\/\/api.w.org\/{rel}","templated":true}]}}