{"id":5136,"date":"2025-07-07T16:58:06","date_gmt":"2025-07-07T16:58:06","guid":{"rendered":"https:\/\/www.chancescook.com\/?post_type=product&#038;p=5136"},"modified":"2025-12-20T08:47:07","modified_gmt":"2025-12-20T08:47:07","slug":"wholesale-camping-kettle","status":"publish","type":"product","link":"https:\/\/www.chancescook.com\/es\/producto\/wholesale-camping-kettle\/","title":{"rendered":"Mayorista Hervidor de Camping Acero Inoxidable 1.2L Travel Coffee Tea Pot Fabricante"},"content":{"rendered":"<div class=\"wp-block-columns is-layout-flex wp-container-core-columns-is-layout-9d6595d7 wp-block-columns-is-layout-flex\">\n<div class=\"wp-block-column is-layout-flow wp-block-column-is-layout-flow\">\n<h2 class=\"wp-block-heading\">Par\u00e1metro del hervidor de camping:<\/h2>\n\n\n\n<ul class=\"wp-block-list\">\n<li>Tipo:<strong><a href=\"https:\/\/www.chancescook.com\/es\/categoria-producto\/camping-cookware-wholesale\/\">Cocina de camping<\/a><\/strong><\/li>\n\n\n\n<li>Material: Acero inoxidable 304<\/li>\n\n\n\n<li>Capacidad: 1,2 l<\/li>\n\n\n\n<li><strong>Color:<\/strong>\u00a0Plata<\/li>\n\n\n\n<li>Logotipo: Grabado l\u00e1ser<\/li>\n\n\n\n<li>MOQ: 1000 piezas<\/li>\n<\/ul>\n<\/div>\n\n\n\n<div class=\"wp-block-column is-layout-flow wp-block-column-is-layout-flow\">\n<h2 class=\"wp-block-heading\">Opciones de hervidor de camping a medida<\/h2>\n\n\n\n<ul class=\"wp-block-list\">\n<li>Logotipo: personalice el logotipo de su marca<\/li>\n\n\n\n<li>Material: Acero inoxidable SUS304\/SUS201<\/li>\n\n\n\n<li>Material de la tapa: Estilo \/ Material<\/li>\n\n\n\n<li>Material del asa: Estilo\/Material<\/li>\n\n\n\n<li>Tratamiento de la superficie de contacto: Sin recubrimiento\/recubrimiento antiadherente<\/li>\n\n\n\n<li>Embalaje: caja de color\/cart\u00f3n, etc.<\/li>\n\n\n\n<li>Soluciones de hervidor de camping personalizadas OEM y ODM<\/li>\n<\/ul>\n<\/div>\n<\/div>\n\n\n\n<div class=\"wp-block-columns is-layout-flex wp-container-core-columns-is-layout-9d6595d7 wp-block-columns-is-layout-flex\">\n<div class=\"wp-block-column is-layout-flow wp-block-column-is-layout-flow\">\n<figure class=\"wp-block-image size-full\"><img decoding=\"async\" width=\"750\" height=\"754\" src=\"https:\/\/www.chancescook.com\/wp-content\/uploads\/2025\/07\/Wholesale-Camping-Kettle-Sizes.webp\" alt=\"Tama\u00f1os de hervidores de camping al por mayor\" class=\"wp-image-5138\" srcset=\"https:\/\/www.chancescook.com\/wp-content\/uploads\/2025\/07\/Wholesale-Camping-Kettle-Sizes.webp 750w, https:\/\/www.chancescook.com\/wp-content\/uploads\/2025\/07\/Wholesale-Camping-Kettle-Sizes-298x300.webp 298w, https:\/\/www.chancescook.com\/wp-content\/uploads\/2025\/07\/Wholesale-Camping-Kettle-Sizes-150x150.webp 150w, https:\/\/www.chancescook.com\/wp-content\/uploads\/2025\/07\/Wholesale-Camping-Kettle-Sizes-12x12.webp 12w, https:\/\/www.chancescook.com\/wp-content\/uploads\/2025\/07\/Wholesale-Camping-Kettle-Sizes-285x287.webp 285w, https:\/\/www.chancescook.com\/wp-content\/uploads\/2025\/07\/Wholesale-Camping-Kettle-Sizes-270x270.webp 270w, https:\/\/www.chancescook.com\/wp-content\/uploads\/2025\/07\/Wholesale-Camping-Kettle-Sizes-656x660.webp 656w\" sizes=\"(max-width: 750px) 100vw, 750px\" \/><figcaption class=\"wp-element-caption\">Tama\u00f1o de la tetera de camping<\/figcaption><\/figure>\n<\/div>\n\n\n\n<div class=\"wp-block-column is-layout-flow wp-block-column-is-layout-flow\">\n<figure class=\"wp-block-image size-full\"><img decoding=\"async\" width=\"800\" height=\"800\" src=\"https:\/\/www.chancescook.com\/wp-content\/uploads\/2025\/07\/Stainless-SteelCamping-Kettle-Wholesaler.webp\" alt=\"Acero inoxidableHervidor de camping Mayorista\" class=\"wp-image-5137\" srcset=\"https:\/\/www.chancescook.com\/wp-content\/uploads\/2025\/07\/Stainless-SteelCamping-Kettle-Wholesaler.webp 800w, https:\/\/www.chancescook.com\/wp-content\/uploads\/2025\/07\/Stainless-SteelCamping-Kettle-Wholesaler-300x300.webp 300w, https:\/\/www.chancescook.com\/wp-content\/uploads\/2025\/07\/Stainless-SteelCamping-Kettle-Wholesaler-150x150.webp 150w, https:\/\/www.chancescook.com\/wp-content\/uploads\/2025\/07\/Stainless-SteelCamping-Kettle-Wholesaler-768x768.webp 768w, https:\/\/www.chancescook.com\/wp-content\/uploads\/2025\/07\/Stainless-SteelCamping-Kettle-Wholesaler-12x12.webp 12w, https:\/\/www.chancescook.com\/wp-content\/uploads\/2025\/07\/Stainless-SteelCamping-Kettle-Wholesaler-285x285.webp 285w, https:\/\/www.chancescook.com\/wp-content\/uploads\/2025\/07\/Stainless-SteelCamping-Kettle-Wholesaler-270x270.webp 270w, https:\/\/www.chancescook.com\/wp-content\/uploads\/2025\/07\/Stainless-SteelCamping-Kettle-Wholesaler-540x540.webp 540w, https:\/\/www.chancescook.com\/wp-content\/uploads\/2025\/07\/Stainless-SteelCamping-Kettle-Wholesaler-660x660.webp 660w\" sizes=\"(max-width: 800px) 100vw, 800px\" \/><figcaption class=\"wp-element-caption\">Hervidor de camping de acero inoxidable<\/figcaption><\/figure>\n<\/div>\n<\/div>\n\n\n\n<p><\/p>","protected":false},"excerpt":{"rendered":"<p>Somos un mayorista con experiencia en hervidores de camping de acero inoxidable y ofrecemos hervidores de camping al por mayor de alta calidad. Acero inoxidable 304 de calidad alimentaria, duradero, resistente a la corrosi\u00f3n, indeformable, admite personalizaci\u00f3n OEM. \u00a1P\u00f3ngase en contacto con nosotros ahora para obtener muestras gratuitas y cotizaciones!<\/p>\n<h3>Ventajas del hervidor de camping de acero inoxidable<\/h3>\n<div class=\"QcsUad BDJ8fb BLojaf sMVRZe hCXDsb wneUed\">\n<div class=\"usGWQd\">\n<div class=\"KkbLmb\">\n<div class=\"lRu31\" dir=\"ltr\">\n<ol>\n<li><strong>Material de acero inoxidable 304<\/strong>: Fabricado en acero inoxidable 304, tiene una excelente resistencia a la corrosi\u00f3n y durabilidad. No se oxida ni se corroe despu\u00e9s de un uso prolongado, y es muy adecuado para el uso al aire libre a largo plazo. Es una opci\u00f3n popular para los mayoristas profesionales de hervidores de camping de acero inoxidable y hervidores de camping al por mayor.<\/li>\n<li><strong>Acero inoxidable engrosado de calidad alimentaria<\/strong>: Se selecciona acero inoxidable engrosado de calidad alimentaria, que es seguro, higi\u00e9nico, resistente y duradero. No produce olores ni sustancias nocivas tras un uso prolongado. Es adecuado para el desarrollo de productos de marca al por mayor camping hervidores.<\/li>\n<li><strong>No se deforma f\u00e1cilmente<\/strong>: Tiene una buena estabilidad y capacidad antideformaci\u00f3n, y puede mantener la forma y la funci\u00f3n del cuerpo de la tetera en entornos de alta temperatura o alta presi\u00f3n. Es muy adecuado para grupos de clientes mayoristas de hervidores de camping de acero inoxidable con requisitos de calidad.<\/li>\n<li><strong>F\u00e1cil de limpiar<\/strong>: La superficie del cuerpo del hervidor es lisa, f\u00e1cil de limpiar, mantiene el agua potable higi\u00e9nica y mejora la experiencia del usuario. Es apto para la personalizaci\u00f3n OEM y ayuda a los clientes mayoristas de hervidores de camping de acero inoxidable a crear l\u00edneas de productos exclusivas.<\/li>\n<li><strong>Fondo plano de calentamiento r\u00e1pido:\u00a0<\/strong>Fondo plano engrosado, calentamiento uniforme y eficiente, m\u00e1s conveniente para hervir agua al aire libre.<\/li>\n<\/ol>\n<\/div>\n<\/div>\n<\/div>\n<\/div>","protected":false},"featured_media":5739,"comment_status":"closed","ping_status":"closed","template":"","meta":{"_acf_changed":false},"product_brand":[],"product_cat":[54],"product_tag":[],"class_list":{"0":"post-5136","1":"product","2":"type-product","3":"status-publish","4":"has-post-thumbnail","6":"product_cat-camping-cookware-wholesale","8":"first","9":"instock","10":"shipping-taxable","11":"product-type-simple"},"acf":[],"_links":{"self":[{"href":"https:\/\/www.chancescook.com\/es\/wp-json\/wp\/v2\/product\/5136","targetHints":{"allow":["GET"]}}],"collection":[{"href":"https:\/\/www.chancescook.com\/es\/wp-json\/wp\/v2\/product"}],"about":[{"href":"https:\/\/www.chancescook.com\/es\/wp-json\/wp\/v2\/types\/product"}],"replies":[{"embeddable":true,"href":"https:\/\/www.chancescook.com\/es\/wp-json\/wp\/v2\/comments?post=5136"}],"wp:featuredmedia":[{"embeddable":true,"href":"https:\/\/www.chancescook.com\/es\/wp-json\/wp\/v2\/media\/5739"}],"wp:attachment":[{"href":"https:\/\/www.chancescook.com\/es\/wp-json\/wp\/v2\/media?parent=5136"}],"wp:term":[{"taxonomy":"product_brand","embeddable":true,"href":"https:\/\/www.chancescook.com\/es\/wp-json\/wp\/v2\/product_brand?post=5136"},{"taxonomy":"product_cat","embeddable":true,"href":"https:\/\/www.chancescook.com\/es\/wp-json\/wp\/v2\/product_cat?post=5136"},{"taxonomy":"product_tag","embeddable":true,"href":"https:\/\/www.chancescook.com\/es\/wp-json\/wp\/v2\/product_tag?post=5136"}],"curies":[{"name":"wp","href":"https:\/\/api.w.org\/{rel}","templated":true}]}}