{"id":5140,"date":"2025-07-07T17:57:06","date_gmt":"2025-07-07T17:57:06","guid":{"rendered":"https:\/\/www.chancescook.com\/?post_type=product&#038;p=5140"},"modified":"2025-12-22T10:32:59","modified_gmt":"2025-12-22T10:32:59","slug":"stainless-steel-camping-cookware-wholesale","status":"publish","type":"product","link":"https:\/\/www.chancescook.com\/es\/producto\/stainless-steel-camping-cookware-wholesale\/","title":{"rendered":"Utensilios de cocina de acero inoxidable para camping al por mayor Proveedor de utensilios de cocina port\u00e1tiles"},"content":{"rendered":"<div class=\"wp-block-columns is-layout-flex wp-container-core-columns-is-layout-9d6595d7 wp-block-columns-is-layout-flex\">\n<div class=\"wp-block-column is-layout-flow wp-block-column-is-layout-flow\">\n<h2 class=\"wp-block-heading\">Par\u00e1metros de la bater\u00eda de cocina de acero inoxidable para camping<\/h2>\n\n\n\n<ul class=\"wp-block-list\">\n<li>Tipo:<strong><a href=\"https:\/\/www.chancescook.com\/es\/categoria-producto\/camping-cookware-wholesale\/\">Cocina de camping<\/a><\/strong><\/li>\n\n\n\n<li><strong>Grosor normal<\/strong>: 0,5 mm<\/li>\n\n\n\n<li><strong>Talla<\/strong>: 20cm \/ 24cm<\/li>\n\n\n\n<li><strong>Capacidad:<\/strong> 2.0-4.0L<\/li>\n\n\n\n<li><strong>Logotipo<\/strong>: Grabado por l\u00e1ser<\/li>\n\n\n\n<li><strong>MOQ<\/strong>: 1000 unidades<\/li>\n<\/ul>\n\n\n\n<h2 class=\"wp-block-heading\">Opciones personalizadas de utensilios de cocina para camping<\/h2>\n\n\n\n<ul class=\"wp-block-list\">\n<li><strong>Logotipo: <\/strong>Personalice el logotipo de su marca<\/li>\n\n\n\n<li><strong>Material<\/strong>: Acero inoxidable SUS304\/SUS201<\/li>\n\n\n\n<li><strong>Grosor del material<\/strong>: 0,5 mm<\/li>\n\n\n\n<li><strong>Material de la tapa<\/strong>: Estilo \/ Material<\/li>\n\n\n\n<li><strong>Material del asa<\/strong>: Estilo\/Material<\/li>\n\n\n\n<li><strong>Tratamiento de la superficie de contacto<\/strong>: Sin revestimiento\/revestimiento antiadherente<\/li>\n\n\n\n<li><strong>Embalaje<\/strong>: color caja\/cart\u00f3n, etc<\/li>\n\n\n\n<li><strong><a href=\"https:\/\/www.chancescook.com\/es\/custom-cookware\/\">Soluciones de tazas de camping de acero inoxidable personalizadas OEM y ODM<\/a><\/strong><\/li>\n<\/ul>\n<\/div>\n\n\n\n<div class=\"wp-block-column is-layout-flow wp-block-column-is-layout-flow\">\n<figure class=\"wp-block-image size-full\"><img decoding=\"async\" width=\"800\" height=\"800\" src=\"https:\/\/www.chancescook.com\/wp-content\/uploads\/2025\/07\/Stainless-Steel-Camping-Cookware-Wholesale_1.webp\" alt=\"Bater\u00eda de cocina de acero inoxidable al por mayor_1\" class=\"wp-image-5142\" srcset=\"https:\/\/www.chancescook.com\/wp-content\/uploads\/2025\/07\/Stainless-Steel-Camping-Cookware-Wholesale_1.webp 800w, https:\/\/www.chancescook.com\/wp-content\/uploads\/2025\/07\/Stainless-Steel-Camping-Cookware-Wholesale_1-300x300.webp 300w, https:\/\/www.chancescook.com\/wp-content\/uploads\/2025\/07\/Stainless-Steel-Camping-Cookware-Wholesale_1-150x150.webp 150w, https:\/\/www.chancescook.com\/wp-content\/uploads\/2025\/07\/Stainless-Steel-Camping-Cookware-Wholesale_1-768x768.webp 768w, https:\/\/www.chancescook.com\/wp-content\/uploads\/2025\/07\/Stainless-Steel-Camping-Cookware-Wholesale_1-12x12.webp 12w, https:\/\/www.chancescook.com\/wp-content\/uploads\/2025\/07\/Stainless-Steel-Camping-Cookware-Wholesale_1-285x285.webp 285w, https:\/\/www.chancescook.com\/wp-content\/uploads\/2025\/07\/Stainless-Steel-Camping-Cookware-Wholesale_1-270x270.webp 270w, https:\/\/www.chancescook.com\/wp-content\/uploads\/2025\/07\/Stainless-Steel-Camping-Cookware-Wholesale_1-540x540.webp 540w, https:\/\/www.chancescook.com\/wp-content\/uploads\/2025\/07\/Stainless-Steel-Camping-Cookware-Wholesale_1-660x660.webp 660w\" sizes=\"(max-width: 800px) 100vw, 800px\" \/><\/figure>\n<\/div>\n<\/div>\n\n\n\n<p><\/p>","protected":false},"excerpt":{"rendered":"<p>Somos proveedores profesionales de utensilios de cocina de acero inoxidable para camping, ofrecemos utensilios de cocina de alta calidad al por mayor para camping, con soporte para personalizaci\u00f3n OEM\/ODM, adecuados para camping, picnics, senderismo y otras escenas, duraderos y f\u00e1ciles de limpiar. \u00a1P\u00f3ngase en contacto con nosotros ahora para obtener una cotizaci\u00f3n de la muestra!<\/p>\n<h3>Bater\u00eda de cocina de acero inoxidable para camping Caracter\u00edsticas y ventajas<\/h3>\n<ol>\n<li><strong>Acero inoxidable 304 de alta calidad<\/strong>: Fabricado en acero inoxidable 304 de calidad alimentaria, es resistente a las altas temperaturas, la oxidaci\u00f3n y la corrosi\u00f3n, lo que garantiza la estabilidad a largo plazo y adecuado para diversos entornos al aire libre. Es favorecido por los compradores al por mayor de utensilios de cocina de camping.<\/li>\n<li><strong>Dise\u00f1o port\u00e1til<\/strong>: Cada herramienta es ligera y viene con una bolsa de almacenamiento port\u00e1til, que es conveniente para el almacenamiento y el transporte. Es adecuado para actividades al aire libre como camping, picnics y monta\u00f1ismo. Recomendado por proveedores profesionales de utensilios de cocina de acero inoxidable para camping.<\/li>\n<li><strong>Salud y seguridad<\/strong>: Utilizan materiales de seguridad aptos para uso alimentario, no contienen sustancias nocivas, garantizan la higiene de los alimentos y pueden utilizarse con confianza.<\/li>\n<li><strong>F\u00e1cil de limpiar<\/strong>: El dise\u00f1o de superficie lisa evita eficazmente los restos de comida, se puede lavar a mano o meter en el lavavajillas, ahorrando tiempo de limpieza y mano de obra.<\/li>\n<li><strong>Uso vers\u00e1til<\/strong>: No s\u00f3lo es adecuado para cocinar al aire libre, sino tambi\u00e9n adecuado para cocinas dom\u00e9sticas, es muy pr\u00e1ctico y adecuado para la personalizaci\u00f3n en masa de utensilios de cocina de camping al por mayor.<\/li>\n<li><strong>Dise\u00f1o de almacenamiento compacto<\/strong>: M\u00faltiples conjuntos se pueden almacenar cuidadosamente, ahorrando espacio, son f\u00e1ciles de llevar, especialmente adecuado para las necesidades port\u00e1tiles al aire libre.<\/li>\n<\/ol>","protected":false},"featured_media":5824,"comment_status":"closed","ping_status":"closed","template":"","meta":{"_acf_changed":false},"product_brand":[],"product_cat":[54],"product_tag":[],"class_list":{"0":"post-5140","1":"product","2":"type-product","3":"status-publish","4":"has-post-thumbnail","6":"product_cat-camping-cookware-wholesale","8":"first","9":"instock","10":"shipping-taxable","11":"product-type-simple"},"acf":[],"_links":{"self":[{"href":"https:\/\/www.chancescook.com\/es\/wp-json\/wp\/v2\/product\/5140","targetHints":{"allow":["GET"]}}],"collection":[{"href":"https:\/\/www.chancescook.com\/es\/wp-json\/wp\/v2\/product"}],"about":[{"href":"https:\/\/www.chancescook.com\/es\/wp-json\/wp\/v2\/types\/product"}],"replies":[{"embeddable":true,"href":"https:\/\/www.chancescook.com\/es\/wp-json\/wp\/v2\/comments?post=5140"}],"wp:featuredmedia":[{"embeddable":true,"href":"https:\/\/www.chancescook.com\/es\/wp-json\/wp\/v2\/media\/5824"}],"wp:attachment":[{"href":"https:\/\/www.chancescook.com\/es\/wp-json\/wp\/v2\/media?parent=5140"}],"wp:term":[{"taxonomy":"product_brand","embeddable":true,"href":"https:\/\/www.chancescook.com\/es\/wp-json\/wp\/v2\/product_brand?post=5140"},{"taxonomy":"product_cat","embeddable":true,"href":"https:\/\/www.chancescook.com\/es\/wp-json\/wp\/v2\/product_cat?post=5140"},{"taxonomy":"product_tag","embeddable":true,"href":"https:\/\/www.chancescook.com\/es\/wp-json\/wp\/v2\/product_tag?post=5140"}],"curies":[{"name":"wp","href":"https:\/\/api.w.org\/{rel}","templated":true}]}}