{"id":5143,"date":"2025-07-07T18:21:49","date_gmt":"2025-07-07T18:21:49","guid":{"rendered":"https:\/\/www.chancescook.com\/?post_type=product&#038;p=5143"},"modified":"2025-07-07T18:21:51","modified_gmt":"2025-07-07T18:21:51","slug":"wholesale-camping-pot","status":"publish","type":"product","link":"https:\/\/www.chancescook.com\/es\/producto\/wholesale-camping-pot\/","title":{"rendered":"Mayorista Camping Pot Acero Inoxidable Set de Cocina Port\u00e1til Fabricante"},"content":{"rendered":"<div class=\"wp-block-columns is-layout-flex wp-container-core-columns-is-layout-9d6595d7 wp-block-columns-is-layout-flex\">\n<div class=\"wp-block-column is-layout-flow wp-block-column-is-layout-flow\">\n<h2 class=\"wp-block-heading\">Par\u00e1metros de la olla de camping<\/h2>\n\n\n\n<ul class=\"wp-block-list\">\n<li><strong>Grosor normal<\/strong>: 0,5 mm<\/li>\n\n\n\n<li><strong>Talla<\/strong>: 20cm \/ 24cm<\/li>\n\n\n\n<li><strong>Capacidad:<\/strong>\u00a02.0-4.0L<\/li>\n\n\n\n<li><strong>Color:<\/strong>\u00a0Color plata<\/li>\n\n\n\n<li><strong>Logotipo<\/strong>: Grabado por l\u00e1ser<\/li>\n\n\n\n<li><strong>MOQ<\/strong>: 1000 unidades<\/li>\n<\/ul>\n\n\n\n<h2 class=\"wp-block-heading\">Opciones personalizadas de utensilios de cocina para camping<\/h2>\n\n\n\n<ul class=\"wp-block-list\">\n<li><strong>Logotipo:\u00a0<\/strong>Personalice el logotipo de su marca<\/li>\n\n\n\n<li><strong>Material<\/strong>: Acero inoxidable SUS304\/SUS201<\/li>\n\n\n\n<li><strong>Grosor del material<\/strong>: 0,5 mm<\/li>\n\n\n\n<li><strong>Material de la tapa<\/strong>: Estilo \/ Material<\/li>\n\n\n\n<li><strong>Material del asa<\/strong>: Estilo\/Material<\/li>\n\n\n\n<li><strong>Tratamiento de la superficie:<\/strong>\u00a0Pulido o esmerilado<\/li>\n\n\n\n<li><strong>Tratamiento de la superficie de contacto<\/strong>: Sin revestimiento\/revestimiento antiadherente<\/li>\n\n\n\n<li><strong>Embalaje<\/strong>: color caja\/cart\u00f3n, etc<\/li>\n\n\n\n<li><strong><a href=\"https:\/\/www.chancescook.com\/es\/custom-cookware\/\">Soluciones de ollas de camping de acero inoxidable personalizadas OEM y ODM<\/a><\/strong><\/li>\n<\/ul>\n<\/div>\n\n\n\n<div class=\"wp-block-column is-layout-flow wp-block-column-is-layout-flow\">\n<figure class=\"wp-block-image size-full\"><img decoding=\"async\" width=\"1000\" height=\"1000\" src=\"https:\/\/www.chancescook.com\/wp-content\/uploads\/2025\/04\/Camping-Cookware-Set-Wholesale-3.webp\" alt=\"Bater\u00eda de cocina al por mayor (3)\" class=\"wp-image-4895\" srcset=\"https:\/\/www.chancescook.com\/wp-content\/uploads\/2025\/04\/Camping-Cookware-Set-Wholesale-3.webp 1000w, https:\/\/www.chancescook.com\/wp-content\/uploads\/2025\/04\/Camping-Cookware-Set-Wholesale-3-300x300.webp 300w, https:\/\/www.chancescook.com\/wp-content\/uploads\/2025\/04\/Camping-Cookware-Set-Wholesale-3-150x150.webp 150w, https:\/\/www.chancescook.com\/wp-content\/uploads\/2025\/04\/Camping-Cookware-Set-Wholesale-3-768x768.webp 768w, https:\/\/www.chancescook.com\/wp-content\/uploads\/2025\/04\/Camping-Cookware-Set-Wholesale-3-12x12.webp 12w, https:\/\/www.chancescook.com\/wp-content\/uploads\/2025\/04\/Camping-Cookware-Set-Wholesale-3-285x285.webp 285w, https:\/\/www.chancescook.com\/wp-content\/uploads\/2025\/04\/Camping-Cookware-Set-Wholesale-3-270x270.webp 270w, https:\/\/www.chancescook.com\/wp-content\/uploads\/2025\/04\/Camping-Cookware-Set-Wholesale-3-540x540.webp 540w, https:\/\/www.chancescook.com\/wp-content\/uploads\/2025\/04\/Camping-Cookware-Set-Wholesale-3-660x660.webp 660w\" sizes=\"(max-width: 1000px) 100vw, 1000px\" \/><\/figure>\n<\/div>\n<\/div>\n\n\n\n<div class=\"wp-block-columns is-layout-flex wp-container-core-columns-is-layout-9d6595d7 wp-block-columns-is-layout-flex\">\n<div class=\"wp-block-column is-layout-flow wp-block-column-is-layout-flow\" style=\"flex-basis:50%\">\n<figure class=\"wp-block-image size-full\"><img decoding=\"async\" width=\"1000\" height=\"1000\" src=\"https:\/\/www.chancescook.com\/wp-content\/uploads\/2025\/04\/Camping-Cookware-Set-Wholesale-1.webp\" alt=\"Bater\u00eda de cocina al por mayor (1)\" class=\"wp-image-4893\" srcset=\"https:\/\/www.chancescook.com\/wp-content\/uploads\/2025\/04\/Camping-Cookware-Set-Wholesale-1.webp 1000w, https:\/\/www.chancescook.com\/wp-content\/uploads\/2025\/04\/Camping-Cookware-Set-Wholesale-1-300x300.webp 300w, https:\/\/www.chancescook.com\/wp-content\/uploads\/2025\/04\/Camping-Cookware-Set-Wholesale-1-150x150.webp 150w, https:\/\/www.chancescook.com\/wp-content\/uploads\/2025\/04\/Camping-Cookware-Set-Wholesale-1-768x768.webp 768w, https:\/\/www.chancescook.com\/wp-content\/uploads\/2025\/04\/Camping-Cookware-Set-Wholesale-1-12x12.webp 12w, https:\/\/www.chancescook.com\/wp-content\/uploads\/2025\/04\/Camping-Cookware-Set-Wholesale-1-285x285.webp 285w, https:\/\/www.chancescook.com\/wp-content\/uploads\/2025\/04\/Camping-Cookware-Set-Wholesale-1-270x270.webp 270w, https:\/\/www.chancescook.com\/wp-content\/uploads\/2025\/04\/Camping-Cookware-Set-Wholesale-1-540x540.webp 540w, https:\/\/www.chancescook.com\/wp-content\/uploads\/2025\/04\/Camping-Cookware-Set-Wholesale-1-660x660.webp 660w\" sizes=\"(max-width: 1000px) 100vw, 1000px\" \/><figcaption class=\"wp-element-caption\">Olla de camping personalizada<\/figcaption><\/figure>\n<\/div>\n\n\n\n<div class=\"wp-block-column is-layout-flow wp-block-column-is-layout-flow\" style=\"flex-basis:50%\">\n<figure class=\"wp-block-image size-full\"><img decoding=\"async\" width=\"600\" height=\"600\" src=\"https:\/\/www.chancescook.com\/wp-content\/uploads\/2025\/07\/Wholesale-Camping-Pot-Stainless-Steel.webp\" alt=\"Mayorista Olla Acero Inoxidable\" class=\"wp-image-5144\" srcset=\"https:\/\/www.chancescook.com\/wp-content\/uploads\/2025\/07\/Wholesale-Camping-Pot-Stainless-Steel.webp 600w, https:\/\/www.chancescook.com\/wp-content\/uploads\/2025\/07\/Wholesale-Camping-Pot-Stainless-Steel-300x300.webp 300w, https:\/\/www.chancescook.com\/wp-content\/uploads\/2025\/07\/Wholesale-Camping-Pot-Stainless-Steel-150x150.webp 150w, https:\/\/www.chancescook.com\/wp-content\/uploads\/2025\/07\/Wholesale-Camping-Pot-Stainless-Steel-12x12.webp 12w, https:\/\/www.chancescook.com\/wp-content\/uploads\/2025\/07\/Wholesale-Camping-Pot-Stainless-Steel-285x285.webp 285w, https:\/\/www.chancescook.com\/wp-content\/uploads\/2025\/07\/Wholesale-Camping-Pot-Stainless-Steel-270x270.webp 270w, https:\/\/www.chancescook.com\/wp-content\/uploads\/2025\/07\/Wholesale-Camping-Pot-Stainless-Steel-540x540.webp 540w\" sizes=\"(max-width: 600px) 100vw, 600px\" \/><figcaption class=\"wp-element-caption\">Mayorista de ollas y sartenes de camping<\/figcaption><\/figure>\n<\/div>\n<\/div>","protected":false},"excerpt":{"rendered":"<p>Como fabricante profesional de utensilios de cocina de acero inoxidable para camping, ofrecemos al por mayor ollas de camping de alta calidad, resistentes al calor, f\u00e1ciles de limpiar y de transportar, adecuadas para todo tipo de actividades al aire libre. P\u00f3ngase en contacto con nosotros para recibir muestras y presupuestos de f\u00e1brica.<\/p>\n<h3>Caracter\u00edsticas y ventajas de la olla de camping<\/h3>\n<ol>\n<li><strong>Material de acero inoxidable 304<\/strong>: Hecho de acero inoxidable 304 de calidad alimentaria, es resistente a la corrosi\u00f3n, resistente a la oxidaci\u00f3n, duradero y adaptable a una variedad de entornos complejos al aire libre. Es el producto de olla de camping al por mayor preferido por muchos compradores.<\/li>\n<li><strong>Dise\u00f1o ligero y port\u00e1til<\/strong>: Todo el conjunto es ligero y est\u00e1 equipado con una bolsa de almacenamiento port\u00e1til. Es adecuado para senderismo, monta\u00f1ismo y camping. Es uno de los modelos m\u00e1s vendidos de un fabricante de utensilios de cocina de acero inoxidable para camping.<\/li>\n<li><strong>Materiales sanos y seguros<\/strong>: Se utilizan materiales aptos para el contacto con alimentos, sin BPA ni ingredientes nocivos para garantizar la seguridad alimentaria.<\/li>\n<li><strong>Dise\u00f1o f\u00e1cil de limpiar<\/strong>: La superficie del cuerpo de la olla y de la olla es lisa, y no es f\u00e1cil que queden restos de comida. Admite el lavado a mano y la limpieza en lavavajillas, lo que ahorra tiempo de limpieza despu\u00e9s de cocinar al aire libre.<\/li>\n<li><strong>Resistente a altas temperaturas y no se deforma f\u00e1cilmente<\/strong>: Tiene una buena resistencia al calor y mantiene una estructura estable en entornos de alta temperatura, lo que prolonga su vida \u00fatil.<\/li>\n<li><strong>Aplicaci\u00f3n multiescenario<\/strong>: Tanto si se trata de un picnic, acampada o espera familiar, es muy adecuado, especialmente para encontrar mayoristas y personalizadores de macetas de camping rentables al por mayor.<\/li>\n<\/ol>","protected":false},"featured_media":5145,"comment_status":"closed","ping_status":"closed","template":"","meta":{"_acf_changed":false},"product_brand":[],"product_cat":[54],"product_tag":[],"class_list":{"0":"post-5143","1":"product","2":"type-product","3":"status-publish","4":"has-post-thumbnail","6":"product_cat-camping-cookware-wholesale","8":"first","9":"instock","10":"shipping-taxable","11":"product-type-simple"},"acf":[],"_links":{"self":[{"href":"https:\/\/www.chancescook.com\/es\/wp-json\/wp\/v2\/product\/5143","targetHints":{"allow":["GET"]}}],"collection":[{"href":"https:\/\/www.chancescook.com\/es\/wp-json\/wp\/v2\/product"}],"about":[{"href":"https:\/\/www.chancescook.com\/es\/wp-json\/wp\/v2\/types\/product"}],"replies":[{"embeddable":true,"href":"https:\/\/www.chancescook.com\/es\/wp-json\/wp\/v2\/comments?post=5143"}],"wp:featuredmedia":[{"embeddable":true,"href":"https:\/\/www.chancescook.com\/es\/wp-json\/wp\/v2\/media\/5145"}],"wp:attachment":[{"href":"https:\/\/www.chancescook.com\/es\/wp-json\/wp\/v2\/media?parent=5143"}],"wp:term":[{"taxonomy":"product_brand","embeddable":true,"href":"https:\/\/www.chancescook.com\/es\/wp-json\/wp\/v2\/product_brand?post=5143"},{"taxonomy":"product_cat","embeddable":true,"href":"https:\/\/www.chancescook.com\/es\/wp-json\/wp\/v2\/product_cat?post=5143"},{"taxonomy":"product_tag","embeddable":true,"href":"https:\/\/www.chancescook.com\/es\/wp-json\/wp\/v2\/product_tag?post=5143"}],"curies":[{"name":"wp","href":"https:\/\/api.w.org\/{rel}","templated":true}]}}