{"id":5158,"date":"2025-07-11T16:23:38","date_gmt":"2025-07-11T16:23:38","guid":{"rendered":"https:\/\/www.chancescook.com\/?post_type=product&#038;p=5158"},"modified":"2025-07-11T16:23:41","modified_gmt":"2025-07-11T16:23:41","slug":"stainless-steel-salad-bowls-wholeslae","status":"publish","type":"product","link":"https:\/\/www.chancescook.com\/es\/producto\/stainless-steel-salad-bowls-wholeslae\/","title":{"rendered":"Korean Stainless Steel Ensaladera Mayorista Gold Mixing Bowl Proveedor"},"content":{"rendered":"<div class=\"wp-block-columns is-layout-flex wp-container-core-columns-is-layout-9d6595d7 wp-block-columns-is-layout-flex\">\n<div class=\"wp-block-column is-layout-flow wp-block-column-is-layout-flow\">\n<h2 class=\"wp-block-heading\">Par\u00e1metros de la ensaladera de acero inoxidable<\/h2>\n\n\n\n<ul class=\"wp-block-list\">\n<li>Tipo: Vajilla<\/li>\n\n\n\n<li>Material: acero inoxidable 201\/304<\/li>\n\n\n\n<li>Tama\u00f1o del cuenco: 19\/22\/25 cm<\/li>\n\n\n\n<li>Color de la cesta: Dorado<\/li>\n\n\n\n<li>MOQ: 1000 piezas<\/li>\n\n\n\n<li>Logotipo: Personalizable<\/li>\n<\/ul>\n<\/div>\n\n\n\n<div class=\"wp-block-column is-layout-flow wp-block-column-is-layout-flow\">\n<h2 class=\"wp-block-heading\">Ensaladera personalizada<\/h2>\n\n\n\n<ul class=\"wp-block-list\">\n<li>Logotipo: Personaliza el logotipo de tu marca<\/li>\n\n\n\n<li>Embalaje: caja de color\/cart\u00f3n, etc.<\/li>\n\n\n\n<li>Cantidad de pedido 1000 unidades<\/li>\n\n\n\n<li>Tratamiento de la superficie de contacto: Sin recubrimiento\/recubrimiento antiadherente<\/li>\n\n\n\n<li><strong><a href=\"https:\/\/www.chancescook.com\/es\/custom-cookware\/\">Soluciones de tazas de camping de acero inoxidable personalizadas OEM y ODM<\/a><\/strong><\/li>\n<\/ul>\n<\/div>\n<\/div>\n\n\n\n<div class=\"wp-block-columns is-layout-flex wp-container-core-columns-is-layout-9d6595d7 wp-block-columns-is-layout-flex\">\n<div class=\"wp-block-column is-layout-flow wp-block-column-is-layout-flow\">\n<figure class=\"wp-block-image size-full\"><img decoding=\"async\" width=\"1440\" height=\"1440\" src=\"https:\/\/www.chancescook.com\/wp-content\/uploads\/2025\/07\/Stainless-Steel-Salad-Bowls-Wholesale.webp\" alt=\"Ensaladeras de acero inoxidable al por mayor\" class=\"wp-image-5160\" srcset=\"https:\/\/www.chancescook.com\/wp-content\/uploads\/2025\/07\/Stainless-Steel-Salad-Bowls-Wholesale.webp 1440w, https:\/\/www.chancescook.com\/wp-content\/uploads\/2025\/07\/Stainless-Steel-Salad-Bowls-Wholesale-300x300.webp 300w, https:\/\/www.chancescook.com\/wp-content\/uploads\/2025\/07\/Stainless-Steel-Salad-Bowls-Wholesale-150x150.webp 150w, https:\/\/www.chancescook.com\/wp-content\/uploads\/2025\/07\/Stainless-Steel-Salad-Bowls-Wholesale-768x768.webp 768w, https:\/\/www.chancescook.com\/wp-content\/uploads\/2025\/07\/Stainless-Steel-Salad-Bowls-Wholesale-12x12.webp 12w, https:\/\/www.chancescook.com\/wp-content\/uploads\/2025\/07\/Stainless-Steel-Salad-Bowls-Wholesale-285x285.webp 285w, https:\/\/www.chancescook.com\/wp-content\/uploads\/2025\/07\/Stainless-Steel-Salad-Bowls-Wholesale-270x270.webp 270w, https:\/\/www.chancescook.com\/wp-content\/uploads\/2025\/07\/Stainless-Steel-Salad-Bowls-Wholesale-540x540.webp 540w, https:\/\/www.chancescook.com\/wp-content\/uploads\/2025\/07\/Stainless-Steel-Salad-Bowls-Wholesale-660x660.webp 660w\" sizes=\"(max-width: 1440px) 100vw, 1440px\" \/><\/figure>\n<\/div>\n\n\n\n<div class=\"wp-block-column is-layout-flow wp-block-column-is-layout-flow\">\n<figure class=\"wp-block-image size-full\"><img decoding=\"async\" width=\"1440\" height=\"1440\" src=\"https:\/\/www.chancescook.com\/wp-content\/uploads\/2025\/07\/Stainless-Steel-Salad-Bowls-Wholesale-2.webp\" alt=\"Ensaladeras de acero inoxidable al por mayor (2)\" class=\"wp-image-5159\" srcset=\"https:\/\/www.chancescook.com\/wp-content\/uploads\/2025\/07\/Stainless-Steel-Salad-Bowls-Wholesale-2.webp 1440w, https:\/\/www.chancescook.com\/wp-content\/uploads\/2025\/07\/Stainless-Steel-Salad-Bowls-Wholesale-2-300x300.webp 300w, https:\/\/www.chancescook.com\/wp-content\/uploads\/2025\/07\/Stainless-Steel-Salad-Bowls-Wholesale-2-150x150.webp 150w, https:\/\/www.chancescook.com\/wp-content\/uploads\/2025\/07\/Stainless-Steel-Salad-Bowls-Wholesale-2-768x768.webp 768w, https:\/\/www.chancescook.com\/wp-content\/uploads\/2025\/07\/Stainless-Steel-Salad-Bowls-Wholesale-2-12x12.webp 12w, https:\/\/www.chancescook.com\/wp-content\/uploads\/2025\/07\/Stainless-Steel-Salad-Bowls-Wholesale-2-285x285.webp 285w, https:\/\/www.chancescook.com\/wp-content\/uploads\/2025\/07\/Stainless-Steel-Salad-Bowls-Wholesale-2-270x270.webp 270w, https:\/\/www.chancescook.com\/wp-content\/uploads\/2025\/07\/Stainless-Steel-Salad-Bowls-Wholesale-2-540x540.webp 540w, https:\/\/www.chancescook.com\/wp-content\/uploads\/2025\/07\/Stainless-Steel-Salad-Bowls-Wholesale-2-660x660.webp 660w\" sizes=\"(max-width: 1440px) 100vw, 1440px\" \/><\/figure>\n<\/div>\n<\/div>","protected":false},"excerpt":{"rendered":"<p>Como proveedor profesional de ensaladeras coreanas, ofrecemos ensaladeras de acero inoxidable de alta calidad al por mayor. Los cuencos son ligeros y duraderos, se pueden apilar y almacenar, y son ricos en colores, a\u00f1adiendo colores brillantes a su cocina o restaurante. Admite personalizaci\u00f3n de color, tama\u00f1o y patr\u00f3n para satisfacer diversas necesidades. Se aceptan compras al por mayor.<\/p>\n<h3>Ventajas de la ensaladera de acero inoxidable<\/h3>\n<ul>\n<li><strong>Ensaladeras de acero inoxidable al por mayor<\/strong>: Fabricados en acero inoxidable apto para uso alimentario, estos cuencos son resistentes y duraderos, capaces de contener ensaladas, frutas, arroz, fideos y mucho m\u00e1s, lo que los hace adecuados tanto para el hogar como para entornos comerciales.<\/li>\n<li><strong>Estilo coreano cl\u00e1sico<\/strong>: El cuerpo del cuenco es m\u00e1s profundo, las l\u00edneas son sencillas y generosas, en consonancia con el estilo de la vajilla coreana, y es un estilo recomendado por el Proveedor de Ensaladeras Coreanas de confianza.<\/li>\n<li><strong>Colores vivos, sanos<\/strong><strong>y respetuoso con el medio ambiente<\/strong>: El proceso de pulverizaci\u00f3n de la superficie es respetuoso con el medio ambiente y seguro, y ofrece una gran variedad de colores que pueden combinarse libremente con cualquier estilo de cocina. Adem\u00e1s, se puede apilar y almacenar sin ocupar espacio.<\/li>\n<li><strong>Calefacci\u00f3n<\/strong>: Admite microondas y cocina de inducci\u00f3n, un bol para m\u00faltiples usos, para satisfacer las necesidades diarias de cocinar y servir.<\/li>\n<li><strong>Uso multifuncional<\/strong>: Se puede utilizar como ensaladera, frutero, bol para ramen, bol para postres o bol para decorar la mesa, pr\u00e1ctico y bonito.<\/li>\n<li><strong>Servicios personalizados de apoyo<\/strong>Color, tama\u00f1o y dise\u00f1o personalizables, adecuados para la promoci\u00f3n de la marca o la compra al por mayor.<\/li>\n<\/ul>\n<h3>De vajilla de acero inoxidable Fabricante :<\/h3>\n<p>Suministro directo a precio de f\u00e1brica, lo que ayuda a los clientes mayoristas a obtener mayores m\u00e1rgenes de beneficio. Puede ofrecer a los clientes la personalizaci\u00f3n de la etiqueta privada y el envase, crear tazas de camping personalizadas de marca exclusiva y mejorar el reconocimiento y la competitividad de los productos en el mercado.<\/p>","protected":false},"featured_media":5161,"comment_status":"closed","ping_status":"closed","template":"","meta":{"_acf_changed":false},"product_brand":[],"product_cat":[55],"product_tag":[],"class_list":{"0":"post-5158","1":"product","2":"type-product","3":"status-publish","4":"has-post-thumbnail","6":"product_cat-tableware-wholesale","8":"first","9":"instock","10":"shipping-taxable","11":"product-type-simple"},"acf":[],"_links":{"self":[{"href":"https:\/\/www.chancescook.com\/es\/wp-json\/wp\/v2\/product\/5158","targetHints":{"allow":["GET"]}}],"collection":[{"href":"https:\/\/www.chancescook.com\/es\/wp-json\/wp\/v2\/product"}],"about":[{"href":"https:\/\/www.chancescook.com\/es\/wp-json\/wp\/v2\/types\/product"}],"replies":[{"embeddable":true,"href":"https:\/\/www.chancescook.com\/es\/wp-json\/wp\/v2\/comments?post=5158"}],"wp:featuredmedia":[{"embeddable":true,"href":"https:\/\/www.chancescook.com\/es\/wp-json\/wp\/v2\/media\/5161"}],"wp:attachment":[{"href":"https:\/\/www.chancescook.com\/es\/wp-json\/wp\/v2\/media?parent=5158"}],"wp:term":[{"taxonomy":"product_brand","embeddable":true,"href":"https:\/\/www.chancescook.com\/es\/wp-json\/wp\/v2\/product_brand?post=5158"},{"taxonomy":"product_cat","embeddable":true,"href":"https:\/\/www.chancescook.com\/es\/wp-json\/wp\/v2\/product_cat?post=5158"},{"taxonomy":"product_tag","embeddable":true,"href":"https:\/\/www.chancescook.com\/es\/wp-json\/wp\/v2\/product_tag?post=5158"}],"curies":[{"name":"wp","href":"https:\/\/api.w.org\/{rel}","templated":true}]}}