{"id":5162,"date":"2025-07-11T16:49:06","date_gmt":"2025-07-11T16:49:06","guid":{"rendered":"https:\/\/www.chancescook.com\/?post_type=product&#038;p=5162"},"modified":"2026-02-05T10:43:17","modified_gmt":"2026-02-05T10:43:17","slug":"wholesale-salad-bowls-stainless-steel","status":"publish","type":"product","link":"https:\/\/www.chancescook.com\/es\/producto\/wholesale-salad-bowls-stainless-steel\/","title":{"rendered":"Mayorista Ensaladeras Acero Inoxidable Coreano Ensaladera Fabricante"},"content":{"rendered":"<div class=\"wp-block-columns is-layout-flex wp-container-core-columns-is-layout-9d6595d7 wp-block-columns-is-layout-flex\">\n<div class=\"wp-block-column is-layout-flow wp-block-column-is-layout-flow\">\n<h2 class=\"wp-block-heading\">Par\u00e1metros de las ensaladeras al por mayor<\/h2>\n\n\n\n<ul class=\"wp-block-list\">\n<li>Logotipo: Personalizable<\/li>\n\n\n\n<li>Tipo: Vajilla<\/li>\n\n\n\n<li>Material: acero inoxidable 201\/304<\/li>\n\n\n\n<li>Tama\u00f1o del cuenco: 19\/22\/25 cm<\/li>\n\n\n\n<li>Color de la cesta: Plata<\/li>\n\n\n\n<li>MOQ: 1000 piezas<\/li>\n<\/ul>\n<\/div>\n\n\n\n<div class=\"wp-block-column is-layout-flow wp-block-column-is-layout-flow\">\n<h2 class=\"wp-block-heading\">Opciones de ensaladeras personalizadas<\/h2>\n\n\n\n<ul class=\"wp-block-list\">\n<li>Logotipo: Personaliza el logotipo de tu marca<\/li>\n\n\n\n<li>Embalaje: caja de color\/cart\u00f3n, etc.<\/li>\n\n\n\n<li>Cantidad de pedido 1000 unidades<\/li>\n\n\n\n<li>Tratamiento de la superficie de contacto: Sin recubrimiento\/recubrimiento antiadherente<\/li>\n<\/ul>\n\n\n\n<p><strong><a href=\"https:\/\/www.chancescook.com\/es\/custom-cookware\/\">Soluciones de tazas de camping de acero inoxidable personalizadas OEM y ODM<\/a><\/strong><\/p>\n<\/div>\n<\/div>\n\n\n\n<div class=\"wp-block-columns is-layout-flex wp-container-core-columns-is-layout-9d6595d7 wp-block-columns-is-layout-flex\">\n<div class=\"wp-block-column is-layout-flow wp-block-column-is-layout-flow\">\n<figure class=\"wp-block-image size-full\"><img decoding=\"async\" width=\"800\" height=\"800\" src=\"https:\/\/www.chancescook.com\/wp-content\/uploads\/2026\/02\/Wholesale-Stainless-Steel-Korean-Salad-Serving-Bowl.webp\" alt=\"Mayorista Ensaladera coreana de acero inoxidable\" class=\"wp-image-5992\" srcset=\"https:\/\/www.chancescook.com\/wp-content\/uploads\/2026\/02\/Wholesale-Stainless-Steel-Korean-Salad-Serving-Bowl.webp 800w, https:\/\/www.chancescook.com\/wp-content\/uploads\/2026\/02\/Wholesale-Stainless-Steel-Korean-Salad-Serving-Bowl-300x300.webp 300w, https:\/\/www.chancescook.com\/wp-content\/uploads\/2026\/02\/Wholesale-Stainless-Steel-Korean-Salad-Serving-Bowl-150x150.webp 150w, https:\/\/www.chancescook.com\/wp-content\/uploads\/2026\/02\/Wholesale-Stainless-Steel-Korean-Salad-Serving-Bowl-768x768.webp 768w, https:\/\/www.chancescook.com\/wp-content\/uploads\/2026\/02\/Wholesale-Stainless-Steel-Korean-Salad-Serving-Bowl-12x12.webp 12w, https:\/\/www.chancescook.com\/wp-content\/uploads\/2026\/02\/Wholesale-Stainless-Steel-Korean-Salad-Serving-Bowl-285x285.webp 285w, https:\/\/www.chancescook.com\/wp-content\/uploads\/2026\/02\/Wholesale-Stainless-Steel-Korean-Salad-Serving-Bowl-270x270.webp 270w, https:\/\/www.chancescook.com\/wp-content\/uploads\/2026\/02\/Wholesale-Stainless-Steel-Korean-Salad-Serving-Bowl-540x540.webp 540w, https:\/\/www.chancescook.com\/wp-content\/uploads\/2026\/02\/Wholesale-Stainless-Steel-Korean-Salad-Serving-Bowl-660x660.webp 660w\" sizes=\"(max-width: 800px) 100vw, 800px\" \/><\/figure>\n<\/div>\n\n\n\n<div class=\"wp-block-column is-layout-flow wp-block-column-is-layout-flow\">\n<figure class=\"wp-block-image size-full\"><img decoding=\"async\" width=\"1440\" height=\"1440\" src=\"https:\/\/www.chancescook.com\/wp-content\/uploads\/2025\/07\/Wholesale-Salad-Bowls-Stainless-Steel-2.webp\" alt=\"Mayorista Ensaladeras Acero Inoxidable (2)\" class=\"wp-image-5163\" srcset=\"https:\/\/www.chancescook.com\/wp-content\/uploads\/2025\/07\/Wholesale-Salad-Bowls-Stainless-Steel-2.webp 1440w, https:\/\/www.chancescook.com\/wp-content\/uploads\/2025\/07\/Wholesale-Salad-Bowls-Stainless-Steel-2-300x300.webp 300w, https:\/\/www.chancescook.com\/wp-content\/uploads\/2025\/07\/Wholesale-Salad-Bowls-Stainless-Steel-2-150x150.webp 150w, https:\/\/www.chancescook.com\/wp-content\/uploads\/2025\/07\/Wholesale-Salad-Bowls-Stainless-Steel-2-768x768.webp 768w, https:\/\/www.chancescook.com\/wp-content\/uploads\/2025\/07\/Wholesale-Salad-Bowls-Stainless-Steel-2-12x12.webp 12w, https:\/\/www.chancescook.com\/wp-content\/uploads\/2025\/07\/Wholesale-Salad-Bowls-Stainless-Steel-2-285x285.webp 285w, https:\/\/www.chancescook.com\/wp-content\/uploads\/2025\/07\/Wholesale-Salad-Bowls-Stainless-Steel-2-270x270.webp 270w, https:\/\/www.chancescook.com\/wp-content\/uploads\/2025\/07\/Wholesale-Salad-Bowls-Stainless-Steel-2-540x540.webp 540w, https:\/\/www.chancescook.com\/wp-content\/uploads\/2025\/07\/Wholesale-Salad-Bowls-Stainless-Steel-2-660x660.webp 660w\" sizes=\"(max-width: 1440px) 100vw, 1440px\" \/><\/figure>\n<\/div>\n<\/div>","protected":false},"excerpt":{"rendered":"<p>Somos un proveedor experimentado de ensaladeras coreanas, y nos centramos en ofrecer ensaladeras de acero inoxidable de alta calidad al por mayor. El cuerpo del taz\u00f3n est\u00e1 hecho de acero inoxidable de calidad alimentaria, con ricos colores y estilo cl\u00e1sico coreano, adecuado para ensaladas, frutas, arroz y otras escenas. El producto es ligero y duradero, f\u00e1cil de limpiar y admite servicios de personalizaci\u00f3n OEM\/ODM. Como proveedor profesional de ensaladeras coreanas, estamos comprometidos a proporcionar soluciones fiables de ensaladeras de acero inoxidable al por mayor para clientes globales.<\/p>\n<h3>Ventajas de las ensaladeras al por mayor<\/h3>\n<ul>\n<li><strong>Material de acero inoxidable de calidad alimentaria<\/strong>Resistente a la corrosi\u00f3n, f\u00e1cil de limpiar, apto para restaurantes y uso dom\u00e9stico, seguro e higi\u00e9nico.<\/li>\n<li><strong>Escenarios de uso multifuncional<\/strong>Ideal para ensaladeras, fruteros, cuencos para bibimbap, cuencos para ramen, etc., para satisfacer una gran variedad de necesidades de servicio.<\/li>\n<li><strong>Dise\u00f1o sencillo coreano<\/strong>La forma del cuenco es m\u00e1s profunda y los bordes redondeados, lo que refleja el estilo moderno de la vajilla coreana.<\/li>\n<li><strong>Disponible en varios colores, apilable y almacenable<\/strong>: los colores vivos realzan el ambiente de la mesa de comedor, el apilamiento ahorra espacio y es pr\u00e1ctico para guardar.<\/li>\n<li><strong>Servicios personalizados de apoyo<\/strong>Color, patr\u00f3n y capacidad personalizables, adecuados para la personalizaci\u00f3n de marcas y la cooperaci\u00f3n al por mayor.<\/li>\n<li><strong>Se puede calentar<\/strong>: Adecuado para hornos microondas y cocinas de inducci\u00f3n para satisfacer las necesidades diarias de calentamiento y cocci\u00f3n.<\/li>\n<\/ul>","protected":false},"featured_media":5165,"comment_status":"closed","ping_status":"closed","template":"","meta":{"_acf_changed":false},"product_brand":[],"product_cat":[55],"product_tag":[],"class_list":{"0":"post-5162","1":"product","2":"type-product","3":"status-publish","4":"has-post-thumbnail","6":"product_cat-tableware-wholesale","8":"first","9":"instock","10":"shipping-taxable","11":"product-type-simple"},"acf":[],"_links":{"self":[{"href":"https:\/\/www.chancescook.com\/es\/wp-json\/wp\/v2\/product\/5162","targetHints":{"allow":["GET"]}}],"collection":[{"href":"https:\/\/www.chancescook.com\/es\/wp-json\/wp\/v2\/product"}],"about":[{"href":"https:\/\/www.chancescook.com\/es\/wp-json\/wp\/v2\/types\/product"}],"replies":[{"embeddable":true,"href":"https:\/\/www.chancescook.com\/es\/wp-json\/wp\/v2\/comments?post=5162"}],"wp:featuredmedia":[{"embeddable":true,"href":"https:\/\/www.chancescook.com\/es\/wp-json\/wp\/v2\/media\/5165"}],"wp:attachment":[{"href":"https:\/\/www.chancescook.com\/es\/wp-json\/wp\/v2\/media?parent=5162"}],"wp:term":[{"taxonomy":"product_brand","embeddable":true,"href":"https:\/\/www.chancescook.com\/es\/wp-json\/wp\/v2\/product_brand?post=5162"},{"taxonomy":"product_cat","embeddable":true,"href":"https:\/\/www.chancescook.com\/es\/wp-json\/wp\/v2\/product_cat?post=5162"},{"taxonomy":"product_tag","embeddable":true,"href":"https:\/\/www.chancescook.com\/es\/wp-json\/wp\/v2\/product_tag?post=5162"}],"curies":[{"name":"wp","href":"https:\/\/api.w.org\/{rel}","templated":true}]}}