{"id":5177,"date":"2025-07-30T08:37:21","date_gmt":"2025-07-30T08:37:21","guid":{"rendered":"https:\/\/www.chancescook.com\/?post_type=product&#038;p=5177"},"modified":"2025-07-30T08:37:24","modified_gmt":"2025-07-30T08:37:24","slug":"wholesale-spherical-bowl-double-layer","status":"publish","type":"product","link":"https:\/\/www.chancescook.com\/es\/producto\/wholesale-spherical-bowl-double-layer\/","title":{"rendered":"Mayorista Taz\u00f3n Esf\u00e9rico Ensaladera Doble Capa Fabricante Vajilla"},"content":{"rendered":"<div class=\"wp-block-columns is-layout-flex wp-container-core-columns-is-layout-9d6595d7 wp-block-columns-is-layout-flex\">\n<div class=\"wp-block-column is-layout-flow wp-block-column-is-layout-flow\">\n<h2 class=\"wp-block-heading\">Par\u00e1metros de la vajilla de cuenco esf\u00e9rico<\/h2>\n\n\n\n<p><strong>Nombre del producto<\/strong>: Vajilla esf\u00e9rica<br><strong>Material<\/strong>: Acero inoxidable 304<br><strong>Color<\/strong>: Plata\/Oro\/Color<br><strong>Logotipo<\/strong>: Sello serigrafiado, grabado con l\u00e1ser o en relieve<\/p>\n<\/div>\n\n\n\n<div class=\"wp-block-column is-layout-flow wp-block-column-is-layout-flow\">\n<h2 class=\"wp-block-heading\">Opci\u00f3n de vajilla esf\u00e9rica personalizada<\/h2>\n\n\n\n<p><strong>Logotipo<\/strong>: Personalice el logotipo de su marca<br><strong>Embalaje<\/strong>: Color caja\/cart\u00f3n etc.<br><strong>Patr\u00f3n:<\/strong> Personaliza el patr\u00f3n que quieras.<br><strong>MOQ<\/strong>: 500 piezas<br><strong>Soluciones OEM y ODM para platos de postre personalizados<\/strong><\/p>\n<\/div>\n<\/div>\n\n\n\n<div class=\"wp-block-columns is-layout-flex wp-container-core-columns-is-layout-9d6595d7 wp-block-columns-is-layout-flex\">\n<div class=\"wp-block-column is-layout-flow wp-block-column-is-layout-flow\">\n<figure class=\"wp-block-image size-full\"><img decoding=\"async\" width=\"1795\" height=\"1795\" src=\"https:\/\/www.chancescook.com\/wp-content\/uploads\/2025\/07\/Wholesale-Spherical-Bowl-Tableware-Manufacturer-4.webp\" alt=\"Mayorista Vajilla Taz\u00f3n Esf\u00e9rico Fabricante (4)\" class=\"wp-image-5200\" srcset=\"https:\/\/www.chancescook.com\/wp-content\/uploads\/2025\/07\/Wholesale-Spherical-Bowl-Tableware-Manufacturer-4.webp 1795w, https:\/\/www.chancescook.com\/wp-content\/uploads\/2025\/07\/Wholesale-Spherical-Bowl-Tableware-Manufacturer-4-300x300.webp 300w, https:\/\/www.chancescook.com\/wp-content\/uploads\/2025\/07\/Wholesale-Spherical-Bowl-Tableware-Manufacturer-4-150x150.webp 150w, https:\/\/www.chancescook.com\/wp-content\/uploads\/2025\/07\/Wholesale-Spherical-Bowl-Tableware-Manufacturer-4-768x768.webp 768w, https:\/\/www.chancescook.com\/wp-content\/uploads\/2025\/07\/Wholesale-Spherical-Bowl-Tableware-Manufacturer-4-12x12.webp 12w, https:\/\/www.chancescook.com\/wp-content\/uploads\/2025\/07\/Wholesale-Spherical-Bowl-Tableware-Manufacturer-4-285x285.webp 285w, https:\/\/www.chancescook.com\/wp-content\/uploads\/2025\/07\/Wholesale-Spherical-Bowl-Tableware-Manufacturer-4-1600x1600.webp 1600w, https:\/\/www.chancescook.com\/wp-content\/uploads\/2025\/07\/Wholesale-Spherical-Bowl-Tableware-Manufacturer-4-270x270.webp 270w, https:\/\/www.chancescook.com\/wp-content\/uploads\/2025\/07\/Wholesale-Spherical-Bowl-Tableware-Manufacturer-4-540x540.webp 540w, https:\/\/www.chancescook.com\/wp-content\/uploads\/2025\/07\/Wholesale-Spherical-Bowl-Tableware-Manufacturer-4-660x660.webp 660w\" sizes=\"(max-width: 1795px) 100vw, 1795px\" \/><\/figure>\n<\/div>\n\n\n\n<div class=\"wp-block-column is-layout-flow wp-block-column-is-layout-flow\">\n<figure class=\"wp-block-image size-full\"><img decoding=\"async\" width=\"1795\" height=\"1795\" src=\"https:\/\/www.chancescook.com\/wp-content\/uploads\/2025\/07\/Wholesale-Spherical-Bowl-Tableware-Manufacturer-3.webp\" alt=\"Mayorista Vajilla Taz\u00f3n Esf\u00e9rico Fabricante (3)\" class=\"wp-image-5199\" srcset=\"https:\/\/www.chancescook.com\/wp-content\/uploads\/2025\/07\/Wholesale-Spherical-Bowl-Tableware-Manufacturer-3.webp 1795w, https:\/\/www.chancescook.com\/wp-content\/uploads\/2025\/07\/Wholesale-Spherical-Bowl-Tableware-Manufacturer-3-300x300.webp 300w, https:\/\/www.chancescook.com\/wp-content\/uploads\/2025\/07\/Wholesale-Spherical-Bowl-Tableware-Manufacturer-3-150x150.webp 150w, https:\/\/www.chancescook.com\/wp-content\/uploads\/2025\/07\/Wholesale-Spherical-Bowl-Tableware-Manufacturer-3-768x768.webp 768w, https:\/\/www.chancescook.com\/wp-content\/uploads\/2025\/07\/Wholesale-Spherical-Bowl-Tableware-Manufacturer-3-12x12.webp 12w, https:\/\/www.chancescook.com\/wp-content\/uploads\/2025\/07\/Wholesale-Spherical-Bowl-Tableware-Manufacturer-3-285x285.webp 285w, https:\/\/www.chancescook.com\/wp-content\/uploads\/2025\/07\/Wholesale-Spherical-Bowl-Tableware-Manufacturer-3-1600x1600.webp 1600w, https:\/\/www.chancescook.com\/wp-content\/uploads\/2025\/07\/Wholesale-Spherical-Bowl-Tableware-Manufacturer-3-270x270.webp 270w, https:\/\/www.chancescook.com\/wp-content\/uploads\/2025\/07\/Wholesale-Spherical-Bowl-Tableware-Manufacturer-3-540x540.webp 540w, https:\/\/www.chancescook.com\/wp-content\/uploads\/2025\/07\/Wholesale-Spherical-Bowl-Tableware-Manufacturer-3-660x660.webp 660w\" sizes=\"(max-width: 1795px) 100vw, 1795px\" \/><\/figure>\n<\/div>\n\n\n\n<div class=\"wp-block-column is-layout-flow wp-block-column-is-layout-flow\">\n<figure class=\"wp-block-image size-full\"><img decoding=\"async\" width=\"1795\" height=\"1795\" src=\"https:\/\/www.chancescook.com\/wp-content\/uploads\/2025\/07\/Wholesale-Spherical-Bowl-Tableware-Manufacturer-2.webp\" alt=\"Mayorista Vajilla Taz\u00f3n Esf\u00e9rico Fabricante (2)\" class=\"wp-image-5198\" srcset=\"https:\/\/www.chancescook.com\/wp-content\/uploads\/2025\/07\/Wholesale-Spherical-Bowl-Tableware-Manufacturer-2.webp 1795w, https:\/\/www.chancescook.com\/wp-content\/uploads\/2025\/07\/Wholesale-Spherical-Bowl-Tableware-Manufacturer-2-300x300.webp 300w, https:\/\/www.chancescook.com\/wp-content\/uploads\/2025\/07\/Wholesale-Spherical-Bowl-Tableware-Manufacturer-2-150x150.webp 150w, https:\/\/www.chancescook.com\/wp-content\/uploads\/2025\/07\/Wholesale-Spherical-Bowl-Tableware-Manufacturer-2-768x768.webp 768w, https:\/\/www.chancescook.com\/wp-content\/uploads\/2025\/07\/Wholesale-Spherical-Bowl-Tableware-Manufacturer-2-12x12.webp 12w, https:\/\/www.chancescook.com\/wp-content\/uploads\/2025\/07\/Wholesale-Spherical-Bowl-Tableware-Manufacturer-2-285x285.webp 285w, https:\/\/www.chancescook.com\/wp-content\/uploads\/2025\/07\/Wholesale-Spherical-Bowl-Tableware-Manufacturer-2-1600x1600.webp 1600w, https:\/\/www.chancescook.com\/wp-content\/uploads\/2025\/07\/Wholesale-Spherical-Bowl-Tableware-Manufacturer-2-270x270.webp 270w, https:\/\/www.chancescook.com\/wp-content\/uploads\/2025\/07\/Wholesale-Spherical-Bowl-Tableware-Manufacturer-2-540x540.webp 540w, https:\/\/www.chancescook.com\/wp-content\/uploads\/2025\/07\/Wholesale-Spherical-Bowl-Tableware-Manufacturer-2-660x660.webp 660w\" sizes=\"(max-width: 1795px) 100vw, 1795px\" \/><\/figure>\n<\/div>\n<\/div>\n\n\n\n<div class=\"wp-block-columns is-layout-flex wp-container-core-columns-is-layout-9d6595d7 wp-block-columns-is-layout-flex\">\n<div class=\"wp-block-column is-layout-flow wp-block-column-is-layout-flow\">\n<figure class=\"wp-block-image size-full\"><img decoding=\"async\" width=\"1669\" height=\"1669\" src=\"https:\/\/www.chancescook.com\/wp-content\/uploads\/2025\/07\/Custom-Double-Layer-Salad-Bowl-Tableware-4.webp\" alt=\"Vajilla Ensaladera Doble Capa Personalizada (4)\" class=\"wp-image-5194\" srcset=\"https:\/\/www.chancescook.com\/wp-content\/uploads\/2025\/07\/Custom-Double-Layer-Salad-Bowl-Tableware-4.webp 1669w, https:\/\/www.chancescook.com\/wp-content\/uploads\/2025\/07\/Custom-Double-Layer-Salad-Bowl-Tableware-4-300x300.webp 300w, https:\/\/www.chancescook.com\/wp-content\/uploads\/2025\/07\/Custom-Double-Layer-Salad-Bowl-Tableware-4-150x150.webp 150w, https:\/\/www.chancescook.com\/wp-content\/uploads\/2025\/07\/Custom-Double-Layer-Salad-Bowl-Tableware-4-768x768.webp 768w, https:\/\/www.chancescook.com\/wp-content\/uploads\/2025\/07\/Custom-Double-Layer-Salad-Bowl-Tableware-4-12x12.webp 12w, https:\/\/www.chancescook.com\/wp-content\/uploads\/2025\/07\/Custom-Double-Layer-Salad-Bowl-Tableware-4-285x285.webp 285w, https:\/\/www.chancescook.com\/wp-content\/uploads\/2025\/07\/Custom-Double-Layer-Salad-Bowl-Tableware-4-1600x1600.webp 1600w, https:\/\/www.chancescook.com\/wp-content\/uploads\/2025\/07\/Custom-Double-Layer-Salad-Bowl-Tableware-4-270x270.webp 270w, https:\/\/www.chancescook.com\/wp-content\/uploads\/2025\/07\/Custom-Double-Layer-Salad-Bowl-Tableware-4-540x540.webp 540w, https:\/\/www.chancescook.com\/wp-content\/uploads\/2025\/07\/Custom-Double-Layer-Salad-Bowl-Tableware-4-660x660.webp 660w\" sizes=\"(max-width: 1669px) 100vw, 1669px\" \/><\/figure>\n<\/div>\n\n\n\n<div class=\"wp-block-column is-layout-flow wp-block-column-is-layout-flow\">\n<figure class=\"wp-block-image size-full\"><img decoding=\"async\" width=\"1541\" height=\"1541\" src=\"https:\/\/www.chancescook.com\/wp-content\/uploads\/2025\/07\/Custom-Double-Layer-Salad-Bowl-Tableware-3.webp\" alt=\"Vajilla Ensaladera Doble Capa Personalizada (3)\" class=\"wp-image-5193\" srcset=\"https:\/\/www.chancescook.com\/wp-content\/uploads\/2025\/07\/Custom-Double-Layer-Salad-Bowl-Tableware-3.webp 1541w, https:\/\/www.chancescook.com\/wp-content\/uploads\/2025\/07\/Custom-Double-Layer-Salad-Bowl-Tableware-3-300x300.webp 300w, https:\/\/www.chancescook.com\/wp-content\/uploads\/2025\/07\/Custom-Double-Layer-Salad-Bowl-Tableware-3-150x150.webp 150w, https:\/\/www.chancescook.com\/wp-content\/uploads\/2025\/07\/Custom-Double-Layer-Salad-Bowl-Tableware-3-768x768.webp 768w, https:\/\/www.chancescook.com\/wp-content\/uploads\/2025\/07\/Custom-Double-Layer-Salad-Bowl-Tableware-3-12x12.webp 12w, https:\/\/www.chancescook.com\/wp-content\/uploads\/2025\/07\/Custom-Double-Layer-Salad-Bowl-Tableware-3-285x285.webp 285w, https:\/\/www.chancescook.com\/wp-content\/uploads\/2025\/07\/Custom-Double-Layer-Salad-Bowl-Tableware-3-270x270.webp 270w, https:\/\/www.chancescook.com\/wp-content\/uploads\/2025\/07\/Custom-Double-Layer-Salad-Bowl-Tableware-3-540x540.webp 540w, https:\/\/www.chancescook.com\/wp-content\/uploads\/2025\/07\/Custom-Double-Layer-Salad-Bowl-Tableware-3-660x660.webp 660w\" sizes=\"(max-width: 1541px) 100vw, 1541px\" \/><\/figure>\n<\/div>\n\n\n\n<div class=\"wp-block-column is-layout-flow wp-block-column-is-layout-flow\">\n<figure class=\"wp-block-image size-full\"><img decoding=\"async\" width=\"1421\" height=\"1421\" src=\"https:\/\/www.chancescook.com\/wp-content\/uploads\/2025\/07\/Custom-Double-Layer-Salad-Bowl-Tableware-5.webp\" alt=\"Vajilla Ensaladera Doble Capa Personalizada (5)\" class=\"wp-image-5195\" srcset=\"https:\/\/www.chancescook.com\/wp-content\/uploads\/2025\/07\/Custom-Double-Layer-Salad-Bowl-Tableware-5.webp 1421w, https:\/\/www.chancescook.com\/wp-content\/uploads\/2025\/07\/Custom-Double-Layer-Salad-Bowl-Tableware-5-300x300.webp 300w, https:\/\/www.chancescook.com\/wp-content\/uploads\/2025\/07\/Custom-Double-Layer-Salad-Bowl-Tableware-5-150x150.webp 150w, https:\/\/www.chancescook.com\/wp-content\/uploads\/2025\/07\/Custom-Double-Layer-Salad-Bowl-Tableware-5-768x768.webp 768w, https:\/\/www.chancescook.com\/wp-content\/uploads\/2025\/07\/Custom-Double-Layer-Salad-Bowl-Tableware-5-12x12.webp 12w, https:\/\/www.chancescook.com\/wp-content\/uploads\/2025\/07\/Custom-Double-Layer-Salad-Bowl-Tableware-5-285x285.webp 285w, https:\/\/www.chancescook.com\/wp-content\/uploads\/2025\/07\/Custom-Double-Layer-Salad-Bowl-Tableware-5-270x270.webp 270w, https:\/\/www.chancescook.com\/wp-content\/uploads\/2025\/07\/Custom-Double-Layer-Salad-Bowl-Tableware-5-540x540.webp 540w, https:\/\/www.chancescook.com\/wp-content\/uploads\/2025\/07\/Custom-Double-Layer-Salad-Bowl-Tableware-5-660x660.webp 660w\" sizes=\"(max-width: 1421px) 100vw, 1421px\" \/><\/figure>\n<\/div>\n<\/div>\n\n\n\n<p><\/p>","protected":false},"excerpt":{"rendered":"<p>Bienvenido a comprar nuestra serie de ensaladeras esf\u00e9ricas dobles al por mayor, estos cuencos est\u00e1n hechos con exquisita artesan\u00eda, a la vez hermoso y pr\u00e1ctico. Hecho de materiales de alta calidad, perfecto para servir ensaladas, frutas y m\u00e1s. El dise\u00f1o de doble capa garantiza su durabilidad y aislamiento. Ofrecemos suministro a granel para restaurantes, cafeter\u00edas y tiendas minoristas. Haga su pedido hoy mismo y adquiera una vajilla asequible, elegante y bonita para mejorar su experiencia gastron\u00f3mica.<\/p>\n<h2>Venta al por mayor Vajilla Taz\u00f3n Esf\u00e9rico Caracter\u00edsticas<\/h2>\n<ul>\n<li><strong>Vajilla esf\u00e9rica al por mayor<\/strong>: Fabricado en acero inoxidable 304 de calidad alimentaria, con un dise\u00f1o curvado que se ajusta a la ergonom\u00eda. Almacenamiento eficaz y atractivo est\u00e9tico. P\u00f3ngase en contacto con nosotros para solicitar un presupuesto.<\/li>\n<li><strong>Material de acero inoxidable de calidad alimentaria<\/strong>: La vajilla esf\u00e9rica de acero inoxidable est\u00e1 fabricada en acero inoxidable 304 de alta calidad para uso alimentario, apta para la limpieza en lavavajillas, la desinfecci\u00f3n a alta temperatura y todas las situaciones de uso diario.<\/li>\n<li><strong>Dise\u00f1o ergon\u00f3mico<\/strong>: The curved design fits both hands better and reduces hand pressure<br \/>\nEfficient storage: The stainless steel spherical tableware set can be stored and stacked, allowing for efficient organization of the kitchen.<\/li>\n<li><strong>Multifunci\u00f3n<\/strong>Los platos pueden utilizarse como platos de cena, platos de cocina, platos de postre, platos de sushi, los cuencos pueden utilizarse como cuencos para ensalada, cuencos para fideos Lamian, etc. Un conjunto de vajilla se puede utilizar para muchos prop\u00f3sitos, y se puede almacenar y utilizar como decoraci\u00f3n.<\/li>\n<li><strong>Servicio mayorista<\/strong>: Proporcionamos soluciones de utensilios de cocina al por mayor a precio de f\u00e1brica para ayudarle a aumentar los beneficios, adecuadas para distribuidores, minoristas y mayoristas.<\/li>\n<\/ul>","protected":false},"featured_media":5203,"comment_status":"closed","ping_status":"closed","template":"","meta":{"_acf_changed":false},"product_brand":[],"product_cat":[55],"product_tag":[],"class_list":{"0":"post-5177","1":"product","2":"type-product","3":"status-publish","4":"has-post-thumbnail","6":"product_cat-tableware-wholesale","8":"first","9":"instock","10":"shipping-taxable","11":"product-type-simple"},"acf":[],"_links":{"self":[{"href":"https:\/\/www.chancescook.com\/es\/wp-json\/wp\/v2\/product\/5177","targetHints":{"allow":["GET"]}}],"collection":[{"href":"https:\/\/www.chancescook.com\/es\/wp-json\/wp\/v2\/product"}],"about":[{"href":"https:\/\/www.chancescook.com\/es\/wp-json\/wp\/v2\/types\/product"}],"replies":[{"embeddable":true,"href":"https:\/\/www.chancescook.com\/es\/wp-json\/wp\/v2\/comments?post=5177"}],"wp:featuredmedia":[{"embeddable":true,"href":"https:\/\/www.chancescook.com\/es\/wp-json\/wp\/v2\/media\/5203"}],"wp:attachment":[{"href":"https:\/\/www.chancescook.com\/es\/wp-json\/wp\/v2\/media?parent=5177"}],"wp:term":[{"taxonomy":"product_brand","embeddable":true,"href":"https:\/\/www.chancescook.com\/es\/wp-json\/wp\/v2\/product_brand?post=5177"},{"taxonomy":"product_cat","embeddable":true,"href":"https:\/\/www.chancescook.com\/es\/wp-json\/wp\/v2\/product_cat?post=5177"},{"taxonomy":"product_tag","embeddable":true,"href":"https:\/\/www.chancescook.com\/es\/wp-json\/wp\/v2\/product_tag?post=5177"}],"curies":[{"name":"wp","href":"https:\/\/api.w.org\/{rel}","templated":true}]}}