{"id":5204,"date":"2025-07-30T09:40:28","date_gmt":"2025-07-30T09:40:28","guid":{"rendered":"https:\/\/www.chancescook.com\/?post_type=product&#038;p=5204"},"modified":"2025-07-30T09:40:33","modified_gmt":"2025-07-30T09:40:33","slug":"stainless-steel-plates-bowls-wholesale","status":"publish","type":"product","link":"https:\/\/www.chancescook.com\/es\/producto\/stainless-steel-plates-bowls-wholesale\/","title":{"rendered":"Platos y cuencos de acero inoxidable al por mayor Juego de vajilla redondo esf\u00e9rico"},"content":{"rendered":"<div class=\"wp-block-columns is-layout-flex wp-container-core-columns-is-layout-9d6595d7 wp-block-columns-is-layout-flex\">\n<div class=\"wp-block-column is-layout-flow wp-block-column-is-layout-flow\">\n<h2 class=\"wp-block-heading\">Par\u00e1metros de los platos y cuencos de acero inoxidable<\/h2>\n\n\n\n<p>Nombre del producto: Vajilla esf\u00e9rica<br>Material: Acero inoxidable 304<br>Color: Plata\/Oro\/Color<br>Logotipo: Sello serigrafiado, grabado con l\u00e1ser o en relieve<\/p>\n<\/div>\n\n\n\n<div class=\"wp-block-column is-layout-flow wp-block-column-is-layout-flow\">\n<h2 class=\"wp-block-heading\">Opci\u00f3n de vajilla esf\u00e9rica personalizada<\/h2>\n\n\n\n<p>Logotipo: Personaliza el logotipo de tu marca<br>Embalaje: Caja de color\/cart\u00f3n, etc.<br>Patr\u00f3n: Personaliza el patr\u00f3n que quieras.<br>MOQ: 500 piezas<br>Soluciones OEM y ODM para platos de postre personalizados<\/p>\n<\/div>\n<\/div>\n\n\n\n<div class=\"wp-block-columns is-layout-flex wp-container-core-columns-is-layout-9d6595d7 wp-block-columns-is-layout-flex\">\n<div class=\"wp-block-column is-layout-flow wp-block-column-is-layout-flow\">\n<figure class=\"wp-block-image size-full\"><img decoding=\"async\" width=\"800\" height=\"800\" src=\"https:\/\/www.chancescook.com\/wp-content\/uploads\/2025\/07\/Stainless-Steel-Plates-and-Bowls-Wholesale-6.webp\" alt=\"Platos y fuentes de acero inoxidable al por mayor (6)\" class=\"wp-image-5211\" srcset=\"https:\/\/www.chancescook.com\/wp-content\/uploads\/2025\/07\/Stainless-Steel-Plates-and-Bowls-Wholesale-6.webp 800w, https:\/\/www.chancescook.com\/wp-content\/uploads\/2025\/07\/Stainless-Steel-Plates-and-Bowls-Wholesale-6-300x300.webp 300w, https:\/\/www.chancescook.com\/wp-content\/uploads\/2025\/07\/Stainless-Steel-Plates-and-Bowls-Wholesale-6-150x150.webp 150w, https:\/\/www.chancescook.com\/wp-content\/uploads\/2025\/07\/Stainless-Steel-Plates-and-Bowls-Wholesale-6-768x768.webp 768w, https:\/\/www.chancescook.com\/wp-content\/uploads\/2025\/07\/Stainless-Steel-Plates-and-Bowls-Wholesale-6-12x12.webp 12w, https:\/\/www.chancescook.com\/wp-content\/uploads\/2025\/07\/Stainless-Steel-Plates-and-Bowls-Wholesale-6-285x285.webp 285w, https:\/\/www.chancescook.com\/wp-content\/uploads\/2025\/07\/Stainless-Steel-Plates-and-Bowls-Wholesale-6-270x270.webp 270w, https:\/\/www.chancescook.com\/wp-content\/uploads\/2025\/07\/Stainless-Steel-Plates-and-Bowls-Wholesale-6-540x540.webp 540w, https:\/\/www.chancescook.com\/wp-content\/uploads\/2025\/07\/Stainless-Steel-Plates-and-Bowls-Wholesale-6-660x660.webp 660w\" sizes=\"(max-width: 800px) 100vw, 800px\" \/><\/figure>\n<\/div>\n\n\n\n<div class=\"wp-block-column is-layout-flow wp-block-column-is-layout-flow\">\n<figure class=\"wp-block-image size-full\"><img decoding=\"async\" width=\"800\" height=\"800\" src=\"https:\/\/www.chancescook.com\/wp-content\/uploads\/2025\/07\/Custom-Stainless-Steel-Plates-and-Bowls-Wholesale-8.webp\" alt=\"Platos y cuencos de acero inoxidable al por mayor (8)\" class=\"wp-image-5205\" srcset=\"https:\/\/www.chancescook.com\/wp-content\/uploads\/2025\/07\/Custom-Stainless-Steel-Plates-and-Bowls-Wholesale-8.webp 800w, https:\/\/www.chancescook.com\/wp-content\/uploads\/2025\/07\/Custom-Stainless-Steel-Plates-and-Bowls-Wholesale-8-300x300.webp 300w, https:\/\/www.chancescook.com\/wp-content\/uploads\/2025\/07\/Custom-Stainless-Steel-Plates-and-Bowls-Wholesale-8-150x150.webp 150w, https:\/\/www.chancescook.com\/wp-content\/uploads\/2025\/07\/Custom-Stainless-Steel-Plates-and-Bowls-Wholesale-8-768x768.webp 768w, https:\/\/www.chancescook.com\/wp-content\/uploads\/2025\/07\/Custom-Stainless-Steel-Plates-and-Bowls-Wholesale-8-12x12.webp 12w, https:\/\/www.chancescook.com\/wp-content\/uploads\/2025\/07\/Custom-Stainless-Steel-Plates-and-Bowls-Wholesale-8-285x285.webp 285w, https:\/\/www.chancescook.com\/wp-content\/uploads\/2025\/07\/Custom-Stainless-Steel-Plates-and-Bowls-Wholesale-8-270x270.webp 270w, https:\/\/www.chancescook.com\/wp-content\/uploads\/2025\/07\/Custom-Stainless-Steel-Plates-and-Bowls-Wholesale-8-540x540.webp 540w, https:\/\/www.chancescook.com\/wp-content\/uploads\/2025\/07\/Custom-Stainless-Steel-Plates-and-Bowls-Wholesale-8-660x660.webp 660w\" sizes=\"(max-width: 800px) 100vw, 800px\" \/><\/figure>\n<\/div>\n<\/div>\n\n\n\n<p><\/p>","protected":false},"excerpt":{"rendered":"<p>Directo del fabricante profesional de vajillas personalizadas, la calidad de los platos y cuencos de acero inoxidable al por mayor est\u00e1 garantizada, la superficie lisa y brillante refleja la luz maravillosamente, mientras que el dise\u00f1o esf\u00e9rico a\u00f1ade un toque de modernidad a su mesa. Es la primera elecci\u00f3n para restaurantes\/caf\u00e9s\/minoristas. P\u00eddalo ahora y mejore el ambiente de su comedor con este exquisito y duradero juego de vajilla.<\/p>\n<h2>Platos y cuencos de acero inoxidable Caracter\u00edsticas<\/h2>\n<ul>\n<li><strong>Elegante dise\u00f1o de c\u00e1scara de huevo<\/strong>: Su elegante forma redondeada y sus suaves l\u00edneas convierten cualquier ambiente en una obra de arte, \u00a1transformando al instante su mesa de comedor en una experiencia de lujo!<\/li>\n<li><strong>Brillo de espejo<\/strong>: Fabricado en acero inoxidable de alta calidad apto para uso alimentario, pulido hasta un nivel lo suficientemente pr\u00e1ctico como para reflejar un espejo. Brilla a la luz y convierte la cena en un ritual.<\/li>\n<li><strong>Duradero y resistente<\/strong>Resistente a las ca\u00eddas, la deformaci\u00f3n y la corrosi\u00f3n, se limpia f\u00e1cilmente y luce como nuevo durante a\u00f1os. Por eso nuestros platos y cuencos de acero inoxidable al por mayor son tan populares.<\/li>\n<li><strong>Imprescindible para los consumidores preocupados por los detalles:<\/strong> Como fabricante profesional de vajillas a medida, pulimos cada pieza hasta conseguir un acabado ultraliso, lo que garantiza un agarre suave y c\u00f3modo. \u00a1Disfrute de su comodidad y agasaje a sus invitados con estilo!<\/li>\n<li><strong>Una obra de arte sobre la mesa<\/strong>: Elegante para fruta, postres o como centro de mesa, \u00a1seguro que se har\u00e1 viral en tu feed de Instagram!<\/li>\n<li><strong>A la vez est\u00e9tico y pr\u00e1ctico:<\/strong> Este juego de platos y cuencos de acero inoxidable al por mayor es a la vez bonito y pr\u00e1ctico, y convierte cada comida en un verdadero placer.<\/li>\n<\/ul>","protected":false},"featured_media":5208,"comment_status":"closed","ping_status":"closed","template":"","meta":{"_acf_changed":false},"product_brand":[],"product_cat":[55],"product_tag":[],"class_list":{"0":"post-5204","1":"product","2":"type-product","3":"status-publish","4":"has-post-thumbnail","6":"product_cat-tableware-wholesale","8":"first","9":"instock","10":"shipping-taxable","11":"product-type-simple"},"acf":[],"_links":{"self":[{"href":"https:\/\/www.chancescook.com\/es\/wp-json\/wp\/v2\/product\/5204","targetHints":{"allow":["GET"]}}],"collection":[{"href":"https:\/\/www.chancescook.com\/es\/wp-json\/wp\/v2\/product"}],"about":[{"href":"https:\/\/www.chancescook.com\/es\/wp-json\/wp\/v2\/types\/product"}],"replies":[{"embeddable":true,"href":"https:\/\/www.chancescook.com\/es\/wp-json\/wp\/v2\/comments?post=5204"}],"wp:featuredmedia":[{"embeddable":true,"href":"https:\/\/www.chancescook.com\/es\/wp-json\/wp\/v2\/media\/5208"}],"wp:attachment":[{"href":"https:\/\/www.chancescook.com\/es\/wp-json\/wp\/v2\/media?parent=5204"}],"wp:term":[{"taxonomy":"product_brand","embeddable":true,"href":"https:\/\/www.chancescook.com\/es\/wp-json\/wp\/v2\/product_brand?post=5204"},{"taxonomy":"product_cat","embeddable":true,"href":"https:\/\/www.chancescook.com\/es\/wp-json\/wp\/v2\/product_cat?post=5204"},{"taxonomy":"product_tag","embeddable":true,"href":"https:\/\/www.chancescook.com\/es\/wp-json\/wp\/v2\/product_tag?post=5204"}],"curies":[{"name":"wp","href":"https:\/\/api.w.org\/{rel}","templated":true}]}}