{"id":5213,"date":"2025-07-30T16:39:25","date_gmt":"2025-07-30T16:39:25","guid":{"rendered":"https:\/\/www.chancescook.com\/?post_type=product&#038;p=5213"},"modified":"2025-07-30T16:40:25","modified_gmt":"2025-07-30T16:40:25","slug":"stainless-steel-dinner-plates-wholesale","status":"publish","type":"product","link":"https:\/\/www.chancescook.com\/es\/producto\/stainless-steel-dinner-plates-wholesale\/","title":{"rendered":"Mayorista Platos de Acero Inoxidable Bandeja Redonda Plato para Servir a Granel"},"content":{"rendered":"<div class=\"wp-block-columns is-layout-flex wp-container-core-columns-is-layout-9d6595d7 wp-block-columns-is-layout-flex\">\n<div class=\"wp-block-column is-layout-flow wp-block-column-is-layout-flow\">\n<h2 class=\"wp-block-heading\">Par\u00e1metros de los platos de acero inoxidable<\/h2>\n\n\n\n<ul class=\"wp-block-list\">\n<li>Nombre del producto: Plato redondo<\/li>\n\n\n\n<li>Talla\uff1a14\/17\/20\/23\/26\/30\/34 cm<\/li>\n\n\n\n<li>Material: acero inoxidable 201\/304<\/li>\n\n\n\n<li>Grosor 0,6 mm<\/li>\n\n\n\n<li>MOQ: 60 piezas<\/li>\n\n\n\n<li>Logotipo: Logotipo personalizado aceptado<\/li>\n<\/ul>\n<\/div>\n\n\n\n<div class=\"wp-block-column is-layout-flow wp-block-column-is-layout-flow\">\n<h2 class=\"wp-block-heading\">Platos personalizados de acero inoxidable <\/h2>\n\n\n\n<ul class=\"wp-block-list\">\n<li>Logotipo: personalice el logotipo de su marca<\/li>\n\n\n\n<li>Embalaje: caja de color\/cart\u00f3n, etc.<\/li>\n\n\n\n<li>Patr\u00f3n: personaliza el patr\u00f3n que quieras<\/li>\n\n\n\n<li>MOQ: 1000 piezas<\/li>\n\n\n\n<li>Soluciones OEM y ODM para platos personalizados<\/li>\n<\/ul>\n<\/div>\n<\/div>\n\n\n\n<div class=\"wp-block-columns is-layout-flex wp-container-core-columns-is-layout-9d6595d7 wp-block-columns-is-layout-flex\">\n<div class=\"wp-block-column is-layout-flow wp-block-column-is-layout-flow\">\n<figure class=\"wp-block-image size-full\"><img decoding=\"async\" width=\"582\" height=\"582\" src=\"https:\/\/www.chancescook.com\/wp-content\/uploads\/2025\/07\/Stainless-Steel-Dinner-Plates-Wholesaler-2.webp\" alt=\"Mayorista de Platos de Acero Inoxidable (2)\" class=\"wp-image-5215\" srcset=\"https:\/\/www.chancescook.com\/wp-content\/uploads\/2025\/07\/Stainless-Steel-Dinner-Plates-Wholesaler-2.webp 582w, https:\/\/www.chancescook.com\/wp-content\/uploads\/2025\/07\/Stainless-Steel-Dinner-Plates-Wholesaler-2-300x300.webp 300w, https:\/\/www.chancescook.com\/wp-content\/uploads\/2025\/07\/Stainless-Steel-Dinner-Plates-Wholesaler-2-150x150.webp 150w, https:\/\/www.chancescook.com\/wp-content\/uploads\/2025\/07\/Stainless-Steel-Dinner-Plates-Wholesaler-2-12x12.webp 12w, https:\/\/www.chancescook.com\/wp-content\/uploads\/2025\/07\/Stainless-Steel-Dinner-Plates-Wholesaler-2-285x285.webp 285w, https:\/\/www.chancescook.com\/wp-content\/uploads\/2025\/07\/Stainless-Steel-Dinner-Plates-Wholesaler-2-270x270.webp 270w, https:\/\/www.chancescook.com\/wp-content\/uploads\/2025\/07\/Stainless-Steel-Dinner-Plates-Wholesaler-2-540x540.webp 540w\" sizes=\"(max-width: 582px) 100vw, 582px\" \/><\/figure>\n<\/div>\n\n\n\n<div class=\"wp-block-column is-layout-flow wp-block-column-is-layout-flow\">\n<figure class=\"wp-block-image size-full\"><img decoding=\"async\" width=\"750\" height=\"750\" src=\"https:\/\/www.chancescook.com\/wp-content\/uploads\/2025\/07\/Stainless-Steel-Dinner-Plates-Wholesaler-4.webp\" alt=\"Mayorista de Platos de Acero Inoxidable (4)\" class=\"wp-image-5217\" srcset=\"https:\/\/www.chancescook.com\/wp-content\/uploads\/2025\/07\/Stainless-Steel-Dinner-Plates-Wholesaler-4.webp 750w, https:\/\/www.chancescook.com\/wp-content\/uploads\/2025\/07\/Stainless-Steel-Dinner-Plates-Wholesaler-4-300x300.webp 300w, https:\/\/www.chancescook.com\/wp-content\/uploads\/2025\/07\/Stainless-Steel-Dinner-Plates-Wholesaler-4-150x150.webp 150w, https:\/\/www.chancescook.com\/wp-content\/uploads\/2025\/07\/Stainless-Steel-Dinner-Plates-Wholesaler-4-12x12.webp 12w, https:\/\/www.chancescook.com\/wp-content\/uploads\/2025\/07\/Stainless-Steel-Dinner-Plates-Wholesaler-4-285x285.webp 285w, https:\/\/www.chancescook.com\/wp-content\/uploads\/2025\/07\/Stainless-Steel-Dinner-Plates-Wholesaler-4-270x270.webp 270w, https:\/\/www.chancescook.com\/wp-content\/uploads\/2025\/07\/Stainless-Steel-Dinner-Plates-Wholesaler-4-540x540.webp 540w, https:\/\/www.chancescook.com\/wp-content\/uploads\/2025\/07\/Stainless-Steel-Dinner-Plates-Wholesaler-4-660x660.webp 660w\" sizes=\"(max-width: 750px) 100vw, 750px\" \/><\/figure>\n<\/div>\n<\/div>","protected":false},"excerpt":{"rendered":"<p>Venta al por mayor de platos llanos redondos de acero inoxidable personalizados de estilo retro al por mayor. Los platos de la cena tienen un dise\u00f1o de superficie lisa, evitar los residuos de alimentos, son f\u00e1ciles de limpiar, lavable a mano o lavavajillas lavable, y ahorrar tiempo y mano de obra. Ofrecemos soluciones personalizadas de platos llanos. P\u00f3ngase en contacto con nosotros para obtener un presupuesto gratuito.<\/p>\n<h2>Caracter\u00edsticas y ventajas de los platos llanos de acero inoxidable<\/h2>\n<ul>\n<li><strong>Acero inoxidable 304 de alta calidad<\/strong>Fabricado en acero inoxidable 304 de calidad alimentaria, resistente a la oxidaci\u00f3n y la corrosi\u00f3n, robusto y duradero para garantizar un uso prolongado, apto para el contacto directo con alimentos, para proteger la salud.<\/li>\n<li><strong>M\u00faltiples opciones de tama\u00f1o<\/strong>: Disponible en 14 cm, 17 cm, 20 cm, 23 cm, 26 cm, 30 cm y 34 cm de tama\u00f1o para satisfacer diferentes necesidades y ocasiones de comedor, adecuado para servir una amplia gama de alimentos, tales como platos principales, guarniciones y postres.<\/li>\n<li><strong>Dise\u00f1o circular<\/strong>Dise\u00f1o circular cl\u00e1sico, adecuado para varios estilos de comedor, f\u00e1cil de combinar con otras vajillas y realza la est\u00e9tica del conjunto de la mesa.<\/li>\n<li><strong>Estructura monocapa<\/strong>Ligero y f\u00e1cil de transportar, adecuado para el uso diario y diversas ocasiones de comer, c\u00f3modo y pr\u00e1ctico.<\/li>\n<li><strong>Resistente a altas temperaturas<\/strong>: resistencia superior a altas temperaturas, apto para horno, microondas y otros entornos de alta temperatura, no es f\u00e1cil que se deforme o da\u00f1e.<\/li>\n<li><strong>F\u00e1cil de limpiar<\/strong>: dise\u00f1o de superficie lisa, evita los restos de comida, f\u00e1cil de limpiar, lavable a mano o en lavavajillas, ahorra tiempo y trabajo.<br \/>\nSaludable y seguro: dise\u00f1o sin revestimiento, no contiene sustancias nocivas, para garantizar la pureza y seguridad de los alimentos, apto para uso a largo plazo.<\/li>\n<li><strong>Decorativo<\/strong>: El dise\u00f1o \u00fanico hace que no s\u00f3lo sea una vajilla pr\u00e1ctica, sino tambi\u00e9n un paisaje brillante en la mesa, realzando la belleza del entorno de comedor.<\/li>\n<li><strong>Ofrezca una soluci\u00f3n de vajilla personalizada.<\/strong><\/li>\n<li><strong>Soporta platos de cena personalizados OEM&amp;ODM.<\/strong><\/li>\n<\/ul>","protected":false},"featured_media":5218,"comment_status":"closed","ping_status":"closed","template":"","meta":{"_acf_changed":false},"product_brand":[],"product_cat":[55],"product_tag":[],"class_list":{"0":"post-5213","1":"product","2":"type-product","3":"status-publish","4":"has-post-thumbnail","6":"product_cat-tableware-wholesale","8":"first","9":"instock","10":"shipping-taxable","11":"product-type-simple"},"acf":[],"_links":{"self":[{"href":"https:\/\/www.chancescook.com\/es\/wp-json\/wp\/v2\/product\/5213","targetHints":{"allow":["GET"]}}],"collection":[{"href":"https:\/\/www.chancescook.com\/es\/wp-json\/wp\/v2\/product"}],"about":[{"href":"https:\/\/www.chancescook.com\/es\/wp-json\/wp\/v2\/types\/product"}],"replies":[{"embeddable":true,"href":"https:\/\/www.chancescook.com\/es\/wp-json\/wp\/v2\/comments?post=5213"}],"wp:featuredmedia":[{"embeddable":true,"href":"https:\/\/www.chancescook.com\/es\/wp-json\/wp\/v2\/media\/5218"}],"wp:attachment":[{"href":"https:\/\/www.chancescook.com\/es\/wp-json\/wp\/v2\/media?parent=5213"}],"wp:term":[{"taxonomy":"product_brand","embeddable":true,"href":"https:\/\/www.chancescook.com\/es\/wp-json\/wp\/v2\/product_brand?post=5213"},{"taxonomy":"product_cat","embeddable":true,"href":"https:\/\/www.chancescook.com\/es\/wp-json\/wp\/v2\/product_cat?post=5213"},{"taxonomy":"product_tag","embeddable":true,"href":"https:\/\/www.chancescook.com\/es\/wp-json\/wp\/v2\/product_tag?post=5213"}],"curies":[{"name":"wp","href":"https:\/\/api.w.org\/{rel}","templated":true}]}}