{"id":5219,"date":"2025-07-30T17:18:12","date_gmt":"2025-07-30T17:18:12","guid":{"rendered":"https:\/\/www.chancescook.com\/?post_type=product&#038;p=5219"},"modified":"2025-07-30T17:18:14","modified_gmt":"2025-07-30T17:18:14","slug":"stainless-steel-oval-tray-supplier","status":"publish","type":"product","link":"https:\/\/www.chancescook.com\/es\/producto\/stainless-steel-oval-tray-supplier\/","title":{"rendered":"Bandeja ovalada de acero inoxidable a granel Platos de postre de oro \/ plata Bandejas de sushi Proveedor"},"content":{"rendered":"<div class=\"wp-block-columns is-layout-flex wp-container-core-columns-is-layout-9d6595d7 wp-block-columns-is-layout-flex\">\n<div class=\"wp-block-column is-layout-flow wp-block-column-is-layout-flow\">\n<h2 class=\"wp-block-heading\">Par\u00e1metros de la bandeja ovalada de acero inoxidable<\/h2>\n\n\n\n<p>Nombre del producto: Plato ovalado\/bandejas para sushi<br>Talla: Tallas m\u00edn.\/m\u00e1x.<br>Material: Sus 201<br>Color: Plata\/Oro<br>Logotipo: Logotipo personalizado aceptado<\/p>\n<\/div>\n\n\n\n<div class=\"wp-block-column is-layout-flow wp-block-column-is-layout-flow\">\n<h2 class=\"wp-block-heading\">Platos de postre\/bandejas de sushi personalizados<\/h2>\n\n\n\n<p>Logotipo: personalice el logotipo de su marca<br>Embalaje: caja de color\/cart\u00f3n, etc.<br>Patr\u00f3n: personaliza el patr\u00f3n que desees.<br>MOQ: 1000 piezas<br>Soluciones OEM y ODM para platos de postre personalizados<\/p>\n<\/div>\n<\/div>\n\n\n\n<div class=\"wp-block-columns is-layout-flex wp-container-core-columns-is-layout-9d6595d7 wp-block-columns-is-layout-flex\">\n<div class=\"wp-block-column is-layout-flow wp-block-column-is-layout-flow\">\n<figure class=\"wp-block-image size-full\"><img decoding=\"async\" width=\"750\" height=\"750\" src=\"https:\/\/www.chancescook.com\/wp-content\/uploads\/2025\/07\/Bulk-Stainless-Steel-Oval-Tray-Wholesaler-2.webp\" alt=\"Bandeja ovalada de acero inoxidable al por mayor (2)\" class=\"wp-image-5222\" srcset=\"https:\/\/www.chancescook.com\/wp-content\/uploads\/2025\/07\/Bulk-Stainless-Steel-Oval-Tray-Wholesaler-2.webp 750w, https:\/\/www.chancescook.com\/wp-content\/uploads\/2025\/07\/Bulk-Stainless-Steel-Oval-Tray-Wholesaler-2-300x300.webp 300w, https:\/\/www.chancescook.com\/wp-content\/uploads\/2025\/07\/Bulk-Stainless-Steel-Oval-Tray-Wholesaler-2-150x150.webp 150w, https:\/\/www.chancescook.com\/wp-content\/uploads\/2025\/07\/Bulk-Stainless-Steel-Oval-Tray-Wholesaler-2-12x12.webp 12w, https:\/\/www.chancescook.com\/wp-content\/uploads\/2025\/07\/Bulk-Stainless-Steel-Oval-Tray-Wholesaler-2-285x285.webp 285w, https:\/\/www.chancescook.com\/wp-content\/uploads\/2025\/07\/Bulk-Stainless-Steel-Oval-Tray-Wholesaler-2-270x270.webp 270w, https:\/\/www.chancescook.com\/wp-content\/uploads\/2025\/07\/Bulk-Stainless-Steel-Oval-Tray-Wholesaler-2-540x540.webp 540w, https:\/\/www.chancescook.com\/wp-content\/uploads\/2025\/07\/Bulk-Stainless-Steel-Oval-Tray-Wholesaler-2-660x660.webp 660w\" sizes=\"(max-width: 750px) 100vw, 750px\" \/><\/figure>\n<\/div>\n\n\n\n<div class=\"wp-block-column is-layout-flow wp-block-column-is-layout-flow\">\n<figure class=\"wp-block-image size-full\"><img decoding=\"async\" width=\"749\" height=\"749\" src=\"https:\/\/www.chancescook.com\/wp-content\/uploads\/2025\/07\/Bulk-Stainless-Steel-Oval-Tray-Wholesaler-1.webp\" alt=\"Bandeja ovalada de acero inoxidable al por mayor (1)\" class=\"wp-image-5221\" srcset=\"https:\/\/www.chancescook.com\/wp-content\/uploads\/2025\/07\/Bulk-Stainless-Steel-Oval-Tray-Wholesaler-1.webp 749w, https:\/\/www.chancescook.com\/wp-content\/uploads\/2025\/07\/Bulk-Stainless-Steel-Oval-Tray-Wholesaler-1-300x300.webp 300w, https:\/\/www.chancescook.com\/wp-content\/uploads\/2025\/07\/Bulk-Stainless-Steel-Oval-Tray-Wholesaler-1-150x150.webp 150w, https:\/\/www.chancescook.com\/wp-content\/uploads\/2025\/07\/Bulk-Stainless-Steel-Oval-Tray-Wholesaler-1-12x12.webp 12w, https:\/\/www.chancescook.com\/wp-content\/uploads\/2025\/07\/Bulk-Stainless-Steel-Oval-Tray-Wholesaler-1-285x285.webp 285w, https:\/\/www.chancescook.com\/wp-content\/uploads\/2025\/07\/Bulk-Stainless-Steel-Oval-Tray-Wholesaler-1-270x270.webp 270w, https:\/\/www.chancescook.com\/wp-content\/uploads\/2025\/07\/Bulk-Stainless-Steel-Oval-Tray-Wholesaler-1-540x540.webp 540w, https:\/\/www.chancescook.com\/wp-content\/uploads\/2025\/07\/Bulk-Stainless-Steel-Oval-Tray-Wholesaler-1-660x660.webp 660w\" sizes=\"(max-width: 749px) 100vw, 749px\" \/><\/figure>\n<\/div>\n<\/div>\n\n\n\n<p><\/p>","protected":false},"excerpt":{"rendered":"<p>Bienvenido a nuestra elegante y pr\u00e1ctica serie de bandejas ovaladas de acero inoxidable a granel, disponibles en estilos dorado y plateado, adecuadas para platos de postre, bandejas de sushi y otros escenarios. Fabricadas en acero inoxidable de alta calidad, son a la vez bonitas y duraderas, adecuadas para restaurantes, banquetes y lugares de catering de alta gama. Como proveedor profesional, le ofrecemos un servicio de compra al por mayor estable y fiable.<\/p>\n<h3>Caracter\u00edsticas y ventajas de la bandeja ovalada de acero inoxidable<\/h3>\n<ul>\n<li><strong>Acero inoxidable de alta calidad<\/strong>Fabricado con material de acero inoxidable 201 de alta calidad, robusto y duradero, resistente al \u00f3xido y a la corrosi\u00f3n para garantizar un uso a largo plazo, adecuado para un uso frecuente en entornos de hosteler\u00eda y restauraci\u00f3n.<\/li>\n<li><strong>Dise\u00f1o<\/strong>: simple and elegant style design enhances the aesthetics of the table, suitable for a variety of high-end dining venues, showing taste and style.<br \/>\nCustomized size: Provide a variety of size options to meet different dining needs, whether it\u2019s delicate desserts or diverse snacks, you can find the right size.<\/li>\n<li><strong>Dise\u00f1o ovalado<\/strong>: El dise\u00f1o del plato ovalado aumenta la flexibilidad y belleza del emplatado, adecuado para exponer todo tipo de postres, aperitivos y peque\u00f1os platos precocinados, realzando el efecto visual de la comida.<\/li>\n<li><strong>Saludable y seguro<\/strong>Fabricado con material de acero inoxidable de calidad alimentaria, sin sustancias nocivas, garantiza la seguridad alimentaria, uso seguro, apto para el contacto directo con alimentos.<\/li>\n<li><strong>F\u00e1cil de limpiar<\/strong>: dise\u00f1o de superficie lisa que evita los residuos de comida, f\u00e1cil de limpiar, lavable a mano o en lavavajillas, ahorra tiempo y trabajo, adecuado para un servicio de comidas eficiente.<\/li>\n<li><strong>Gran durabilidad<\/strong>El material de acero inoxidable es resistente a las altas temperaturas y a los impactos, no se deforma ni da\u00f1a con facilidad y es apto para el uso intensivo en cocinas comerciales.<\/li>\n<li><strong>Uso multifuncional<\/strong>: no s\u00f3lo para postres y aperitivos, sino tambi\u00e9n para exponer sushi, sashimi, aperitivos y muchas otras cocinas, vers\u00e1til y pr\u00e1ctico.<\/li>\n<li><strong>Aspecto moderno<\/strong>: dise\u00f1o sencillo y generoso, adecuado para una gran variedad de estilos de catering, es una herramienta de exposici\u00f3n pr\u00e1ctica y hermosa en la mesa.<\/li>\n<li><strong>Personalizaci\u00f3n profesional<\/strong>: admiten la personalizaci\u00f3n para satisfacer las necesidades espec\u00edficas de hoteles y restaurantes, y mejoran la imagen de marca y la satisfacci\u00f3n del cliente.<\/li>\n<\/ul>\n<h3>De vajilla de acero inoxidable Fabricante :<\/h3>\n<p>Suministro directo a precio de f\u00e1brica, lo que ayuda a los clientes mayoristas a obtener mayores m\u00e1rgenes de beneficio. Puede ofrecer a los clientes la personalizaci\u00f3n de la etiqueta privada y el envase, crear tazas de camping personalizadas de marca exclusiva y mejorar el reconocimiento y la competitividad de los productos en el mercado.<\/p>","protected":false},"featured_media":5220,"comment_status":"closed","ping_status":"closed","template":"","meta":{"_acf_changed":false},"product_brand":[],"product_cat":[55],"product_tag":[],"class_list":{"0":"post-5219","1":"product","2":"type-product","3":"status-publish","4":"has-post-thumbnail","6":"product_cat-tableware-wholesale","8":"first","9":"instock","10":"shipping-taxable","11":"product-type-simple"},"acf":[],"_links":{"self":[{"href":"https:\/\/www.chancescook.com\/es\/wp-json\/wp\/v2\/product\/5219","targetHints":{"allow":["GET"]}}],"collection":[{"href":"https:\/\/www.chancescook.com\/es\/wp-json\/wp\/v2\/product"}],"about":[{"href":"https:\/\/www.chancescook.com\/es\/wp-json\/wp\/v2\/types\/product"}],"replies":[{"embeddable":true,"href":"https:\/\/www.chancescook.com\/es\/wp-json\/wp\/v2\/comments?post=5219"}],"wp:featuredmedia":[{"embeddable":true,"href":"https:\/\/www.chancescook.com\/es\/wp-json\/wp\/v2\/media\/5220"}],"wp:attachment":[{"href":"https:\/\/www.chancescook.com\/es\/wp-json\/wp\/v2\/media?parent=5219"}],"wp:term":[{"taxonomy":"product_brand","embeddable":true,"href":"https:\/\/www.chancescook.com\/es\/wp-json\/wp\/v2\/product_brand?post=5219"},{"taxonomy":"product_cat","embeddable":true,"href":"https:\/\/www.chancescook.com\/es\/wp-json\/wp\/v2\/product_cat?post=5219"},{"taxonomy":"product_tag","embeddable":true,"href":"https:\/\/www.chancescook.com\/es\/wp-json\/wp\/v2\/product_tag?post=5219"}],"curies":[{"name":"wp","href":"https:\/\/api.w.org\/{rel}","templated":true}]}}