{"id":5287,"date":"2025-08-14T17:14:58","date_gmt":"2025-08-14T17:14:58","guid":{"rendered":"https:\/\/www.chancescook.com\/?post_type=product&#038;p=5287"},"modified":"2025-12-15T02:49:33","modified_gmt":"2025-12-15T02:49:33","slug":"custom-11-piece-cookware-set-wholesale","status":"publish","type":"product","link":"https:\/\/www.chancescook.com\/es\/producto\/custom-11-piece-cookware-set-wholesale\/","title":{"rendered":"Juego de utensilios de cocina de 11 piezas al por mayor, compatible con varios fogones"},"content":{"rendered":"<div class=\"wp-block-columns is-layout-flex wp-container-core-columns-is-layout-9d6595d7 wp-block-columns-is-layout-flex\">\n<div class=\"wp-block-column is-layout-flow wp-block-column-is-layout-flow\">\n<h2 class=\"wp-block-heading\">Par\u00e1metros de la bater\u00eda de cocina de 11 piezas<\/h2>\n\n\n\n<ul class=\"wp-block-list\">\n<li><strong>Material:<\/strong> SS201<\/li>\n\n\n\n<li><strong>Color<\/strong>: Plata<\/li>\n\n\n\n<li><strong>Fondo<\/strong>: Base encapsulada (SUS+1,2 mm Alu+SUS)<\/li>\n\n\n\n<li><strong>Tapa:<\/strong> Tapas de acero inoxidable<\/li>\n\n\n\n<li><strong>Tallas<\/strong>:54\u00d733\u00d746cm<\/li>\n\n\n\n<li><strong>Nota:<\/strong> Apoyo a la inspecci\u00f3n de calidad de pedidos de lotes peque\u00f1os<\/li>\n<\/ul>\n<\/div>\n\n\n\n<div class=\"wp-block-column is-layout-flow wp-block-column-is-layout-flow\">\n<h2 class=\"wp-block-heading\">Opciones de bater\u00eda de cocina a medida<\/h2>\n\n\n\n<ul class=\"wp-block-list\">\n<li><strong>Logotipo:<\/strong> Personalizable con el logotipo de su marca<\/li>\n\n\n\n<li><strong>Mango<\/strong>: Mango a su medida<\/li>\n\n\n\n<li><strong>Embalaje<\/strong>: Caja de color\/Cart\u00f3n, etc<\/li>\n<\/ul>\n<\/div>\n<\/div>\n\n\n\n<p><strong><a href=\"https:\/\/www.chancescook.com\/es\/\">Fabricante de utensilios de cocina Chancescook<\/a><\/strong> ofrece precios de f\u00e1brica y servicios de personalizaci\u00f3n OEM. P\u00f3ngase en contacto con nosotros para obtener el mejor presupuesto de un fabricante de utensilios de cocina de confianza.<\/p>\n\n\n\n<div class=\"wp-block-columns is-layout-flex wp-container-core-columns-is-layout-9d6595d7 wp-block-columns-is-layout-flex\">\n<div class=\"wp-block-column is-layout-flow wp-block-column-is-layout-flow\">\n<figure class=\"wp-block-image size-full\"><img decoding=\"async\" width=\"800\" height=\"800\" src=\"https:\/\/www.chancescook.com\/wp-content\/uploads\/2025\/08\/Custom-11-Piece-Cookware-Set-Wholesale-Manufacturer-1.webp\" alt=\"Fabricante mayorista de juegos de utensilios de cocina personalizados de 11 piezas (1)\" class=\"wp-image-5701\" srcset=\"https:\/\/www.chancescook.com\/wp-content\/uploads\/2025\/08\/Custom-11-Piece-Cookware-Set-Wholesale-Manufacturer-1.webp 800w, https:\/\/www.chancescook.com\/wp-content\/uploads\/2025\/08\/Custom-11-Piece-Cookware-Set-Wholesale-Manufacturer-1-300x300.webp 300w, https:\/\/www.chancescook.com\/wp-content\/uploads\/2025\/08\/Custom-11-Piece-Cookware-Set-Wholesale-Manufacturer-1-150x150.webp 150w, https:\/\/www.chancescook.com\/wp-content\/uploads\/2025\/08\/Custom-11-Piece-Cookware-Set-Wholesale-Manufacturer-1-768x768.webp 768w, https:\/\/www.chancescook.com\/wp-content\/uploads\/2025\/08\/Custom-11-Piece-Cookware-Set-Wholesale-Manufacturer-1-12x12.webp 12w, https:\/\/www.chancescook.com\/wp-content\/uploads\/2025\/08\/Custom-11-Piece-Cookware-Set-Wholesale-Manufacturer-1-285x285.webp 285w, https:\/\/www.chancescook.com\/wp-content\/uploads\/2025\/08\/Custom-11-Piece-Cookware-Set-Wholesale-Manufacturer-1-270x270.webp 270w, https:\/\/www.chancescook.com\/wp-content\/uploads\/2025\/08\/Custom-11-Piece-Cookware-Set-Wholesale-Manufacturer-1-540x540.webp 540w, https:\/\/www.chancescook.com\/wp-content\/uploads\/2025\/08\/Custom-11-Piece-Cookware-Set-Wholesale-Manufacturer-1-660x660.webp 660w\" sizes=\"(max-width: 800px) 100vw, 800px\" \/><\/figure>\n<\/div>\n\n\n\n<div class=\"wp-block-column is-layout-flow wp-block-column-is-layout-flow\">\n<figure class=\"wp-block-image size-full\"><img decoding=\"async\" width=\"800\" height=\"800\" src=\"https:\/\/www.chancescook.com\/wp-content\/uploads\/2025\/08\/Custom-11-Piece-Cookware-Set-Wholesale-Manufacturer-2.webp\" alt=\"Fabricante mayorista de juegos de utensilios de cocina personalizados de 11 piezas (2)\" class=\"wp-image-5702\" srcset=\"https:\/\/www.chancescook.com\/wp-content\/uploads\/2025\/08\/Custom-11-Piece-Cookware-Set-Wholesale-Manufacturer-2.webp 800w, https:\/\/www.chancescook.com\/wp-content\/uploads\/2025\/08\/Custom-11-Piece-Cookware-Set-Wholesale-Manufacturer-2-300x300.webp 300w, https:\/\/www.chancescook.com\/wp-content\/uploads\/2025\/08\/Custom-11-Piece-Cookware-Set-Wholesale-Manufacturer-2-150x150.webp 150w, https:\/\/www.chancescook.com\/wp-content\/uploads\/2025\/08\/Custom-11-Piece-Cookware-Set-Wholesale-Manufacturer-2-768x768.webp 768w, https:\/\/www.chancescook.com\/wp-content\/uploads\/2025\/08\/Custom-11-Piece-Cookware-Set-Wholesale-Manufacturer-2-12x12.webp 12w, https:\/\/www.chancescook.com\/wp-content\/uploads\/2025\/08\/Custom-11-Piece-Cookware-Set-Wholesale-Manufacturer-2-285x285.webp 285w, https:\/\/www.chancescook.com\/wp-content\/uploads\/2025\/08\/Custom-11-Piece-Cookware-Set-Wholesale-Manufacturer-2-270x270.webp 270w, https:\/\/www.chancescook.com\/wp-content\/uploads\/2025\/08\/Custom-11-Piece-Cookware-Set-Wholesale-Manufacturer-2-540x540.webp 540w, https:\/\/www.chancescook.com\/wp-content\/uploads\/2025\/08\/Custom-11-Piece-Cookware-Set-Wholesale-Manufacturer-2-660x660.webp 660w\" sizes=\"(max-width: 800px) 100vw, 800px\" \/><\/figure>\n<\/div>\n\n\n\n<div class=\"wp-block-column is-layout-flow wp-block-column-is-layout-flow\">\n<figure class=\"wp-block-image size-full\"><img decoding=\"async\" width=\"800\" height=\"800\" src=\"https:\/\/www.chancescook.com\/wp-content\/uploads\/2025\/08\/Custom-11-Piece-Cookware-Set-Wholesale-Manufacturer-3.webp\" alt=\"Fabricante mayorista de juegos de utensilios de cocina personalizados de 11 piezas (3)\" class=\"wp-image-5703\" srcset=\"https:\/\/www.chancescook.com\/wp-content\/uploads\/2025\/08\/Custom-11-Piece-Cookware-Set-Wholesale-Manufacturer-3.webp 800w, https:\/\/www.chancescook.com\/wp-content\/uploads\/2025\/08\/Custom-11-Piece-Cookware-Set-Wholesale-Manufacturer-3-300x300.webp 300w, https:\/\/www.chancescook.com\/wp-content\/uploads\/2025\/08\/Custom-11-Piece-Cookware-Set-Wholesale-Manufacturer-3-150x150.webp 150w, https:\/\/www.chancescook.com\/wp-content\/uploads\/2025\/08\/Custom-11-Piece-Cookware-Set-Wholesale-Manufacturer-3-768x768.webp 768w, https:\/\/www.chancescook.com\/wp-content\/uploads\/2025\/08\/Custom-11-Piece-Cookware-Set-Wholesale-Manufacturer-3-12x12.webp 12w, https:\/\/www.chancescook.com\/wp-content\/uploads\/2025\/08\/Custom-11-Piece-Cookware-Set-Wholesale-Manufacturer-3-285x285.webp 285w, https:\/\/www.chancescook.com\/wp-content\/uploads\/2025\/08\/Custom-11-Piece-Cookware-Set-Wholesale-Manufacturer-3-270x270.webp 270w, https:\/\/www.chancescook.com\/wp-content\/uploads\/2025\/08\/Custom-11-Piece-Cookware-Set-Wholesale-Manufacturer-3-540x540.webp 540w, https:\/\/www.chancescook.com\/wp-content\/uploads\/2025\/08\/Custom-11-Piece-Cookware-Set-Wholesale-Manufacturer-3-660x660.webp 660w\" sizes=\"(max-width: 800px) 100vw, 800px\" \/><\/figure>\n<\/div>\n<\/div>","protected":false},"excerpt":{"rendered":"<p>Juego de utensilios de cocina de 11 piezas al por mayor. Este juego incluye una lechera, una olla sopera y una sart\u00e9n para diversas necesidades culinarias, como hervir, guisar y cocer al vapor. El fondo de tres capas garantiza una r\u00e1pida conducci\u00f3n del calor. Fabricadas en acero inoxidable duradero, se pueden lavar en el lavavajillas y son aptas tanto para uso comercial como dom\u00e9stico. P\u00f3ngase en contacto con nosotros para solicitar el cat\u00e1logo de productos y un presupuesto.<\/p>\n<p>&nbsp;<\/p>\n<h2>Caracter\u00edsticas de la bater\u00eda de cocina de 11 piezas<\/h2>\n<p>&nbsp;<\/p>\n<ul>\n<li><strong>Rendimiento de cocina profesional<\/strong>: La base de la olla est\u00e1 hecha de material triply, que distribuye uniformemente el calor y evita eficazmente el sobrecalentamiento, garantizando excelentes resultados de cocci\u00f3n.<\/li>\n<li><strong>Set vers\u00e1til<\/strong>: Este completo juego de utensilios de cocina incluye una olla, una cazuela y una sart\u00e9n, que satisfacen diversas necesidades culinarias, como hervir, guisar y cocinar al vapor, por lo que es adecuado para chefs dom\u00e9sticos y restaurantes.<\/li>\n<li><strong>F\u00e1cil de limpiar y mantener<\/strong>: La superficie de acero inoxidable sin revestimiento es resistente a ara\u00f1azos y manchas, y la bater\u00eda de cocina de este juego se puede lavar en el lavavajillas, por lo que es adecuada para cocinas comerciales que exigen una limpieza eficaz y c\u00f3moda.<\/li>\n<li><strong>Excelente dise\u00f1o detallado<\/strong>: La tapa ajustada con precisi\u00f3n proporciona un cierre seguro y una mayor retenci\u00f3n del calor. El asa remachada proporciona mayor resistencia y durabilidad para un uso prolongado.<\/li>\n<li><strong>Servicio de venta al por mayor de utensilios de cocina<\/strong>: Como fabricante confiable de utensilios de cocina de China, ofrecemos utensilios de cocina al por mayor a compradores B2B globales en una amplia variedad de estilos a precios de f\u00e1brica. Tambi\u00e9n apoyamos los servicios de OEM de la marca.<\/li>\n<\/ul>","protected":false},"featured_media":5288,"comment_status":"closed","ping_status":"closed","template":"","meta":{"_acf_changed":false},"product_brand":[],"product_cat":[53],"product_tag":[],"class_list":{"0":"post-5287","1":"product","2":"type-product","3":"status-publish","4":"has-post-thumbnail","6":"product_cat-wholesale-cookware-sets","8":"first","9":"instock","10":"shipping-taxable","11":"product-type-simple"},"acf":[],"_links":{"self":[{"href":"https:\/\/www.chancescook.com\/es\/wp-json\/wp\/v2\/product\/5287","targetHints":{"allow":["GET"]}}],"collection":[{"href":"https:\/\/www.chancescook.com\/es\/wp-json\/wp\/v2\/product"}],"about":[{"href":"https:\/\/www.chancescook.com\/es\/wp-json\/wp\/v2\/types\/product"}],"replies":[{"embeddable":true,"href":"https:\/\/www.chancescook.com\/es\/wp-json\/wp\/v2\/comments?post=5287"}],"wp:featuredmedia":[{"embeddable":true,"href":"https:\/\/www.chancescook.com\/es\/wp-json\/wp\/v2\/media\/5288"}],"wp:attachment":[{"href":"https:\/\/www.chancescook.com\/es\/wp-json\/wp\/v2\/media?parent=5287"}],"wp:term":[{"taxonomy":"product_brand","embeddable":true,"href":"https:\/\/www.chancescook.com\/es\/wp-json\/wp\/v2\/product_brand?post=5287"},{"taxonomy":"product_cat","embeddable":true,"href":"https:\/\/www.chancescook.com\/es\/wp-json\/wp\/v2\/product_cat?post=5287"},{"taxonomy":"product_tag","embeddable":true,"href":"https:\/\/www.chancescook.com\/es\/wp-json\/wp\/v2\/product_tag?post=5287"}],"curies":[{"name":"wp","href":"https:\/\/api.w.org\/{rel}","templated":true}]}}