{"id":5289,"date":"2025-08-14T17:30:30","date_gmt":"2025-08-14T17:30:30","guid":{"rendered":"https:\/\/www.chancescook.com\/?post_type=product&#038;p=5289"},"modified":"2025-08-14T17:31:44","modified_gmt":"2025-08-14T17:31:44","slug":"12-piece-stainless-steel-cookware-set","status":"publish","type":"product","link":"https:\/\/www.chancescook.com\/es\/producto\/12-piece-stainless-steel-cookware-set\/","title":{"rendered":"OEM Juego de utensilios de cocina de acero inoxidable de 12 piezas al por mayor, compatible con varios fogones"},"content":{"rendered":"<div class=\"wp-block-columns is-layout-flex wp-container-core-columns-is-layout-9d6595d7 wp-block-columns-is-layout-flex\">\n<div class=\"wp-block-column is-layout-flow wp-block-column-is-layout-flow\">\n<h2 class=\"wp-block-heading\">Par\u00e1metros de la bater\u00eda de cocina de acero inoxidable de 12 piezas<\/h2>\n\n\n\n<ul class=\"wp-block-list\">\n<li><strong>Material<\/strong>: SS201<\/li>\n\n\n\n<li><strong>Color<\/strong>: Plata<\/li>\n\n\n\n<li><strong>Fondo<\/strong>: Base encapsulada (SUS+1,2 mm Alu+SUS)<\/li>\n\n\n\n<li><strong>Tapa<\/strong>: Tapas de acero inoxidable<\/li>\n\n\n\n<li><strong>Tallas<\/strong>:53\u00d734\u00d738cm<\/li>\n\n\n\n<li><strong>Nota<\/strong>: Apoyo a la inspecci\u00f3n de calidad para pedidos de lotes peque\u00f1os<\/li>\n<\/ul>\n<\/div>\n\n\n\n<div class=\"wp-block-column is-layout-flow wp-block-column-is-layout-flow\">\n<h2 class=\"wp-block-heading\"><mark style=\"background-color:rgba(0, 0, 0, 0)\" class=\"has-inline-color has-vivid-red-color\"><a href=\"https:\/\/www.chancescook.com\/es\/custom-cookware\/\">Bater\u00eda de cocina a medida<\/a><\/mark> Opciones<\/h2>\n\n\n\n<ul class=\"wp-block-list\">\n<li><strong>Logotipo<\/strong>: Personalizable con el logotipo de su marca<\/li>\n\n\n\n<li><strong>Mango<\/strong>: Mango a su medida<\/li>\n\n\n\n<li><strong>Embalaje<\/strong>: Caja de color\/Cart\u00f3n, etc<\/li>\n<\/ul>\n<\/div>\n<\/div>\n\n\n\n<p><\/p>","protected":false},"excerpt":{"rendered":"<p>Juego de utensilios de cocina de 12 piezas al por mayor. Este juego incluye una lechera, una olla sopera y una sart\u00e9n para diversas necesidades culinarias, como hervir, guisar y cocer al vapor. El fondo de tres capas garantiza una r\u00e1pida conducci\u00f3n del calor. Fabricadas en acero inoxidable duradero, se pueden lavar en el lavavajillas y son aptas tanto para uso comercial como dom\u00e9stico. P\u00f3ngase en contacto con nosotros para solicitar el cat\u00e1logo de productos y un presupuesto.<\/p>\n<p>El fabricante de utensilios de cocina Chancescook ofrece precios de f\u00e1brica y servicios de personalizaci\u00f3n OEM. P\u00f3ngase en contacto con nosotros para obtener el mejor presupuesto de un fabricante de utensilios de cocina fiable.<\/p>\n<p>&nbsp;<\/p>\n<h2>Caracter\u00edsticas de la bater\u00eda de cocina de acero inoxidable de 12 piezas<\/h2>\n<p>&nbsp;<\/p>\n<ul>\n<li><strong>Rendimiento de cocina profesional<\/strong>: La base de la olla est\u00e1 hecha de material triply, que distribuye uniformemente el calor y evita eficazmente el sobrecalentamiento, garantizando excelentes resultados de cocci\u00f3n.<\/li>\n<li><strong>Set vers\u00e1til<\/strong>: Este completo juego de utensilios de cocina incluye una olla, una cazuela y una sart\u00e9n, y satisface diversas necesidades culinarias, como hervir, guisar y cocinar al vapor, por lo que es adecuado para chefs dom\u00e9sticos y restaurantes.<\/li>\n<li><strong>F\u00e1cil de limpiar y mantener<\/strong>: La superficie de acero inoxidable sin revestimiento es resistente a los ara\u00f1azos y a las manchas. La bater\u00eda de cocina de este set se puede lavar en el lavavajillas, por lo que es adecuada para cocinas comerciales que exigen una limpieza eficaz y c\u00f3moda.<\/li>\n<li><strong>Excelente dise\u00f1o detallado<\/strong>: La tapa ajustada con precisi\u00f3n proporciona un cierre seguro y una mayor retenci\u00f3n del calor. El asa remachada proporciona mayor resistencia y durabilidad para un uso prolongado.<\/li>\n<li><strong>Servicio de venta al por mayor de utensilios de cocina<\/strong>: Como fabricante confiable de utensilios de cocina de China, ofrecemos utensilios de cocina al por mayor a compradores B2B globales en una amplia variedad de estilos a precios de f\u00e1brica. Tambi\u00e9n apoyamos los servicios de OEM de la marca.<\/li>\n<\/ul>","protected":false},"featured_media":5290,"comment_status":"closed","ping_status":"closed","template":"","meta":{"_acf_changed":false},"product_brand":[],"product_cat":[53],"product_tag":[],"class_list":{"0":"post-5289","1":"product","2":"type-product","3":"status-publish","4":"has-post-thumbnail","6":"product_cat-wholesale-cookware-sets","8":"first","9":"instock","10":"shipping-taxable","11":"product-type-simple"},"acf":[],"_links":{"self":[{"href":"https:\/\/www.chancescook.com\/es\/wp-json\/wp\/v2\/product\/5289","targetHints":{"allow":["GET"]}}],"collection":[{"href":"https:\/\/www.chancescook.com\/es\/wp-json\/wp\/v2\/product"}],"about":[{"href":"https:\/\/www.chancescook.com\/es\/wp-json\/wp\/v2\/types\/product"}],"replies":[{"embeddable":true,"href":"https:\/\/www.chancescook.com\/es\/wp-json\/wp\/v2\/comments?post=5289"}],"wp:featuredmedia":[{"embeddable":true,"href":"https:\/\/www.chancescook.com\/es\/wp-json\/wp\/v2\/media\/5290"}],"wp:attachment":[{"href":"https:\/\/www.chancescook.com\/es\/wp-json\/wp\/v2\/media?parent=5289"}],"wp:term":[{"taxonomy":"product_brand","embeddable":true,"href":"https:\/\/www.chancescook.com\/es\/wp-json\/wp\/v2\/product_brand?post=5289"},{"taxonomy":"product_cat","embeddable":true,"href":"https:\/\/www.chancescook.com\/es\/wp-json\/wp\/v2\/product_cat?post=5289"},{"taxonomy":"product_tag","embeddable":true,"href":"https:\/\/www.chancescook.com\/es\/wp-json\/wp\/v2\/product_tag?post=5289"}],"curies":[{"name":"wp","href":"https:\/\/api.w.org\/{rel}","templated":true}]}}