{"id":5291,"date":"2025-08-14T18:10:25","date_gmt":"2025-08-14T18:10:25","guid":{"rendered":"https:\/\/www.chancescook.com\/?post_type=product&#038;p=5291"},"modified":"2025-12-22T06:42:32","modified_gmt":"2025-12-22T06:42:32","slug":"wholesale-korean-ramen-pot","status":"publish","type":"product","link":"https:\/\/www.chancescook.com\/es\/producto\/wholesale-korean-ramen-pot\/","title":{"rendered":"Mayorista Ramen coreano olla de acero inoxidable artesanal olla de sopa instant\u00e1nea Proveedor"},"content":{"rendered":"<div class=\"wp-block-columns is-layout-flex wp-container-core-columns-is-layout-9d6595d7 wp-block-columns-is-layout-flex\">\n<div class=\"wp-block-column is-layout-flow wp-block-column-is-layout-flow\">\n<h2 class=\"wp-block-heading\">Par\u00e1metros de la olla ramen coreana de acero inoxidable<\/h2>\n\n\n\n<ul class=\"wp-block-list\">\n<li><strong>Grosor normal<\/strong>: 0,5 mm<\/li>\n\n\n\n<li><strong>Talla<\/strong>: 18cm<\/li>\n\n\n\n<li>Logotipo: Grabado l\u00e1ser<\/li>\n\n\n\n<li>MOQ: 1000 piezas<\/li>\n<\/ul>\n<\/div>\n\n\n\n<div class=\"wp-block-column is-layout-flow wp-block-column-is-layout-flow\">\n<h2 class=\"wp-block-heading\">Olla Ramen de acero inoxidable a medida<\/h2>\n\n\n\n<p>Logotipo: Personaliza el logotipo de tu marca<br>Material: Acero inoxidable SUS430<br>Grosor del material: 0,5 mm<br>Embalaje: caja de color\/cart\u00f3n, etc.<br>Soluciones de ollas a medida OEM y ODM<\/p>\n<\/div>\n<\/div>\n\n\n\n<div class=\"wp-block-columns is-layout-flex wp-container-core-columns-is-layout-9d6595d7 wp-block-columns-is-layout-flex\">\n<div class=\"wp-block-column is-layout-flow wp-block-column-is-layout-flow\">\n<figure class=\"wp-block-image size-full\"><img decoding=\"async\" width=\"457\" height=\"457\" src=\"https:\/\/www.chancescook.com\/wp-content\/uploads\/2025\/08\/Custom-Korean-Ramen-Pot-Wholesale.webp\" alt=\"Mayorista de ollas ramen coreanas personalizadas\" class=\"wp-image-5292\" srcset=\"https:\/\/www.chancescook.com\/wp-content\/uploads\/2025\/08\/Custom-Korean-Ramen-Pot-Wholesale.webp 457w, https:\/\/www.chancescook.com\/wp-content\/uploads\/2025\/08\/Custom-Korean-Ramen-Pot-Wholesale-300x300.webp 300w, https:\/\/www.chancescook.com\/wp-content\/uploads\/2025\/08\/Custom-Korean-Ramen-Pot-Wholesale-150x150.webp 150w, https:\/\/www.chancescook.com\/wp-content\/uploads\/2025\/08\/Custom-Korean-Ramen-Pot-Wholesale-12x12.webp 12w, https:\/\/www.chancescook.com\/wp-content\/uploads\/2025\/08\/Custom-Korean-Ramen-Pot-Wholesale-285x285.webp 285w, https:\/\/www.chancescook.com\/wp-content\/uploads\/2025\/08\/Custom-Korean-Ramen-Pot-Wholesale-270x270.webp 270w\" sizes=\"(max-width: 457px) 100vw, 457px\" \/><\/figure>\n<\/div>\n\n\n\n<div class=\"wp-block-column is-layout-flow wp-block-column-is-layout-flow\">\n<figure class=\"wp-block-image size-full\"><img decoding=\"async\" width=\"445\" height=\"445\" src=\"https:\/\/www.chancescook.com\/wp-content\/uploads\/2025\/08\/Custom-Korean-Ramen-Pot-Wholesaler.webp\" alt=\"Mayorista de ollas ramen coreanas a medida\" class=\"wp-image-5293\" srcset=\"https:\/\/www.chancescook.com\/wp-content\/uploads\/2025\/08\/Custom-Korean-Ramen-Pot-Wholesaler.webp 445w, https:\/\/www.chancescook.com\/wp-content\/uploads\/2025\/08\/Custom-Korean-Ramen-Pot-Wholesaler-300x300.webp 300w, https:\/\/www.chancescook.com\/wp-content\/uploads\/2025\/08\/Custom-Korean-Ramen-Pot-Wholesaler-150x150.webp 150w, https:\/\/www.chancescook.com\/wp-content\/uploads\/2025\/08\/Custom-Korean-Ramen-Pot-Wholesaler-12x12.webp 12w, https:\/\/www.chancescook.com\/wp-content\/uploads\/2025\/08\/Custom-Korean-Ramen-Pot-Wholesaler-285x285.webp 285w, https:\/\/www.chancescook.com\/wp-content\/uploads\/2025\/08\/Custom-Korean-Ramen-Pot-Wholesaler-270x270.webp 270w\" sizes=\"(max-width: 445px) 100vw, 445px\" \/><\/figure>\n<\/div>\n<\/div>\n\n\n\n<p><\/p>","protected":false},"excerpt":{"rendered":"<p>Olla de fideos instant\u00e1neos con dise\u00f1o de copo de nieve dorado al por mayor, fabricada en acero inoxidable de alta calidad, respetuosa con el medio ambiente y sin revestimiento, equipada con un mango de acero inoxidable antiquemaduras engrosado y conexi\u00f3n de remache, que proporciona un agarre c\u00f3modo y firme, evitando eficazmente las quemaduras. Esta olla coreana para ramen es adecuada para restaurantes chinos, hoteles y uso dom\u00e9stico. P\u00f3ngase en contacto con nosotros. El fabricante de utensilios de cocina Chancescook le ofrece servicios integrales de venta al por mayor y personalizaci\u00f3n.<\/p>\n<h2>Caracter\u00edsticas y ventajas de la olla ramen coreana<\/h2>\n<ul>\n<li><strong>Materiales de alta calidad<\/strong>: Hecho de acero inoxidable de alta calidad, no es propenso a ara\u00f1azos o desgaste, puede soportar el uso diario frecuente, no tiene recubrimiento, es resistente al calor, y es seguro y saludable de usar.<\/li>\n<li><strong>Buena resistencia al calor<\/strong>: El acero inoxidable tiene una excelente conductividad t\u00e9rmica, lo que permite un calentamiento r\u00e1pido y uniforme de los ingredientes, haciendo que la comida sea m\u00e1s deliciosa.<\/li>\n<li><strong>F\u00e1cil de limpiar<\/strong>: Los woks de acero inoxidable son muy f\u00e1ciles de limpiar y pueden limpiarse con un pa\u00f1o suave. La fuerte resistencia a la corrosi\u00f3n y la capacidad antideformaci\u00f3n hacen que las ollas de acero inoxidable queden como nuevas tras un uso prolongado.<\/li>\n<li><strong>Servicio mayorista<\/strong>: Como fabricante de utensilios de cocina de acero inoxidable, <span style=\"color: #993300;\"><a style=\"color: #993300;\" href=\"https:\/\/www.chancescook.com\/es\/\"><strong>Chancescook<\/strong><\/a><\/span> ofrece ollas doradas para fideos instant\u00e1neos al por mayor a distribuidores y minoristas, y presta servicios profesionales de personalizaci\u00f3n.<\/li>\n<\/ul>\n<p>&nbsp;<\/p>","protected":false},"featured_media":5790,"comment_status":"closed","ping_status":"closed","template":"","meta":{"_acf_changed":false},"product_brand":[],"product_cat":[62,52],"product_tag":[],"class_list":{"0":"post-5291","1":"product","2":"type-product","3":"status-publish","4":"has-post-thumbnail","6":"product_cat-wholesale-soup-pot","7":"product_cat-cookware-wholesale","9":"first","10":"instock","11":"shipping-taxable","12":"product-type-simple"},"acf":[],"_links":{"self":[{"href":"https:\/\/www.chancescook.com\/es\/wp-json\/wp\/v2\/product\/5291","targetHints":{"allow":["GET"]}}],"collection":[{"href":"https:\/\/www.chancescook.com\/es\/wp-json\/wp\/v2\/product"}],"about":[{"href":"https:\/\/www.chancescook.com\/es\/wp-json\/wp\/v2\/types\/product"}],"replies":[{"embeddable":true,"href":"https:\/\/www.chancescook.com\/es\/wp-json\/wp\/v2\/comments?post=5291"}],"wp:featuredmedia":[{"embeddable":true,"href":"https:\/\/www.chancescook.com\/es\/wp-json\/wp\/v2\/media\/5790"}],"wp:attachment":[{"href":"https:\/\/www.chancescook.com\/es\/wp-json\/wp\/v2\/media?parent=5291"}],"wp:term":[{"taxonomy":"product_brand","embeddable":true,"href":"https:\/\/www.chancescook.com\/es\/wp-json\/wp\/v2\/product_brand?post=5291"},{"taxonomy":"product_cat","embeddable":true,"href":"https:\/\/www.chancescook.com\/es\/wp-json\/wp\/v2\/product_cat?post=5291"},{"taxonomy":"product_tag","embeddable":true,"href":"https:\/\/www.chancescook.com\/es\/wp-json\/wp\/v2\/product_tag?post=5291"}],"curies":[{"name":"wp","href":"https:\/\/api.w.org\/{rel}","templated":true}]}}