{"id":5298,"date":"2025-08-14T18:35:34","date_gmt":"2025-08-14T18:35:34","guid":{"rendered":"https:\/\/www.chancescook.com\/?post_type=product&#038;p=5298"},"modified":"2025-12-22T06:44:11","modified_gmt":"2025-12-22T06:44:11","slug":"stainless-steel-noodle-pot-wholesale","status":"publish","type":"product","link":"https:\/\/www.chancescook.com\/es\/producto\/stainless-steel-noodle-pot-wholesale\/","title":{"rendered":"Mayorista Olla de acero inoxidable para fideos, olla coreana para fideos ramen con asa"},"content":{"rendered":"<div class=\"wp-block-columns is-layout-flex wp-container-core-columns-is-layout-9d6595d7 wp-block-columns-is-layout-flex\">\n<div class=\"wp-block-column is-layout-flow wp-block-column-is-layout-flow\">\n<h2 class=\"wp-block-heading\">Par\u00e1metros de la olla de acero inoxidable para fideos<\/h2>\n\n\n\n<ul class=\"wp-block-list\">\n<li>Grosor normal: 1 mm<\/li>\n\n\n\n<li>Tama\u00f1o: 18 cm<\/li>\n\n\n\n<li>Logotipo: Grabado l\u00e1ser<\/li>\n\n\n\n<li>MOQ: 1000 piezas<\/li>\n<\/ul>\n<\/div>\n\n\n\n<div class=\"wp-block-column is-layout-flow wp-block-column-is-layout-flow\">\n<h2 class=\"wp-block-heading\">Olla para fideos de acero inoxidable a medida<\/h2>\n\n\n\n<ul class=\"wp-block-list\">\n<li>Logotipo: Personaliza el logotipo de tu marca<\/li>\n\n\n\n<li>Material: Acero inoxidable SUS430<\/li>\n\n\n\n<li>Grosor del material: 1 mm<\/li>\n\n\n\n<li>Embalaje: caja de color\/cart\u00f3n, etc.<\/li>\n\n\n\n<li><strong><a href=\"https:\/\/www.chancescook.com\/es\/custom-cookware\/\">Soluciones de ollas a medida OEM y ODM<\/a><\/strong><\/li>\n<\/ul>\n<\/div>\n<\/div>\n\n\n\n<div class=\"wp-block-columns is-layout-flex wp-container-core-columns-is-layout-9d6595d7 wp-block-columns-is-layout-flex\">\n<div class=\"wp-block-column is-layout-flow wp-block-column-is-layout-flow\" style=\"flex-basis:25%\"><\/div>\n\n\n\n<div class=\"wp-block-column is-layout-flow wp-block-column-is-layout-flow\" style=\"flex-basis:50%\">\n<figure class=\"wp-block-image size-full\"><img decoding=\"async\" width=\"749\" height=\"584\" src=\"https:\/\/www.chancescook.com\/wp-content\/uploads\/2025\/08\/Stainless-Steel-Noodle-Pot-Wholesale-Korean-Ramen-Noodle-Pot.webp\" alt=\"Olla de acero inoxidable para fideos Ramen coreano al por mayor\" class=\"wp-image-5299\" srcset=\"https:\/\/www.chancescook.com\/wp-content\/uploads\/2025\/08\/Stainless-Steel-Noodle-Pot-Wholesale-Korean-Ramen-Noodle-Pot.webp 749w, https:\/\/www.chancescook.com\/wp-content\/uploads\/2025\/08\/Stainless-Steel-Noodle-Pot-Wholesale-Korean-Ramen-Noodle-Pot-300x234.webp 300w, https:\/\/www.chancescook.com\/wp-content\/uploads\/2025\/08\/Stainless-Steel-Noodle-Pot-Wholesale-Korean-Ramen-Noodle-Pot-15x12.webp 15w, https:\/\/www.chancescook.com\/wp-content\/uploads\/2025\/08\/Stainless-Steel-Noodle-Pot-Wholesale-Korean-Ramen-Noodle-Pot-285x222.webp 285w, https:\/\/www.chancescook.com\/wp-content\/uploads\/2025\/08\/Stainless-Steel-Noodle-Pot-Wholesale-Korean-Ramen-Noodle-Pot-360x280.webp 360w, https:\/\/www.chancescook.com\/wp-content\/uploads\/2025\/08\/Stainless-Steel-Noodle-Pot-Wholesale-Korean-Ramen-Noodle-Pot-660x515.webp 660w, https:\/\/www.chancescook.com\/wp-content\/uploads\/2025\/08\/Stainless-Steel-Noodle-Pot-Wholesale-Korean-Ramen-Noodle-Pot-150x117.webp 150w\" sizes=\"(max-width: 749px) 100vw, 749px\" \/><\/figure>\n<\/div>\n\n\n\n<div class=\"wp-block-column is-layout-flow wp-block-column-is-layout-flow\" style=\"flex-basis:25%\"><\/div>\n<\/div>","protected":false},"excerpt":{"rendered":"<p>Olla para fideos dorada al por mayor, fabricada en acero inoxidable de alta calidad, respetuosa con el medio ambiente y sin revestimiento, equipada con mango de acero inoxidable antiquemaduras engrosado y eslab\u00f3n remachado, que proporciona un agarre c\u00f3modo y firme, evitando eficazmente las quemaduras. Esta olla dorada para fideos es adecuada para restaurantes chinos, hoteles y uso dom\u00e9stico. P\u00f3ngase en contacto con nosotros. El fabricante de utensilios de cocina Chancescook le ofrece servicios integrales de venta al por mayor y personalizaci\u00f3n. \u00a0<\/p>\n<h2>Ventajas de la olla para fideos de acero inoxidable<\/h2>\n<p>&nbsp;<\/p>\n<ul>\n<li><strong>Material de alta calidad:<\/strong> Fabricado en acero inoxidable de alta calidad, no se raya ni se desgasta f\u00e1cilmente, puede soportar el uso diario frecuente, sin revestimiento, resistente a altas temperaturas, seguro y saludable de usar.<\/li>\n<li><strong>Buena resistencia al calor<\/strong>: El acero inoxidable tiene una buena conductividad t\u00e9rmica, lo que permite calentar los ingredientes de forma r\u00e1pida y uniforme, haci\u00e9ndolos m\u00e1s sabrosos.<\/li>\n<li><strong>F\u00e1cil de limpiar<\/strong>: El wok de acero inoxidable es muy f\u00e1cil de limpiar y se puede limpiar f\u00e1cilmente con un pa\u00f1o suave. La gran resistencia a la corrosi\u00f3n y a la deformaci\u00f3n de las ollas de acero inoxidable las mantiene como nuevas tras un uso prolongado.<\/li>\n<li><strong>Servicio mayorista<\/strong>: Como fabricante de utensilios de cocina de acero inoxidable, Chancescook ofrece ollas de fideos de oro al por mayor a distribuidores y minoristas, as\u00ed como servicios profesionales de personalizaci\u00f3n.<\/li>\n<\/ul>","protected":false},"featured_media":5791,"comment_status":"closed","ping_status":"closed","template":"","meta":{"_acf_changed":false},"product_brand":[],"product_cat":[52,62],"product_tag":[],"class_list":{"0":"post-5298","1":"product","2":"type-product","3":"status-publish","4":"has-post-thumbnail","6":"product_cat-cookware-wholesale","7":"product_cat-wholesale-soup-pot","9":"first","10":"instock","11":"shipping-taxable","12":"product-type-simple"},"acf":[],"_links":{"self":[{"href":"https:\/\/www.chancescook.com\/es\/wp-json\/wp\/v2\/product\/5298","targetHints":{"allow":["GET"]}}],"collection":[{"href":"https:\/\/www.chancescook.com\/es\/wp-json\/wp\/v2\/product"}],"about":[{"href":"https:\/\/www.chancescook.com\/es\/wp-json\/wp\/v2\/types\/product"}],"replies":[{"embeddable":true,"href":"https:\/\/www.chancescook.com\/es\/wp-json\/wp\/v2\/comments?post=5298"}],"wp:featuredmedia":[{"embeddable":true,"href":"https:\/\/www.chancescook.com\/es\/wp-json\/wp\/v2\/media\/5791"}],"wp:attachment":[{"href":"https:\/\/www.chancescook.com\/es\/wp-json\/wp\/v2\/media?parent=5298"}],"wp:term":[{"taxonomy":"product_brand","embeddable":true,"href":"https:\/\/www.chancescook.com\/es\/wp-json\/wp\/v2\/product_brand?post=5298"},{"taxonomy":"product_cat","embeddable":true,"href":"https:\/\/www.chancescook.com\/es\/wp-json\/wp\/v2\/product_cat?post=5298"},{"taxonomy":"product_tag","embeddable":true,"href":"https:\/\/www.chancescook.com\/es\/wp-json\/wp\/v2\/product_tag?post=5298"}],"curies":[{"name":"wp","href":"https:\/\/api.w.org\/{rel}","templated":true}]}}