{"id":5359,"date":"2025-08-31T19:36:45","date_gmt":"2025-08-31T19:36:45","guid":{"rendered":"https:\/\/www.chancescook.com\/?post_type=product&#038;p=5359"},"modified":"2025-09-22T06:42:50","modified_gmt":"2025-09-22T06:42:50","slug":"bulk-pots-and-pans-12-piece","status":"publish","type":"product","link":"https:\/\/www.chancescook.com\/es\/producto\/bulk-pots-and-pans-12-piece\/","title":{"rendered":"Bulk Pots and Pans 12 Piece Cookware Set - Compatible with Various Stoves"},"content":{"rendered":"<div class=\"wp-block-columns is-layout-flex wp-container-core-columns-is-layout-9d6595d7 wp-block-columns-is-layout-flex\">\n<div class=\"wp-block-column is-layout-flow wp-block-column-is-layout-flow\">\n<h2 class=\"wp-block-heading\">Par\u00e1metros de la bater\u00eda de cocina de 12 piezas<\/h2>\n\n\n\n<ul class=\"wp-block-list\">\n<li><strong>Material: <\/strong>SS201<\/li>\n\n\n\n<li><strong>Color: <\/strong>Plata<\/li>\n\n\n\n<li><strong>Fondo<\/strong>: Base encapsulada (SUS+1,2 mm Alu+SUS)<\/li>\n\n\n\n<li><strong>Tapa: <\/strong>Tapas de cristal<\/li>\n\n\n\n<li><strong>Tallas<\/strong>:51\u00d728\u00d747cm<\/li>\n\n\n\n<li><strong>Nota:<\/strong> Apoyo a la inspecci\u00f3n de calidad de pedidos de lotes peque\u00f1os<\/li>\n<\/ul>\n<\/div>\n\n\n\n<div class=\"wp-block-column is-layout-flow wp-block-column-is-layout-flow\">\n<h2 class=\"wp-block-heading\">Opciones de bater\u00eda de cocina a medida<\/h2>\n\n\n\n<ul class=\"wp-block-list\">\n<li><strong>Logotipo:<\/strong> Personalizable con el logotipo de su marca<\/li>\n\n\n\n<li><strong>Asa:<\/strong> Mango a su medida<\/li>\n\n\n\n<li><strong>Embalaje:<\/strong> Caja de color\/Cart\u00f3n, etc<\/li>\n<\/ul>\n<\/div>\n<\/div>\n\n\n\n<p><a href=\"https:\/\/www.chancescook.com\/es\/\"><strong>Fabricante de utensilios de cocina Chancescook<\/strong> <\/a>ofrece precios de f\u00e1brica y servicios de personalizaci\u00f3n OEM. Cont\u00e1ctenos para obtener la mejor cotizaci\u00f3n de un fabricante confiable de juegos de ollas y sartenes a granel.<\/p>\n\n\n\n<p><\/p>","protected":false},"excerpt":{"rendered":"<p>Juego de bater\u00eda de cocina de 12 piezas al por mayor. Este juego de ollas y sartenes al por mayor incluye una lechera, una sopera y una guisera para diversas necesidades culinarias, como hervir, guisar y cocer al vapor. El fondo de tres capas garantiza una r\u00e1pida conducci\u00f3n del calor. Fabricadas en acero inoxidable duradero, son aptas para el lavavajillas y aptas tanto para uso comercial como dom\u00e9stico. P\u00f3ngase en contacto con nosotros para solicitar el cat\u00e1logo de productos y un presupuesto.<\/p>\n<h3>Ollas y sartenes a granel Caracter\u00edsticas:<\/h3>\n<ul>\n<li><strong>Rendimiento de cocci\u00f3n profesional:<\/strong> La base de la olla est\u00e1 hecha de material tricapa, que distribuye uniformemente el calor y evita eficazmente el sobrecalentamiento, garantizando excelentes resultados de cocci\u00f3n.<\/li>\n<li><strong>Set vers\u00e1til:<\/strong> Este completo juego de utensilios de cocina incluye una olla, una cazuela y una lechera, que satisfacen diversas necesidades culinarias, como hervir, guisar y cocer al vapor, por lo que resulta adecuado para chefs dom\u00e9sticos y restaurantes.<\/li>\n<li><strong>F\u00e1cil de limpiar y mantener:<\/strong> La superficie de acero inoxidable sin revestimiento es resistente a ara\u00f1azos y manchas, y la bater\u00eda de cocina de este juego se puede lavar en el lavavajillas, por lo que es adecuada para cocinas comerciales que exigen una limpieza eficaz y c\u00f3moda.<\/li>\n<li><strong>Excelente dise\u00f1o detallado:<\/strong> La tapa ajustada con precisi\u00f3n proporciona un cierre seguro y una mayor retenci\u00f3n del calor. El asa remachada proporciona mayor resistencia y durabilidad para un uso prolongado.<\/li>\n<li><strong>Servicio de venta al por mayor de utensilios de cocina:<\/strong> Como fabricante confiable de utensilios de cocina de China, ofrecemos utensilios de cocina al por mayor a compradores B2B globales en una amplia variedad de estilos a precios de f\u00e1brica. Tambi\u00e9n apoyamos servicios de OEM de la marca.<\/li>\n<\/ul>","protected":false},"featured_media":5360,"comment_status":"closed","ping_status":"closed","template":"","meta":{"_acf_changed":false},"product_brand":[],"product_cat":[53],"product_tag":[],"class_list":{"0":"post-5359","1":"product","2":"type-product","3":"status-publish","4":"has-post-thumbnail","6":"product_cat-wholesale-cookware-sets","8":"first","9":"instock","10":"shipping-taxable","11":"product-type-simple"},"acf":[],"_links":{"self":[{"href":"https:\/\/www.chancescook.com\/es\/wp-json\/wp\/v2\/product\/5359","targetHints":{"allow":["GET"]}}],"collection":[{"href":"https:\/\/www.chancescook.com\/es\/wp-json\/wp\/v2\/product"}],"about":[{"href":"https:\/\/www.chancescook.com\/es\/wp-json\/wp\/v2\/types\/product"}],"replies":[{"embeddable":true,"href":"https:\/\/www.chancescook.com\/es\/wp-json\/wp\/v2\/comments?post=5359"}],"wp:featuredmedia":[{"embeddable":true,"href":"https:\/\/www.chancescook.com\/es\/wp-json\/wp\/v2\/media\/5360"}],"wp:attachment":[{"href":"https:\/\/www.chancescook.com\/es\/wp-json\/wp\/v2\/media?parent=5359"}],"wp:term":[{"taxonomy":"product_brand","embeddable":true,"href":"https:\/\/www.chancescook.com\/es\/wp-json\/wp\/v2\/product_brand?post=5359"},{"taxonomy":"product_cat","embeddable":true,"href":"https:\/\/www.chancescook.com\/es\/wp-json\/wp\/v2\/product_cat?post=5359"},{"taxonomy":"product_tag","embeddable":true,"href":"https:\/\/www.chancescook.com\/es\/wp-json\/wp\/v2\/product_tag?post=5359"}],"curies":[{"name":"wp","href":"https:\/\/api.w.org\/{rel}","templated":true}]}}