{"id":5414,"date":"2025-09-17T06:19:28","date_gmt":"2025-09-17T06:19:28","guid":{"rendered":"https:\/\/www.chancescook.com\/?post_type=product&#038;p=5414"},"modified":"2025-09-24T07:08:13","modified_gmt":"2025-09-24T07:08:13","slug":"12-piece-pot-and-pan-set-manufacturer","status":"publish","type":"product","link":"https:\/\/www.chancescook.com\/es\/producto\/12-piece-pot-and-pan-set-manufacturer\/","title":{"rendered":"Juego de ollas y sartenes de 12 piezas Fabricante, Proveedor de juegos de ollas y sartenes de acero inoxidable"},"content":{"rendered":"<div class=\"wp-block-columns is-layout-flex wp-container-core-columns-is-layout-9d6595d7 wp-block-columns-is-layout-flex\">\n<div class=\"wp-block-column is-layout-flow wp-block-column-is-layout-flow\">\n<h2 class=\"wp-block-heading\">Par\u00e1metros del juego de ollas y sartenes de 12 piezas\uff1a<\/h2>\n\n\n\n<ul class=\"wp-block-list\">\n<li><strong>Material: <\/strong>SS410<\/li>\n\n\n\n<li><strong>Color:<\/strong> Plata<\/li>\n\n\n\n<li><strong>Fondo<\/strong>: Base encapsulada (SUS+1,2 mm Alu+SUS)<\/li>\n\n\n\n<li><strong>Tapa:<\/strong> Tapas de cristal<\/li>\n\n\n\n<li><strong>Tallas<\/strong>:54\u00d731\u00d752cm<\/li>\n\n\n\n<li><strong>Nota:<\/strong> Apoyo a la inspecci\u00f3n de calidad de pedidos de lotes peque\u00f1os<\/li>\n<\/ul>\n<\/div>\n\n\n\n<div class=\"wp-block-column is-layout-flow wp-block-column-is-layout-flow\">\n<h2 class=\"wp-block-heading\">Opciones de juego de ollas y sartenes personalizadas\uff1a<\/h2>\n\n\n\n<ul class=\"wp-block-list\">\n<li><strong>Logotipo:<\/strong> Personalizable con el logotipo de su marca<\/li>\n\n\n\n<li><strong>Mango<\/strong>: Mango a su medida<\/li>\n\n\n\n<li><strong>Embalaje: <\/strong>Caja de color\/Cart\u00f3n, etc<\/li>\n<\/ul>\n<\/div>\n<\/div>\n\n\n\n<p><em><a href=\"https:\/\/www.chancescook.com\/es\/contact\/\" data-type=\"page\" data-id=\"2990\">El fabricante de utensilios de cocina Chancescook ofrece precios de f\u00e1brica y servicios de personalizaci\u00f3n OEM. P\u00f3ngase en contacto con nosotros para obtener el mejor presupuesto de un fabricante de utensilios de cocina fiable.<\/a><\/em><\/p>\n\n\n\n<div class=\"wp-block-columns is-layout-flex wp-container-core-columns-is-layout-9d6595d7 wp-block-columns-is-layout-flex\">\n<div class=\"wp-block-column is-layout-flow wp-block-column-is-layout-flow\">\n<figure class=\"wp-block-image size-full\"><img decoding=\"async\" width=\"4608\" height=\"3456\" src=\"https:\/\/www.chancescook.com\/wp-content\/uploads\/2025\/07\/wholesale-cookware-manufacturer-chances-0-edited.webp\" alt=\"China Fabricante de utensilios de cocina-Chancescook\" class=\"wp-image-5085\" srcset=\"https:\/\/www.chancescook.com\/wp-content\/uploads\/2025\/07\/wholesale-cookware-manufacturer-chances-0-edited.webp 4608w, https:\/\/www.chancescook.com\/wp-content\/uploads\/2025\/07\/wholesale-cookware-manufacturer-chances-0-edited-300x225.webp 300w, https:\/\/www.chancescook.com\/wp-content\/uploads\/2025\/07\/wholesale-cookware-manufacturer-chances-0-edited-768x576.webp 768w, https:\/\/www.chancescook.com\/wp-content\/uploads\/2025\/07\/wholesale-cookware-manufacturer-chances-0-edited-16x12.webp 16w, https:\/\/www.chancescook.com\/wp-content\/uploads\/2025\/07\/wholesale-cookware-manufacturer-chances-0-edited-285x214.webp 285w, https:\/\/www.chancescook.com\/wp-content\/uploads\/2025\/07\/wholesale-cookware-manufacturer-chances-0-edited-1600x1200.webp 1600w, https:\/\/www.chancescook.com\/wp-content\/uploads\/2025\/07\/wholesale-cookware-manufacturer-chances-0-edited-800x600.webp 800w, https:\/\/www.chancescook.com\/wp-content\/uploads\/2025\/07\/wholesale-cookware-manufacturer-chances-0-edited-660x495.webp 660w, https:\/\/www.chancescook.com\/wp-content\/uploads\/2025\/07\/wholesale-cookware-manufacturer-chances-0-edited-150x113.webp 150w\" sizes=\"(max-width: 4608px) 100vw, 4608px\" \/><\/figure>\n<\/div>\n\n\n\n<div class=\"wp-block-column is-layout-flow wp-block-column-is-layout-flow\">\n<figure class=\"wp-block-image size-full\"><img decoding=\"async\" width=\"2755\" height=\"2066\" src=\"https:\/\/www.chancescook.com\/wp-content\/uploads\/2025\/07\/wholesale-cookware-manufacturer-kitchenware-manufacturer-chances-1_\u526f\u672c-edited.webp\" alt=\"Los materiales m\u00e1s comunes de los utensilios de cocina-chancescook\" class=\"wp-image-5084\" srcset=\"https:\/\/www.chancescook.com\/wp-content\/uploads\/2025\/07\/wholesale-cookware-manufacturer-kitchenware-manufacturer-chances-1_\u526f\u672c-edited.webp 2755w, https:\/\/www.chancescook.com\/wp-content\/uploads\/2025\/07\/wholesale-cookware-manufacturer-kitchenware-manufacturer-chances-1_\u526f\u672c-edited-300x225.webp 300w, https:\/\/www.chancescook.com\/wp-content\/uploads\/2025\/07\/wholesale-cookware-manufacturer-kitchenware-manufacturer-chances-1_\u526f\u672c-edited-768x576.webp 768w, https:\/\/www.chancescook.com\/wp-content\/uploads\/2025\/07\/wholesale-cookware-manufacturer-kitchenware-manufacturer-chances-1_\u526f\u672c-edited-16x12.webp 16w, https:\/\/www.chancescook.com\/wp-content\/uploads\/2025\/07\/wholesale-cookware-manufacturer-kitchenware-manufacturer-chances-1_\u526f\u672c-edited-285x214.webp 285w, https:\/\/www.chancescook.com\/wp-content\/uploads\/2025\/07\/wholesale-cookware-manufacturer-kitchenware-manufacturer-chances-1_\u526f\u672c-edited-1600x1200.webp 1600w, https:\/\/www.chancescook.com\/wp-content\/uploads\/2025\/07\/wholesale-cookware-manufacturer-kitchenware-manufacturer-chances-1_\u526f\u672c-edited-800x600.webp 800w, https:\/\/www.chancescook.com\/wp-content\/uploads\/2025\/07\/wholesale-cookware-manufacturer-kitchenware-manufacturer-chances-1_\u526f\u672c-edited-660x495.webp 660w, https:\/\/www.chancescook.com\/wp-content\/uploads\/2025\/07\/wholesale-cookware-manufacturer-kitchenware-manufacturer-chances-1_\u526f\u672c-edited-150x112.webp 150w\" sizes=\"(max-width: 2755px) 100vw, 2755px\" \/><\/figure>\n<\/div>\n<\/div>","protected":false},"excerpt":{"rendered":"<p>Como fabricante mayorista de juegos de ollas y sartenes de 12 piezas, ofrecemos utensilios de cocina duraderos de acero inoxidable, incluyendo una olla lechera, una olla sopera y una olla para guisar con un fondo de 3 capas para un calentamiento r\u00e1pido. Aptas para lavavajillas, ideales para cocinas dom\u00e9sticas y comerciales. P\u00f3ngase en contacto con nosotros para obtener el cat\u00e1logo y el presupuesto.<\/p>\n<h3>Juego de ollas y sartenes de 12 piezas al por mayor Caracter\u00edsticas:<\/h3>\n<ul>\n<li>\n<p><strong>Rendimiento de cocci\u00f3n profesional:<\/strong> La base triple de las ollas del juego de ollas y sartenes al por mayor de 12 piezas proporciona una distribuci\u00f3n r\u00e1pida y uniforme del calor, evitando eficazmente el sobrecalentamiento y ofreciendo un rendimiento de cocci\u00f3n constante.<\/p>\n<p>&nbsp;<\/p>\n<\/li>\n<li>\n<p><strong>Set multifunci\u00f3n:<\/strong> La bater\u00eda de cocina completa incluye una olla, una cazuela y una lechera, que cubren una amplia gama de tareas culinarias como hervir, guisar y cocer al vapor. Por eso es ideal tanto para cocinas dom\u00e9sticas como para restaurantes.<\/p>\n<p>&nbsp;<\/p>\n<\/li>\n<li>\n<p><strong>F\u00e1cil de limpiar y mantener:<\/strong> Fabricado con una superficie de acero inoxidable sin revestimiento que resiste los ara\u00f1azos y las manchas, el juego de utensilios de cocina es apto para el lavavajillas y satisface las exigencias de comodidad y eficacia de las cocinas de los restaurantes m\u00e1s concurridos.<\/p>\n<p>&nbsp;<\/p>\n<\/li>\n<li>\n<p><strong>Excelente dise\u00f1o detallado:<\/strong> Cada tapa est\u00e1 ajustada con precisi\u00f3n para mantener el calor y el sabor, y las asas remachadas proporcionan resistencia y durabilidad adicionales para un uso diario a largo plazo.<\/p>\n<p>&nbsp;<\/p>\n<\/li>\n<li>\n<p><strong>Rendimiento energ\u00e9ticamente eficiente:<\/strong> La base conductora de tres capas proporciona la mejor retenci\u00f3n del calor y reduce la p\u00e9rdida de energ\u00eda, el tiempo de cocci\u00f3n y mejora la eficiencia general en cocinas dom\u00e9sticas y comerciales.<\/p>\n<p>&nbsp;<\/p>\n<\/li>\n<li>\n<p><strong>Servicio de venta al por mayor de utensilios de cocina<\/strong>: Como una s\u00f3lida f\u00e1brica china de utensilios de cocina, suministramos al por mayor 12 piezas olla y sart\u00e9n conjuntos a los compradores globales B2B a precios de f\u00e1brica, con el pleno apoyo de la etiqueta privada y servicios de personalizaci\u00f3n OEM.<\/p>\n<\/li>\n<\/ul>","protected":false},"featured_media":5418,"comment_status":"closed","ping_status":"closed","template":"","meta":{"_acf_changed":false},"product_brand":[],"product_cat":[53],"product_tag":[],"class_list":{"0":"post-5414","1":"product","2":"type-product","3":"status-publish","4":"has-post-thumbnail","6":"product_cat-wholesale-cookware-sets","8":"first","9":"instock","10":"shipping-taxable","11":"product-type-simple"},"acf":[],"_links":{"self":[{"href":"https:\/\/www.chancescook.com\/es\/wp-json\/wp\/v2\/product\/5414","targetHints":{"allow":["GET"]}}],"collection":[{"href":"https:\/\/www.chancescook.com\/es\/wp-json\/wp\/v2\/product"}],"about":[{"href":"https:\/\/www.chancescook.com\/es\/wp-json\/wp\/v2\/types\/product"}],"replies":[{"embeddable":true,"href":"https:\/\/www.chancescook.com\/es\/wp-json\/wp\/v2\/comments?post=5414"}],"wp:featuredmedia":[{"embeddable":true,"href":"https:\/\/www.chancescook.com\/es\/wp-json\/wp\/v2\/media\/5418"}],"wp:attachment":[{"href":"https:\/\/www.chancescook.com\/es\/wp-json\/wp\/v2\/media?parent=5414"}],"wp:term":[{"taxonomy":"product_brand","embeddable":true,"href":"https:\/\/www.chancescook.com\/es\/wp-json\/wp\/v2\/product_brand?post=5414"},{"taxonomy":"product_cat","embeddable":true,"href":"https:\/\/www.chancescook.com\/es\/wp-json\/wp\/v2\/product_cat?post=5414"},{"taxonomy":"product_tag","embeddable":true,"href":"https:\/\/www.chancescook.com\/es\/wp-json\/wp\/v2\/product_tag?post=5414"}],"curies":[{"name":"wp","href":"https:\/\/api.w.org\/{rel}","templated":true}]}}