{"id":5420,"date":"2025-09-17T06:43:54","date_gmt":"2025-09-17T06:43:54","guid":{"rendered":"https:\/\/www.chancescook.com\/?post_type=product&#038;p=5420"},"modified":"2025-09-24T07:08:22","modified_gmt":"2025-09-24T07:08:22","slug":"stainless-steel-cooking-pot-set-factory","status":"publish","type":"product","link":"https:\/\/www.chancescook.com\/es\/producto\/stainless-steel-cooking-pot-set-factory\/","title":{"rendered":"El mejor juego de ollas de acero inoxidable, fabricante de utensilios de cocina asi\u00e1ticos"},"content":{"rendered":"<div class=\"wp-block-columns is-layout-flex wp-container-core-columns-is-layout-9d6595d7 wp-block-columns-is-layout-flex\">\n<div class=\"wp-block-column is-layout-flow wp-block-column-is-layout-flow\">\n<h2 class=\"wp-block-heading\">Juego de ollas de acero inoxidable de 12 piezas Par\u00e1metros\uff1a.<\/h2>\n\n\n\n<ul class=\"wp-block-list\">\n<li><strong>Material: <\/strong>SS410<\/li>\n\n\n\n<li><strong>Color:<\/strong> Plata<\/li>\n\n\n\n<li><strong>Fondo<\/strong>: Base encapsulada (SUS+1,2 mm Alu+SUS)<\/li>\n\n\n\n<li><strong>Tapa:<\/strong> Tapas de cristal<\/li>\n\n\n\n<li><strong>Tallas<\/strong>:54\u00d731\u00d752cm<\/li>\n\n\n\n<li><strong>Nota:<\/strong> Apoyo a la inspecci\u00f3n de calidad de pedidos de lotes peque\u00f1os<\/li>\n<\/ul>\n<\/div>\n\n\n\n<div class=\"wp-block-column is-layout-flow wp-block-column-is-layout-flow\">\n<h2 class=\"wp-block-heading\">Opciones de juego de ollas de acero inoxidable personalizadas\uff1a<\/h2>\n\n\n\n<ul class=\"wp-block-list\">\n<li><strong>Logotipo:<\/strong> Personalizable con el logotipo de su marca<\/li>\n\n\n\n<li><strong>Mango<\/strong>: Mango a su medida<\/li>\n\n\n\n<li><strong>Embalaje: <\/strong>Caja de color\/Cart\u00f3n, etc<\/li>\n<\/ul>\n<\/div>\n<\/div>\n\n\n\n<p><em><a href=\"https:\/\/www.chancescook.com\/es\/contact\/\" data-type=\"page\" data-id=\"2990\">El fabricante de utensilios de cocina Chancescook ofrece precios de f\u00e1brica y servicios de personalizaci\u00f3n OEM. P\u00f3ngase en contacto con nosotros para obtener el mejor presupuesto de un fabricante de utensilios de cocina fiable.<\/a><\/em><\/p>\n\n\n\n<div class=\"wp-block-columns is-layout-flex wp-container-core-columns-is-layout-9d6595d7 wp-block-columns-is-layout-flex\">\n<div class=\"wp-block-column is-layout-flow wp-block-column-is-layout-flow\">\n<figure class=\"wp-block-image size-full\"><img decoding=\"async\" width=\"1000\" height=\"1000\" src=\"https:\/\/www.chancescook.com\/wp-content\/uploads\/2025\/09\/12-Piece-Pot-and-Pan-Set-Manufacturer-Chancescook.webp\" alt=\"Juego de ollas y sartenes de 12 piezas Fabricante - Chancescook\" class=\"wp-image-5418\" srcset=\"https:\/\/www.chancescook.com\/wp-content\/uploads\/2025\/09\/12-Piece-Pot-and-Pan-Set-Manufacturer-Chancescook.webp 1000w, https:\/\/www.chancescook.com\/wp-content\/uploads\/2025\/09\/12-Piece-Pot-and-Pan-Set-Manufacturer-Chancescook-300x300.webp 300w, https:\/\/www.chancescook.com\/wp-content\/uploads\/2025\/09\/12-Piece-Pot-and-Pan-Set-Manufacturer-Chancescook-150x150.webp 150w, https:\/\/www.chancescook.com\/wp-content\/uploads\/2025\/09\/12-Piece-Pot-and-Pan-Set-Manufacturer-Chancescook-768x768.webp 768w, https:\/\/www.chancescook.com\/wp-content\/uploads\/2025\/09\/12-Piece-Pot-and-Pan-Set-Manufacturer-Chancescook-12x12.webp 12w, https:\/\/www.chancescook.com\/wp-content\/uploads\/2025\/09\/12-Piece-Pot-and-Pan-Set-Manufacturer-Chancescook-285x285.webp 285w, https:\/\/www.chancescook.com\/wp-content\/uploads\/2025\/09\/12-Piece-Pot-and-Pan-Set-Manufacturer-Chancescook-270x270.webp 270w, https:\/\/www.chancescook.com\/wp-content\/uploads\/2025\/09\/12-Piece-Pot-and-Pan-Set-Manufacturer-Chancescook-540x540.webp 540w, https:\/\/www.chancescook.com\/wp-content\/uploads\/2025\/09\/12-Piece-Pot-and-Pan-Set-Manufacturer-Chancescook-660x660.webp 660w\" sizes=\"(max-width: 1000px) 100vw, 1000px\" \/><\/figure>\n<\/div>\n\n\n\n<div class=\"wp-block-column is-layout-flow wp-block-column-is-layout-flow\">\n<figure class=\"wp-block-image size-full\"><img decoding=\"async\" width=\"1000\" height=\"1000\" src=\"https:\/\/www.chancescook.com\/wp-content\/uploads\/2025\/08\/Bulk-Pots-and-Pans-12-Piece-Cookware-Set.webp\" alt=\"Juego de bater\u00eda de cocina de 12 piezas Bulk Pots and Pans\" class=\"wp-image-5360\" srcset=\"https:\/\/www.chancescook.com\/wp-content\/uploads\/2025\/08\/Bulk-Pots-and-Pans-12-Piece-Cookware-Set\u200b.webp 1000w, https:\/\/www.chancescook.com\/wp-content\/uploads\/2025\/08\/Bulk-Pots-and-Pans-12-Piece-Cookware-Set\u200b-300x300.webp 300w, https:\/\/www.chancescook.com\/wp-content\/uploads\/2025\/08\/Bulk-Pots-and-Pans-12-Piece-Cookware-Set\u200b-150x150.webp 150w, https:\/\/www.chancescook.com\/wp-content\/uploads\/2025\/08\/Bulk-Pots-and-Pans-12-Piece-Cookware-Set\u200b-768x768.webp 768w, https:\/\/www.chancescook.com\/wp-content\/uploads\/2025\/08\/Bulk-Pots-and-Pans-12-Piece-Cookware-Set\u200b-12x12.webp 12w, https:\/\/www.chancescook.com\/wp-content\/uploads\/2025\/08\/Bulk-Pots-and-Pans-12-Piece-Cookware-Set\u200b-285x285.webp 285w, https:\/\/www.chancescook.com\/wp-content\/uploads\/2025\/08\/Bulk-Pots-and-Pans-12-Piece-Cookware-Set\u200b-270x270.webp 270w, https:\/\/www.chancescook.com\/wp-content\/uploads\/2025\/08\/Bulk-Pots-and-Pans-12-Piece-Cookware-Set\u200b-540x540.webp 540w, https:\/\/www.chancescook.com\/wp-content\/uploads\/2025\/08\/Bulk-Pots-and-Pans-12-Piece-Cookware-Set\u200b-660x660.webp 660w\" sizes=\"(max-width: 1000px) 100vw, 1000px\" \/><\/figure>\n<\/div>\n\n\n\n<div class=\"wp-block-column is-layout-flow wp-block-column-is-layout-flow\">\n<figure class=\"wp-block-image size-full\"><img decoding=\"async\" width=\"3000\" height=\"3000\" src=\"https:\/\/www.chancescook.com\/wp-content\/uploads\/2025\/08\/OEM-12-Piece-Stainless-Steel-Cookware-Set-Wholesale.webp\" alt=\"OEM Juego de utensilios de cocina de acero inoxidable de 12 piezas al por mayor\" class=\"wp-image-5290\" srcset=\"https:\/\/www.chancescook.com\/wp-content\/uploads\/2025\/08\/OEM-12-Piece-Stainless-Steel-Cookware-Set-Wholesale.webp 3000w, https:\/\/www.chancescook.com\/wp-content\/uploads\/2025\/08\/OEM-12-Piece-Stainless-Steel-Cookware-Set-Wholesale-300x300.webp 300w, https:\/\/www.chancescook.com\/wp-content\/uploads\/2025\/08\/OEM-12-Piece-Stainless-Steel-Cookware-Set-Wholesale-150x150.webp 150w, https:\/\/www.chancescook.com\/wp-content\/uploads\/2025\/08\/OEM-12-Piece-Stainless-Steel-Cookware-Set-Wholesale-768x768.webp 768w, https:\/\/www.chancescook.com\/wp-content\/uploads\/2025\/08\/OEM-12-Piece-Stainless-Steel-Cookware-Set-Wholesale-12x12.webp 12w, https:\/\/www.chancescook.com\/wp-content\/uploads\/2025\/08\/OEM-12-Piece-Stainless-Steel-Cookware-Set-Wholesale-285x285.webp 285w, https:\/\/www.chancescook.com\/wp-content\/uploads\/2025\/08\/OEM-12-Piece-Stainless-Steel-Cookware-Set-Wholesale-1600x1600.webp 1600w, https:\/\/www.chancescook.com\/wp-content\/uploads\/2025\/08\/OEM-12-Piece-Stainless-Steel-Cookware-Set-Wholesale-270x270.webp 270w, https:\/\/www.chancescook.com\/wp-content\/uploads\/2025\/08\/OEM-12-Piece-Stainless-Steel-Cookware-Set-Wholesale-540x540.webp 540w, https:\/\/www.chancescook.com\/wp-content\/uploads\/2025\/08\/OEM-12-Piece-Stainless-Steel-Cookware-Set-Wholesale-660x660.webp 660w\" sizes=\"(max-width: 3000px) 100vw, 3000px\" \/><\/figure>\n<\/div>\n<\/div>\n\n\n\n<p><\/p>","protected":false},"excerpt":{"rendered":"<p>Como fabricante de confianza de utensilios de cocina asi\u00e1ticos, suministramos al por mayor el juego de ollas de acero inoxidable en 12 piezas, con ollas, olla de leche, olla y utensilios. Duradero, apto para lavavajillas, con base triply para un calentamiento r\u00e1pido, ideal para uso dom\u00e9stico y comercial.<\/p>\n<h3>Juego de ollas de acero inoxidable Caracter\u00edsticas:<\/h3>\n<ul>\n<li><strong>Excelente Material:<\/strong> Fabricado en excelente acero inoxidable, este juego de ollas de acero inoxidable a granel ofrece durabilidad, resistencia a la corrosi\u00f3n y un acabado pulido fino ideal para aplicaciones en restaurantes y hogares.<\/li>\n<li><strong>Juego completo de 12 piezas<\/strong>: Las ollas, la lechera, el puchero, la sart\u00e9n y los utensilios de cocina sencillos se proporcionan para adaptarse a diferentes procesos de cocci\u00f3n, como hervir, guisar, fre\u00edr y cocer al vapor.<\/li>\n<li><strong>Transferencia de calor eficiente:<\/strong> Fondo de tres capas para un calentamiento instant\u00e1neo y uniforme, menor consumo de energ\u00eda y prevenci\u00f3n de puntos calientes para unos resultados de cocci\u00f3n \u00f3ptimos.<\/li>\n<li><strong>Dise\u00f1o pr\u00e1ctico<\/strong>: El mango remachado proporciona un agarre seguro, mientras que las tapas de cristal ajustadas con precisi\u00f3n retienen el calor y los sabores. Se puede lavar en el lavavajillas para facilitar su limpieza y mantenimiento.<\/li>\n<li><strong>Flexibilidad de uso<\/strong>: Adecuado para restaurantes, catering y cocinas dom\u00e9sticas, satisface las exigencias de los consumidores internacionales de utensilios de cocina fiables.<\/li>\n<li><strong>Fabricaci\u00f3n de confianza<\/strong>: Como un experimentado asi\u00e1tico Cookware Set fabricante, ofrecemos OEM \/ ODM personalizaci\u00f3n y suministro al por mayor con un precio directo de f\u00e1brica.<\/li>\n<\/ul>","protected":false},"featured_media":5423,"comment_status":"closed","ping_status":"closed","template":"","meta":{"_acf_changed":false},"product_brand":[],"product_cat":[53],"product_tag":[],"class_list":{"0":"post-5420","1":"product","2":"type-product","3":"status-publish","4":"has-post-thumbnail","6":"product_cat-wholesale-cookware-sets","8":"first","9":"instock","10":"shipping-taxable","11":"product-type-simple"},"acf":[],"_links":{"self":[{"href":"https:\/\/www.chancescook.com\/es\/wp-json\/wp\/v2\/product\/5420","targetHints":{"allow":["GET"]}}],"collection":[{"href":"https:\/\/www.chancescook.com\/es\/wp-json\/wp\/v2\/product"}],"about":[{"href":"https:\/\/www.chancescook.com\/es\/wp-json\/wp\/v2\/types\/product"}],"replies":[{"embeddable":true,"href":"https:\/\/www.chancescook.com\/es\/wp-json\/wp\/v2\/comments?post=5420"}],"wp:featuredmedia":[{"embeddable":true,"href":"https:\/\/www.chancescook.com\/es\/wp-json\/wp\/v2\/media\/5423"}],"wp:attachment":[{"href":"https:\/\/www.chancescook.com\/es\/wp-json\/wp\/v2\/media?parent=5420"}],"wp:term":[{"taxonomy":"product_brand","embeddable":true,"href":"https:\/\/www.chancescook.com\/es\/wp-json\/wp\/v2\/product_brand?post=5420"},{"taxonomy":"product_cat","embeddable":true,"href":"https:\/\/www.chancescook.com\/es\/wp-json\/wp\/v2\/product_cat?post=5420"},{"taxonomy":"product_tag","embeddable":true,"href":"https:\/\/www.chancescook.com\/es\/wp-json\/wp\/v2\/product_tag?post=5420"}],"curies":[{"name":"wp","href":"https:\/\/api.w.org\/{rel}","templated":true}]}}