{"id":5438,"date":"2025-09-26T09:36:29","date_gmt":"2025-09-26T09:36:29","guid":{"rendered":"https:\/\/www.chancescook.com\/?post_type=product&#038;p=5438"},"modified":"2025-09-26T10:01:42","modified_gmt":"2025-09-26T10:01:42","slug":"8-piece-cookware-set-manufacturer","status":"publish","type":"product","link":"https:\/\/www.chancescook.com\/es\/producto\/8-piece-cookware-set-manufacturer\/","title":{"rendered":"Chances 8 Piece Cookware Set Fabricante, Acero inoxidable Juego de ollas Proveedor"},"content":{"rendered":"<div class=\"wp-block-columns is-layout-flex wp-container-core-columns-is-layout-9d6595d7 wp-block-columns-is-layout-flex\">\n<div class=\"wp-block-column is-layout-flow wp-block-column-is-layout-flow\">\n<h2 class=\"wp-block-heading\">Par\u00e1metros de la bater\u00eda de cocina de 8 piezas\uff1a<\/h2>\n\n\n\n<ul class=\"wp-block-list\">\n<li><strong>Material: <\/strong>SS201<\/li>\n\n\n\n<li><strong>Color:<\/strong> Plata<\/li>\n\n\n\n<li><strong>Fondo<\/strong>: Base encapsulada (SUS+1,2 mm Alu+SUS)<\/li>\n\n\n\n<li><strong>Tapa:<\/strong> Tapas de cristal<\/li>\n\n\n\n<li><strong>Tallas<\/strong>:56\u00d735\u00d753cm<\/li>\n\n\n\n<li><strong>Nota:<\/strong> Apoyo a la inspecci\u00f3n de calidad de pedidos de lotes peque\u00f1os<\/li>\n<\/ul>\n<\/div>\n\n\n\n<div class=\"wp-block-column is-layout-flow wp-block-column-is-layout-flow\">\n<h2 class=\"wp-block-heading\">Opciones del juego de bater\u00eda de cocina de 8 piezas personalizado\uff1a<\/h2>\n\n\n\n<ul class=\"wp-block-list\">\n<li><strong>Logotipo:<\/strong> Personalizable con el logotipo de su marca<\/li>\n\n\n\n<li><strong>Mango<\/strong>: Mango a su medida<\/li>\n\n\n\n<li><strong>Embalaje: <\/strong>Caja de color\/Cart\u00f3n, etc<\/li>\n<\/ul>\n<\/div>\n<\/div>\n\n\n\n<p><em><a href=\"https:\/\/www.chancescook.com\/es\/contact\/\" data-type=\"page\" data-id=\"2990\">El fabricante de utensilios de cocina Chancescook ofrece precios de f\u00e1brica y servicios de personalizaci\u00f3n OEM. P\u00f3ngase en contacto con nosotros para obtener el mejor presupuesto de un fabricante de utensilios de cocina fiable.<\/a><\/em><\/p>\n\n\n\n<div class=\"wp-block-columns is-layout-flex wp-container-core-columns-is-layout-9d6595d7 wp-block-columns-is-layout-flex\">\n<div class=\"wp-block-column is-layout-flow wp-block-column-is-layout-flow\"><\/div>\n<\/div>\n\n\n\n<p><\/p>","protected":false},"excerpt":{"rendered":"<p>Esta duradera bater\u00eda de cocina de acero inoxidable de ocho piezas de una empresa bien establecida es perfecta para cocinas residenciales o comerciales. Tiene un acabado electropulido que crea un aspecto profesional, met\u00e1lico que es f\u00e1cil de limpiar y apto para lavavajillas.<\/p>\n<p>Apoyamos la personalizaci\u00f3n de marcas y ofrecemos grandes cantidades. Los comerciantes globales, mayoristas y marcas de utensilios de cocina son bienvenidos a contactarnos.<\/p>\n<h3>Caracter\u00edsticas y ventajas del juego de utensilios de cocina de 8 piezas\uff1a.<\/h3>\n<ul>\n<li><strong>Durabilidad:<\/strong> Como fabricante profesional de bater\u00edas de cocina de 8 piezas, desarrollamos bater\u00edas de cocina de acero inoxidable resistentes a la corrosi\u00f3n y duraderas. A diferencia del aluminio u otros metales, nuestros utensilios de cocina no se abollan, deforman ni agrietan con el calor o el uso intensivo, lo que garantiza una larga vida \u00fatil.<\/li>\n<li><strong>Superficie no reactiva:<\/strong> Nuestras ollas de acero inoxidable no reaccionan con los ingredientes \u00e1cidos ni alcalinos, por lo que conservan el sabor natural de los alimentos sin ning\u00fan gusto met\u00e1lico.<\/li>\n<li><strong>Soluci\u00f3n de cocina completa:<\/strong> Este juego de ollas de acero inoxidable al por mayor incluye ollas y soperas de diferentes tama\u00f1os, que proporcionan una soluci\u00f3n universal para muchos tipos diferentes de necesidades culinarias.<\/li>\n<li><strong>F\u00e1cil de limpiar:<\/strong> La bater\u00eda de cocina de 8 piezas es f\u00e1cil de limpiar en el lavavajillas. Las manchas resistentes se eliminan f\u00e1cilmente remoj\u00e1ndolas o frot\u00e1ndolas ligeramente, y el uso nunca empa\u00f1ar\u00e1 su aspecto brillante y profesional.<\/li>\n<li><strong>Tecnolog\u00eda y producci\u00f3n avanzadas:<\/strong> Como fabricante l\u00edder de utensilios de cocina de 8 piezas, aplicamos l\u00edneas de producci\u00f3n eficientes y tecnolog\u00eda de pulido avanzada para producir nuestros utensilios de cocina en su forma m\u00e1s bella y utilizable. Somos capaces de ofrecer cantidades de pedidos a granel de acero inoxidable al por mayor juegos de ollas.<\/li>\n<\/ul>","protected":false},"featured_media":5439,"comment_status":"closed","ping_status":"closed","template":"","meta":{"_acf_changed":false},"product_brand":[],"product_cat":[53],"product_tag":[],"class_list":{"0":"post-5438","1":"product","2":"type-product","3":"status-publish","4":"has-post-thumbnail","6":"product_cat-wholesale-cookware-sets","8":"first","9":"instock","10":"shipping-taxable","11":"product-type-simple"},"acf":[],"_links":{"self":[{"href":"https:\/\/www.chancescook.com\/es\/wp-json\/wp\/v2\/product\/5438","targetHints":{"allow":["GET"]}}],"collection":[{"href":"https:\/\/www.chancescook.com\/es\/wp-json\/wp\/v2\/product"}],"about":[{"href":"https:\/\/www.chancescook.com\/es\/wp-json\/wp\/v2\/types\/product"}],"replies":[{"embeddable":true,"href":"https:\/\/www.chancescook.com\/es\/wp-json\/wp\/v2\/comments?post=5438"}],"wp:featuredmedia":[{"embeddable":true,"href":"https:\/\/www.chancescook.com\/es\/wp-json\/wp\/v2\/media\/5439"}],"wp:attachment":[{"href":"https:\/\/www.chancescook.com\/es\/wp-json\/wp\/v2\/media?parent=5438"}],"wp:term":[{"taxonomy":"product_brand","embeddable":true,"href":"https:\/\/www.chancescook.com\/es\/wp-json\/wp\/v2\/product_brand?post=5438"},{"taxonomy":"product_cat","embeddable":true,"href":"https:\/\/www.chancescook.com\/es\/wp-json\/wp\/v2\/product_cat?post=5438"},{"taxonomy":"product_tag","embeddable":true,"href":"https:\/\/www.chancescook.com\/es\/wp-json\/wp\/v2\/product_tag?post=5438"}],"curies":[{"name":"wp","href":"https:\/\/api.w.org\/{rel}","templated":true}]}}