{"id":5440,"date":"2025-09-26T10:05:35","date_gmt":"2025-09-26T10:05:35","guid":{"rendered":"https:\/\/www.chancescook.com\/?post_type=product&#038;p=5440"},"modified":"2025-09-26T11:16:19","modified_gmt":"2025-09-26T11:16:19","slug":"restaurant-supply-pots-and-pans-7-pcs","status":"publish","type":"product","link":"https:\/\/www.chancescook.com\/es\/producto\/restaurant-supply-pots-and-pans-7-pcs\/","title":{"rendered":"Restaurant Supply Pots and Pans 7 Piece China Cookware Set Fabricante"},"content":{"rendered":"<div class=\"wp-block-columns is-layout-flex wp-container-core-columns-is-layout-9d6595d7 wp-block-columns-is-layout-flex\">\n<div class=\"wp-block-column is-layout-flow wp-block-column-is-layout-flow\">\n<h2 class=\"wp-block-heading\">Siete piezas de ollas y sartenes para restaurantes. Par\u00e1metros:<\/h2>\n\n\n\n<ul class=\"wp-block-list\">\n<li><strong>Material: <\/strong>SS410<\/li>\n\n\n\n<li><strong>Color:<\/strong> Plata<\/li>\n\n\n\n<li><strong>Fondo<\/strong>: Base encapsulada (SUS+1,2 mm Alu+SUS)<\/li>\n\n\n\n<li><strong>Tapa:<\/strong> Tapas de cristal<\/li>\n\n\n\n<li><strong>Tallas<\/strong>559 \u00d7 49 \u00d7 40 cm<\/li>\n\n\n\n<li><strong>Nota:<\/strong> Apoyo a la inspecci\u00f3n de calidad de pedidos de lotes peque\u00f1os<\/li>\n<\/ul>\n<\/div>\n\n\n\n<div class=\"wp-block-column is-layout-flow wp-block-column-is-layout-flow\">\n<h2 class=\"wp-block-heading\">Opciones de ollas y sartenes personalizadas\uff1a<\/h2>\n\n\n\n<ul class=\"wp-block-list\">\n<li><strong>Logotipo:<\/strong> Personalizable con el logotipo de su marca<\/li>\n\n\n\n<li><strong>Mango<\/strong>: Mango a su medida<\/li>\n\n\n\n<li><strong>Embalaje: <\/strong>Caja de color\/Cart\u00f3n, etc<\/li>\n<\/ul>\n<\/div>\n<\/div>\n\n\n\n<p><em><a href=\"https:\/\/www.chancescook.com\/es\/contact\/\" data-type=\"page\" data-id=\"2990\">El fabricante de utensilios de cocina Chancescook ofrece precios de f\u00e1brica y servicios de personalizaci\u00f3n OEM. P\u00f3ngase en contacto con nosotros para obtener el mejor presupuesto de un fabricante de utensilios de cocina fiable.<\/a><\/em><\/p>\n\n\n\n<div class=\"wp-block-columns is-layout-flex wp-container-core-columns-is-layout-9d6595d7 wp-block-columns-is-layout-flex\">\n<div class=\"wp-block-column is-layout-flow wp-block-column-is-layout-flow\">\n<figure class=\"wp-block-image size-full\"><img decoding=\"async\" width=\"4608\" height=\"3456\" src=\"https:\/\/www.chancescook.com\/wp-content\/uploads\/2025\/07\/wholesale-cookware-manufacturer-chances-0-edited.webp\" alt=\"China Fabricante de utensilios de cocina-Chancescook\" class=\"wp-image-5085\" srcset=\"https:\/\/www.chancescook.com\/wp-content\/uploads\/2025\/07\/wholesale-cookware-manufacturer-chances-0-edited.webp 4608w, https:\/\/www.chancescook.com\/wp-content\/uploads\/2025\/07\/wholesale-cookware-manufacturer-chances-0-edited-300x225.webp 300w, https:\/\/www.chancescook.com\/wp-content\/uploads\/2025\/07\/wholesale-cookware-manufacturer-chances-0-edited-768x576.webp 768w, https:\/\/www.chancescook.com\/wp-content\/uploads\/2025\/07\/wholesale-cookware-manufacturer-chances-0-edited-16x12.webp 16w, https:\/\/www.chancescook.com\/wp-content\/uploads\/2025\/07\/wholesale-cookware-manufacturer-chances-0-edited-285x214.webp 285w, https:\/\/www.chancescook.com\/wp-content\/uploads\/2025\/07\/wholesale-cookware-manufacturer-chances-0-edited-1600x1200.webp 1600w, https:\/\/www.chancescook.com\/wp-content\/uploads\/2025\/07\/wholesale-cookware-manufacturer-chances-0-edited-800x600.webp 800w, https:\/\/www.chancescook.com\/wp-content\/uploads\/2025\/07\/wholesale-cookware-manufacturer-chances-0-edited-660x495.webp 660w, https:\/\/www.chancescook.com\/wp-content\/uploads\/2025\/07\/wholesale-cookware-manufacturer-chances-0-edited-150x113.webp 150w\" sizes=\"(max-width: 4608px) 100vw, 4608px\" \/><\/figure>\n<\/div>\n\n\n\n<div class=\"wp-block-column is-layout-flow wp-block-column-is-layout-flow\">\n<figure class=\"wp-block-image size-full\"><img decoding=\"async\" width=\"2755\" height=\"2066\" src=\"https:\/\/www.chancescook.com\/wp-content\/uploads\/2025\/07\/wholesale-cookware-manufacturer-kitchenware-manufacturer-chances-1_\u526f\u672c-edited.webp\" alt=\"Los materiales m\u00e1s comunes de los utensilios de cocina-chancescook\" class=\"wp-image-5084\" srcset=\"https:\/\/www.chancescook.com\/wp-content\/uploads\/2025\/07\/wholesale-cookware-manufacturer-kitchenware-manufacturer-chances-1_\u526f\u672c-edited.webp 2755w, https:\/\/www.chancescook.com\/wp-content\/uploads\/2025\/07\/wholesale-cookware-manufacturer-kitchenware-manufacturer-chances-1_\u526f\u672c-edited-300x225.webp 300w, https:\/\/www.chancescook.com\/wp-content\/uploads\/2025\/07\/wholesale-cookware-manufacturer-kitchenware-manufacturer-chances-1_\u526f\u672c-edited-768x576.webp 768w, https:\/\/www.chancescook.com\/wp-content\/uploads\/2025\/07\/wholesale-cookware-manufacturer-kitchenware-manufacturer-chances-1_\u526f\u672c-edited-16x12.webp 16w, https:\/\/www.chancescook.com\/wp-content\/uploads\/2025\/07\/wholesale-cookware-manufacturer-kitchenware-manufacturer-chances-1_\u526f\u672c-edited-285x214.webp 285w, https:\/\/www.chancescook.com\/wp-content\/uploads\/2025\/07\/wholesale-cookware-manufacturer-kitchenware-manufacturer-chances-1_\u526f\u672c-edited-1600x1200.webp 1600w, https:\/\/www.chancescook.com\/wp-content\/uploads\/2025\/07\/wholesale-cookware-manufacturer-kitchenware-manufacturer-chances-1_\u526f\u672c-edited-800x600.webp 800w, https:\/\/www.chancescook.com\/wp-content\/uploads\/2025\/07\/wholesale-cookware-manufacturer-kitchenware-manufacturer-chances-1_\u526f\u672c-edited-660x495.webp 660w, https:\/\/www.chancescook.com\/wp-content\/uploads\/2025\/07\/wholesale-cookware-manufacturer-kitchenware-manufacturer-chances-1_\u526f\u672c-edited-150x112.webp 150w\" sizes=\"(max-width: 2755px) 100vw, 2755px\" \/><\/figure>\n<\/div>\n<\/div>\n\n\n\n<p><\/p>","protected":false},"excerpt":{"rendered":"<p>Este resistente juego de utensilios de cocina de acero inoxidable de siete piezas es perfecto tanto para cocinas dom\u00e9sticas como comerciales. La superficie electropulida proporciona un acabado met\u00e1lico profesional, f\u00e1cil de limpiar y apto para el lavavajillas. Como proveedor l\u00edder de ollas y sartenes para restaurantes, ofrecemos personalizaci\u00f3n de marcas y aceptamos pedidos de grandes cantidades. Invitamos a los comerciantes internacionales, mayoristas y marcas de utensilios de cocina a ponerse en contacto con nosotros.<\/p>\n<h3>Caracter\u00edsticas de las ollas y sartenes para restaurantes:<\/h3>\n<ul>\n<li data-start=\"137\" data-end=\"411\"><strong data-start=\"137\" data-end=\"152\">Durabilidad:<\/strong> Nuestras ollas y sartenes para restaurantes ofrecen una excelente resistencia a la corrosi\u00f3n y una gran durabilidad. A diferencia del aluminio u otros metales, los utensilios de cocina de acero inoxidable no se abollan, deforman ni agrietan con las altas temperaturas o el uso frecuente, lo que garantiza una larga vida \u00fatil.<\/li>\n<li data-start=\"413\" data-end=\"584\"><strong data-start=\"413\" data-end=\"438\">Superficie no reactiva:<\/strong> Los utensilios de cocina de acero inoxidable no reaccionan con los alimentos \u00e1cidos o alcalinos, lo que permite conservar el sabor natural de los ingredientes sin ning\u00fan regusto met\u00e1lico.<\/li>\n<li data-start=\"586\" data-end=\"833\"><strong data-start=\"586\" data-end=\"616\">Soluci\u00f3n de cocina completa:<\/strong> Este juego de utensilios de cocina de 7 piezas incluye ollas y cacerolas de varios tama\u00f1os, lo que lo convierte en una soluci\u00f3n vers\u00e1til para una gran variedad de tareas culinarias, ideal tanto para cocinas dom\u00e9sticas como para satisfacer las necesidades de ollas y sartenes de restaurantes.<\/li>\n<li data-start=\"835\" data-end=\"1049\"><strong data-start=\"835\" data-end=\"856\">F\u00e1cil de mantener:<\/strong> El juego de utensilios de cocina de 7 piezas se puede lavar en el lavavajillas, y los residuos dif\u00edciles se pueden eliminar f\u00e1cilmente remoj\u00e1ndolos o frot\u00e1ndolos suavemente. El uso frecuente no disminuir\u00e1 su aspecto brillante y profesional.<\/li>\n<li data-start=\"1051\" data-end=\"1340\"><strong data-start=\"1051\" data-end=\"1090\">Tecnolog\u00eda y producci\u00f3n avanzadas:<\/strong> Como fabricante l\u00edder de utensilios de cocina, utilizamos l\u00edneas de producci\u00f3n eficientes y t\u00e9cnicas de pulido avanzadas para garantizar que nuestros productos sean tanto bonitos como funcionales. Disponemos de grandes cantidades para el suministro al por mayor de ollas y sartenes para restaurantes.<\/li>\n<\/ul>","protected":false},"featured_media":5441,"comment_status":"closed","ping_status":"closed","template":"","meta":{"_acf_changed":false},"product_brand":[],"product_cat":[53],"product_tag":[],"class_list":{"0":"post-5440","1":"product","2":"type-product","3":"status-publish","4":"has-post-thumbnail","6":"product_cat-wholesale-cookware-sets","8":"first","9":"instock","10":"shipping-taxable","11":"product-type-simple"},"acf":[],"_links":{"self":[{"href":"https:\/\/www.chancescook.com\/es\/wp-json\/wp\/v2\/product\/5440","targetHints":{"allow":["GET"]}}],"collection":[{"href":"https:\/\/www.chancescook.com\/es\/wp-json\/wp\/v2\/product"}],"about":[{"href":"https:\/\/www.chancescook.com\/es\/wp-json\/wp\/v2\/types\/product"}],"replies":[{"embeddable":true,"href":"https:\/\/www.chancescook.com\/es\/wp-json\/wp\/v2\/comments?post=5440"}],"wp:featuredmedia":[{"embeddable":true,"href":"https:\/\/www.chancescook.com\/es\/wp-json\/wp\/v2\/media\/5441"}],"wp:attachment":[{"href":"https:\/\/www.chancescook.com\/es\/wp-json\/wp\/v2\/media?parent=5440"}],"wp:term":[{"taxonomy":"product_brand","embeddable":true,"href":"https:\/\/www.chancescook.com\/es\/wp-json\/wp\/v2\/product_brand?post=5440"},{"taxonomy":"product_cat","embeddable":true,"href":"https:\/\/www.chancescook.com\/es\/wp-json\/wp\/v2\/product_cat?post=5440"},{"taxonomy":"product_tag","embeddable":true,"href":"https:\/\/www.chancescook.com\/es\/wp-json\/wp\/v2\/product_tag?post=5440"}],"curies":[{"name":"wp","href":"https:\/\/api.w.org\/{rel}","templated":true}]}}