{"id":5455,"date":"2025-10-09T10:32:07","date_gmt":"2025-10-09T10:32:07","guid":{"rendered":"https:\/\/www.chancescook.com\/?post_type=product&#038;p=5455"},"modified":"2025-12-21T12:56:12","modified_gmt":"2025-12-21T12:56:12","slug":"custom-frying-pan-supplier","status":"publish","type":"product","link":"https:\/\/www.chancescook.com\/es\/producto\/custom-frying-pan-supplier\/","title":{"rendered":"Sartenes a medida, Sartenes de aluminio al por mayor Proveedor | M\u00faltiples tama\u00f1os y OEM\/ODM"},"content":{"rendered":"<div class=\"wp-block-columns is-layout-flex wp-container-core-columns-is-layout-9d6595d7 wp-block-columns-is-layout-flex\">\n<div class=\"wp-block-column is-layout-flow wp-block-column-is-layout-flow\">\n<h2 class=\"wp-block-heading\">Sartenes de aluminio Par\u00e1metros:<\/h2>\n\n\n\n<ul class=\"wp-block-list\">\n<li><strong>Material: <\/strong>Acero inoxidable 304 Tri-Ply<\/li>\n\n\n\n<li><strong>Grosor normal<\/strong>: 3,0 mm<\/li>\n\n\n\n<li><strong>Tama\u00f1o:<\/strong> 18\/20\/22\/24\/26\/28\/30\/32\/34\/36\/38\/40cm<\/li>\n\n\n\n<li><strong>Logotipo<\/strong>: Grabado l\u00e1ser\/Sello en relieve<\/li>\n\n\n\n<li><strong>MOQ:<\/strong> 300 unidades<\/li>\n<\/ul>\n<\/div>\n\n\n\n<div class=\"wp-block-column is-layout-flow wp-block-column-is-layout-flow\">\n<h2 class=\"wp-block-heading\">Opciones de sartenes personalizadas<\/h2>\n\n\n\n<ul class=\"wp-block-list\">\n<li><strong>Logotipo:<\/strong> Personaliza el logotipo de tu marca.<\/li>\n\n\n\n<li><strong>Material:<\/strong> Aluminio<\/li>\n\n\n\n<li><strong>Asa: <\/strong>Estilo\/Material<\/li>\n\n\n\n<li><strong>Tratamiento de la superficie de contacto:<\/strong> Sin recubrimiento\/recubrimiento antiadherente<\/li>\n\n\n\n<li><strong>Embalaje:<\/strong> caja de colores\/cart\u00f3n, etc.<\/li>\n\n\n\n<li><strong><a href=\"https:\/\/www.chancescook.com\/es\/custom-cookware\/\">Soluciones de ollas a medida OEM y ODM<\/a><\/strong><\/li>\n<\/ul>\n<\/div>\n<\/div>\n\n\n\n<div class=\"wp-block-columns is-layout-flex wp-container-core-columns-is-layout-9d6595d7 wp-block-columns-is-layout-flex\">\n<div class=\"wp-block-column is-layout-flow wp-block-column-is-layout-flow\">\n<figure class=\"wp-block-image size-full\"><img decoding=\"async\" width=\"4096\" height=\"4096\" src=\"https:\/\/www.chancescook.com\/wp-content\/uploads\/2025\/10\/Custom-Frying-Pan-Wholesale-3.webp\" alt=\"Sartenes personalizadas al por mayor (3)\" class=\"wp-image-5464\" srcset=\"https:\/\/www.chancescook.com\/wp-content\/uploads\/2025\/10\/Custom-Frying-Pan-Wholesale-3.webp 4096w, https:\/\/www.chancescook.com\/wp-content\/uploads\/2025\/10\/Custom-Frying-Pan-Wholesale-3-300x300.webp 300w, https:\/\/www.chancescook.com\/wp-content\/uploads\/2025\/10\/Custom-Frying-Pan-Wholesale-3-150x150.webp 150w, https:\/\/www.chancescook.com\/wp-content\/uploads\/2025\/10\/Custom-Frying-Pan-Wholesale-3-768x768.webp 768w, https:\/\/www.chancescook.com\/wp-content\/uploads\/2025\/10\/Custom-Frying-Pan-Wholesale-3-12x12.webp 12w, https:\/\/www.chancescook.com\/wp-content\/uploads\/2025\/10\/Custom-Frying-Pan-Wholesale-3-285x285.webp 285w, https:\/\/www.chancescook.com\/wp-content\/uploads\/2025\/10\/Custom-Frying-Pan-Wholesale-3-1600x1600.webp 1600w, https:\/\/www.chancescook.com\/wp-content\/uploads\/2025\/10\/Custom-Frying-Pan-Wholesale-3-270x270.webp 270w, https:\/\/www.chancescook.com\/wp-content\/uploads\/2025\/10\/Custom-Frying-Pan-Wholesale-3-540x540.webp 540w, https:\/\/www.chancescook.com\/wp-content\/uploads\/2025\/10\/Custom-Frying-Pan-Wholesale-3-660x660.webp 660w\" sizes=\"(max-width: 4096px) 100vw, 4096px\" \/><\/figure>\n<\/div>\n\n\n\n<div class=\"wp-block-column is-layout-flow wp-block-column-is-layout-flow\">\n<figure class=\"wp-block-image size-full\"><img decoding=\"async\" width=\"4096\" height=\"4096\" src=\"https:\/\/www.chancescook.com\/wp-content\/uploads\/2025\/10\/Custom-Frying-Pan-Wholesale-2.webp\" alt=\"Sartenes personalizadas al por mayor (2)\" class=\"wp-image-5463\" srcset=\"https:\/\/www.chancescook.com\/wp-content\/uploads\/2025\/10\/Custom-Frying-Pan-Wholesale-2.webp 4096w, https:\/\/www.chancescook.com\/wp-content\/uploads\/2025\/10\/Custom-Frying-Pan-Wholesale-2-300x300.webp 300w, https:\/\/www.chancescook.com\/wp-content\/uploads\/2025\/10\/Custom-Frying-Pan-Wholesale-2-150x150.webp 150w, https:\/\/www.chancescook.com\/wp-content\/uploads\/2025\/10\/Custom-Frying-Pan-Wholesale-2-768x768.webp 768w, https:\/\/www.chancescook.com\/wp-content\/uploads\/2025\/10\/Custom-Frying-Pan-Wholesale-2-12x12.webp 12w, https:\/\/www.chancescook.com\/wp-content\/uploads\/2025\/10\/Custom-Frying-Pan-Wholesale-2-285x285.webp 285w, https:\/\/www.chancescook.com\/wp-content\/uploads\/2025\/10\/Custom-Frying-Pan-Wholesale-2-1600x1600.webp 1600w, https:\/\/www.chancescook.com\/wp-content\/uploads\/2025\/10\/Custom-Frying-Pan-Wholesale-2-270x270.webp 270w, https:\/\/www.chancescook.com\/wp-content\/uploads\/2025\/10\/Custom-Frying-Pan-Wholesale-2-540x540.webp 540w, https:\/\/www.chancescook.com\/wp-content\/uploads\/2025\/10\/Custom-Frying-Pan-Wholesale-2-660x660.webp 660w\" sizes=\"(max-width: 4096px) 100vw, 4096px\" \/><\/figure>\n<\/div>\n<\/div>","protected":false},"excerpt":{"rendered":"<p>Sart\u00e9n de acero inoxidable personalizable al por mayor, dise\u00f1o cl\u00e1sico, sin PFOA. Hecho de aluminio, tiene una mejor conductividad t\u00e9rmica y durabilidad, y el mango es hueco para una operaci\u00f3n m\u00e1s f\u00e1cil. Chancescook ofrece servicios profesionales de sartenes personalizadas, p\u00f3ngase en contacto con nosotros.<\/p>\n<p><a href=\"https:\/\/www.chancescook.com\/es\/custom-cookware\/\"><strong>Chancescook Ofrece soluciones de sartenes personalizadas OEM y ODM.<\/strong><\/a><\/p>\n<h2>Caracter\u00edsticas y ventajas de <a href=\"https:\/\/www.chancescook.com\/es\/categoria-producto\/cookware-wholesale\/frying-pan-wholesale\/\">Sart\u00e9n<\/a><\/h2>\n<ul>\n<li><strong>Materiales de alta calidad:<\/strong> Fabricada en aluminio engrosado y sin PFOA para garantizar la seguridad en contacto con los alimentos. El mango est\u00e1 soldado para garantizar la durabilidad general de la sart\u00e9n.<\/li>\n<li><strong>Conductividad t\u00e9rmica uniforme:<\/strong> El fondo de esta sart\u00e9n adopta un dise\u00f1o compuesto de varias capas, que puede transferir el calor de forma r\u00e1pida y uniforme y evitar el sobrecalentamiento local o que se peguen los ingredientes, adecuado para varios m\u00e9todos de cocci\u00f3n.<\/li>\n<li><strong>M\u00faltiples especificaciones:<\/strong> Ofrecemos una gran variedad de tama\u00f1os, desde 18 cm hasta 40 cm, y podemos satisfacer las necesidades de personalizaci\u00f3n de diversas especificaciones.<\/li>\n<li><strong>Apto para varias cocinas:<\/strong> El material del cuerpo principal de la sart\u00e9n es resistente a altas temperaturas y es apto para diversas fuentes de calor, como cocinas de gas, de inducci\u00f3n, vitrocer\u00e1micas, etc., apto para el uso familiar diario.<\/li>\n<li><strong>Servicio OEM y ODM:<\/strong> Ofrecemos soluciones integrales de sartenes personalizadas, y podemos personalizar el estilo de la sart\u00e9n, el material del cuerpo, el material del mango, el logotipo externo y el estilo del envase.<\/li>\n<\/ul>","protected":false},"featured_media":5758,"comment_status":"closed","ping_status":"closed","template":"","meta":{"_acf_changed":false},"product_brand":[],"product_cat":[52,66],"product_tag":[],"class_list":{"0":"post-5455","1":"product","2":"type-product","3":"status-publish","4":"has-post-thumbnail","6":"product_cat-cookware-wholesale","7":"product_cat-frying-pan-wholesale","9":"first","10":"instock","11":"shipping-taxable","12":"product-type-simple"},"acf":[],"_links":{"self":[{"href":"https:\/\/www.chancescook.com\/es\/wp-json\/wp\/v2\/product\/5455","targetHints":{"allow":["GET"]}}],"collection":[{"href":"https:\/\/www.chancescook.com\/es\/wp-json\/wp\/v2\/product"}],"about":[{"href":"https:\/\/www.chancescook.com\/es\/wp-json\/wp\/v2\/types\/product"}],"replies":[{"embeddable":true,"href":"https:\/\/www.chancescook.com\/es\/wp-json\/wp\/v2\/comments?post=5455"}],"wp:featuredmedia":[{"embeddable":true,"href":"https:\/\/www.chancescook.com\/es\/wp-json\/wp\/v2\/media\/5758"}],"wp:attachment":[{"href":"https:\/\/www.chancescook.com\/es\/wp-json\/wp\/v2\/media?parent=5455"}],"wp:term":[{"taxonomy":"product_brand","embeddable":true,"href":"https:\/\/www.chancescook.com\/es\/wp-json\/wp\/v2\/product_brand?post=5455"},{"taxonomy":"product_cat","embeddable":true,"href":"https:\/\/www.chancescook.com\/es\/wp-json\/wp\/v2\/product_cat?post=5455"},{"taxonomy":"product_tag","embeddable":true,"href":"https:\/\/www.chancescook.com\/es\/wp-json\/wp\/v2\/product_tag?post=5455"}],"curies":[{"name":"wp","href":"https:\/\/api.w.org\/{rel}","templated":true}]}}