{"id":5516,"date":"2025-11-04T18:42:43","date_gmt":"2025-11-04T18:42:43","guid":{"rendered":"https:\/\/www.chancescook.com\/?post_type=product&#038;p=5516"},"modified":"2025-12-24T08:48:53","modified_gmt":"2025-12-24T08:48:53","slug":"10-piece-stainless-steel-cookware-set","status":"publish","type":"product","link":"https:\/\/www.chancescook.com\/es\/producto\/10-piece-stainless-steel-cookware-set\/","title":{"rendered":"Mayorista de Bater\u00eda de Cocina de Acero Inoxidable de 10 Piezas, Fabricante de Bater\u00eda de Cocina de Acero Inoxidable de 10 Piezas"},"content":{"rendered":"<div class=\"wp-block-columns is-layout-flex wp-container-core-columns-is-layout-9d6595d7 wp-block-columns-is-layout-flex\">\n<div class=\"wp-block-column is-layout-flow wp-block-column-is-layout-flow\">\n<h2 class=\"wp-block-heading\">Juego de bater\u00eda de cocina de acero inoxidable de 10 piezas Par\u00e1metros\uff1a<\/h2>\n\n\n\n<ul class=\"wp-block-list\">\n<li><strong>Material: <\/strong>SS410<\/li>\n\n\n\n<li><strong>Color:<\/strong> Plata<\/li>\n\n\n\n<li><strong>Fondo<\/strong>: Base encapsulada (SUS+1,2 mm Alu+SUS)<\/li>\n\n\n\n<li><strong>Tapa:<\/strong> Tapas de cristal<\/li>\n\n\n\n<li><strong>Tallas<\/strong>:54\u00d731\u00d752cm<\/li>\n\n\n\n<li><strong>Nota:<\/strong> Apoyo a la inspecci\u00f3n de calidad de pedidos de lotes peque\u00f1os<\/li>\n<\/ul>\n<\/div>\n\n\n\n<div class=\"wp-block-column is-layout-flow wp-block-column-is-layout-flow\">\n<h2 class=\"wp-block-heading\">Opciones del juego de ollas personalizadas\uff1a<\/h2>\n\n\n\n<ul class=\"wp-block-list\">\n<li><strong>Logotipo:<\/strong> Personalizable con el logotipo de su marca<\/li>\n\n\n\n<li><strong>Mango<\/strong>: Mango a su medida<\/li>\n\n\n\n<li><strong>Embalaje: <\/strong>Caja de color\/Cart\u00f3n, etc<\/li>\n<\/ul>\n<\/div>\n<\/div>\n\n\n\n<p><em><a href=\"https:\/\/www.chancescook.com\/es\/contact\/\" data-type=\"page\" data-id=\"2990\">El fabricante de utensilios de cocina Chancescook ofrece precios de f\u00e1brica y servicios de personalizaci\u00f3n OEM. P\u00f3ngase en contacto con nosotros para obtener el mejor presupuesto de un fabricante de utensilios de cocina fiable.<\/a><\/em><\/p>\n\n\n\n<div class=\"wp-block-columns is-layout-flex wp-container-core-columns-is-layout-9d6595d7 wp-block-columns-is-layout-flex\">\n<div class=\"wp-block-column is-layout-flow wp-block-column-is-layout-flow\">\n<figure class=\"wp-block-image size-full\"><img decoding=\"async\" width=\"800\" height=\"800\" src=\"https:\/\/www.chancescook.com\/wp-content\/uploads\/2025\/11\/10-Piece-Stainless-Steel-Cookware-Set-Wholesaler-5.webp\" alt=\"Juego de utensilios de cocina de acero inoxidable de 10 piezas Mayorista (5)\" class=\"wp-image-5521\" srcset=\"https:\/\/www.chancescook.com\/wp-content\/uploads\/2025\/11\/10-Piece-Stainless-Steel-Cookware-Set-Wholesaler-5.webp 800w, https:\/\/www.chancescook.com\/wp-content\/uploads\/2025\/11\/10-Piece-Stainless-Steel-Cookware-Set-Wholesaler-5-300x300.webp 300w, https:\/\/www.chancescook.com\/wp-content\/uploads\/2025\/11\/10-Piece-Stainless-Steel-Cookware-Set-Wholesaler-5-150x150.webp 150w, https:\/\/www.chancescook.com\/wp-content\/uploads\/2025\/11\/10-Piece-Stainless-Steel-Cookware-Set-Wholesaler-5-768x768.webp 768w, https:\/\/www.chancescook.com\/wp-content\/uploads\/2025\/11\/10-Piece-Stainless-Steel-Cookware-Set-Wholesaler-5-12x12.webp 12w, https:\/\/www.chancescook.com\/wp-content\/uploads\/2025\/11\/10-Piece-Stainless-Steel-Cookware-Set-Wholesaler-5-285x285.webp 285w, https:\/\/www.chancescook.com\/wp-content\/uploads\/2025\/11\/10-Piece-Stainless-Steel-Cookware-Set-Wholesaler-5-270x270.webp 270w, https:\/\/www.chancescook.com\/wp-content\/uploads\/2025\/11\/10-Piece-Stainless-Steel-Cookware-Set-Wholesaler-5-540x540.webp 540w, https:\/\/www.chancescook.com\/wp-content\/uploads\/2025\/11\/10-Piece-Stainless-Steel-Cookware-Set-Wholesaler-5-660x660.webp 660w\" sizes=\"(max-width: 800px) 100vw, 800px\" \/><\/figure>\n<\/div>\n\n\n\n<div class=\"wp-block-column is-layout-flow wp-block-column-is-layout-flow\">\n<figure class=\"wp-block-image size-full\"><img decoding=\"async\" width=\"800\" height=\"800\" src=\"https:\/\/www.chancescook.com\/wp-content\/uploads\/2025\/11\/10-Piece-Stainless-Steel-Cookware-Set-Wholesaler-4.webp\" alt=\"Juego de utensilios de cocina de acero inoxidable de 10 piezas Mayorista (4)\" class=\"wp-image-5520\" srcset=\"https:\/\/www.chancescook.com\/wp-content\/uploads\/2025\/11\/10-Piece-Stainless-Steel-Cookware-Set-Wholesaler-4.webp 800w, https:\/\/www.chancescook.com\/wp-content\/uploads\/2025\/11\/10-Piece-Stainless-Steel-Cookware-Set-Wholesaler-4-300x300.webp 300w, https:\/\/www.chancescook.com\/wp-content\/uploads\/2025\/11\/10-Piece-Stainless-Steel-Cookware-Set-Wholesaler-4-150x150.webp 150w, https:\/\/www.chancescook.com\/wp-content\/uploads\/2025\/11\/10-Piece-Stainless-Steel-Cookware-Set-Wholesaler-4-768x768.webp 768w, https:\/\/www.chancescook.com\/wp-content\/uploads\/2025\/11\/10-Piece-Stainless-Steel-Cookware-Set-Wholesaler-4-12x12.webp 12w, https:\/\/www.chancescook.com\/wp-content\/uploads\/2025\/11\/10-Piece-Stainless-Steel-Cookware-Set-Wholesaler-4-285x285.webp 285w, https:\/\/www.chancescook.com\/wp-content\/uploads\/2025\/11\/10-Piece-Stainless-Steel-Cookware-Set-Wholesaler-4-270x270.webp 270w, https:\/\/www.chancescook.com\/wp-content\/uploads\/2025\/11\/10-Piece-Stainless-Steel-Cookware-Set-Wholesaler-4-540x540.webp 540w, https:\/\/www.chancescook.com\/wp-content\/uploads\/2025\/11\/10-Piece-Stainless-Steel-Cookware-Set-Wholesaler-4-660x660.webp 660w\" sizes=\"(max-width: 800px) 100vw, 800px\" \/><\/figure>\n<\/div>\n\n\n\n<div class=\"wp-block-column is-layout-flow wp-block-column-is-layout-flow\">\n<figure class=\"wp-block-image size-full\"><img decoding=\"async\" width=\"800\" height=\"800\" src=\"https:\/\/www.chancescook.com\/wp-content\/uploads\/2025\/11\/10-Piece-Stainless-Steel-Cookware-Set-Wholesaler-3.webp\" alt=\"Juego de utensilios de cocina de acero inoxidable de 10 piezas Mayorista (3)\" class=\"wp-image-5519\" srcset=\"https:\/\/www.chancescook.com\/wp-content\/uploads\/2025\/11\/10-Piece-Stainless-Steel-Cookware-Set-Wholesaler-3.webp 800w, https:\/\/www.chancescook.com\/wp-content\/uploads\/2025\/11\/10-Piece-Stainless-Steel-Cookware-Set-Wholesaler-3-300x300.webp 300w, https:\/\/www.chancescook.com\/wp-content\/uploads\/2025\/11\/10-Piece-Stainless-Steel-Cookware-Set-Wholesaler-3-150x150.webp 150w, https:\/\/www.chancescook.com\/wp-content\/uploads\/2025\/11\/10-Piece-Stainless-Steel-Cookware-Set-Wholesaler-3-768x768.webp 768w, https:\/\/www.chancescook.com\/wp-content\/uploads\/2025\/11\/10-Piece-Stainless-Steel-Cookware-Set-Wholesaler-3-12x12.webp 12w, https:\/\/www.chancescook.com\/wp-content\/uploads\/2025\/11\/10-Piece-Stainless-Steel-Cookware-Set-Wholesaler-3-285x285.webp 285w, https:\/\/www.chancescook.com\/wp-content\/uploads\/2025\/11\/10-Piece-Stainless-Steel-Cookware-Set-Wholesaler-3-270x270.webp 270w, https:\/\/www.chancescook.com\/wp-content\/uploads\/2025\/11\/10-Piece-Stainless-Steel-Cookware-Set-Wholesaler-3-540x540.webp 540w, https:\/\/www.chancescook.com\/wp-content\/uploads\/2025\/11\/10-Piece-Stainless-Steel-Cookware-Set-Wholesaler-3-660x660.webp 660w\" sizes=\"(max-width: 800px) 100vw, 800px\" \/><\/figure>\n<\/div>\n<\/div>\n\n\n\n<p><\/p>","protected":false},"excerpt":{"rendered":"<p>Bienvenido a nuestra venta al por mayor 10 piezas de acero inoxidable utensilios de cocina est\u00e1 dise\u00f1ado para satisfacer las diversas necesidades de las cocinas modernas. El conjunto incluye tres tama\u00f1os diferentes de ollas soperas (todas con tapas de vidrio), una olla de leche con una tapa de vidrio, una sart\u00e9n y un hervidor de agua, que le proporciona una soluci\u00f3n de cocina de una parada. Los fabricantes de utensilios de cocina Chancescook ofrecen precios de f\u00e1brica y servicios de personalizaci\u00f3n OEM. P\u00f3ngase en contacto con nosotros para obtener el mejor presupuesto.<\/p>\n<h3>Juego de utensilios de cocina de acero inoxidable de 10 piezas Caracter\u00edsticas:<\/h3>\n<ul>\n<li><strong>Excelente durabilidad:<\/strong> Las bater\u00edas de cocina de acero inoxidable son conocidas por su resistencia a la corrosi\u00f3n y su durabilidad. A diferencia de la mayor\u00eda de los metales, el acero inoxidable no se abolla, deforma ni rompe f\u00e1cilmente con las altas temperaturas y el uso frecuente; por lo tanto, puede servir durante m\u00e1s tiempo.<\/li>\n<li><strong>Salud y seguridad<\/strong>: Hecho de material de acero inoxidable de calidad alimentaria, nuestro juego de utensilios de cocina de acero inoxidable de 10 piezas al por mayor proporciona una superficie no reactiva que no reacciona con los alimentos \u00e1cidos o alcalinos. Esto significa que puede preservar el sabor natural de los ingredientes sin darles un sabor met\u00e1lico.<\/li>\n<li><strong>Soluci\u00f3n integral de cocina:<\/strong> La siguiente bater\u00eda de cocina de acero inoxidable de 10 piezas seguro que satisface todas las diversas necesidades culinarias, ya sea hervir, guisar sopa, fre\u00edr, hervir agua y muchas m\u00e1s, gracias a su dise\u00f1o multifuncional que satisface f\u00e1cilmente todo tipo de retos culinarios diarios.<\/li>\n<li><strong>F\u00e1cil de mantener:<\/strong> Las bater\u00edas de cocina de acero inoxidable son f\u00e1ciles de limpiar y se pueden lavar en el lavavajillas. Los restos persistentes de la comida suelen necesitar solo un remojo o, como mucho, un ligero fregado para su eliminaci\u00f3n, de modo que tras varios a\u00f1os de servicio siguen presentando el mismo aspecto brillante y profesional.<\/li>\n<li><strong>Proceso de fabricaci\u00f3n de precisi\u00f3n:<\/strong> Utilizamos tecnolog\u00eda de producci\u00f3n avanzada y t\u00e9cnicas de pulido precisas para garantizar que cada producto no s\u00f3lo tenga un aspecto bonito, sino tambi\u00e9n una excelente experiencia de uso. Tambi\u00e9n ofrecemos servicios de personalizaci\u00f3n OEM\/ODM para satisfacer las necesidades de marca de los distintos clientes.<\/li>\n<li>Ofrecemos precios de f\u00e1brica competitivos y soluciones personalizadas. Damos la bienvenida a los comerciantes globales, mayoristas y marcas de utensilios de cocina en contacto con nosotros para las mejores cotizaciones.<\/li>\n<\/ul>","protected":false},"featured_media":5911,"comment_status":"closed","ping_status":"closed","template":"","meta":{"_acf_changed":false},"product_brand":[],"product_cat":[53],"product_tag":[],"class_list":{"0":"post-5516","1":"product","2":"type-product","3":"status-publish","4":"has-post-thumbnail","6":"product_cat-wholesale-cookware-sets","8":"first","9":"instock","10":"shipping-taxable","11":"product-type-simple"},"acf":[],"_links":{"self":[{"href":"https:\/\/www.chancescook.com\/es\/wp-json\/wp\/v2\/product\/5516","targetHints":{"allow":["GET"]}}],"collection":[{"href":"https:\/\/www.chancescook.com\/es\/wp-json\/wp\/v2\/product"}],"about":[{"href":"https:\/\/www.chancescook.com\/es\/wp-json\/wp\/v2\/types\/product"}],"replies":[{"embeddable":true,"href":"https:\/\/www.chancescook.com\/es\/wp-json\/wp\/v2\/comments?post=5516"}],"wp:featuredmedia":[{"embeddable":true,"href":"https:\/\/www.chancescook.com\/es\/wp-json\/wp\/v2\/media\/5911"}],"wp:attachment":[{"href":"https:\/\/www.chancescook.com\/es\/wp-json\/wp\/v2\/media?parent=5516"}],"wp:term":[{"taxonomy":"product_brand","embeddable":true,"href":"https:\/\/www.chancescook.com\/es\/wp-json\/wp\/v2\/product_brand?post=5516"},{"taxonomy":"product_cat","embeddable":true,"href":"https:\/\/www.chancescook.com\/es\/wp-json\/wp\/v2\/product_cat?post=5516"},{"taxonomy":"product_tag","embeddable":true,"href":"https:\/\/www.chancescook.com\/es\/wp-json\/wp\/v2\/product_tag?post=5516"}],"curies":[{"name":"wp","href":"https:\/\/api.w.org\/{rel}","templated":true}]}}