{"id":5523,"date":"2025-11-05T01:28:09","date_gmt":"2025-11-05T00:58:41","guid":{"rendered":"https:\/\/www.chancescook.com\/?post_type=product&#038;p=5523"},"modified":"2025-12-22T06:40:42","modified_gmt":"2025-12-22T06:40:42","slug":"stainless-steel-apple-pot-wholesale","status":"publish","type":"product","link":"https:\/\/www.chancescook.com\/es\/producto\/stainless-steel-apple-pot-wholesale\/","title":{"rendered":"316 acero inoxidable Apple Pot Venta al por mayor 2L Tri-ply doble o\u00eddo sopa Pot Fabricante"},"content":{"rendered":"<div class=\"wp-block-columns is-layout-flex wp-container-core-columns-is-layout-9d6595d7 wp-block-columns-is-layout-flex\">\n<div class=\"wp-block-column is-layout-flow wp-block-column-is-layout-flow\">\n<h2 class=\"wp-block-heading\">Acero inoxidable Apple Pot Par\u00e1metros:<\/h2>\n\n\n\n<ul class=\"wp-block-list\">\n<li><strong>Material:<\/strong> SS316 Tri-ply<\/li>\n\n\n\n<li><strong>Color:<\/strong> Plata<\/li>\n\n\n\n<li><strong>Abajo: <\/strong>Base encapsulada (SUS+1,2 mm Alu+SUS)<\/li>\n\n\n\n<li><strong>Tapa:<\/strong> Tapas de acero inoxidable<\/li>\n\n\n\n<li><strong>Tallas:<\/strong>20\/22\/24 cm<\/li>\n\n\n\n<li><strong>Nota:<\/strong> Apoyo a la inspecci\u00f3n de calidad de pedidos de lotes peque\u00f1os<\/li>\n<\/ul>\n<\/div>\n\n\n\n<div class=\"wp-block-column is-layout-flow wp-block-column-is-layout-flow\">\n<h2 class=\"wp-block-heading\">Opciones personalizadas para ollas soperas:<\/h2>\n\n\n\n<ul class=\"wp-block-list\">\n<li><strong>Logotipo:<\/strong> Personalizable con el logotipo de su marca<\/li>\n\n\n\n<li><strong>Asa: <\/strong>Mango a su medida<\/li>\n\n\n\n<li><strong>Embalaje: <\/strong>Caja de color\/Cart\u00f3n, etc<\/li>\n\n\n\n<li><strong><a href=\"https:\/\/www.chancescook.com\/es\/custom-cookware\/\">Soluciones de ollas a medida OEM y ODM<\/a><\/strong><\/li>\n<\/ul>\n<\/div>\n<\/div>\n\n\n\n<p><em><a href=\"https:\/\/www.chancescook.com\/es\/contact\/\">El fabricante de utensilios de cocina Chancescook ofrece precios de f\u00e1brica y servicios de personalizaci\u00f3n OEM. P\u00f3ngase en contacto con nosotros para obtener el mejor presupuesto de un fabricante de utensilios de cocina fiable.<\/a><\/em><\/p>\n\n\n\n<div class=\"wp-block-columns is-layout-flex wp-container-core-columns-is-layout-9d6595d7 wp-block-columns-is-layout-flex\">\n<div class=\"wp-block-column is-layout-flow wp-block-column-is-layout-flow\">\n<figure class=\"wp-block-image size-full\"><img decoding=\"async\" width=\"1600\" height=\"1067\" src=\"https:\/\/www.chancescook.com\/wp-content\/uploads\/2025\/07\/wholesale-cookware-manufacturer-chances-0-1600x1067-1.webp\" alt=\"mayorista-cocina-fabricante-oportunidades-0-1600x1067\" class=\"wp-image-5233\" srcset=\"https:\/\/www.chancescook.com\/wp-content\/uploads\/2025\/07\/wholesale-cookware-manufacturer-chances-0-1600x1067-1.webp 1600w, https:\/\/www.chancescook.com\/wp-content\/uploads\/2025\/07\/wholesale-cookware-manufacturer-chances-0-1600x1067-1-300x200.webp 300w, https:\/\/www.chancescook.com\/wp-content\/uploads\/2025\/07\/wholesale-cookware-manufacturer-chances-0-1600x1067-1-768x512.webp 768w, https:\/\/www.chancescook.com\/wp-content\/uploads\/2025\/07\/wholesale-cookware-manufacturer-chances-0-1600x1067-1-18x12.webp 18w, https:\/\/www.chancescook.com\/wp-content\/uploads\/2025\/07\/wholesale-cookware-manufacturer-chances-0-1600x1067-1-285x190.webp 285w, https:\/\/www.chancescook.com\/wp-content\/uploads\/2025\/07\/wholesale-cookware-manufacturer-chances-0-1600x1067-1-660x440.webp 660w, https:\/\/www.chancescook.com\/wp-content\/uploads\/2025\/07\/wholesale-cookware-manufacturer-chances-0-1600x1067-1-150x100.webp 150w\" sizes=\"(max-width: 1600px) 100vw, 1600px\" \/><\/figure>\n<\/div>\n\n\n\n<div class=\"wp-block-column is-layout-flow wp-block-column-is-layout-flow\">\n<figure class=\"wp-block-image size-full\"><img decoding=\"async\" width=\"3807\" height=\"2538\" src=\"https:\/\/www.chancescook.com\/wp-content\/uploads\/2024\/08\/wholesale-cookware-manufacturer-kitchenware-manufacturer-chances-1.webp\" alt=\"bater\u00eda de inducci\u00f3n de acero inoxidable Fabricante\" class=\"wp-image-3446\" srcset=\"https:\/\/www.chancescook.com\/wp-content\/uploads\/2024\/08\/wholesale-cookware-manufacturer-kitchenware-manufacturer-chances-1.webp 3807w, https:\/\/www.chancescook.com\/wp-content\/uploads\/2024\/08\/wholesale-cookware-manufacturer-kitchenware-manufacturer-chances-1-300x200.webp 300w, https:\/\/www.chancescook.com\/wp-content\/uploads\/2024\/08\/wholesale-cookware-manufacturer-kitchenware-manufacturer-chances-1-768x512.webp 768w, https:\/\/www.chancescook.com\/wp-content\/uploads\/2024\/08\/wholesale-cookware-manufacturer-kitchenware-manufacturer-chances-1-18x12.webp 18w, https:\/\/www.chancescook.com\/wp-content\/uploads\/2024\/08\/wholesale-cookware-manufacturer-kitchenware-manufacturer-chances-1-285x190.webp 285w, https:\/\/www.chancescook.com\/wp-content\/uploads\/2024\/08\/wholesale-cookware-manufacturer-kitchenware-manufacturer-chances-1-1600x1067.webp 1600w, https:\/\/www.chancescook.com\/wp-content\/uploads\/2024\/08\/wholesale-cookware-manufacturer-kitchenware-manufacturer-chances-1-660x440.webp 660w, https:\/\/www.chancescook.com\/wp-content\/uploads\/2024\/08\/wholesale-cookware-manufacturer-kitchenware-manufacturer-chances-1-150x100.webp 150w\" sizes=\"(max-width: 3807px) 100vw, 3807px\" \/><\/figure>\n<\/div>\n<\/div>","protected":false},"excerpt":{"rendered":"<p>Nuestra olla para manzanas de acero inoxidable al por mayor es una elegante y pr\u00e1ctica cacerola de acero inoxidable 316, ideal para cocinar en casa, hoteles y catering. Dise\u00f1ada con una superficie libre de PFOA y no t\u00f3xica, es segura y saludable para las comidas diarias. Apta para 2-3 raciones, esta olla multifuncional se adapta a todas las cocinas, incluidas las de inducci\u00f3n y gas. Ofrecemos servicios de personalizaci\u00f3n OEM\/ODM y suministro a granel para mayoristas y distribuidores de todo el mundo: p\u00f3ngase en contacto con nosotros hoy mismo para obtener presupuestos competitivos.<\/p>\n<h2>Caracter\u00edsticas y ventajas de la olla de acero inoxidable para manzanas<\/h2>\n<ul>\n<li><strong>Acero inoxidable 316 de grado m\u00e9dico:<\/strong> El acero inoxidable 316 destaca por su durabilidad y seguridad sanitaria. Nuestro tarro de manzana de acero inoxidable al por mayor est\u00e1 fabricado con este material, que resiste la corrosi\u00f3n de los ingredientes \u00e1cidos o alcalinos.<\/li>\n<li><strong>Adecuado para 2-3 personas:<\/strong> La capacidad de 3-4,5L es muy adecuada para cocinar a diario en familia, y se adapta muy bien a las necesidades culinarias de familias peque\u00f1as o personas solas.<\/li>\n<li><strong>Apto para varias estufas:<\/strong> La olla de acero inoxidable para manzanas al por mayor puede ser compatible con una gran variedad de equipos de cocina, incluyendo cocinas de inducci\u00f3n, estufas de gas y estufas de cer\u00e1mica, proporcionando una gran comodidad.<\/li>\n<li><strong>Servicio personalizado:<\/strong> Chancescook ofrece una amplia gama de servicios personalizados de ollas de acero inoxidable para manzanas para ayudar a las empresas a lograr la personalizaci\u00f3n de la marca cuando compran al por mayor, adecuado para hoteles, industrias de catering y comerciantes que compran al por mayor.<\/li>\n<\/ul>","protected":false},"featured_media":5789,"comment_status":"closed","ping_status":"closed","template":"","meta":{"_acf_changed":false},"product_brand":[],"product_cat":[52,62],"product_tag":[],"class_list":{"0":"post-5523","1":"product","2":"type-product","3":"status-publish","4":"has-post-thumbnail","6":"product_cat-cookware-wholesale","7":"product_cat-wholesale-soup-pot","9":"first","10":"instock","11":"shipping-taxable","12":"product-type-simple"},"acf":[],"_links":{"self":[{"href":"https:\/\/www.chancescook.com\/es\/wp-json\/wp\/v2\/product\/5523","targetHints":{"allow":["GET"]}}],"collection":[{"href":"https:\/\/www.chancescook.com\/es\/wp-json\/wp\/v2\/product"}],"about":[{"href":"https:\/\/www.chancescook.com\/es\/wp-json\/wp\/v2\/types\/product"}],"replies":[{"embeddable":true,"href":"https:\/\/www.chancescook.com\/es\/wp-json\/wp\/v2\/comments?post=5523"}],"wp:featuredmedia":[{"embeddable":true,"href":"https:\/\/www.chancescook.com\/es\/wp-json\/wp\/v2\/media\/5789"}],"wp:attachment":[{"href":"https:\/\/www.chancescook.com\/es\/wp-json\/wp\/v2\/media?parent=5523"}],"wp:term":[{"taxonomy":"product_brand","embeddable":true,"href":"https:\/\/www.chancescook.com\/es\/wp-json\/wp\/v2\/product_brand?post=5523"},{"taxonomy":"product_cat","embeddable":true,"href":"https:\/\/www.chancescook.com\/es\/wp-json\/wp\/v2\/product_cat?post=5523"},{"taxonomy":"product_tag","embeddable":true,"href":"https:\/\/www.chancescook.com\/es\/wp-json\/wp\/v2\/product_tag?post=5523"}],"curies":[{"name":"wp","href":"https:\/\/api.w.org\/{rel}","templated":true}]}}